{"id":36907,"date":"2023-12-11T13:56:29","date_gmt":"2023-12-11T12:56:29","guid":{"rendered":"https:\/\/audibax.com\/product\/sm20-black-2\/"},"modified":"2023-12-27T12:01:50","modified_gmt":"2023-12-27T11:01:50","slug":"sm20-black-2","status":"publish","type":"product","link":"https:\/\/audibax.com\/fr\/produit\/sm20-black-2\/","title":{"rendered":"SM20 Black"},"content":{"rendered":"<\/p>\n<p><strong>Audibax Neo SM20 Pied d&rsquo;enceinte r\u00e9glable pour moniteur de sol avec coussin d&rsquo;isolation<\/strong><\/strong><\/p>\n<p>Le <strong>Audibax Neo SM20<\/strong> est un pied d&rsquo;enceinte\/de moniteur de studio. Il est \u00e9quip\u00e9 d&rsquo;une solide base triangulaire en acier qui offre une excellente stabilit\u00e9 et une grande fermet\u00e9. Gr\u00e2ce au mat\u00e9riau en caoutchouc qui compose les pieds du support, les vibrations sont r\u00e9duites lorsque les enceintes sont activ\u00e9es pour une isolation efficace du sol.<\/p>\n<p>C&rsquo;est le choix id\u00e9al car sa hauteur r\u00e9glable permet de positionner l&rsquo;enceinte \u00e0 sept niveaux diff\u00e9rents (de 76cm \u00e0 121,5cm) avec une vis de verrouillage qui ne se raye pas, ce qui vous donne la possibilit\u00e9 d&rsquo;obtenir la hauteur souhait\u00e9e. Une goupille de s\u00e9curit\u00e9 suppl\u00e9mentaire est incluse.<\/p>\n<p>La base sup\u00e9rieure du support est en caoutchouc antid\u00e9rapant, ce qui emp\u00eache l&rsquo;enceinte de tomber et de subir des chocs ou des dommages. Il est utile pour les studios, les applications ou m\u00eame \u00e0 la maison, donc si vous cherchez un support, le NEO SM20 est celui qu&rsquo;il vous faut ! <\/p>\n<p>En outre, la base comprend un coussin d&rsquo;isolation pour \u00e9liminer toute r\u00e9verb\u00e9ration qui peut \u00eatre caus\u00e9e lorsque le haut-parleur ou le moniteur de studio est en cours d&rsquo;utilisation.<\/p>\n<h2>Sp\u00e9cifications<\/h2>\n<ul>\n<li>Couleur : Noir<\/li>\n<li>Mat\u00e9riau : Acier<\/li>\n<li>Poids maximal support\u00e9 : 60kg<\/li>\n<li>Dimensions de la base inf\u00e9rieure :\n<ul style=\"list-style-type:circle\">\n<li>Pied avec base incluse : 32.5cm de long x 2cm de haut (4cm incluant l&rsquo;antid\u00e9rapant qui mesure 2cm de plus)<\/li>\n<\/ul>\n<\/ul>\n<li>Dimensions de la base sup\u00e9rieure :\n<ul style=\"list-style-type:circle\">\n<li>Hauteur : 6.8cm<\/li>\n<li>Largeur : 23cm<\/li>\n<li>Profondeur : 23cm<\/li>\n<\/ul>\n<\/ul>\n<\/li>\n<li>Dimensions du cylindre inf\u00e9rieur (support) : 4.5cm de diam\u00e8tre<\/li>\n<li>Dimensions du cylindre sup\u00e9rieur (support qui se d\u00e9place pour ajuster la hauteur) : 4cm de diam\u00e8tre<\/li>\n<li>Hauteur du support :\n<ul style=\"list-style-type:circle\">\n<li>Maximum : 76cm<\/li>\n<li>Maximum : 121.5cm<\/li>\n<\/ul>\n<\/li>\n<li>Recommand\u00e9 pour les moniteurs de studio ou les\n<ul>\n<li>enceintes 3 pouces\n<li>\n<li>enceintes 3 pouces\n<li>\n<li>enceintes 3 pouces\n<li>\n<li>enceintes 3 pouces\n<li>\n<li>enceintes 3 pouces\n<li>\n<li>\n<li>enceintes 3 pouces\n<li>\n<li>\n<li>\n<li>\n<li>\n<li>\n<li>.Les haut-parleurs de 3 pouces\n<li>\n<li>4 pouces<\/li>\n<li>5 pouces<\/li>\n<li>6 pouces<\/li>\n<\/ul>\n<\/ul>\n<\/li>\n<\/ul>\n<\/ul>\n<\/ul>\n<\/ul>\n","protected":false},"excerpt":{"rendered":"<\/p>\n<p>Support de moniteur au sol avec PAD<\/p>\n<p>Support de moniteur au sol avec PAD<\/p>\n<p>\n","protected":false},"featured_media":17438,"comment_status":"open","ping_status":"closed","template":"","meta":{"_acf_changed":false},"product_cat":[447],"product_tag":[],"class_list":{"0":"post-36907","1":"product","2":"type-product","3":"status-publish","4":"has-post-thumbnail","6":"product_cat-supports-de-moniteurs-de-studio","8":"first","9":"instock","10":"shipping-taxable","11":"product-type-simple"},"acf":[],"yoast_head":"<!-- This site is optimized with the Yoast SEO plugin v27.0 - https:\/\/yoast.com\/product\/yoast-seo-wordpress\/ -->\n<title>SM20 Black - Audibax<\/title>\n<meta name=\"robots\" content=\"index, follow, max-snippet:-1, max-image-preview:large, max-video-preview:-1\" \/>\n<link rel=\"canonical\" href=\"https:\/\/audibax.com\/fr\/produit\/sm20-black-2\/\" \/>\n<meta property=\"og:locale\" content=\"fr_FR\" \/>\n<meta property=\"og:type\" content=\"article\" \/>\n<meta property=\"og:title\" content=\"SM20 Black - Audibax\" \/>\n<meta property=\"og:description\" content=\"Support de moniteur au sol avec PAD Support de moniteur au sol avec PAD\" \/>\n<meta property=\"og:url\" content=\"https:\/\/audibax.com\/fr\/produit\/sm20-black-2\/\" \/>\n<meta property=\"og:site_name\" content=\"Audibax\" \/>\n<meta property=\"article:modified_time\" content=\"2023-12-27T11:01:50+00:00\" \/>\n<meta name=\"twitter:card\" content=\"summary_large_image\" \/>\n<meta name=\"twitter:label1\" content=\"Dur\u00e9e de lecture estim\u00e9e\" \/>\n\t<meta name=\"twitter:data1\" content=\"2 minutes\" \/>\n<script type=\"application\/ld+json\" class=\"yoast-schema-graph\">{\"@context\":\"https:\/\/schema.org\",\"@graph\":[{\"@type\":\"WebPage\",\"@id\":\"https:\/\/audibax.com\/fr\/produit\/sm20-black-2\/\",\"url\":\"https:\/\/audibax.com\/fr\/produit\/sm20-black-2\/\",\"name\":\"SM20 Black - Audibax\",\"isPartOf\":{\"@id\":\"https:\/\/audibax.com\/fr\/#website\"},\"primaryImageOfPage\":{\"@id\":\"https:\/\/audibax.com\/fr\/produit\/sm20-black-2\/#primaryimage\"},\"image\":{\"@id\":\"https:\/\/audibax.com\/fr\/produit\/sm20-black-2\/#primaryimage\"},\"thumbnailUrl\":\"https:\/\/audibax.com\/wp-content\/uploads\/2023\/12\/Audibax-NEO-SM20-Soporte-Altavoz-Negro.jpg\",\"datePublished\":\"2023-12-11T12:56:29+00:00\",\"dateModified\":\"2023-12-27T11:01:50+00:00\",\"breadcrumb\":{\"@id\":\"https:\/\/audibax.com\/fr\/produit\/sm20-black-2\/#breadcrumb\"},\"inLanguage\":\"fr-FR\",\"potentialAction\":[{\"@type\":\"ReadAction\",\"target\":[\"https:\/\/audibax.com\/fr\/produit\/sm20-black-2\/\"]}]},{\"@type\":\"ImageObject\",\"inLanguage\":\"fr-FR\",\"@id\":\"https:\/\/audibax.com\/fr\/produit\/sm20-black-2\/#primaryimage\",\"url\":\"https:\/\/audibax.com\/wp-content\/uploads\/2023\/12\/Audibax-NEO-SM20-Soporte-Altavoz-Negro.jpg\",\"contentUrl\":\"https:\/\/audibax.com\/wp-content\/uploads\/2023\/12\/Audibax-NEO-SM20-Soporte-Altavoz-Negro.jpg\",\"width\":766,\"height\":1450},{\"@type\":\"BreadcrumbList\",\"@id\":\"https:\/\/audibax.com\/fr\/produit\/sm20-black-2\/#breadcrumb\",\"itemListElement\":[{\"@type\":\"ListItem\",\"position\":1,\"name\":\"Portada\",\"item\":\"https:\/\/audibax.com\/fr\/\"},{\"@type\":\"ListItem\",\"position\":2,\"name\":\"Produits\",\"item\":\"https:\/\/audibax.com\/fr\/shop\/\"},{\"@type\":\"ListItem\",\"position\":3,\"name\":\"SM20 Black\"}]},{\"@type\":\"WebSite\",\"@id\":\"https:\/\/audibax.com\/fr\/#website\",\"url\":\"https:\/\/audibax.com\/fr\/\",\"name\":\"Audibax\",\"description\":\"\",\"publisher\":{\"@id\":\"https:\/\/audibax.com\/fr\/#organization\"},\"potentialAction\":[{\"@type\":\"SearchAction\",\"target\":{\"@type\":\"EntryPoint\",\"urlTemplate\":\"https:\/\/audibax.com\/fr\/?s={search_term_string}\"},\"query-input\":{\"@type\":\"PropertyValueSpecification\",\"valueRequired\":true,\"valueName\":\"search_term_string\"}}],\"inLanguage\":\"fr-FR\"},{\"@type\":\"Organization\",\"@id\":\"https:\/\/audibax.com\/fr\/#organization\",\"name\":\"Audibax\",\"url\":\"https:\/\/audibax.com\/fr\/\",\"logo\":{\"@type\":\"ImageObject\",\"inLanguage\":\"fr-FR\",\"@id\":\"https:\/\/audibax.com\/fr\/#\/schema\/logo\/image\/\",\"url\":\"https:\/\/audibax.com\/wp-content\/uploads\/2023\/09\/logo-Audibax-BLANCO-SVG-1.svg\",\"contentUrl\":\"https:\/\/audibax.com\/wp-content\/uploads\/2023\/09\/logo-Audibax-BLANCO-SVG-1.svg\",\"caption\":\"Audibax\"},\"image\":{\"@id\":\"https:\/\/audibax.com\/fr\/#\/schema\/logo\/image\/\"}}]}<\/script>\n<!-- \/ Yoast SEO plugin. -->","yoast_head_json":{"title":"SM20 Black - Audibax","robots":{"index":"index","follow":"follow","max-snippet":"max-snippet:-1","max-image-preview":"max-image-preview:large","max-video-preview":"max-video-preview:-1"},"canonical":"https:\/\/audibax.com\/fr\/produit\/sm20-black-2\/","og_locale":"fr_FR","og_type":"article","og_title":"SM20 Black - Audibax","og_description":"Support de moniteur au sol avec PAD Support de moniteur au sol avec PAD","og_url":"https:\/\/audibax.com\/fr\/produit\/sm20-black-2\/","og_site_name":"Audibax","article_modified_time":"2023-12-27T11:01:50+00:00","twitter_card":"summary_large_image","twitter_misc":{"Dur\u00e9e de lecture estim\u00e9e":"2 minutes"},"schema":{"@context":"https:\/\/schema.org","@graph":[{"@type":"WebPage","@id":"https:\/\/audibax.com\/fr\/produit\/sm20-black-2\/","url":"https:\/\/audibax.com\/fr\/produit\/sm20-black-2\/","name":"SM20 Black - Audibax","isPartOf":{"@id":"https:\/\/audibax.com\/fr\/#website"},"primaryImageOfPage":{"@id":"https:\/\/audibax.com\/fr\/produit\/sm20-black-2\/#primaryimage"},"image":{"@id":"https:\/\/audibax.com\/fr\/produit\/sm20-black-2\/#primaryimage"},"thumbnailUrl":"https:\/\/audibax.com\/wp-content\/uploads\/2023\/12\/Audibax-NEO-SM20-Soporte-Altavoz-Negro.jpg","datePublished":"2023-12-11T12:56:29+00:00","dateModified":"2023-12-27T11:01:50+00:00","breadcrumb":{"@id":"https:\/\/audibax.com\/fr\/produit\/sm20-black-2\/#breadcrumb"},"inLanguage":"fr-FR","potentialAction":[{"@type":"ReadAction","target":["https:\/\/audibax.com\/fr\/produit\/sm20-black-2\/"]}]},{"@type":"ImageObject","inLanguage":"fr-FR","@id":"https:\/\/audibax.com\/fr\/produit\/sm20-black-2\/#primaryimage","url":"https:\/\/audibax.com\/wp-content\/uploads\/2023\/12\/Audibax-NEO-SM20-Soporte-Altavoz-Negro.jpg","contentUrl":"https:\/\/audibax.com\/wp-content\/uploads\/2023\/12\/Audibax-NEO-SM20-Soporte-Altavoz-Negro.jpg","width":766,"height":1450},{"@type":"BreadcrumbList","@id":"https:\/\/audibax.com\/fr\/produit\/sm20-black-2\/#breadcrumb","itemListElement":[{"@type":"ListItem","position":1,"name":"Portada","item":"https:\/\/audibax.com\/fr\/"},{"@type":"ListItem","position":2,"name":"Produits","item":"https:\/\/audibax.com\/fr\/shop\/"},{"@type":"ListItem","position":3,"name":"SM20 Black"}]},{"@type":"WebSite","@id":"https:\/\/audibax.com\/fr\/#website","url":"https:\/\/audibax.com\/fr\/","name":"Audibax","description":"","publisher":{"@id":"https:\/\/audibax.com\/fr\/#organization"},"potentialAction":[{"@type":"SearchAction","target":{"@type":"EntryPoint","urlTemplate":"https:\/\/audibax.com\/fr\/?s={search_term_string}"},"query-input":{"@type":"PropertyValueSpecification","valueRequired":true,"valueName":"search_term_string"}}],"inLanguage":"fr-FR"},{"@type":"Organization","@id":"https:\/\/audibax.com\/fr\/#organization","name":"Audibax","url":"https:\/\/audibax.com\/fr\/","logo":{"@type":"ImageObject","inLanguage":"fr-FR","@id":"https:\/\/audibax.com\/fr\/#\/schema\/logo\/image\/","url":"https:\/\/audibax.com\/wp-content\/uploads\/2023\/09\/logo-Audibax-BLANCO-SVG-1.svg","contentUrl":"https:\/\/audibax.com\/wp-content\/uploads\/2023\/09\/logo-Audibax-BLANCO-SVG-1.svg","caption":"Audibax"},"image":{"@id":"https:\/\/audibax.com\/fr\/#\/schema\/logo\/image\/"}}]}},"_links":{"self":[{"href":"https:\/\/audibax.com\/fr\/wp-json\/wp\/v2\/product\/36907","targetHints":{"allow":["GET"]}}],"collection":[{"href":"https:\/\/audibax.com\/fr\/wp-json\/wp\/v2\/product"}],"about":[{"href":"https:\/\/audibax.com\/fr\/wp-json\/wp\/v2\/types\/product"}],"replies":[{"embeddable":true,"href":"https:\/\/audibax.com\/fr\/wp-json\/wp\/v2\/comments?post=36907"}],"wp:featuredmedia":[{"embeddable":true,"href":"https:\/\/audibax.com\/fr\/wp-json\/wp\/v2\/media\/17438"}],"wp:attachment":[{"href":"https:\/\/audibax.com\/fr\/wp-json\/wp\/v2\/media?parent=36907"}],"wp:term":[{"taxonomy":"product_cat","embeddable":true,"href":"https:\/\/audibax.com\/fr\/wp-json\/wp\/v2\/product_cat?post=36907"},{"taxonomy":"product_tag","embeddable":true,"href":"https:\/\/audibax.com\/fr\/wp-json\/wp\/v2\/product_tag?post=36907"}],"curies":[{"name":"wp","href":"https:\/\/api.w.org\/{rel}","templated":true}]}}