{"id":36906,"date":"2023-12-11T13:56:27","date_gmt":"2023-12-11T12:56:27","guid":{"rendered":"https:\/\/audibax.com\/product\/neo-131-plus-black-3\/"},"modified":"2023-12-27T12:01:49","modified_gmt":"2023-12-27T11:01:49","slug":"neo-131-plus-black-3","status":"publish","type":"product","link":"https:\/\/audibax.com\/fr\/produit\/neo-131-plus-black-3\/","title":{"rendered":"Neo 131 Plus Black"},"content":{"rendered":"<\/p>\n<p><strong>Audibax Neo 131 Plus Professional Speaker Stand Aluminium<\/strong><\/strong><\/p>\n<p><strong>Le <strong>Neo 131 Plus<\/strong> est un pied d&rsquo;enceinte en aluminium avec une capacit\u00e9 de charge maximale de 50 kg.Neo 131 Plus<\/strong> est un pied d&rsquo;enceinte en aluminium avec une capacit\u00e9 de charge maximale de 50 kg. Un stand id\u00e9al pour le transport et robuste pour la durabilit\u00e9.<\/p>\n<p>Il comprend un <strong>Easy Lock<\/strong> pour une fixation facile, robuste et s\u00fbre de la barre sup\u00e9rieure, de sorte qu&rsquo;il est exceptionnellement bien s\u00e9curis\u00e9.Couleur Noir<\/li>\n<li>Jusqu&rsquo;\u00e0 50 Kg de charge<\/li>\n<li>Hauteur r\u00e9glable de 1m \u00e0 1,8m<\/li>\n<li>Cuvette de 35mm<\/li>\n<li>Poids : 3 Kg<\/li>\n<li>Couleur : Noir<\/li>\n<\/ul>\n<p>&nbsp;<\/p>\n<p><img decoding=\"async\" alt=\"\" src=\"\/crm\/documents\/fckeditor\/image\/MRA\/neo-131-plus-web.jpg\" style=\"height:580px ; width:675px\" \/><\/p>\n<p><nbsp;<\/p>\n<\/p>\n<p>.<\/p>\n","protected":false},"excerpt":{"rendered":"<p>Le haut-parleur professionnel Tr&iacute;pode supporter jusqu&rsquo;\u00e0 50Kg<\/p>\n","protected":false},"featured_media":18650,"comment_status":"open","ping_status":"closed","template":"","meta":{"_acf_changed":false},"product_cat":[445],"product_tag":[],"class_list":{"0":"post-36906","1":"product","2":"type-product","3":"status-publish","4":"has-post-thumbnail","6":"product_cat-supports-de-haut-parleurs","8":"first","9":"instock","10":"shipping-taxable","11":"product-type-simple"},"acf":[],"yoast_head":"<!-- This site is optimized with the Yoast SEO plugin v27.0 - https:\/\/yoast.com\/product\/yoast-seo-wordpress\/ -->\n<title>Neo 131 Plus Black - Audibax<\/title>\n<meta name=\"robots\" content=\"index, follow, max-snippet:-1, max-image-preview:large, max-video-preview:-1\" \/>\n<link rel=\"canonical\" href=\"https:\/\/audibax.com\/fr\/produit\/neo-131-plus-black-3\/\" \/>\n<meta property=\"og:locale\" content=\"fr_FR\" \/>\n<meta property=\"og:type\" content=\"article\" \/>\n<meta property=\"og:title\" content=\"Neo 131 Plus Black - Audibax\" \/>\n<meta property=\"og:description\" content=\"Le haut-parleur professionnel Tr&iacute;pode supporter jusqu&#039;\u00e0 50Kg\" \/>\n<meta property=\"og:url\" content=\"https:\/\/audibax.com\/fr\/produit\/neo-131-plus-black-3\/\" \/>\n<meta property=\"og:site_name\" content=\"Audibax\" \/>\n<meta property=\"article:modified_time\" content=\"2023-12-27T11:01:49+00:00\" \/>\n<meta name=\"twitter:card\" content=\"summary_large_image\" \/>\n<script type=\"application\/ld+json\" class=\"yoast-schema-graph\">{\"@context\":\"https:\/\/schema.org\",\"@graph\":[{\"@type\":\"WebPage\",\"@id\":\"https:\/\/audibax.com\/fr\/produit\/neo-131-plus-black-3\/\",\"url\":\"https:\/\/audibax.com\/fr\/produit\/neo-131-plus-black-3\/\",\"name\":\"Neo 131 Plus Black - Audibax\",\"isPartOf\":{\"@id\":\"https:\/\/audibax.com\/fr\/#website\"},\"primaryImageOfPage\":{\"@id\":\"https:\/\/audibax.com\/fr\/produit\/neo-131-plus-black-3\/#primaryimage\"},\"image\":{\"@id\":\"https:\/\/audibax.com\/fr\/produit\/neo-131-plus-black-3\/#primaryimage\"},\"thumbnailUrl\":\"https:\/\/audibax.com\/wp-content\/uploads\/2023\/12\/soporte-tripode-altavoces-profesionales.jpg\",\"datePublished\":\"2023-12-11T12:56:27+00:00\",\"dateModified\":\"2023-12-27T11:01:49+00:00\",\"breadcrumb\":{\"@id\":\"https:\/\/audibax.com\/fr\/produit\/neo-131-plus-black-3\/#breadcrumb\"},\"inLanguage\":\"fr-FR\",\"potentialAction\":[{\"@type\":\"ReadAction\",\"target\":[\"https:\/\/audibax.com\/fr\/produit\/neo-131-plus-black-3\/\"]}]},{\"@type\":\"ImageObject\",\"inLanguage\":\"fr-FR\",\"@id\":\"https:\/\/audibax.com\/fr\/produit\/neo-131-plus-black-3\/#primaryimage\",\"url\":\"https:\/\/audibax.com\/wp-content\/uploads\/2023\/12\/soporte-tripode-altavoces-profesionales.jpg\",\"contentUrl\":\"https:\/\/audibax.com\/wp-content\/uploads\/2023\/12\/soporte-tripode-altavoces-profesionales.jpg\",\"width\":694,\"height\":1482},{\"@type\":\"BreadcrumbList\",\"@id\":\"https:\/\/audibax.com\/fr\/produit\/neo-131-plus-black-3\/#breadcrumb\",\"itemListElement\":[{\"@type\":\"ListItem\",\"position\":1,\"name\":\"Portada\",\"item\":\"https:\/\/audibax.com\/fr\/\"},{\"@type\":\"ListItem\",\"position\":2,\"name\":\"Produits\",\"item\":\"https:\/\/audibax.com\/fr\/shop\/\"},{\"@type\":\"ListItem\",\"position\":3,\"name\":\"Neo 131 Plus Black\"}]},{\"@type\":\"WebSite\",\"@id\":\"https:\/\/audibax.com\/fr\/#website\",\"url\":\"https:\/\/audibax.com\/fr\/\",\"name\":\"Audibax\",\"description\":\"\",\"publisher\":{\"@id\":\"https:\/\/audibax.com\/fr\/#organization\"},\"potentialAction\":[{\"@type\":\"SearchAction\",\"target\":{\"@type\":\"EntryPoint\",\"urlTemplate\":\"https:\/\/audibax.com\/fr\/?s={search_term_string}\"},\"query-input\":{\"@type\":\"PropertyValueSpecification\",\"valueRequired\":true,\"valueName\":\"search_term_string\"}}],\"inLanguage\":\"fr-FR\"},{\"@type\":\"Organization\",\"@id\":\"https:\/\/audibax.com\/fr\/#organization\",\"name\":\"Audibax\",\"url\":\"https:\/\/audibax.com\/fr\/\",\"logo\":{\"@type\":\"ImageObject\",\"inLanguage\":\"fr-FR\",\"@id\":\"https:\/\/audibax.com\/fr\/#\/schema\/logo\/image\/\",\"url\":\"https:\/\/audibax.com\/wp-content\/uploads\/2023\/09\/logo-Audibax-BLANCO-SVG-1.svg\",\"contentUrl\":\"https:\/\/audibax.com\/wp-content\/uploads\/2023\/09\/logo-Audibax-BLANCO-SVG-1.svg\",\"caption\":\"Audibax\"},\"image\":{\"@id\":\"https:\/\/audibax.com\/fr\/#\/schema\/logo\/image\/\"}}]}<\/script>\n<!-- \/ Yoast SEO plugin. -->","yoast_head_json":{"title":"Neo 131 Plus Black - Audibax","robots":{"index":"index","follow":"follow","max-snippet":"max-snippet:-1","max-image-preview":"max-image-preview:large","max-video-preview":"max-video-preview:-1"},"canonical":"https:\/\/audibax.com\/fr\/produit\/neo-131-plus-black-3\/","og_locale":"fr_FR","og_type":"article","og_title":"Neo 131 Plus Black - Audibax","og_description":"Le haut-parleur professionnel Tr&iacute;pode supporter jusqu'\u00e0 50Kg","og_url":"https:\/\/audibax.com\/fr\/produit\/neo-131-plus-black-3\/","og_site_name":"Audibax","article_modified_time":"2023-12-27T11:01:49+00:00","twitter_card":"summary_large_image","schema":{"@context":"https:\/\/schema.org","@graph":[{"@type":"WebPage","@id":"https:\/\/audibax.com\/fr\/produit\/neo-131-plus-black-3\/","url":"https:\/\/audibax.com\/fr\/produit\/neo-131-plus-black-3\/","name":"Neo 131 Plus Black - Audibax","isPartOf":{"@id":"https:\/\/audibax.com\/fr\/#website"},"primaryImageOfPage":{"@id":"https:\/\/audibax.com\/fr\/produit\/neo-131-plus-black-3\/#primaryimage"},"image":{"@id":"https:\/\/audibax.com\/fr\/produit\/neo-131-plus-black-3\/#primaryimage"},"thumbnailUrl":"https:\/\/audibax.com\/wp-content\/uploads\/2023\/12\/soporte-tripode-altavoces-profesionales.jpg","datePublished":"2023-12-11T12:56:27+00:00","dateModified":"2023-12-27T11:01:49+00:00","breadcrumb":{"@id":"https:\/\/audibax.com\/fr\/produit\/neo-131-plus-black-3\/#breadcrumb"},"inLanguage":"fr-FR","potentialAction":[{"@type":"ReadAction","target":["https:\/\/audibax.com\/fr\/produit\/neo-131-plus-black-3\/"]}]},{"@type":"ImageObject","inLanguage":"fr-FR","@id":"https:\/\/audibax.com\/fr\/produit\/neo-131-plus-black-3\/#primaryimage","url":"https:\/\/audibax.com\/wp-content\/uploads\/2023\/12\/soporte-tripode-altavoces-profesionales.jpg","contentUrl":"https:\/\/audibax.com\/wp-content\/uploads\/2023\/12\/soporte-tripode-altavoces-profesionales.jpg","width":694,"height":1482},{"@type":"BreadcrumbList","@id":"https:\/\/audibax.com\/fr\/produit\/neo-131-plus-black-3\/#breadcrumb","itemListElement":[{"@type":"ListItem","position":1,"name":"Portada","item":"https:\/\/audibax.com\/fr\/"},{"@type":"ListItem","position":2,"name":"Produits","item":"https:\/\/audibax.com\/fr\/shop\/"},{"@type":"ListItem","position":3,"name":"Neo 131 Plus Black"}]},{"@type":"WebSite","@id":"https:\/\/audibax.com\/fr\/#website","url":"https:\/\/audibax.com\/fr\/","name":"Audibax","description":"","publisher":{"@id":"https:\/\/audibax.com\/fr\/#organization"},"potentialAction":[{"@type":"SearchAction","target":{"@type":"EntryPoint","urlTemplate":"https:\/\/audibax.com\/fr\/?s={search_term_string}"},"query-input":{"@type":"PropertyValueSpecification","valueRequired":true,"valueName":"search_term_string"}}],"inLanguage":"fr-FR"},{"@type":"Organization","@id":"https:\/\/audibax.com\/fr\/#organization","name":"Audibax","url":"https:\/\/audibax.com\/fr\/","logo":{"@type":"ImageObject","inLanguage":"fr-FR","@id":"https:\/\/audibax.com\/fr\/#\/schema\/logo\/image\/","url":"https:\/\/audibax.com\/wp-content\/uploads\/2023\/09\/logo-Audibax-BLANCO-SVG-1.svg","contentUrl":"https:\/\/audibax.com\/wp-content\/uploads\/2023\/09\/logo-Audibax-BLANCO-SVG-1.svg","caption":"Audibax"},"image":{"@id":"https:\/\/audibax.com\/fr\/#\/schema\/logo\/image\/"}}]}},"_links":{"self":[{"href":"https:\/\/audibax.com\/fr\/wp-json\/wp\/v2\/product\/36906","targetHints":{"allow":["GET"]}}],"collection":[{"href":"https:\/\/audibax.com\/fr\/wp-json\/wp\/v2\/product"}],"about":[{"href":"https:\/\/audibax.com\/fr\/wp-json\/wp\/v2\/types\/product"}],"replies":[{"embeddable":true,"href":"https:\/\/audibax.com\/fr\/wp-json\/wp\/v2\/comments?post=36906"}],"wp:featuredmedia":[{"embeddable":true,"href":"https:\/\/audibax.com\/fr\/wp-json\/wp\/v2\/media\/18650"}],"wp:attachment":[{"href":"https:\/\/audibax.com\/fr\/wp-json\/wp\/v2\/media?parent=36906"}],"wp:term":[{"taxonomy":"product_cat","embeddable":true,"href":"https:\/\/audibax.com\/fr\/wp-json\/wp\/v2\/product_cat?post=36906"},{"taxonomy":"product_tag","embeddable":true,"href":"https:\/\/audibax.com\/fr\/wp-json\/wp\/v2\/product_tag?post=36906"}],"curies":[{"name":"wp","href":"https:\/\/api.w.org\/{rel}","templated":true}]}}