{"id":36901,"date":"2023-12-11T13:56:17","date_gmt":"2023-12-11T12:56:17","guid":{"rendered":"https:\/\/audibax.com\/product\/onyx-pack-v2-black-2\/"},"modified":"2023-12-27T12:01:46","modified_gmt":"2023-12-27T11:01:46","slug":"onyx-pack-v2-black-2","status":"publish","type":"product","link":"https:\/\/audibax.com\/fr\/produit\/onyx-pack-v2-black-2\/","title":{"rendered":"Onyx Pack v2 Black"},"content":{"rendered":"<\/p>\n<p><strong>Audibax Onyx Pack V2 Stand clavier \/ piano + tabouret<\/strong><\/p>\n<p>L&rsquo;Audibax Onyx Pack V2 comprend le stand clavier et le tabouret.<\/p>\n<h3>Pied<\/h3>\n<p>Il s&rsquo;agit d&rsquo;un pied de clavier professionnel \u00e0 ciseaux simples. Il est dot\u00e9 d&rsquo;un syst\u00e8me de r\u00e9glage de la hauteur et d&rsquo;une conception \u00e0 double structure, ce qui garantit une excellente stabilit\u00e9. Les capuchons en caoutchouc antid\u00e9rapants sur le dessous emp\u00eachent la base du clavier de bouger pendant l&rsquo;utilisation.<\/p>\n<h3>Stand<\/h3>\n<p>Il s&rsquo;agit d&rsquo;un support de clavier confortable de type ciseaux. Le cadre robuste et durable en acier noir peut \u00eatre r\u00e9gl\u00e9 \u00e0 3 niveaux de hauteur diff\u00e9rents gr\u00e2ce \u00e0 un levier de serrage \u00e0 d\u00e9gagement rapide qui permet un r\u00e9glage facile. Les pieds du tabouret sont dot\u00e9s d&rsquo;un caoutchouc antid\u00e9rapant pour emp\u00eacher le tabouret de glisser et peuvent \u00eatre compl\u00e8tement repli\u00e9s, ce qui le rend facile \u00e0 transporter et peu encombrant.<\/p>\n<h3>Audibax Onyx Pack V2 Specifications<\/h3>\n<ul>\n<li>Le pack comprend un support de clavier et un tabouret<\/li>\n<li>Dimensions du support :\n<ul>\n<li>Socle inf\u00e9rieur (support de sol) : 40cm de long x 3.5cm d&rsquo;\u00e9paisseur<\/li>\n<li>Base de la partie sup\u00e9rieure (support de clavier) : 35,5cm de long x 3.5cm d&rsquo;\u00e9paisseur<\/li>\n<li>Dimensions des pieds : 94cm de long x 3cm de large x 1,5cm de profondeur<\/li>\n<\/ul>\n<\/li>\n<li>Dimensions du tabouret :\n<ul>\n<li>Pieds : 45cm de haut x 45cm de large x 29.5cm de profondeur<\/li>\n<li>Hauteur r\u00e9glable en 3 positions<\/li>\n<\/ul>\n<\/ul>\n<\/li>\n<li>Dimensions de l&rsquo;assise : 4,5cm de hauteur x 39cm de largeur x 29.5cm de profondeur<\/li>\n<li>Poids total : 3,03kg<\/li>\n<li>Clavier photo non inclus<\/li>\n<\/ul>\n<p>&nbsp;<\/p>\n<p>.<\/p>\n","protected":false},"excerpt":{"rendered":"<ul>\n<li>Pied \u00e0 ciseaux simple<\/li>\n<li>Piano \/ Banc de clavier 3 hauteurs<\/li>\n<\/ul>\n<\/ul>\n<\/ul>\n","protected":false},"featured_media":18524,"comment_status":"open","ping_status":"closed","template":"","meta":{"_acf_changed":false},"product_cat":[443],"product_tag":[],"class_list":{"0":"post-36901","1":"product","2":"type-product","3":"status-publish","4":"has-post-thumbnail","6":"product_cat-pieds-de-piano","8":"first","9":"instock","10":"shipping-taxable","11":"product-type-simple"},"acf":[],"yoast_head":"<!-- This site is optimized with the Yoast SEO plugin v27.0 - https:\/\/yoast.com\/product\/yoast-seo-wordpress\/ -->\n<title>Onyx Pack v2 Black - Audibax<\/title>\n<meta name=\"robots\" content=\"index, follow, max-snippet:-1, max-image-preview:large, max-video-preview:-1\" \/>\n<link rel=\"canonical\" href=\"https:\/\/audibax.com\/fr\/produit\/onyx-pack-v2-black-2\/\" \/>\n<meta property=\"og:locale\" content=\"fr_FR\" \/>\n<meta property=\"og:type\" content=\"article\" \/>\n<meta property=\"og:title\" content=\"Onyx Pack v2 Black - Audibax\" \/>\n<meta property=\"og:description\" content=\"Pied \u00e0 ciseaux simple Piano \/ Banc de clavier 3 hauteurs\" \/>\n<meta property=\"og:url\" content=\"https:\/\/audibax.com\/fr\/produit\/onyx-pack-v2-black-2\/\" \/>\n<meta property=\"og:site_name\" content=\"Audibax\" \/>\n<meta property=\"article:modified_time\" content=\"2023-12-27T11:01:46+00:00\" \/>\n<meta name=\"twitter:card\" content=\"summary_large_image\" \/>\n<meta name=\"twitter:label1\" content=\"Dur\u00e9e de lecture estim\u00e9e\" \/>\n\t<meta name=\"twitter:data1\" content=\"1 minute\" \/>\n<script type=\"application\/ld+json\" class=\"yoast-schema-graph\">{\"@context\":\"https:\/\/schema.org\",\"@graph\":[{\"@type\":\"WebPage\",\"@id\":\"https:\/\/audibax.com\/fr\/produit\/onyx-pack-v2-black-2\/\",\"url\":\"https:\/\/audibax.com\/fr\/produit\/onyx-pack-v2-black-2\/\",\"name\":\"Onyx Pack v2 Black - Audibax\",\"isPartOf\":{\"@id\":\"https:\/\/audibax.com\/fr\/#website\"},\"primaryImageOfPage\":{\"@id\":\"https:\/\/audibax.com\/fr\/produit\/onyx-pack-v2-black-2\/#primaryimage\"},\"image\":{\"@id\":\"https:\/\/audibax.com\/fr\/produit\/onyx-pack-v2-black-2\/#primaryimage\"},\"thumbnailUrl\":\"https:\/\/audibax.com\/wp-content\/uploads\/2023\/12\/Onyx-Pack-v2-audibax-soporte-banqueta-profesional.jpg\",\"datePublished\":\"2023-12-11T12:56:17+00:00\",\"dateModified\":\"2023-12-27T11:01:46+00:00\",\"breadcrumb\":{\"@id\":\"https:\/\/audibax.com\/fr\/produit\/onyx-pack-v2-black-2\/#breadcrumb\"},\"inLanguage\":\"fr-FR\",\"potentialAction\":[{\"@type\":\"ReadAction\",\"target\":[\"https:\/\/audibax.com\/fr\/produit\/onyx-pack-v2-black-2\/\"]}]},{\"@type\":\"ImageObject\",\"inLanguage\":\"fr-FR\",\"@id\":\"https:\/\/audibax.com\/fr\/produit\/onyx-pack-v2-black-2\/#primaryimage\",\"url\":\"https:\/\/audibax.com\/wp-content\/uploads\/2023\/12\/Onyx-Pack-v2-audibax-soporte-banqueta-profesional.jpg\",\"contentUrl\":\"https:\/\/audibax.com\/wp-content\/uploads\/2023\/12\/Onyx-Pack-v2-audibax-soporte-banqueta-profesional.jpg\",\"width\":1500,\"height\":1117},{\"@type\":\"BreadcrumbList\",\"@id\":\"https:\/\/audibax.com\/fr\/produit\/onyx-pack-v2-black-2\/#breadcrumb\",\"itemListElement\":[{\"@type\":\"ListItem\",\"position\":1,\"name\":\"Portada\",\"item\":\"https:\/\/audibax.com\/fr\/\"},{\"@type\":\"ListItem\",\"position\":2,\"name\":\"Produits\",\"item\":\"https:\/\/audibax.com\/fr\/shop\/\"},{\"@type\":\"ListItem\",\"position\":3,\"name\":\"Onyx Pack v2 Black\"}]},{\"@type\":\"WebSite\",\"@id\":\"https:\/\/audibax.com\/fr\/#website\",\"url\":\"https:\/\/audibax.com\/fr\/\",\"name\":\"Audibax\",\"description\":\"\",\"publisher\":{\"@id\":\"https:\/\/audibax.com\/fr\/#organization\"},\"potentialAction\":[{\"@type\":\"SearchAction\",\"target\":{\"@type\":\"EntryPoint\",\"urlTemplate\":\"https:\/\/audibax.com\/fr\/?s={search_term_string}\"},\"query-input\":{\"@type\":\"PropertyValueSpecification\",\"valueRequired\":true,\"valueName\":\"search_term_string\"}}],\"inLanguage\":\"fr-FR\"},{\"@type\":\"Organization\",\"@id\":\"https:\/\/audibax.com\/fr\/#organization\",\"name\":\"Audibax\",\"url\":\"https:\/\/audibax.com\/fr\/\",\"logo\":{\"@type\":\"ImageObject\",\"inLanguage\":\"fr-FR\",\"@id\":\"https:\/\/audibax.com\/fr\/#\/schema\/logo\/image\/\",\"url\":\"https:\/\/audibax.com\/wp-content\/uploads\/2023\/09\/logo-Audibax-BLANCO-SVG-1.svg\",\"contentUrl\":\"https:\/\/audibax.com\/wp-content\/uploads\/2023\/09\/logo-Audibax-BLANCO-SVG-1.svg\",\"caption\":\"Audibax\"},\"image\":{\"@id\":\"https:\/\/audibax.com\/fr\/#\/schema\/logo\/image\/\"}}]}<\/script>\n<!-- \/ Yoast SEO plugin. -->","yoast_head_json":{"title":"Onyx Pack v2 Black - Audibax","robots":{"index":"index","follow":"follow","max-snippet":"max-snippet:-1","max-image-preview":"max-image-preview:large","max-video-preview":"max-video-preview:-1"},"canonical":"https:\/\/audibax.com\/fr\/produit\/onyx-pack-v2-black-2\/","og_locale":"fr_FR","og_type":"article","og_title":"Onyx Pack v2 Black - Audibax","og_description":"Pied \u00e0 ciseaux simple Piano \/ Banc de clavier 3 hauteurs","og_url":"https:\/\/audibax.com\/fr\/produit\/onyx-pack-v2-black-2\/","og_site_name":"Audibax","article_modified_time":"2023-12-27T11:01:46+00:00","twitter_card":"summary_large_image","twitter_misc":{"Dur\u00e9e de lecture estim\u00e9e":"1 minute"},"schema":{"@context":"https:\/\/schema.org","@graph":[{"@type":"WebPage","@id":"https:\/\/audibax.com\/fr\/produit\/onyx-pack-v2-black-2\/","url":"https:\/\/audibax.com\/fr\/produit\/onyx-pack-v2-black-2\/","name":"Onyx Pack v2 Black - Audibax","isPartOf":{"@id":"https:\/\/audibax.com\/fr\/#website"},"primaryImageOfPage":{"@id":"https:\/\/audibax.com\/fr\/produit\/onyx-pack-v2-black-2\/#primaryimage"},"image":{"@id":"https:\/\/audibax.com\/fr\/produit\/onyx-pack-v2-black-2\/#primaryimage"},"thumbnailUrl":"https:\/\/audibax.com\/wp-content\/uploads\/2023\/12\/Onyx-Pack-v2-audibax-soporte-banqueta-profesional.jpg","datePublished":"2023-12-11T12:56:17+00:00","dateModified":"2023-12-27T11:01:46+00:00","breadcrumb":{"@id":"https:\/\/audibax.com\/fr\/produit\/onyx-pack-v2-black-2\/#breadcrumb"},"inLanguage":"fr-FR","potentialAction":[{"@type":"ReadAction","target":["https:\/\/audibax.com\/fr\/produit\/onyx-pack-v2-black-2\/"]}]},{"@type":"ImageObject","inLanguage":"fr-FR","@id":"https:\/\/audibax.com\/fr\/produit\/onyx-pack-v2-black-2\/#primaryimage","url":"https:\/\/audibax.com\/wp-content\/uploads\/2023\/12\/Onyx-Pack-v2-audibax-soporte-banqueta-profesional.jpg","contentUrl":"https:\/\/audibax.com\/wp-content\/uploads\/2023\/12\/Onyx-Pack-v2-audibax-soporte-banqueta-profesional.jpg","width":1500,"height":1117},{"@type":"BreadcrumbList","@id":"https:\/\/audibax.com\/fr\/produit\/onyx-pack-v2-black-2\/#breadcrumb","itemListElement":[{"@type":"ListItem","position":1,"name":"Portada","item":"https:\/\/audibax.com\/fr\/"},{"@type":"ListItem","position":2,"name":"Produits","item":"https:\/\/audibax.com\/fr\/shop\/"},{"@type":"ListItem","position":3,"name":"Onyx Pack v2 Black"}]},{"@type":"WebSite","@id":"https:\/\/audibax.com\/fr\/#website","url":"https:\/\/audibax.com\/fr\/","name":"Audibax","description":"","publisher":{"@id":"https:\/\/audibax.com\/fr\/#organization"},"potentialAction":[{"@type":"SearchAction","target":{"@type":"EntryPoint","urlTemplate":"https:\/\/audibax.com\/fr\/?s={search_term_string}"},"query-input":{"@type":"PropertyValueSpecification","valueRequired":true,"valueName":"search_term_string"}}],"inLanguage":"fr-FR"},{"@type":"Organization","@id":"https:\/\/audibax.com\/fr\/#organization","name":"Audibax","url":"https:\/\/audibax.com\/fr\/","logo":{"@type":"ImageObject","inLanguage":"fr-FR","@id":"https:\/\/audibax.com\/fr\/#\/schema\/logo\/image\/","url":"https:\/\/audibax.com\/wp-content\/uploads\/2023\/09\/logo-Audibax-BLANCO-SVG-1.svg","contentUrl":"https:\/\/audibax.com\/wp-content\/uploads\/2023\/09\/logo-Audibax-BLANCO-SVG-1.svg","caption":"Audibax"},"image":{"@id":"https:\/\/audibax.com\/fr\/#\/schema\/logo\/image\/"}}]}},"_links":{"self":[{"href":"https:\/\/audibax.com\/fr\/wp-json\/wp\/v2\/product\/36901","targetHints":{"allow":["GET"]}}],"collection":[{"href":"https:\/\/audibax.com\/fr\/wp-json\/wp\/v2\/product"}],"about":[{"href":"https:\/\/audibax.com\/fr\/wp-json\/wp\/v2\/types\/product"}],"replies":[{"embeddable":true,"href":"https:\/\/audibax.com\/fr\/wp-json\/wp\/v2\/comments?post=36901"}],"wp:featuredmedia":[{"embeddable":true,"href":"https:\/\/audibax.com\/fr\/wp-json\/wp\/v2\/media\/18524"}],"wp:attachment":[{"href":"https:\/\/audibax.com\/fr\/wp-json\/wp\/v2\/media?parent=36901"}],"wp:term":[{"taxonomy":"product_cat","embeddable":true,"href":"https:\/\/audibax.com\/fr\/wp-json\/wp\/v2\/product_cat?post=36901"},{"taxonomy":"product_tag","embeddable":true,"href":"https:\/\/audibax.com\/fr\/wp-json\/wp\/v2\/product_tag?post=36901"}],"curies":[{"name":"wp","href":"https:\/\/api.w.org\/{rel}","templated":true}]}}