{"id":36900,"date":"2023-12-11T13:56:15","date_gmt":"2023-12-11T12:56:15","guid":{"rendered":"https:\/\/audibax.com\/product\/onyx-120-black-2\/"},"modified":"2023-12-27T12:01:45","modified_gmt":"2023-12-27T11:01:45","slug":"onyx-120-black-2","status":"publish","type":"product","link":"https:\/\/audibax.com\/fr\/produit\/onyx-120-black-2\/","title":{"rendered":"Onyx 120 Black"},"content":{"rendered":"<\/p>\n<p><strong>Audibax Onyx 120 Stand clavier double ciseaux (Yamaha, Casio, Roland, Korg)<\/strong><\/strong><\/p>\n<p>Audibax Onyx 120 est un stand clavier ciseaux (double ciseaux) tr\u00e8s robuste avec plusieurs positions de r\u00e9glage en hauteur afin que vous puissiez l&rsquo;ajuster \u00e0 vos besoins et avoir la possibilit\u00e9 de jouer du clavier aussi bien debout qu&rsquo;assis.<\/p>\n<p>Avec ce support, votre clavier peut \u00eatre s\u00e9curis\u00e9 gr\u00e2ce \u00e0 deux sangles de s\u00e9curit\u00e9 situ\u00e9es sur les c\u00f4t\u00e9s, qui peuvent \u00eatre attach\u00e9es directement \u00e0 votre clavier en ajoutant une double s\u00e9curit\u00e9 et en le maintenant parfaitement stable.<\/p>\n<p>Les pieds en forme de X avec double renforcement assurent une stabilit\u00e9 et une r\u00e9sistance suppl\u00e9mentaires. Ce support peut supporter un poids allant jusqu&rsquo;\u00e0 25 kg, ce qui le rend adapt\u00e9 \u00e0 un grand nombre de claviers \u00e9lectroniques professionnels et de pianos. En outre, il peut \u00eatre repli\u00e9 lorsqu&rsquo;il n&rsquo;est pas utilis\u00e9, ce qui permet de gagner de la place en un tour de main. Cela vous permet \u00e9galement de le transporter facilement o\u00f9 vous voulez sans trop d&rsquo;efforts !<\/p>\n<p>Les bras, tant sup\u00e9rieurs qu&rsquo;inf\u00e9rieurs, sont renforc\u00e9s par du caoutchouc antid\u00e9rapant pour \u00e9viter les rayures sur le clavier et le sol et assurer une stabilit\u00e9 maximale.<\/p>\n<h3>Caract\u00e9ristiques :<\/h3>\n<ul>\n<li>Support \u00e0 double structure<\/li>\n<li>Hauteur r\u00e9glable<\/li>\n<li>Sangles de s\u00e9curit\u00e9<\/li>\n<li>Hauteur maximale : 980mm<\/li>\n<li>Hauteur maximale : 330mm<\/li>\n<li>Mat\u00e9riau : Acier<\/li>\n<li>Profondeur des bras sup\u00e9rieurs : 325mm<\/li>\n<li>Profondeur des bras inf\u00e9rieurs : 450mm<\/li>\n<li>Capacit\u00e9 de charge maximale : 25kgs<\/li>\n<li>Diam\u00e8tre du tube : 25mm.<\/li>\n<li>Poids du support : 2.45kgs<\/li>\n<li>Couleur : Noir<\/li>\n<\/ul>\n<\/ul>\n","protected":false},"excerpt":{"rendered":"<ul>\n<li>Support \u00e0 double cadre<\/li>\n<li>R\u00e9glable en hauteur<\/li>\n<li>Sangles de s\u00e9curit\u00e9<\/li>\n<li>Hauteur maximale : 980mm<\/li>\n<li>Hauteur maximale : 330mm<\/li>\n<\/ul>\n<li>Hauteur maximale : 330mm<\/li>\n<li>Sangles de s\u00e9curit\u00e9<\/li>\n<li>Sangles de s\u00e9curit\u00e9 : 980mm<\/li>\n<li>Hauteur maximale : 330mm<\/li>\n<\/ul>\n<\/ul>\n","protected":false},"featured_media":16682,"comment_status":"open","ping_status":"closed","template":"","meta":{"_acf_changed":false},"product_cat":[443],"product_tag":[],"class_list":{"0":"post-36900","1":"product","2":"type-product","3":"status-publish","4":"has-post-thumbnail","6":"product_cat-pieds-de-piano","8":"first","9":"instock","10":"shipping-taxable","11":"product-type-simple"},"acf":[],"yoast_head":"<!-- This site is optimized with the Yoast SEO plugin v27.0 - https:\/\/yoast.com\/product\/yoast-seo-wordpress\/ -->\n<title>Onyx 120 Black - Audibax<\/title>\n<meta name=\"robots\" content=\"index, follow, max-snippet:-1, max-image-preview:large, max-video-preview:-1\" \/>\n<link rel=\"canonical\" href=\"https:\/\/audibax.com\/fr\/produit\/onyx-120-black-2\/\" \/>\n<meta property=\"og:locale\" content=\"fr_FR\" \/>\n<meta property=\"og:type\" content=\"article\" \/>\n<meta property=\"og:title\" content=\"Onyx 120 Black - Audibax\" \/>\n<meta property=\"og:description\" content=\"Support \u00e0 double cadre R\u00e9glable en hauteur Sangles de s\u00e9curit\u00e9 Hauteur maximale : 980mm Hauteur maximale : 330mm Hauteur maximale : 330mm Sangles de s\u00e9curit\u00e9 Sangles de s\u00e9curit\u00e9 : 980mm Hauteur maximale : 330mm\" \/>\n<meta property=\"og:url\" content=\"https:\/\/audibax.com\/fr\/produit\/onyx-120-black-2\/\" \/>\n<meta property=\"og:site_name\" content=\"Audibax\" \/>\n<meta property=\"article:modified_time\" content=\"2023-12-27T11:01:45+00:00\" \/>\n<meta name=\"twitter:card\" content=\"summary_large_image\" \/>\n<meta name=\"twitter:label1\" content=\"Dur\u00e9e de lecture estim\u00e9e\" \/>\n\t<meta name=\"twitter:data1\" content=\"1 minute\" \/>\n<script type=\"application\/ld+json\" class=\"yoast-schema-graph\">{\"@context\":\"https:\/\/schema.org\",\"@graph\":[{\"@type\":\"WebPage\",\"@id\":\"https:\/\/audibax.com\/fr\/produit\/onyx-120-black-2\/\",\"url\":\"https:\/\/audibax.com\/fr\/produit\/onyx-120-black-2\/\",\"name\":\"Onyx 120 Black - Audibax\",\"isPartOf\":{\"@id\":\"https:\/\/audibax.com\/fr\/#website\"},\"primaryImageOfPage\":{\"@id\":\"https:\/\/audibax.com\/fr\/produit\/onyx-120-black-2\/#primaryimage\"},\"image\":{\"@id\":\"https:\/\/audibax.com\/fr\/produit\/onyx-120-black-2\/#primaryimage\"},\"thumbnailUrl\":\"https:\/\/audibax.com\/wp-content\/uploads\/2023\/12\/audibax_Onyx120_soporte_tijera_profesional_teclado_oferta.jpg\",\"datePublished\":\"2023-12-11T12:56:15+00:00\",\"dateModified\":\"2023-12-27T11:01:45+00:00\",\"breadcrumb\":{\"@id\":\"https:\/\/audibax.com\/fr\/produit\/onyx-120-black-2\/#breadcrumb\"},\"inLanguage\":\"fr-FR\",\"potentialAction\":[{\"@type\":\"ReadAction\",\"target\":[\"https:\/\/audibax.com\/fr\/produit\/onyx-120-black-2\/\"]}]},{\"@type\":\"ImageObject\",\"inLanguage\":\"fr-FR\",\"@id\":\"https:\/\/audibax.com\/fr\/produit\/onyx-120-black-2\/#primaryimage\",\"url\":\"https:\/\/audibax.com\/wp-content\/uploads\/2023\/12\/audibax_Onyx120_soporte_tijera_profesional_teclado_oferta.jpg\",\"contentUrl\":\"https:\/\/audibax.com\/wp-content\/uploads\/2023\/12\/audibax_Onyx120_soporte_tijera_profesional_teclado_oferta.jpg\",\"width\":1272,\"height\":1500},{\"@type\":\"BreadcrumbList\",\"@id\":\"https:\/\/audibax.com\/fr\/produit\/onyx-120-black-2\/#breadcrumb\",\"itemListElement\":[{\"@type\":\"ListItem\",\"position\":1,\"name\":\"Portada\",\"item\":\"https:\/\/audibax.com\/fr\/\"},{\"@type\":\"ListItem\",\"position\":2,\"name\":\"Produits\",\"item\":\"https:\/\/audibax.com\/fr\/shop\/\"},{\"@type\":\"ListItem\",\"position\":3,\"name\":\"Onyx 120 Black\"}]},{\"@type\":\"WebSite\",\"@id\":\"https:\/\/audibax.com\/fr\/#website\",\"url\":\"https:\/\/audibax.com\/fr\/\",\"name\":\"Audibax\",\"description\":\"\",\"publisher\":{\"@id\":\"https:\/\/audibax.com\/fr\/#organization\"},\"potentialAction\":[{\"@type\":\"SearchAction\",\"target\":{\"@type\":\"EntryPoint\",\"urlTemplate\":\"https:\/\/audibax.com\/fr\/?s={search_term_string}\"},\"query-input\":{\"@type\":\"PropertyValueSpecification\",\"valueRequired\":true,\"valueName\":\"search_term_string\"}}],\"inLanguage\":\"fr-FR\"},{\"@type\":\"Organization\",\"@id\":\"https:\/\/audibax.com\/fr\/#organization\",\"name\":\"Audibax\",\"url\":\"https:\/\/audibax.com\/fr\/\",\"logo\":{\"@type\":\"ImageObject\",\"inLanguage\":\"fr-FR\",\"@id\":\"https:\/\/audibax.com\/fr\/#\/schema\/logo\/image\/\",\"url\":\"https:\/\/audibax.com\/wp-content\/uploads\/2023\/09\/logo-Audibax-BLANCO-SVG-1.svg\",\"contentUrl\":\"https:\/\/audibax.com\/wp-content\/uploads\/2023\/09\/logo-Audibax-BLANCO-SVG-1.svg\",\"caption\":\"Audibax\"},\"image\":{\"@id\":\"https:\/\/audibax.com\/fr\/#\/schema\/logo\/image\/\"}}]}<\/script>\n<!-- \/ Yoast SEO plugin. -->","yoast_head_json":{"title":"Onyx 120 Black - Audibax","robots":{"index":"index","follow":"follow","max-snippet":"max-snippet:-1","max-image-preview":"max-image-preview:large","max-video-preview":"max-video-preview:-1"},"canonical":"https:\/\/audibax.com\/fr\/produit\/onyx-120-black-2\/","og_locale":"fr_FR","og_type":"article","og_title":"Onyx 120 Black - Audibax","og_description":"Support \u00e0 double cadre R\u00e9glable en hauteur Sangles de s\u00e9curit\u00e9 Hauteur maximale : 980mm Hauteur maximale : 330mm Hauteur maximale : 330mm Sangles de s\u00e9curit\u00e9 Sangles de s\u00e9curit\u00e9 : 980mm Hauteur maximale : 330mm","og_url":"https:\/\/audibax.com\/fr\/produit\/onyx-120-black-2\/","og_site_name":"Audibax","article_modified_time":"2023-12-27T11:01:45+00:00","twitter_card":"summary_large_image","twitter_misc":{"Dur\u00e9e de lecture estim\u00e9e":"1 minute"},"schema":{"@context":"https:\/\/schema.org","@graph":[{"@type":"WebPage","@id":"https:\/\/audibax.com\/fr\/produit\/onyx-120-black-2\/","url":"https:\/\/audibax.com\/fr\/produit\/onyx-120-black-2\/","name":"Onyx 120 Black - Audibax","isPartOf":{"@id":"https:\/\/audibax.com\/fr\/#website"},"primaryImageOfPage":{"@id":"https:\/\/audibax.com\/fr\/produit\/onyx-120-black-2\/#primaryimage"},"image":{"@id":"https:\/\/audibax.com\/fr\/produit\/onyx-120-black-2\/#primaryimage"},"thumbnailUrl":"https:\/\/audibax.com\/wp-content\/uploads\/2023\/12\/audibax_Onyx120_soporte_tijera_profesional_teclado_oferta.jpg","datePublished":"2023-12-11T12:56:15+00:00","dateModified":"2023-12-27T11:01:45+00:00","breadcrumb":{"@id":"https:\/\/audibax.com\/fr\/produit\/onyx-120-black-2\/#breadcrumb"},"inLanguage":"fr-FR","potentialAction":[{"@type":"ReadAction","target":["https:\/\/audibax.com\/fr\/produit\/onyx-120-black-2\/"]}]},{"@type":"ImageObject","inLanguage":"fr-FR","@id":"https:\/\/audibax.com\/fr\/produit\/onyx-120-black-2\/#primaryimage","url":"https:\/\/audibax.com\/wp-content\/uploads\/2023\/12\/audibax_Onyx120_soporte_tijera_profesional_teclado_oferta.jpg","contentUrl":"https:\/\/audibax.com\/wp-content\/uploads\/2023\/12\/audibax_Onyx120_soporte_tijera_profesional_teclado_oferta.jpg","width":1272,"height":1500},{"@type":"BreadcrumbList","@id":"https:\/\/audibax.com\/fr\/produit\/onyx-120-black-2\/#breadcrumb","itemListElement":[{"@type":"ListItem","position":1,"name":"Portada","item":"https:\/\/audibax.com\/fr\/"},{"@type":"ListItem","position":2,"name":"Produits","item":"https:\/\/audibax.com\/fr\/shop\/"},{"@type":"ListItem","position":3,"name":"Onyx 120 Black"}]},{"@type":"WebSite","@id":"https:\/\/audibax.com\/fr\/#website","url":"https:\/\/audibax.com\/fr\/","name":"Audibax","description":"","publisher":{"@id":"https:\/\/audibax.com\/fr\/#organization"},"potentialAction":[{"@type":"SearchAction","target":{"@type":"EntryPoint","urlTemplate":"https:\/\/audibax.com\/fr\/?s={search_term_string}"},"query-input":{"@type":"PropertyValueSpecification","valueRequired":true,"valueName":"search_term_string"}}],"inLanguage":"fr-FR"},{"@type":"Organization","@id":"https:\/\/audibax.com\/fr\/#organization","name":"Audibax","url":"https:\/\/audibax.com\/fr\/","logo":{"@type":"ImageObject","inLanguage":"fr-FR","@id":"https:\/\/audibax.com\/fr\/#\/schema\/logo\/image\/","url":"https:\/\/audibax.com\/wp-content\/uploads\/2023\/09\/logo-Audibax-BLANCO-SVG-1.svg","contentUrl":"https:\/\/audibax.com\/wp-content\/uploads\/2023\/09\/logo-Audibax-BLANCO-SVG-1.svg","caption":"Audibax"},"image":{"@id":"https:\/\/audibax.com\/fr\/#\/schema\/logo\/image\/"}}]}},"_links":{"self":[{"href":"https:\/\/audibax.com\/fr\/wp-json\/wp\/v2\/product\/36900","targetHints":{"allow":["GET"]}}],"collection":[{"href":"https:\/\/audibax.com\/fr\/wp-json\/wp\/v2\/product"}],"about":[{"href":"https:\/\/audibax.com\/fr\/wp-json\/wp\/v2\/types\/product"}],"replies":[{"embeddable":true,"href":"https:\/\/audibax.com\/fr\/wp-json\/wp\/v2\/comments?post=36900"}],"wp:featuredmedia":[{"embeddable":true,"href":"https:\/\/audibax.com\/fr\/wp-json\/wp\/v2\/media\/16682"}],"wp:attachment":[{"href":"https:\/\/audibax.com\/fr\/wp-json\/wp\/v2\/media?parent=36900"}],"wp:term":[{"taxonomy":"product_cat","embeddable":true,"href":"https:\/\/audibax.com\/fr\/wp-json\/wp\/v2\/product_cat?post=36900"},{"taxonomy":"product_tag","embeddable":true,"href":"https:\/\/audibax.com\/fr\/wp-json\/wp\/v2\/product_tag?post=36900"}],"curies":[{"name":"wp","href":"https:\/\/api.w.org\/{rel}","templated":true}]}}