{"id":36898,"date":"2023-12-11T13:56:10","date_gmt":"2023-12-11T12:56:10","guid":{"rendered":"https:\/\/audibax.com\/product\/onyx-pro-1-black-2\/"},"modified":"2023-12-27T12:01:43","modified_gmt":"2023-12-27T11:01:43","slug":"onyx-pro-1-black-2","status":"publish","type":"product","link":"https:\/\/audibax.com\/fr\/produit\/onyx-pro-1-black-2\/","title":{"rendered":"Onyx Pro 1 Black"},"content":{"rendered":"<p>Le <strong>Audibax Onyx Pro 1&nbsp;<\/strong>est un support multifonctionnel id\u00e9al pour les claviers, les pianos de sc\u00e8ne, les contr\u00f4leurs DJ MIDI et les consoles de mixage. Gr\u00e2ce \u00e0 sa conception et \u00e0 ses quatre pieds enti\u00e8rement r\u00e9glables, il peut s&rsquo;adapter \u00e0 presque tous les mod\u00e8les de claviers, de contr\u00f4leurs ou de tables de mixage.<\/p>\n<p>R\u00e9glabilit\u00e9 totale :<\/p>\n<p>Gr\u00e2ce \u00e0 ses 4 pieds r\u00e9glables en caoutchouc, l&rsquo;<strong>Onyx Pro 1<\/strong>&nbsp;s&rsquo;adapte \u00e0 toutes les surfaces, avec ou sans asp\u00e9rit\u00e9s.Il offre une grande stabilit\u00e9 et un ajustement total pour que vous puissiez toujours jouer ou mixer dans une position confortable et d\u00e9tendue.<\/p>\n<p>Durabilit\u00e9:<\/p>\n<p>L&rsquo;Onyx Pro 1 est fabriqu\u00e9 en m\u00e9tal extr\u00eamement durable, il est con\u00e7u pour une utilisation en concert, en tourn\u00e9e, en club ou en studio d&rsquo;enregistrement.<\/p>\n<p>Transport:<\/p>\n<p>Gr\u00e2ce \u00e0 sa conception, l&rsquo;Onyx Pro 1 est tr\u00e8s facile \u00e0 plier pour atteindre une taille tr\u00e8s r\u00e9duite id\u00e9ale pour un stockage ou un transport facile.<\/p>\n<ul>\n<li>Support multifonctionnel<\/li>\n<li>Id\u00e9al pour les claviers, les pianos, les tables de mixage ou les contr\u00f4leurs DJ<\/li>\n<li>Fait en m\u00e9tal ultra solide pour une durabilit\u00e9 \u00e0 long terme<\/li>\n<li>Fait en m\u00e9tal ultra solide pour une durabilit\u00e9 \u00e0 long terme<\/li>\n<li>Fait en m\u00e9tal ultra solide pour une durabilit\u00e9 \u00e0 long terme<\/li>\n<li>Fait en m\u00e9tal ultra solide pour une durabilit\u00e9 \u00e0 long terme.<\/li>\n<li>Conception enti\u00e8rement pliable pour un rangement et un transport faciles<\/li>\n<li>4 pieds r\u00e9glables pour s&rsquo;adapter \u00e0 toutes les surfaces et \u00e0 toutes les irr\u00e9gularit\u00e9s.<\/li>\n<li>Jusqu&rsquo;\u00e0 12 positions de r\u00e9glage diff\u00e9rentes<\/li>\n<li>Profondeur, hauteur et largeur r\u00e9glables<\/li>\n<\/ul>\n<p>&nbsp;<\/p>\n<p><strong>Sp\u00e9cifications :<\/strong><\/p>\n<ul>\n<li>Hauteur max : 1090mm<\/li>\n<li>Hauteur mini : 690mm<\/li>\n<li>Largeur maxi : 1050mm<\/li>\n<li>Largeur mini : 730mm<\/li>\n<li>Profondeur : 32cm<\/li>\n<li>Poids maximum support\u00e9 : 50kg<\/li>\n<li>Poids : 5.6kg<\/li>\n<\/ul>\n<\/ul>\n","protected":false},"excerpt":{"rendered":"<ul>\n<li>Support multifonctionnel<\/li>\n<li>Id\u00e9al pour les claviers, les pianos, les consoles de mixage ou les contr\u00f4leurs DJ<\/li>\n<li>Fabriqu\u00e9 en m\u00e9tal ultra r\u00e9sistant pour une durabilit\u00e9 \u00e0 long terme<\/li>\n<li>Conception enti\u00e8rement pliable pour un stockage et un transport faciles<\/li>\n<li>Support multifonctionnel pour un transport facile<\/li>\n<li>Support multifonctionnel.Fabriqu\u00e9 en m\u00e9tal ultra r\u00e9sistant pour une durabilit\u00e9 \u00e0 long terme<\/li>\n<li>Conception enti\u00e8rement pliable pour un rangement et un transport faciles<\/li>\n<\/ul>\n<li> <\/ul>\n<li>Fabriqu\u00e9 en m\u00e9tal ultra r\u00e9sistant pour une durabilit\u00e9 \u00e0 long terme<\/li>\n<li>Conception enti\u00e8rement pliable pour un rangement et un transport faciles<\/li>\n<\/ul>\n<ul>\n<li>Standard multifonctionnel<br \/>\n","protected":false},"featured_media":17477,"comment_status":"open","ping_status":"closed","template":"","meta":{"_acf_changed":false},"product_cat":[443],"product_tag":[],"class_list":{"0":"post-36898","1":"product","2":"type-product","3":"status-publish","4":"has-post-thumbnail","6":"product_cat-pieds-de-piano","8":"first","9":"instock","10":"shipping-taxable","11":"product-type-simple"},"acf":[],"yoast_head":"<!-- This site is optimized with the Yoast SEO plugin v27.0 - https:\/\/yoast.com\/product\/yoast-seo-wordpress\/ -->\n<title>Onyx Pro 1 Black - Audibax<\/title>\n<meta name=\"robots\" content=\"index, follow, max-snippet:-1, max-image-preview:large, max-video-preview:-1\" \/>\n<link rel=\"canonical\" href=\"https:\/\/audibax.com\/fr\/produit\/onyx-pro-1-black-2\/\" \/>\n<meta property=\"og:locale\" content=\"fr_FR\" \/>\n<meta property=\"og:type\" content=\"article\" \/>\n<meta property=\"og:title\" content=\"Onyx Pro 1 Black - Audibax\" \/>\n<meta property=\"og:description\" content=\"Support multifonctionnel Id\u00e9al pour les claviers, les pianos, les consoles de mixage ou les contr\u00f4leurs DJ Fabriqu\u00e9 en m\u00e9tal ultra r\u00e9sistant pour une durabilit\u00e9 \u00e0 long terme Conception enti\u00e8rement pliable pour un stockage et un transport faciles Support multifonctionnel pour un transport facile Support multifonctionnel.Fabriqu\u00e9 en m\u00e9tal ultra r\u00e9sistant pour une durabilit\u00e9 \u00e0 long terme Conception enti\u00e8rement pliable pour un rangement et un transport faciles  Fabriqu\u00e9 en m\u00e9tal ultra r\u00e9sistant pour une durabilit\u00e9 \u00e0 long terme Conception enti\u00e8rement pliable pour un rangement et un transport faciles  Standard multifonctionnel\" \/>\n<meta property=\"og:url\" content=\"https:\/\/audibax.com\/fr\/produit\/onyx-pro-1-black-2\/\" \/>\n<meta property=\"og:site_name\" content=\"Audibax\" \/>\n<meta property=\"article:modified_time\" content=\"2023-12-27T11:01:43+00:00\" \/>\n<meta name=\"twitter:card\" content=\"summary_large_image\" \/>\n<meta name=\"twitter:label1\" content=\"Dur\u00e9e de lecture estim\u00e9e\" \/>\n\t<meta name=\"twitter:data1\" content=\"1 minute\" \/>\n<script type=\"application\/ld+json\" class=\"yoast-schema-graph\">{\"@context\":\"https:\/\/schema.org\",\"@graph\":[{\"@type\":\"WebPage\",\"@id\":\"https:\/\/audibax.com\/fr\/produit\/onyx-pro-1-black-2\/\",\"url\":\"https:\/\/audibax.com\/fr\/produit\/onyx-pro-1-black-2\/\",\"name\":\"Onyx Pro 1 Black - Audibax\",\"isPartOf\":{\"@id\":\"https:\/\/audibax.com\/fr\/#website\"},\"primaryImageOfPage\":{\"@id\":\"https:\/\/audibax.com\/fr\/produit\/onyx-pro-1-black-2\/#primaryimage\"},\"image\":{\"@id\":\"https:\/\/audibax.com\/fr\/produit\/onyx-pro-1-black-2\/#primaryimage\"},\"thumbnailUrl\":\"https:\/\/audibax.com\/wp-content\/uploads\/2023\/12\/audibax-onyx-pro1-soporte-teclado.jpg\",\"datePublished\":\"2023-12-11T12:56:10+00:00\",\"dateModified\":\"2023-12-27T11:01:43+00:00\",\"breadcrumb\":{\"@id\":\"https:\/\/audibax.com\/fr\/produit\/onyx-pro-1-black-2\/#breadcrumb\"},\"inLanguage\":\"fr-FR\",\"potentialAction\":[{\"@type\":\"ReadAction\",\"target\":[\"https:\/\/audibax.com\/fr\/produit\/onyx-pro-1-black-2\/\"]}]},{\"@type\":\"ImageObject\",\"inLanguage\":\"fr-FR\",\"@id\":\"https:\/\/audibax.com\/fr\/produit\/onyx-pro-1-black-2\/#primaryimage\",\"url\":\"https:\/\/audibax.com\/wp-content\/uploads\/2023\/12\/audibax-onyx-pro1-soporte-teclado.jpg\",\"contentUrl\":\"https:\/\/audibax.com\/wp-content\/uploads\/2023\/12\/audibax-onyx-pro1-soporte-teclado.jpg\",\"width\":1500,\"height\":1384},{\"@type\":\"BreadcrumbList\",\"@id\":\"https:\/\/audibax.com\/fr\/produit\/onyx-pro-1-black-2\/#breadcrumb\",\"itemListElement\":[{\"@type\":\"ListItem\",\"position\":1,\"name\":\"Portada\",\"item\":\"https:\/\/audibax.com\/fr\/\"},{\"@type\":\"ListItem\",\"position\":2,\"name\":\"Produits\",\"item\":\"https:\/\/audibax.com\/fr\/shop\/\"},{\"@type\":\"ListItem\",\"position\":3,\"name\":\"Onyx Pro 1 Black\"}]},{\"@type\":\"WebSite\",\"@id\":\"https:\/\/audibax.com\/fr\/#website\",\"url\":\"https:\/\/audibax.com\/fr\/\",\"name\":\"Audibax\",\"description\":\"\",\"publisher\":{\"@id\":\"https:\/\/audibax.com\/fr\/#organization\"},\"potentialAction\":[{\"@type\":\"SearchAction\",\"target\":{\"@type\":\"EntryPoint\",\"urlTemplate\":\"https:\/\/audibax.com\/fr\/?s={search_term_string}\"},\"query-input\":{\"@type\":\"PropertyValueSpecification\",\"valueRequired\":true,\"valueName\":\"search_term_string\"}}],\"inLanguage\":\"fr-FR\"},{\"@type\":\"Organization\",\"@id\":\"https:\/\/audibax.com\/fr\/#organization\",\"name\":\"Audibax\",\"url\":\"https:\/\/audibax.com\/fr\/\",\"logo\":{\"@type\":\"ImageObject\",\"inLanguage\":\"fr-FR\",\"@id\":\"https:\/\/audibax.com\/fr\/#\/schema\/logo\/image\/\",\"url\":\"https:\/\/audibax.com\/wp-content\/uploads\/2023\/09\/logo-Audibax-BLANCO-SVG-1.svg\",\"contentUrl\":\"https:\/\/audibax.com\/wp-content\/uploads\/2023\/09\/logo-Audibax-BLANCO-SVG-1.svg\",\"caption\":\"Audibax\"},\"image\":{\"@id\":\"https:\/\/audibax.com\/fr\/#\/schema\/logo\/image\/\"}}]}<\/script>\n<!-- \/ Yoast SEO plugin. -->","yoast_head_json":{"title":"Onyx Pro 1 Black - Audibax","robots":{"index":"index","follow":"follow","max-snippet":"max-snippet:-1","max-image-preview":"max-image-preview:large","max-video-preview":"max-video-preview:-1"},"canonical":"https:\/\/audibax.com\/fr\/produit\/onyx-pro-1-black-2\/","og_locale":"fr_FR","og_type":"article","og_title":"Onyx Pro 1 Black - Audibax","og_description":"Support multifonctionnel Id\u00e9al pour les claviers, les pianos, les consoles de mixage ou les contr\u00f4leurs DJ Fabriqu\u00e9 en m\u00e9tal ultra r\u00e9sistant pour une durabilit\u00e9 \u00e0 long terme Conception enti\u00e8rement pliable pour un stockage et un transport faciles Support multifonctionnel pour un transport facile Support multifonctionnel.Fabriqu\u00e9 en m\u00e9tal ultra r\u00e9sistant pour une durabilit\u00e9 \u00e0 long terme Conception enti\u00e8rement pliable pour un rangement et un transport faciles  Fabriqu\u00e9 en m\u00e9tal ultra r\u00e9sistant pour une durabilit\u00e9 \u00e0 long terme Conception enti\u00e8rement pliable pour un rangement et un transport faciles  Standard multifonctionnel","og_url":"https:\/\/audibax.com\/fr\/produit\/onyx-pro-1-black-2\/","og_site_name":"Audibax","article_modified_time":"2023-12-27T11:01:43+00:00","twitter_card":"summary_large_image","twitter_misc":{"Dur\u00e9e de lecture estim\u00e9e":"1 minute"},"schema":{"@context":"https:\/\/schema.org","@graph":[{"@type":"WebPage","@id":"https:\/\/audibax.com\/fr\/produit\/onyx-pro-1-black-2\/","url":"https:\/\/audibax.com\/fr\/produit\/onyx-pro-1-black-2\/","name":"Onyx Pro 1 Black - Audibax","isPartOf":{"@id":"https:\/\/audibax.com\/fr\/#website"},"primaryImageOfPage":{"@id":"https:\/\/audibax.com\/fr\/produit\/onyx-pro-1-black-2\/#primaryimage"},"image":{"@id":"https:\/\/audibax.com\/fr\/produit\/onyx-pro-1-black-2\/#primaryimage"},"thumbnailUrl":"https:\/\/audibax.com\/wp-content\/uploads\/2023\/12\/audibax-onyx-pro1-soporte-teclado.jpg","datePublished":"2023-12-11T12:56:10+00:00","dateModified":"2023-12-27T11:01:43+00:00","breadcrumb":{"@id":"https:\/\/audibax.com\/fr\/produit\/onyx-pro-1-black-2\/#breadcrumb"},"inLanguage":"fr-FR","potentialAction":[{"@type":"ReadAction","target":["https:\/\/audibax.com\/fr\/produit\/onyx-pro-1-black-2\/"]}]},{"@type":"ImageObject","inLanguage":"fr-FR","@id":"https:\/\/audibax.com\/fr\/produit\/onyx-pro-1-black-2\/#primaryimage","url":"https:\/\/audibax.com\/wp-content\/uploads\/2023\/12\/audibax-onyx-pro1-soporte-teclado.jpg","contentUrl":"https:\/\/audibax.com\/wp-content\/uploads\/2023\/12\/audibax-onyx-pro1-soporte-teclado.jpg","width":1500,"height":1384},{"@type":"BreadcrumbList","@id":"https:\/\/audibax.com\/fr\/produit\/onyx-pro-1-black-2\/#breadcrumb","itemListElement":[{"@type":"ListItem","position":1,"name":"Portada","item":"https:\/\/audibax.com\/fr\/"},{"@type":"ListItem","position":2,"name":"Produits","item":"https:\/\/audibax.com\/fr\/shop\/"},{"@type":"ListItem","position":3,"name":"Onyx Pro 1 Black"}]},{"@type":"WebSite","@id":"https:\/\/audibax.com\/fr\/#website","url":"https:\/\/audibax.com\/fr\/","name":"Audibax","description":"","publisher":{"@id":"https:\/\/audibax.com\/fr\/#organization"},"potentialAction":[{"@type":"SearchAction","target":{"@type":"EntryPoint","urlTemplate":"https:\/\/audibax.com\/fr\/?s={search_term_string}"},"query-input":{"@type":"PropertyValueSpecification","valueRequired":true,"valueName":"search_term_string"}}],"inLanguage":"fr-FR"},{"@type":"Organization","@id":"https:\/\/audibax.com\/fr\/#organization","name":"Audibax","url":"https:\/\/audibax.com\/fr\/","logo":{"@type":"ImageObject","inLanguage":"fr-FR","@id":"https:\/\/audibax.com\/fr\/#\/schema\/logo\/image\/","url":"https:\/\/audibax.com\/wp-content\/uploads\/2023\/09\/logo-Audibax-BLANCO-SVG-1.svg","contentUrl":"https:\/\/audibax.com\/wp-content\/uploads\/2023\/09\/logo-Audibax-BLANCO-SVG-1.svg","caption":"Audibax"},"image":{"@id":"https:\/\/audibax.com\/fr\/#\/schema\/logo\/image\/"}}]}},"_links":{"self":[{"href":"https:\/\/audibax.com\/fr\/wp-json\/wp\/v2\/product\/36898","targetHints":{"allow":["GET"]}}],"collection":[{"href":"https:\/\/audibax.com\/fr\/wp-json\/wp\/v2\/product"}],"about":[{"href":"https:\/\/audibax.com\/fr\/wp-json\/wp\/v2\/types\/product"}],"replies":[{"embeddable":true,"href":"https:\/\/audibax.com\/fr\/wp-json\/wp\/v2\/comments?post=36898"}],"wp:featuredmedia":[{"embeddable":true,"href":"https:\/\/audibax.com\/fr\/wp-json\/wp\/v2\/media\/17477"}],"wp:attachment":[{"href":"https:\/\/audibax.com\/fr\/wp-json\/wp\/v2\/media?parent=36898"}],"wp:term":[{"taxonomy":"product_cat","embeddable":true,"href":"https:\/\/audibax.com\/fr\/wp-json\/wp\/v2\/product_cat?post=36898"},{"taxonomy":"product_tag","embeddable":true,"href":"https:\/\/audibax.com\/fr\/wp-json\/wp\/v2\/product_tag?post=36898"}],"curies":[{"name":"wp","href":"https:\/\/api.w.org\/{rel}","templated":true}]}}