{"id":36896,"date":"2023-12-11T15:08:01","date_gmt":"2023-12-11T14:08:01","guid":{"rendered":"https:\/\/audibax.com\/product\/onyx-151-black-2\/"},"modified":"2023-12-27T12:01:42","modified_gmt":"2023-12-27T11:01:42","slug":"onyx-151-black-2","status":"publish","type":"product","link":"https:\/\/audibax.com\/fr\/produit\/onyx-151-black-2\/","title":{"rendered":"Onyx 151 Black"},"content":{"rendered":"<p><L'Audibax Onyx 151 est un support professionnel id\u00e9al pour tous les types de claviers. La conception \u00e0 d\u00e9calage en X comprend un levier \u00e0 ressort avec embrayage de verrouillage pour un r\u00e9glage rapide et facile de la hauteur, tandis que les manchons en caoutchouc r\u00e9glables assurent le soutien de l'instrument et une stabilit\u00e9 solide sur les surfaces irr\u00e9guli\u00e8res.<\/p>\n<ul>\n<li>Pied de clavier professionnel r\u00e9glable<\/li>\n<li>Hauteur r\u00e9glable : 70cm \u00e0 100cm<\/li>\n<li>Tube d&rsquo;acier carr\u00e9 \u00e0 haute r\u00e9sistance<\/li>\n<li>R\u00e9glage facile de la hauteur avec levier \u00e0 ressort et embrayage de verrouillage<\/li>\n<li>Travail en \u00e9quipe<\/li>\n<\/li>\n<li>Travail en \u00e9quipe<\/li>\n<p>.<\/p>\n<li>\n<li>Manchons en caoutchouc r\u00e9glables pour la stabilit\u00e9 de l&rsquo;instrument et du stand<\/li>\n<li>Charge maximale : 50 kg<\/li>\n<\/ul>\n","protected":false},"excerpt":{"rendered":"<\/p>\n<p>Le<strong>Audibax Onyx 151,&nbsp;Audibax Onyx 151,&nbsp;<\/strong>est un support professionnel avec un design X-offset id\u00e9al pour tous les types de claviers.<\/p>\n<ul>\n<li>Support de clavier professionnel r\u00e9glable<\/li>\n<li>Hauteur r\u00e9glable : 70cm \u00e0 100cm<\/li>\n<li>Tube d&rsquo;acier carr\u00e9 \u00e0 haute r\u00e9sistance<\/li>\n<li>R\u00e9glage facile de la hauteur gr\u00e2ce au levier \u00e0 ressort et \u00e0 l&#8217;embrayage de verrouillage<\/li>\n<\/ul>\n<\/ul>\n<\/ul>\n","protected":false},"featured_media":17468,"comment_status":"open","ping_status":"closed","template":"","meta":{"_acf_changed":false},"product_cat":[443],"product_tag":[],"class_list":{"0":"post-36896","1":"product","2":"type-product","3":"status-publish","4":"has-post-thumbnail","6":"product_cat-pieds-de-piano","8":"first","9":"instock","10":"shipping-taxable","11":"product-type-simple"},"acf":[],"yoast_head":"<!-- This site is optimized with the Yoast SEO plugin v27.0 - https:\/\/yoast.com\/product\/yoast-seo-wordpress\/ -->\n<title>Onyx 151 Black - Audibax<\/title>\n<meta name=\"robots\" content=\"index, follow, max-snippet:-1, max-image-preview:large, max-video-preview:-1\" \/>\n<link rel=\"canonical\" href=\"https:\/\/audibax.com\/fr\/produit\/onyx-151-black-2\/\" \/>\n<meta property=\"og:locale\" content=\"fr_FR\" \/>\n<meta property=\"og:type\" content=\"article\" \/>\n<meta property=\"og:title\" content=\"Onyx 151 Black - Audibax\" \/>\n<meta property=\"og:description\" content=\"LeAudibax Onyx 151,&nbsp;Audibax Onyx 151,&nbsp;est un support professionnel avec un design X-offset id\u00e9al pour tous les types de claviers. Support de clavier professionnel r\u00e9glable Hauteur r\u00e9glable : 70cm \u00e0 100cm Tube d&#039;acier carr\u00e9 \u00e0 haute r\u00e9sistance R\u00e9glage facile de la hauteur gr\u00e2ce au levier \u00e0 ressort et \u00e0 l&#039;embrayage de verrouillage\" \/>\n<meta property=\"og:url\" content=\"https:\/\/audibax.com\/fr\/produit\/onyx-151-black-2\/\" \/>\n<meta property=\"og:site_name\" content=\"Audibax\" \/>\n<meta property=\"article:modified_time\" content=\"2023-12-27T11:01:42+00:00\" \/>\n<meta name=\"twitter:card\" content=\"summary_large_image\" \/>\n<script type=\"application\/ld+json\" class=\"yoast-schema-graph\">{\"@context\":\"https:\/\/schema.org\",\"@graph\":[{\"@type\":\"WebPage\",\"@id\":\"https:\/\/audibax.com\/fr\/produit\/onyx-151-black-2\/\",\"url\":\"https:\/\/audibax.com\/fr\/produit\/onyx-151-black-2\/\",\"name\":\"Onyx 151 Black - Audibax\",\"isPartOf\":{\"@id\":\"https:\/\/audibax.com\/fr\/#website\"},\"primaryImageOfPage\":{\"@id\":\"https:\/\/audibax.com\/fr\/produit\/onyx-151-black-2\/#primaryimage\"},\"image\":{\"@id\":\"https:\/\/audibax.com\/fr\/produit\/onyx-151-black-2\/#primaryimage\"},\"thumbnailUrl\":\"https:\/\/audibax.com\/wp-content\/uploads\/2023\/12\/audibax-onyx-150-soporte-teclado-profesional-escenario.jpg\",\"datePublished\":\"2023-12-11T14:08:01+00:00\",\"dateModified\":\"2023-12-27T11:01:42+00:00\",\"breadcrumb\":{\"@id\":\"https:\/\/audibax.com\/fr\/produit\/onyx-151-black-2\/#breadcrumb\"},\"inLanguage\":\"fr-FR\",\"potentialAction\":[{\"@type\":\"ReadAction\",\"target\":[\"https:\/\/audibax.com\/fr\/produit\/onyx-151-black-2\/\"]}]},{\"@type\":\"ImageObject\",\"inLanguage\":\"fr-FR\",\"@id\":\"https:\/\/audibax.com\/fr\/produit\/onyx-151-black-2\/#primaryimage\",\"url\":\"https:\/\/audibax.com\/wp-content\/uploads\/2023\/12\/audibax-onyx-150-soporte-teclado-profesional-escenario.jpg\",\"contentUrl\":\"https:\/\/audibax.com\/wp-content\/uploads\/2023\/12\/audibax-onyx-150-soporte-teclado-profesional-escenario.jpg\",\"width\":2046,\"height\":2500},{\"@type\":\"BreadcrumbList\",\"@id\":\"https:\/\/audibax.com\/fr\/produit\/onyx-151-black-2\/#breadcrumb\",\"itemListElement\":[{\"@type\":\"ListItem\",\"position\":1,\"name\":\"Portada\",\"item\":\"https:\/\/audibax.com\/fr\/\"},{\"@type\":\"ListItem\",\"position\":2,\"name\":\"Produits\",\"item\":\"https:\/\/audibax.com\/fr\/shop\/\"},{\"@type\":\"ListItem\",\"position\":3,\"name\":\"Onyx 151 Black\"}]},{\"@type\":\"WebSite\",\"@id\":\"https:\/\/audibax.com\/fr\/#website\",\"url\":\"https:\/\/audibax.com\/fr\/\",\"name\":\"Audibax\",\"description\":\"\",\"publisher\":{\"@id\":\"https:\/\/audibax.com\/fr\/#organization\"},\"potentialAction\":[{\"@type\":\"SearchAction\",\"target\":{\"@type\":\"EntryPoint\",\"urlTemplate\":\"https:\/\/audibax.com\/fr\/?s={search_term_string}\"},\"query-input\":{\"@type\":\"PropertyValueSpecification\",\"valueRequired\":true,\"valueName\":\"search_term_string\"}}],\"inLanguage\":\"fr-FR\"},{\"@type\":\"Organization\",\"@id\":\"https:\/\/audibax.com\/fr\/#organization\",\"name\":\"Audibax\",\"url\":\"https:\/\/audibax.com\/fr\/\",\"logo\":{\"@type\":\"ImageObject\",\"inLanguage\":\"fr-FR\",\"@id\":\"https:\/\/audibax.com\/fr\/#\/schema\/logo\/image\/\",\"url\":\"https:\/\/audibax.com\/wp-content\/uploads\/2023\/09\/logo-Audibax-BLANCO-SVG-1.svg\",\"contentUrl\":\"https:\/\/audibax.com\/wp-content\/uploads\/2023\/09\/logo-Audibax-BLANCO-SVG-1.svg\",\"caption\":\"Audibax\"},\"image\":{\"@id\":\"https:\/\/audibax.com\/fr\/#\/schema\/logo\/image\/\"}}]}<\/script>\n<!-- \/ Yoast SEO plugin. -->","yoast_head_json":{"title":"Onyx 151 Black - Audibax","robots":{"index":"index","follow":"follow","max-snippet":"max-snippet:-1","max-image-preview":"max-image-preview:large","max-video-preview":"max-video-preview:-1"},"canonical":"https:\/\/audibax.com\/fr\/produit\/onyx-151-black-2\/","og_locale":"fr_FR","og_type":"article","og_title":"Onyx 151 Black - Audibax","og_description":"LeAudibax Onyx 151,&nbsp;Audibax Onyx 151,&nbsp;est un support professionnel avec un design X-offset id\u00e9al pour tous les types de claviers. Support de clavier professionnel r\u00e9glable Hauteur r\u00e9glable : 70cm \u00e0 100cm Tube d'acier carr\u00e9 \u00e0 haute r\u00e9sistance R\u00e9glage facile de la hauteur gr\u00e2ce au levier \u00e0 ressort et \u00e0 l'embrayage de verrouillage","og_url":"https:\/\/audibax.com\/fr\/produit\/onyx-151-black-2\/","og_site_name":"Audibax","article_modified_time":"2023-12-27T11:01:42+00:00","twitter_card":"summary_large_image","schema":{"@context":"https:\/\/schema.org","@graph":[{"@type":"WebPage","@id":"https:\/\/audibax.com\/fr\/produit\/onyx-151-black-2\/","url":"https:\/\/audibax.com\/fr\/produit\/onyx-151-black-2\/","name":"Onyx 151 Black - Audibax","isPartOf":{"@id":"https:\/\/audibax.com\/fr\/#website"},"primaryImageOfPage":{"@id":"https:\/\/audibax.com\/fr\/produit\/onyx-151-black-2\/#primaryimage"},"image":{"@id":"https:\/\/audibax.com\/fr\/produit\/onyx-151-black-2\/#primaryimage"},"thumbnailUrl":"https:\/\/audibax.com\/wp-content\/uploads\/2023\/12\/audibax-onyx-150-soporte-teclado-profesional-escenario.jpg","datePublished":"2023-12-11T14:08:01+00:00","dateModified":"2023-12-27T11:01:42+00:00","breadcrumb":{"@id":"https:\/\/audibax.com\/fr\/produit\/onyx-151-black-2\/#breadcrumb"},"inLanguage":"fr-FR","potentialAction":[{"@type":"ReadAction","target":["https:\/\/audibax.com\/fr\/produit\/onyx-151-black-2\/"]}]},{"@type":"ImageObject","inLanguage":"fr-FR","@id":"https:\/\/audibax.com\/fr\/produit\/onyx-151-black-2\/#primaryimage","url":"https:\/\/audibax.com\/wp-content\/uploads\/2023\/12\/audibax-onyx-150-soporte-teclado-profesional-escenario.jpg","contentUrl":"https:\/\/audibax.com\/wp-content\/uploads\/2023\/12\/audibax-onyx-150-soporte-teclado-profesional-escenario.jpg","width":2046,"height":2500},{"@type":"BreadcrumbList","@id":"https:\/\/audibax.com\/fr\/produit\/onyx-151-black-2\/#breadcrumb","itemListElement":[{"@type":"ListItem","position":1,"name":"Portada","item":"https:\/\/audibax.com\/fr\/"},{"@type":"ListItem","position":2,"name":"Produits","item":"https:\/\/audibax.com\/fr\/shop\/"},{"@type":"ListItem","position":3,"name":"Onyx 151 Black"}]},{"@type":"WebSite","@id":"https:\/\/audibax.com\/fr\/#website","url":"https:\/\/audibax.com\/fr\/","name":"Audibax","description":"","publisher":{"@id":"https:\/\/audibax.com\/fr\/#organization"},"potentialAction":[{"@type":"SearchAction","target":{"@type":"EntryPoint","urlTemplate":"https:\/\/audibax.com\/fr\/?s={search_term_string}"},"query-input":{"@type":"PropertyValueSpecification","valueRequired":true,"valueName":"search_term_string"}}],"inLanguage":"fr-FR"},{"@type":"Organization","@id":"https:\/\/audibax.com\/fr\/#organization","name":"Audibax","url":"https:\/\/audibax.com\/fr\/","logo":{"@type":"ImageObject","inLanguage":"fr-FR","@id":"https:\/\/audibax.com\/fr\/#\/schema\/logo\/image\/","url":"https:\/\/audibax.com\/wp-content\/uploads\/2023\/09\/logo-Audibax-BLANCO-SVG-1.svg","contentUrl":"https:\/\/audibax.com\/wp-content\/uploads\/2023\/09\/logo-Audibax-BLANCO-SVG-1.svg","caption":"Audibax"},"image":{"@id":"https:\/\/audibax.com\/fr\/#\/schema\/logo\/image\/"}}]}},"_links":{"self":[{"href":"https:\/\/audibax.com\/fr\/wp-json\/wp\/v2\/product\/36896","targetHints":{"allow":["GET"]}}],"collection":[{"href":"https:\/\/audibax.com\/fr\/wp-json\/wp\/v2\/product"}],"about":[{"href":"https:\/\/audibax.com\/fr\/wp-json\/wp\/v2\/types\/product"}],"replies":[{"embeddable":true,"href":"https:\/\/audibax.com\/fr\/wp-json\/wp\/v2\/comments?post=36896"}],"wp:featuredmedia":[{"embeddable":true,"href":"https:\/\/audibax.com\/fr\/wp-json\/wp\/v2\/media\/17468"}],"wp:attachment":[{"href":"https:\/\/audibax.com\/fr\/wp-json\/wp\/v2\/media?parent=36896"}],"wp:term":[{"taxonomy":"product_cat","embeddable":true,"href":"https:\/\/audibax.com\/fr\/wp-json\/wp\/v2\/product_cat?post=36896"},{"taxonomy":"product_tag","embeddable":true,"href":"https:\/\/audibax.com\/fr\/wp-json\/wp\/v2\/product_tag?post=36896"}],"curies":[{"name":"wp","href":"https:\/\/api.w.org\/{rel}","templated":true}]}}