{"id":36890,"date":"2023-12-27T12:01:38","date_gmt":"2023-12-27T11:01:38","guid":{"rendered":"https:\/\/audibax.com\/product\/onyx-130-plus-white-2\/"},"modified":"2023-12-27T12:01:38","modified_gmt":"2023-12-27T11:01:38","slug":"onyx-130-plus-white-2","status":"publish","type":"product","link":"https:\/\/audibax.com\/fr\/produit\/onyx-130-plus-white-2\/","title":{"rendered":"Onyx 130 Plus White"},"content":{"rendered":"<p><La s\u00e9rie <strong>Onyx 130 Plus<\/strong> est con\u00e7ue pour tous ceux qui recherchent un <strong><em>support \u00e0 clavier double<\/strong> de qualit\u00e9. Gr\u00e2ce \u00e0 sa construction en acier rev\u00eatu de poudre, le support est con\u00e7u pour une utilisation continue et durable.<\/p>\n<p>&nbsp;<\/p>\n<h2>Caract\u00e9ristiques g\u00e9n\u00e9rales<\/h2>\n<\/p>\n<p>&nbsp;<\/p>\n<\/p>\n<p>Caract\u00e9ristiques g\u00e9n\u00e9rales<\/h2>\n<p>&nbsp;<\/p>\n<p>Caract\u00e9ristiques g\u00e9n\u00e9rales<\/h2>\n<p>. <\/p>\n<ul>\n<li>Onyx 130 Plus Series<\/li>\n<li>Support double pour clavier professionnel<\/li>\n<li>Mat\u00e9riau : Acier avec rev\u00eatement en poudre.<\/li>\n<li>Couleur : Blanc<\/li>\n<li>Verrouillage : Pince robuste rev\u00eatue de PVC.<\/li>\n<li>Pliage rapide<\/li>\n<\/ul>\n<h2>\n<\/p>\n<\/p>\n<\/p>\n<\/p>\n<h2>.Caract\u00e9ristiques techniques<\/h2>\n<ul>\n<li>Capacit\u00e9 de charge maximale 65 Kg<\/li>\n<li>Poids : 4,5 Kg<\/li>\n<li>Max. Hauteur : 97 cm<\/li>\n<li>Min. Hauteur : 17 cm<\/li>\n<li>Profondeur du support : 40cm<\/li>\n<\/ul>\n<p><p>&nbsp;<\/p>\n<p><img decoding=\"async\" alt=\"\" src=\"\/crm\/documents\/fckeditor\/image\/MRA\/stand-scissors-piano-clavier.png\" style=\"height:848px ; width:675px\" \/><\/p>\n<p>&nbsp;<\/p>\n<p><img decoding=\"async\" alt=\"\" src=\"\/crm\/documents\/fckeditor\/image\/MRA\/porte-ciseaux-pour-piano-clavier.png\" style=\"height:458px ; width:675px\" \/><\/p>\n<\/p>\n<p>&nbsp;<\/p>\n<p>.<\/p>\n","protected":false},"excerpt":{"rendered":"<ul>\n<li>Onyx 130 Plus Series<\/li>\n<li>Support de clavier double professionnel<\/li>\n<li>Mat\u00e9riau : Acier avec rev\u00eatement en poudre.<\/li>\n<li>Couleur : Blanc<\/li>\n<li>Verrouillage : Serrage robuste rev\u00eatu de PVC.<\/li>\n<li>Pliage rapide<\/li>\n<\/ul>\n<li>Pliage rapide<\/li>\n<\/ul>\n<li>Flexible et facile \u00e0 utiliser.<br \/>\n","protected":false},"featured_media":17456,"comment_status":"open","ping_status":"closed","template":"","meta":{"_acf_changed":false},"product_cat":[443,243],"product_tag":[],"class_list":{"0":"post-36890","1":"product","2":"type-product","3":"status-publish","4":"has-post-thumbnail","6":"product_cat-pieds-de-piano","7":"product_cat-uncategorized","9":"first","10":"instock","11":"shipping-taxable","12":"product-type-simple"},"acf":[],"yoast_head":"<!-- This site is optimized with the Yoast SEO plugin v27.0 - https:\/\/yoast.com\/product\/yoast-seo-wordpress\/ -->\n<title>Onyx 130 Plus White - Audibax<\/title>\n<meta name=\"robots\" content=\"index, follow, max-snippet:-1, max-image-preview:large, max-video-preview:-1\" \/>\n<link rel=\"canonical\" href=\"https:\/\/audibax.com\/fr\/produit\/onyx-130-plus-white-2\/\" \/>\n<meta property=\"og:locale\" content=\"fr_FR\" \/>\n<meta property=\"og:type\" content=\"article\" \/>\n<meta property=\"og:title\" content=\"Onyx 130 Plus White - Audibax\" \/>\n<meta property=\"og:description\" content=\"Onyx 130 Plus Series Support de clavier double professionnel Mat\u00e9riau : Acier avec rev\u00eatement en poudre. Couleur : Blanc Verrouillage : Serrage robuste rev\u00eatu de PVC. Pliage rapide Pliage rapide Flexible et facile \u00e0 utiliser.\" \/>\n<meta property=\"og:url\" content=\"https:\/\/audibax.com\/fr\/produit\/onyx-130-plus-white-2\/\" \/>\n<meta property=\"og:site_name\" content=\"Audibax\" \/>\n<meta name=\"twitter:card\" content=\"summary_large_image\" \/>\n<script type=\"application\/ld+json\" class=\"yoast-schema-graph\">{\"@context\":\"https:\/\/schema.org\",\"@graph\":[{\"@type\":\"WebPage\",\"@id\":\"https:\/\/audibax.com\/fr\/produit\/onyx-130-plus-white-2\/\",\"url\":\"https:\/\/audibax.com\/fr\/produit\/onyx-130-plus-white-2\/\",\"name\":\"Onyx 130 Plus White - Audibax\",\"isPartOf\":{\"@id\":\"https:\/\/audibax.com\/fr\/#website\"},\"primaryImageOfPage\":{\"@id\":\"https:\/\/audibax.com\/fr\/produit\/onyx-130-plus-white-2\/#primaryimage\"},\"image\":{\"@id\":\"https:\/\/audibax.com\/fr\/produit\/onyx-130-plus-white-2\/#primaryimage\"},\"thumbnailUrl\":\"https:\/\/audibax.com\/wp-content\/uploads\/2023\/12\/audibax-onyx-130-plus-white.jpg\",\"datePublished\":\"2023-12-27T11:01:38+00:00\",\"breadcrumb\":{\"@id\":\"https:\/\/audibax.com\/fr\/produit\/onyx-130-plus-white-2\/#breadcrumb\"},\"inLanguage\":\"fr-FR\",\"potentialAction\":[{\"@type\":\"ReadAction\",\"target\":[\"https:\/\/audibax.com\/fr\/produit\/onyx-130-plus-white-2\/\"]}]},{\"@type\":\"ImageObject\",\"inLanguage\":\"fr-FR\",\"@id\":\"https:\/\/audibax.com\/fr\/produit\/onyx-130-plus-white-2\/#primaryimage\",\"url\":\"https:\/\/audibax.com\/wp-content\/uploads\/2023\/12\/audibax-onyx-130-plus-white.jpg\",\"contentUrl\":\"https:\/\/audibax.com\/wp-content\/uploads\/2023\/12\/audibax-onyx-130-plus-white.jpg\",\"width\":1358,\"height\":1639},{\"@type\":\"BreadcrumbList\",\"@id\":\"https:\/\/audibax.com\/fr\/produit\/onyx-130-plus-white-2\/#breadcrumb\",\"itemListElement\":[{\"@type\":\"ListItem\",\"position\":1,\"name\":\"Portada\",\"item\":\"https:\/\/audibax.com\/fr\/\"},{\"@type\":\"ListItem\",\"position\":2,\"name\":\"Produits\",\"item\":\"https:\/\/audibax.com\/fr\/shop\/\"},{\"@type\":\"ListItem\",\"position\":3,\"name\":\"Onyx 130 Plus White\"}]},{\"@type\":\"WebSite\",\"@id\":\"https:\/\/audibax.com\/fr\/#website\",\"url\":\"https:\/\/audibax.com\/fr\/\",\"name\":\"Audibax\",\"description\":\"\",\"publisher\":{\"@id\":\"https:\/\/audibax.com\/fr\/#organization\"},\"potentialAction\":[{\"@type\":\"SearchAction\",\"target\":{\"@type\":\"EntryPoint\",\"urlTemplate\":\"https:\/\/audibax.com\/fr\/?s={search_term_string}\"},\"query-input\":{\"@type\":\"PropertyValueSpecification\",\"valueRequired\":true,\"valueName\":\"search_term_string\"}}],\"inLanguage\":\"fr-FR\"},{\"@type\":\"Organization\",\"@id\":\"https:\/\/audibax.com\/fr\/#organization\",\"name\":\"Audibax\",\"url\":\"https:\/\/audibax.com\/fr\/\",\"logo\":{\"@type\":\"ImageObject\",\"inLanguage\":\"fr-FR\",\"@id\":\"https:\/\/audibax.com\/fr\/#\/schema\/logo\/image\/\",\"url\":\"https:\/\/audibax.com\/wp-content\/uploads\/2023\/09\/logo-Audibax-BLANCO-SVG-1.svg\",\"contentUrl\":\"https:\/\/audibax.com\/wp-content\/uploads\/2023\/09\/logo-Audibax-BLANCO-SVG-1.svg\",\"caption\":\"Audibax\"},\"image\":{\"@id\":\"https:\/\/audibax.com\/fr\/#\/schema\/logo\/image\/\"}}]}<\/script>\n<!-- \/ Yoast SEO plugin. -->","yoast_head_json":{"title":"Onyx 130 Plus White - Audibax","robots":{"index":"index","follow":"follow","max-snippet":"max-snippet:-1","max-image-preview":"max-image-preview:large","max-video-preview":"max-video-preview:-1"},"canonical":"https:\/\/audibax.com\/fr\/produit\/onyx-130-plus-white-2\/","og_locale":"fr_FR","og_type":"article","og_title":"Onyx 130 Plus White - Audibax","og_description":"Onyx 130 Plus Series Support de clavier double professionnel Mat\u00e9riau : Acier avec rev\u00eatement en poudre. Couleur : Blanc Verrouillage : Serrage robuste rev\u00eatu de PVC. Pliage rapide Pliage rapide Flexible et facile \u00e0 utiliser.","og_url":"https:\/\/audibax.com\/fr\/produit\/onyx-130-plus-white-2\/","og_site_name":"Audibax","twitter_card":"summary_large_image","schema":{"@context":"https:\/\/schema.org","@graph":[{"@type":"WebPage","@id":"https:\/\/audibax.com\/fr\/produit\/onyx-130-plus-white-2\/","url":"https:\/\/audibax.com\/fr\/produit\/onyx-130-plus-white-2\/","name":"Onyx 130 Plus White - Audibax","isPartOf":{"@id":"https:\/\/audibax.com\/fr\/#website"},"primaryImageOfPage":{"@id":"https:\/\/audibax.com\/fr\/produit\/onyx-130-plus-white-2\/#primaryimage"},"image":{"@id":"https:\/\/audibax.com\/fr\/produit\/onyx-130-plus-white-2\/#primaryimage"},"thumbnailUrl":"https:\/\/audibax.com\/wp-content\/uploads\/2023\/12\/audibax-onyx-130-plus-white.jpg","datePublished":"2023-12-27T11:01:38+00:00","breadcrumb":{"@id":"https:\/\/audibax.com\/fr\/produit\/onyx-130-plus-white-2\/#breadcrumb"},"inLanguage":"fr-FR","potentialAction":[{"@type":"ReadAction","target":["https:\/\/audibax.com\/fr\/produit\/onyx-130-plus-white-2\/"]}]},{"@type":"ImageObject","inLanguage":"fr-FR","@id":"https:\/\/audibax.com\/fr\/produit\/onyx-130-plus-white-2\/#primaryimage","url":"https:\/\/audibax.com\/wp-content\/uploads\/2023\/12\/audibax-onyx-130-plus-white.jpg","contentUrl":"https:\/\/audibax.com\/wp-content\/uploads\/2023\/12\/audibax-onyx-130-plus-white.jpg","width":1358,"height":1639},{"@type":"BreadcrumbList","@id":"https:\/\/audibax.com\/fr\/produit\/onyx-130-plus-white-2\/#breadcrumb","itemListElement":[{"@type":"ListItem","position":1,"name":"Portada","item":"https:\/\/audibax.com\/fr\/"},{"@type":"ListItem","position":2,"name":"Produits","item":"https:\/\/audibax.com\/fr\/shop\/"},{"@type":"ListItem","position":3,"name":"Onyx 130 Plus White"}]},{"@type":"WebSite","@id":"https:\/\/audibax.com\/fr\/#website","url":"https:\/\/audibax.com\/fr\/","name":"Audibax","description":"","publisher":{"@id":"https:\/\/audibax.com\/fr\/#organization"},"potentialAction":[{"@type":"SearchAction","target":{"@type":"EntryPoint","urlTemplate":"https:\/\/audibax.com\/fr\/?s={search_term_string}"},"query-input":{"@type":"PropertyValueSpecification","valueRequired":true,"valueName":"search_term_string"}}],"inLanguage":"fr-FR"},{"@type":"Organization","@id":"https:\/\/audibax.com\/fr\/#organization","name":"Audibax","url":"https:\/\/audibax.com\/fr\/","logo":{"@type":"ImageObject","inLanguage":"fr-FR","@id":"https:\/\/audibax.com\/fr\/#\/schema\/logo\/image\/","url":"https:\/\/audibax.com\/wp-content\/uploads\/2023\/09\/logo-Audibax-BLANCO-SVG-1.svg","contentUrl":"https:\/\/audibax.com\/wp-content\/uploads\/2023\/09\/logo-Audibax-BLANCO-SVG-1.svg","caption":"Audibax"},"image":{"@id":"https:\/\/audibax.com\/fr\/#\/schema\/logo\/image\/"}}]}},"_links":{"self":[{"href":"https:\/\/audibax.com\/fr\/wp-json\/wp\/v2\/product\/36890","targetHints":{"allow":["GET"]}}],"collection":[{"href":"https:\/\/audibax.com\/fr\/wp-json\/wp\/v2\/product"}],"about":[{"href":"https:\/\/audibax.com\/fr\/wp-json\/wp\/v2\/types\/product"}],"replies":[{"embeddable":true,"href":"https:\/\/audibax.com\/fr\/wp-json\/wp\/v2\/comments?post=36890"}],"wp:featuredmedia":[{"embeddable":true,"href":"https:\/\/audibax.com\/fr\/wp-json\/wp\/v2\/media\/17456"}],"wp:attachment":[{"href":"https:\/\/audibax.com\/fr\/wp-json\/wp\/v2\/media?parent=36890"}],"wp:term":[{"taxonomy":"product_cat","embeddable":true,"href":"https:\/\/audibax.com\/fr\/wp-json\/wp\/v2\/product_cat?post=36890"},{"taxonomy":"product_tag","embeddable":true,"href":"https:\/\/audibax.com\/fr\/wp-json\/wp\/v2\/product_tag?post=36890"}],"curies":[{"name":"wp","href":"https:\/\/api.w.org\/{rel}","templated":true}]}}