{"id":36889,"date":"2023-12-11T13:55:35","date_gmt":"2023-12-11T12:55:35","guid":{"rendered":"https:\/\/audibax.com\/product\/kb150-black-2\/"},"modified":"2023-12-27T12:01:34","modified_gmt":"2023-12-27T11:01:34","slug":"kb150-black-2","status":"publish","type":"product","link":"https:\/\/audibax.com\/fr\/produit\/kb150-black-2\/","title":{"rendered":"KB150 Black"},"content":{"rendered":"<\/p>\n<p><strong>Audibax KB150 Banc pliant pour piano\/clavier<\/strong><\/p>\n<p>Audibax KB150 est le compagnon id\u00e9al si vous recherchez un banc de piano confortable et agr\u00e9able.<\/p>\n<p>Audibax KB150 est le compagnon id\u00e9al si vous cherchez un banc de piano confortable et agr\u00e9able, car il se caract\u00e9rise par un grand rembourrage qui vous permettra de l&rsquo;utiliser quotidiennement lors de vos cours de musique, de vos r\u00e9p\u00e9titions ou de vos concerts.<\/p>\n<p>Et ses pieds en forme de ciseaux vous permettent de le plier pour le transporter confortablement partout o\u00f9 vous allez ou pour le ranger facilement sans qu&rsquo;il ne prenne trop de place.<\/p>\n<p>Le tabouret KB150 est r\u00e9glable, c&rsquo;est-\u00e0-dire qu&rsquo;il dispose de plusieurs positions en hauteur pour que vous puissiez l&rsquo;adapter \u00e0 vos besoins.<\/p>\n<p>Ses pieds sont prot\u00e9g\u00e9s par des bases en caoutchouc r\u00e9sistantes, afin d&rsquo;\u00e9viter d&rsquo;\u00e9ventuelles glissades et rayures sur le sol et la qualit\u00e9 de ses mat\u00e9riaux en font un tabouret tr\u00e8s durable.<\/p>\n<h3>Sp\u00e9cifications:<\/h3>\n<ul>\n<li>Banc de piano r\u00e9glable et pliable<\/li>\n<li>Couleur : Noir<\/li>\n<li>Convient \u00e0 tout \u00e2ge<\/li>\n<li>Surface matelass\u00e9e tr\u00e8s confortable<\/li>\n<li>Finition en cuir synth\u00e9tique<\/li>\n<li>Cuir synth\u00e9tique tr\u00e8s r\u00e9sistant<\/li>\n<li>Finition en cuir synth\u00e9tique tr\u00e8s r\u00e9sistant<\/li>\n<li>Finition en cuir synth\u00e9tique tr\u00e8s r\u00e9sistant<\/li>\n<li>Finition en cuir synth\u00e9tique tr\u00e8s r\u00e9sistant<\/li>\n<li>Finition en cuir synth\u00e9tique tr\u00e8s r\u00e9sistant<\/li>\n<p>.<\/p>\n<li>Cuir synth\u00e9tique hautement r\u00e9sistant<\/li>\n<li>Facile \u00e0 nettoyer<\/li>\n<li>Pieds antid\u00e9rapants<\/li>\n<li>Dimensions :\n<ul style=\"list-style-type:disc\">\n<li>Hauteur maximale : 580mm<\/li>\n<li>Hauteur maximale : 490mm<\/li>\n<li>Largeur : 530mm<\/li>\n<li>Profondeur : 240mm<\/li>\n<\/ul>\n<\/li>\n<\/li>\n<\/ul>\n","protected":false},"excerpt":{"rendered":"<ul>\n<li>Banc de piano r\u00e9glable et pliable<\/li>\n<li>Couleur :\n<li>Cuir synth\u00e9tique tr\u00e8s r\u00e9sistant<\/li>\n<li>Facile \u00e0 nettoyer<\/li>\n<li>Pieds antid\u00e9rapants<\/li>\n<\/ul>\n<\/ul>\n<li>Rapide et facile \u00e0 nettoyer<\/li>\n<li>Les pieds sont antid\u00e9rapants<\/li>\n<\/ul>\n<\/ul>\n<li>Rapide \u00e0 nettoyer.<br \/>\n","protected":false},"featured_media":16625,"comment_status":"open","ping_status":"closed","template":"","meta":{"_acf_changed":false},"product_cat":[441],"product_tag":[],"class_list":{"0":"post-36889","1":"product","2":"type-product","3":"status-publish","4":"has-post-thumbnail","6":"product_cat-banc-de-piano","8":"first","9":"instock","10":"shipping-taxable","11":"product-type-simple"},"acf":[],"yoast_head":"<!-- This site is optimized with the Yoast SEO plugin v27.0 - https:\/\/yoast.com\/product\/yoast-seo-wordpress\/ -->\n<title>KB150 Black - Audibax<\/title>\n<meta name=\"robots\" content=\"index, follow, max-snippet:-1, max-image-preview:large, max-video-preview:-1\" \/>\n<link rel=\"canonical\" href=\"https:\/\/audibax.com\/fr\/produit\/kb150-black-2\/\" \/>\n<meta property=\"og:locale\" content=\"fr_FR\" \/>\n<meta property=\"og:type\" content=\"article\" \/>\n<meta property=\"og:title\" content=\"KB150 Black - Audibax\" \/>\n<meta property=\"og:description\" content=\"Banc de piano r\u00e9glable et pliable Couleur : Cuir synth\u00e9tique tr\u00e8s r\u00e9sistant Facile \u00e0 nettoyer Pieds antid\u00e9rapants  Rapide et facile \u00e0 nettoyer Les pieds sont antid\u00e9rapants  Rapide \u00e0 nettoyer.\" \/>\n<meta property=\"og:url\" content=\"https:\/\/audibax.com\/fr\/produit\/kb150-black-2\/\" \/>\n<meta property=\"og:site_name\" content=\"Audibax\" \/>\n<meta property=\"article:modified_time\" content=\"2023-12-27T11:01:34+00:00\" \/>\n<meta name=\"twitter:card\" content=\"summary_large_image\" \/>\n<meta name=\"twitter:label1\" content=\"Dur\u00e9e de lecture estim\u00e9e\" \/>\n\t<meta name=\"twitter:data1\" content=\"1 minute\" \/>\n<script type=\"application\/ld+json\" class=\"yoast-schema-graph\">{\"@context\":\"https:\/\/schema.org\",\"@graph\":[{\"@type\":\"WebPage\",\"@id\":\"https:\/\/audibax.com\/fr\/produit\/kb150-black-2\/\",\"url\":\"https:\/\/audibax.com\/fr\/produit\/kb150-black-2\/\",\"name\":\"KB150 Black - Audibax\",\"isPartOf\":{\"@id\":\"https:\/\/audibax.com\/fr\/#website\"},\"primaryImageOfPage\":{\"@id\":\"https:\/\/audibax.com\/fr\/produit\/kb150-black-2\/#primaryimage\"},\"image\":{\"@id\":\"https:\/\/audibax.com\/fr\/produit\/kb150-black-2\/#primaryimage\"},\"thumbnailUrl\":\"https:\/\/audibax.com\/wp-content\/uploads\/2023\/12\/audibax_KB150_banco_piano_acolchado_oferta.jpg\",\"datePublished\":\"2023-12-11T12:55:35+00:00\",\"dateModified\":\"2023-12-27T11:01:34+00:00\",\"breadcrumb\":{\"@id\":\"https:\/\/audibax.com\/fr\/produit\/kb150-black-2\/#breadcrumb\"},\"inLanguage\":\"fr-FR\",\"potentialAction\":[{\"@type\":\"ReadAction\",\"target\":[\"https:\/\/audibax.com\/fr\/produit\/kb150-black-2\/\"]}]},{\"@type\":\"ImageObject\",\"inLanguage\":\"fr-FR\",\"@id\":\"https:\/\/audibax.com\/fr\/produit\/kb150-black-2\/#primaryimage\",\"url\":\"https:\/\/audibax.com\/wp-content\/uploads\/2023\/12\/audibax_KB150_banco_piano_acolchado_oferta.jpg\",\"contentUrl\":\"https:\/\/audibax.com\/wp-content\/uploads\/2023\/12\/audibax_KB150_banco_piano_acolchado_oferta.jpg\",\"width\":1458,\"height\":1500},{\"@type\":\"BreadcrumbList\",\"@id\":\"https:\/\/audibax.com\/fr\/produit\/kb150-black-2\/#breadcrumb\",\"itemListElement\":[{\"@type\":\"ListItem\",\"position\":1,\"name\":\"Portada\",\"item\":\"https:\/\/audibax.com\/fr\/\"},{\"@type\":\"ListItem\",\"position\":2,\"name\":\"Produits\",\"item\":\"https:\/\/audibax.com\/fr\/shop\/\"},{\"@type\":\"ListItem\",\"position\":3,\"name\":\"KB150 Black\"}]},{\"@type\":\"WebSite\",\"@id\":\"https:\/\/audibax.com\/fr\/#website\",\"url\":\"https:\/\/audibax.com\/fr\/\",\"name\":\"Audibax\",\"description\":\"\",\"publisher\":{\"@id\":\"https:\/\/audibax.com\/fr\/#organization\"},\"potentialAction\":[{\"@type\":\"SearchAction\",\"target\":{\"@type\":\"EntryPoint\",\"urlTemplate\":\"https:\/\/audibax.com\/fr\/?s={search_term_string}\"},\"query-input\":{\"@type\":\"PropertyValueSpecification\",\"valueRequired\":true,\"valueName\":\"search_term_string\"}}],\"inLanguage\":\"fr-FR\"},{\"@type\":\"Organization\",\"@id\":\"https:\/\/audibax.com\/fr\/#organization\",\"name\":\"Audibax\",\"url\":\"https:\/\/audibax.com\/fr\/\",\"logo\":{\"@type\":\"ImageObject\",\"inLanguage\":\"fr-FR\",\"@id\":\"https:\/\/audibax.com\/fr\/#\/schema\/logo\/image\/\",\"url\":\"https:\/\/audibax.com\/wp-content\/uploads\/2023\/09\/logo-Audibax-BLANCO-SVG-1.svg\",\"contentUrl\":\"https:\/\/audibax.com\/wp-content\/uploads\/2023\/09\/logo-Audibax-BLANCO-SVG-1.svg\",\"caption\":\"Audibax\"},\"image\":{\"@id\":\"https:\/\/audibax.com\/fr\/#\/schema\/logo\/image\/\"}}]}<\/script>\n<!-- \/ Yoast SEO plugin. -->","yoast_head_json":{"title":"KB150 Black - Audibax","robots":{"index":"index","follow":"follow","max-snippet":"max-snippet:-1","max-image-preview":"max-image-preview:large","max-video-preview":"max-video-preview:-1"},"canonical":"https:\/\/audibax.com\/fr\/produit\/kb150-black-2\/","og_locale":"fr_FR","og_type":"article","og_title":"KB150 Black - Audibax","og_description":"Banc de piano r\u00e9glable et pliable Couleur : Cuir synth\u00e9tique tr\u00e8s r\u00e9sistant Facile \u00e0 nettoyer Pieds antid\u00e9rapants  Rapide et facile \u00e0 nettoyer Les pieds sont antid\u00e9rapants  Rapide \u00e0 nettoyer.","og_url":"https:\/\/audibax.com\/fr\/produit\/kb150-black-2\/","og_site_name":"Audibax","article_modified_time":"2023-12-27T11:01:34+00:00","twitter_card":"summary_large_image","twitter_misc":{"Dur\u00e9e de lecture estim\u00e9e":"1 minute"},"schema":{"@context":"https:\/\/schema.org","@graph":[{"@type":"WebPage","@id":"https:\/\/audibax.com\/fr\/produit\/kb150-black-2\/","url":"https:\/\/audibax.com\/fr\/produit\/kb150-black-2\/","name":"KB150 Black - Audibax","isPartOf":{"@id":"https:\/\/audibax.com\/fr\/#website"},"primaryImageOfPage":{"@id":"https:\/\/audibax.com\/fr\/produit\/kb150-black-2\/#primaryimage"},"image":{"@id":"https:\/\/audibax.com\/fr\/produit\/kb150-black-2\/#primaryimage"},"thumbnailUrl":"https:\/\/audibax.com\/wp-content\/uploads\/2023\/12\/audibax_KB150_banco_piano_acolchado_oferta.jpg","datePublished":"2023-12-11T12:55:35+00:00","dateModified":"2023-12-27T11:01:34+00:00","breadcrumb":{"@id":"https:\/\/audibax.com\/fr\/produit\/kb150-black-2\/#breadcrumb"},"inLanguage":"fr-FR","potentialAction":[{"@type":"ReadAction","target":["https:\/\/audibax.com\/fr\/produit\/kb150-black-2\/"]}]},{"@type":"ImageObject","inLanguage":"fr-FR","@id":"https:\/\/audibax.com\/fr\/produit\/kb150-black-2\/#primaryimage","url":"https:\/\/audibax.com\/wp-content\/uploads\/2023\/12\/audibax_KB150_banco_piano_acolchado_oferta.jpg","contentUrl":"https:\/\/audibax.com\/wp-content\/uploads\/2023\/12\/audibax_KB150_banco_piano_acolchado_oferta.jpg","width":1458,"height":1500},{"@type":"BreadcrumbList","@id":"https:\/\/audibax.com\/fr\/produit\/kb150-black-2\/#breadcrumb","itemListElement":[{"@type":"ListItem","position":1,"name":"Portada","item":"https:\/\/audibax.com\/fr\/"},{"@type":"ListItem","position":2,"name":"Produits","item":"https:\/\/audibax.com\/fr\/shop\/"},{"@type":"ListItem","position":3,"name":"KB150 Black"}]},{"@type":"WebSite","@id":"https:\/\/audibax.com\/fr\/#website","url":"https:\/\/audibax.com\/fr\/","name":"Audibax","description":"","publisher":{"@id":"https:\/\/audibax.com\/fr\/#organization"},"potentialAction":[{"@type":"SearchAction","target":{"@type":"EntryPoint","urlTemplate":"https:\/\/audibax.com\/fr\/?s={search_term_string}"},"query-input":{"@type":"PropertyValueSpecification","valueRequired":true,"valueName":"search_term_string"}}],"inLanguage":"fr-FR"},{"@type":"Organization","@id":"https:\/\/audibax.com\/fr\/#organization","name":"Audibax","url":"https:\/\/audibax.com\/fr\/","logo":{"@type":"ImageObject","inLanguage":"fr-FR","@id":"https:\/\/audibax.com\/fr\/#\/schema\/logo\/image\/","url":"https:\/\/audibax.com\/wp-content\/uploads\/2023\/09\/logo-Audibax-BLANCO-SVG-1.svg","contentUrl":"https:\/\/audibax.com\/wp-content\/uploads\/2023\/09\/logo-Audibax-BLANCO-SVG-1.svg","caption":"Audibax"},"image":{"@id":"https:\/\/audibax.com\/fr\/#\/schema\/logo\/image\/"}}]}},"_links":{"self":[{"href":"https:\/\/audibax.com\/fr\/wp-json\/wp\/v2\/product\/36889","targetHints":{"allow":["GET"]}}],"collection":[{"href":"https:\/\/audibax.com\/fr\/wp-json\/wp\/v2\/product"}],"about":[{"href":"https:\/\/audibax.com\/fr\/wp-json\/wp\/v2\/types\/product"}],"replies":[{"embeddable":true,"href":"https:\/\/audibax.com\/fr\/wp-json\/wp\/v2\/comments?post=36889"}],"wp:featuredmedia":[{"embeddable":true,"href":"https:\/\/audibax.com\/fr\/wp-json\/wp\/v2\/media\/16625"}],"wp:attachment":[{"href":"https:\/\/audibax.com\/fr\/wp-json\/wp\/v2\/media?parent=36889"}],"wp:term":[{"taxonomy":"product_cat","embeddable":true,"href":"https:\/\/audibax.com\/fr\/wp-json\/wp\/v2\/product_cat?post=36889"},{"taxonomy":"product_tag","embeddable":true,"href":"https:\/\/audibax.com\/fr\/wp-json\/wp\/v2\/product_tag?post=36889"}],"curies":[{"name":"wp","href":"https:\/\/api.w.org\/{rel}","templated":true}]}}