{"id":36887,"date":"2023-12-27T12:01:33","date_gmt":"2023-12-27T11:01:33","guid":{"rendered":"https:\/\/audibax.com\/product\/kb600-oak-2\/"},"modified":"2023-12-27T12:01:33","modified_gmt":"2023-12-27T11:01:33","slug":"kb600-oak-2","status":"publish","type":"product","link":"https:\/\/audibax.com\/fr\/produit\/kb600-oak-2\/","title":{"rendered":"KB600 Oak"},"content":{"rendered":"<\/p>\n<p><strong>Audibax KB600 Ch\u00eane Banc de piano r\u00e9glable Clavier r\u00e9glable. Rembourr\u00e9. Oak<\/strong><\/strong><\/p>\n<p>Audibax KB600 Oak est le choix id\u00e9al si vous recherchez un banc de piano de haute qualit\u00e9, soit pour un usage quotidien, soit pour vos concerts, le\u00e7ons de musique, pratiques, etc.<\/p>\n<p>Son design est classique, simple et \u00e9l\u00e9gant. Il est fabriqu\u00e9 en bois avec une finition mate. Son assise est rembourr\u00e9e et rev\u00eatue de velours tr\u00e8s doux, ce qui la rend id\u00e9ale pour un usage quotidien, offrant un grand confort et une grande commodit\u00e9. C&rsquo;est l&rsquo;option la plus appropri\u00e9e pour de longues heures de pratique du piano ou du clavier !<\/p>\n<p>L&rsquo;Audibax KB600 Oak est tr\u00e8s robuste gr\u00e2ce \u00e0 la qualit\u00e9 de ses mat\u00e9riaux, ce qui assure une longue dur\u00e9e de vie au tabouret. En outre, il dispose d&rsquo;un m\u00e9canisme de r\u00e9glage de la hauteur qui garantit un grand confort et en fait un produit adapt\u00e9 \u00e0 presque tous les pianos et claviers et \u00e0 tous les \u00e2ges.<\/p>\n<p>Les pieds en bois sont tr\u00e8s robustes et sont finis avec du caoutchouc antid\u00e9rapant pour assurer une plus grande stabilit\u00e9 et \u00e9viter d&rsquo;\u00e9ventuelles rayures sur le sol.<\/p>\n<h3>Sp\u00e9cifications&nbsp;Audibax KB600 Oak:<\/h3>\n<ul>\n<li>Couleur : Ch\u00eane<\/li>\n<li>Finition : Mat<\/li>\n<li>Mat\u00e9riau du banc : Bois<\/li>\n<li>Mat\u00e9riau des pieds : Bois<\/li>\n<li>Mat\u00e9riau du si\u00e8ge : Velours noir<\/li>\n<li>R\u00e9glable en hauteur gr\u00e2ce aux roulettes situ\u00e9es sur les c\u00f4t\u00e9s\n<ul style=\"list-style-type:disc\">\n<li>Hauteur minimale : 47.5cm<\/li>\n<li>Hauteur maximale : 56.5cm<\/li>\n<\/ul>\n<\/li>\n<li>Les dimensions du banc sont :\n<ul style=\"list-style-type:disc\">\n<li>Hauteur : 56.5cm (hauteur maximale)<\/li>\n<li>Largeur : 55.5cm<\/li>\n<li>Profondeur : 33.5cm<\/li>\n<\/ul>\n<\/ul>\n<\/li>\n<li>Poids : 9Kg<\/li>\n<\/ul>\n<\/ul>\n","protected":false},"excerpt":{"rendered":"<ul>\n<li>Couleur : Ch\u00eane<\/li>\n<li>Finition : Mat<\/li>\n<li>Mat\u00e9riau du banc : Bois<\/li>\n<li>Mat\u00e9riau des pieds : Bois<\/li>\n<li>Mat\u00e9riau du si\u00e8ge : Velours noir<\/li>\n<\/ul>\n<\/ul>\n","protected":false},"featured_media":16634,"comment_status":"open","ping_status":"closed","template":"","meta":{"_acf_changed":false},"product_cat":[441,243],"product_tag":[],"class_list":{"0":"post-36887","1":"product","2":"type-product","3":"status-publish","4":"has-post-thumbnail","6":"product_cat-banc-de-piano","7":"product_cat-uncategorized","9":"first","10":"instock","11":"shipping-taxable","12":"product-type-simple"},"acf":[],"yoast_head":"<!-- This site is optimized with the Yoast SEO plugin v27.0 - https:\/\/yoast.com\/product\/yoast-seo-wordpress\/ -->\n<title>KB600 Oak - Audibax<\/title>\n<meta name=\"robots\" content=\"index, follow, max-snippet:-1, max-image-preview:large, max-video-preview:-1\" \/>\n<link rel=\"canonical\" href=\"https:\/\/audibax.com\/fr\/produit\/kb600-oak-2\/\" \/>\n<meta property=\"og:locale\" content=\"fr_FR\" \/>\n<meta property=\"og:type\" content=\"article\" \/>\n<meta property=\"og:title\" content=\"KB600 Oak - Audibax\" \/>\n<meta property=\"og:description\" content=\"Couleur : Ch\u00eane Finition : Mat Mat\u00e9riau du banc : Bois Mat\u00e9riau des pieds : Bois Mat\u00e9riau du si\u00e8ge : Velours noir\" \/>\n<meta property=\"og:url\" content=\"https:\/\/audibax.com\/fr\/produit\/kb600-oak-2\/\" \/>\n<meta property=\"og:site_name\" content=\"Audibax\" \/>\n<meta name=\"twitter:card\" content=\"summary_large_image\" \/>\n<meta name=\"twitter:label1\" content=\"Dur\u00e9e de lecture estim\u00e9e\" \/>\n\t<meta name=\"twitter:data1\" content=\"1 minute\" \/>\n<script type=\"application\/ld+json\" class=\"yoast-schema-graph\">{\"@context\":\"https:\/\/schema.org\",\"@graph\":[{\"@type\":\"WebPage\",\"@id\":\"https:\/\/audibax.com\/fr\/produit\/kb600-oak-2\/\",\"url\":\"https:\/\/audibax.com\/fr\/produit\/kb600-oak-2\/\",\"name\":\"KB600 Oak - Audibax\",\"isPartOf\":{\"@id\":\"https:\/\/audibax.com\/fr\/#website\"},\"primaryImageOfPage\":{\"@id\":\"https:\/\/audibax.com\/fr\/produit\/kb600-oak-2\/#primaryimage\"},\"image\":{\"@id\":\"https:\/\/audibax.com\/fr\/produit\/kb600-oak-2\/#primaryimage\"},\"thumbnailUrl\":\"https:\/\/audibax.com\/wp-content\/uploads\/2023\/12\/audibax_kb600oak_banco_piano_ajustable_comprar.jpg\",\"datePublished\":\"2023-12-27T11:01:33+00:00\",\"breadcrumb\":{\"@id\":\"https:\/\/audibax.com\/fr\/produit\/kb600-oak-2\/#breadcrumb\"},\"inLanguage\":\"fr-FR\",\"potentialAction\":[{\"@type\":\"ReadAction\",\"target\":[\"https:\/\/audibax.com\/fr\/produit\/kb600-oak-2\/\"]}]},{\"@type\":\"ImageObject\",\"inLanguage\":\"fr-FR\",\"@id\":\"https:\/\/audibax.com\/fr\/produit\/kb600-oak-2\/#primaryimage\",\"url\":\"https:\/\/audibax.com\/wp-content\/uploads\/2023\/12\/audibax_kb600oak_banco_piano_ajustable_comprar.jpg\",\"contentUrl\":\"https:\/\/audibax.com\/wp-content\/uploads\/2023\/12\/audibax_kb600oak_banco_piano_ajustable_comprar.jpg\",\"width\":1500,\"height\":1497},{\"@type\":\"BreadcrumbList\",\"@id\":\"https:\/\/audibax.com\/fr\/produit\/kb600-oak-2\/#breadcrumb\",\"itemListElement\":[{\"@type\":\"ListItem\",\"position\":1,\"name\":\"Portada\",\"item\":\"https:\/\/audibax.com\/fr\/\"},{\"@type\":\"ListItem\",\"position\":2,\"name\":\"Produits\",\"item\":\"https:\/\/audibax.com\/fr\/shop\/\"},{\"@type\":\"ListItem\",\"position\":3,\"name\":\"KB600 Oak\"}]},{\"@type\":\"WebSite\",\"@id\":\"https:\/\/audibax.com\/fr\/#website\",\"url\":\"https:\/\/audibax.com\/fr\/\",\"name\":\"Audibax\",\"description\":\"\",\"publisher\":{\"@id\":\"https:\/\/audibax.com\/fr\/#organization\"},\"potentialAction\":[{\"@type\":\"SearchAction\",\"target\":{\"@type\":\"EntryPoint\",\"urlTemplate\":\"https:\/\/audibax.com\/fr\/?s={search_term_string}\"},\"query-input\":{\"@type\":\"PropertyValueSpecification\",\"valueRequired\":true,\"valueName\":\"search_term_string\"}}],\"inLanguage\":\"fr-FR\"},{\"@type\":\"Organization\",\"@id\":\"https:\/\/audibax.com\/fr\/#organization\",\"name\":\"Audibax\",\"url\":\"https:\/\/audibax.com\/fr\/\",\"logo\":{\"@type\":\"ImageObject\",\"inLanguage\":\"fr-FR\",\"@id\":\"https:\/\/audibax.com\/fr\/#\/schema\/logo\/image\/\",\"url\":\"https:\/\/audibax.com\/wp-content\/uploads\/2023\/09\/logo-Audibax-BLANCO-SVG-1.svg\",\"contentUrl\":\"https:\/\/audibax.com\/wp-content\/uploads\/2023\/09\/logo-Audibax-BLANCO-SVG-1.svg\",\"caption\":\"Audibax\"},\"image\":{\"@id\":\"https:\/\/audibax.com\/fr\/#\/schema\/logo\/image\/\"}}]}<\/script>\n<!-- \/ Yoast SEO plugin. -->","yoast_head_json":{"title":"KB600 Oak - Audibax","robots":{"index":"index","follow":"follow","max-snippet":"max-snippet:-1","max-image-preview":"max-image-preview:large","max-video-preview":"max-video-preview:-1"},"canonical":"https:\/\/audibax.com\/fr\/produit\/kb600-oak-2\/","og_locale":"fr_FR","og_type":"article","og_title":"KB600 Oak - Audibax","og_description":"Couleur : Ch\u00eane Finition : Mat Mat\u00e9riau du banc : Bois Mat\u00e9riau des pieds : Bois Mat\u00e9riau du si\u00e8ge : Velours noir","og_url":"https:\/\/audibax.com\/fr\/produit\/kb600-oak-2\/","og_site_name":"Audibax","twitter_card":"summary_large_image","twitter_misc":{"Dur\u00e9e de lecture estim\u00e9e":"1 minute"},"schema":{"@context":"https:\/\/schema.org","@graph":[{"@type":"WebPage","@id":"https:\/\/audibax.com\/fr\/produit\/kb600-oak-2\/","url":"https:\/\/audibax.com\/fr\/produit\/kb600-oak-2\/","name":"KB600 Oak - Audibax","isPartOf":{"@id":"https:\/\/audibax.com\/fr\/#website"},"primaryImageOfPage":{"@id":"https:\/\/audibax.com\/fr\/produit\/kb600-oak-2\/#primaryimage"},"image":{"@id":"https:\/\/audibax.com\/fr\/produit\/kb600-oak-2\/#primaryimage"},"thumbnailUrl":"https:\/\/audibax.com\/wp-content\/uploads\/2023\/12\/audibax_kb600oak_banco_piano_ajustable_comprar.jpg","datePublished":"2023-12-27T11:01:33+00:00","breadcrumb":{"@id":"https:\/\/audibax.com\/fr\/produit\/kb600-oak-2\/#breadcrumb"},"inLanguage":"fr-FR","potentialAction":[{"@type":"ReadAction","target":["https:\/\/audibax.com\/fr\/produit\/kb600-oak-2\/"]}]},{"@type":"ImageObject","inLanguage":"fr-FR","@id":"https:\/\/audibax.com\/fr\/produit\/kb600-oak-2\/#primaryimage","url":"https:\/\/audibax.com\/wp-content\/uploads\/2023\/12\/audibax_kb600oak_banco_piano_ajustable_comprar.jpg","contentUrl":"https:\/\/audibax.com\/wp-content\/uploads\/2023\/12\/audibax_kb600oak_banco_piano_ajustable_comprar.jpg","width":1500,"height":1497},{"@type":"BreadcrumbList","@id":"https:\/\/audibax.com\/fr\/produit\/kb600-oak-2\/#breadcrumb","itemListElement":[{"@type":"ListItem","position":1,"name":"Portada","item":"https:\/\/audibax.com\/fr\/"},{"@type":"ListItem","position":2,"name":"Produits","item":"https:\/\/audibax.com\/fr\/shop\/"},{"@type":"ListItem","position":3,"name":"KB600 Oak"}]},{"@type":"WebSite","@id":"https:\/\/audibax.com\/fr\/#website","url":"https:\/\/audibax.com\/fr\/","name":"Audibax","description":"","publisher":{"@id":"https:\/\/audibax.com\/fr\/#organization"},"potentialAction":[{"@type":"SearchAction","target":{"@type":"EntryPoint","urlTemplate":"https:\/\/audibax.com\/fr\/?s={search_term_string}"},"query-input":{"@type":"PropertyValueSpecification","valueRequired":true,"valueName":"search_term_string"}}],"inLanguage":"fr-FR"},{"@type":"Organization","@id":"https:\/\/audibax.com\/fr\/#organization","name":"Audibax","url":"https:\/\/audibax.com\/fr\/","logo":{"@type":"ImageObject","inLanguage":"fr-FR","@id":"https:\/\/audibax.com\/fr\/#\/schema\/logo\/image\/","url":"https:\/\/audibax.com\/wp-content\/uploads\/2023\/09\/logo-Audibax-BLANCO-SVG-1.svg","contentUrl":"https:\/\/audibax.com\/wp-content\/uploads\/2023\/09\/logo-Audibax-BLANCO-SVG-1.svg","caption":"Audibax"},"image":{"@id":"https:\/\/audibax.com\/fr\/#\/schema\/logo\/image\/"}}]}},"_links":{"self":[{"href":"https:\/\/audibax.com\/fr\/wp-json\/wp\/v2\/product\/36887","targetHints":{"allow":["GET"]}}],"collection":[{"href":"https:\/\/audibax.com\/fr\/wp-json\/wp\/v2\/product"}],"about":[{"href":"https:\/\/audibax.com\/fr\/wp-json\/wp\/v2\/types\/product"}],"replies":[{"embeddable":true,"href":"https:\/\/audibax.com\/fr\/wp-json\/wp\/v2\/comments?post=36887"}],"wp:featuredmedia":[{"embeddable":true,"href":"https:\/\/audibax.com\/fr\/wp-json\/wp\/v2\/media\/16634"}],"wp:attachment":[{"href":"https:\/\/audibax.com\/fr\/wp-json\/wp\/v2\/media?parent=36887"}],"wp:term":[{"taxonomy":"product_cat","embeddable":true,"href":"https:\/\/audibax.com\/fr\/wp-json\/wp\/v2\/product_cat?post=36887"},{"taxonomy":"product_tag","embeddable":true,"href":"https:\/\/audibax.com\/fr\/wp-json\/wp\/v2\/product_tag?post=36887"}],"curies":[{"name":"wp","href":"https:\/\/api.w.org\/{rel}","templated":true}]}}