{"id":36884,"date":"2023-12-27T12:01:28","date_gmt":"2023-12-27T11:01:28","guid":{"rendered":"https:\/\/audibax.com\/product\/kb500-rosewood-2\/"},"modified":"2023-12-27T12:01:28","modified_gmt":"2023-12-27T11:01:28","slug":"kb500-rosewood-2","status":"publish","type":"product","link":"https:\/\/audibax.com\/fr\/produit\/kb500-rosewood-2\/","title":{"rendered":"KB500 Rosewood"},"content":{"rendered":"<\/p>\n<p><strong>Audibax KB500RW Banc de piano \/ clavier Hauteur r\u00e9glable rembourr\u00e9. Rosewood<\/strong><\/strong><\/p>\n<p>L&rsquo;\u00e9l\u00e9gant banc de piano Audibax KB500RW constitue le choix id\u00e9al de banc de piano ou de clavier en raison de ses nombreuses caract\u00e9ristiques et surtout de sa haute qualit\u00e9 et de son prix abordable. La grande caract\u00e9ristique de ce banc est le m\u00e9canisme de levage \u00e0 vis int\u00e9gr\u00e9 qui est utilis\u00e9 pour r\u00e9gler la hauteur du banc et qui en fait un produit adapt\u00e9 \u00e0 presque tous les pianos et claviers et \u00e0 tous les \u00e2ges.<\/p>\n<p>Le KB500RW&nbsp;est \u00e9quip\u00e9 de pieds tr\u00e8s robustes avec une base antid\u00e9rapante rev\u00eatue de caoutchouc qui emp\u00eache de glisser et d&rsquo;endommager le sol et offre une bonne stabilit\u00e9. Le mat\u00e9riau utilis\u00e9 pour la fabrication du banc est le bois massif et se caract\u00e9rise par une grande durabilit\u00e9, ce qui assure une longue dur\u00e9e de vie au produit.<\/p>\n<p>Le si\u00e8ge est constitu\u00e9 d&rsquo;un coussin tr\u00e8s confortable, doux et rembourr\u00e9 en mousse qui offre un grand confort et une grande commodit\u00e9 et constitue l&rsquo;option la plus appropri\u00e9e pour de longues heures de pratique du piano ou du clavier. Il est recouvert d&rsquo;une \u00e9paisse housse en cuir synth\u00e9tique rembourr\u00e9, facile \u00e0 nettoyer et \u00e0 entretenir.<\/p>\n<p>La base des pieds est antid\u00e9rapante car elle est recouverte d&rsquo;un protecteur en caoutchouc qui emp\u00eache de glisser et d&rsquo;endommager le sol et assure une grande stabilit\u00e9 au stand. Les pieds sont tr\u00e8s robustes et sont boulonn\u00e9s au cadre du si\u00e8ge.<\/p>\n<p>Dans l&rsquo;ensemble, le design du KB500RW est classique, simple et tr\u00e8s \u00e9l\u00e9gant. En outre, le banc de piano est facile \u00e0 assembler en quelques minutes et les outils n\u00e9cessaires ainsi que les instructions sur le montage du banc sont inclus dans le paquet.<\/p>\n<p>Ce banc de piano est id\u00e9al pour les concerts, les le\u00e7ons de musique, la pratique quotidienne, etc. et est particuli\u00e8rement utile dans la salle de classe, et est particuli\u00e8rement utile pour un usage quotidien, convenant \u00e0 tout piano\/clavier et \u00e0 tout pianiste\/clavi\u00e9riste.<\/p>\n<h3>Sp\u00e9cifications<\/h3>\n<ul>\n<li>Couleur : Bois de rose<\/li>\n<li>Mat\u00e9riau du banc : Bois massif<\/li>\n<li>Mat\u00e9riau des pieds : Bois verni<\/li>\n<li>Mat\u00e9riau du si\u00e8ge : Cuir synth\u00e9tique avec rembourrage en mousse<\/li>\n<li>Hauteur r\u00e9glable avec roulettes sur les c\u00f4t\u00e9s :\n<ul style=\"list-style-type:disc\">\n<li>Hauteur maximale : 47cm<\/li>\n<li>Hauteur maximale : 55.5cm<\/li>\n<\/ul>\n<\/li>\n<li>Les dimensions du banc sont :\n<ul style=\"list-style-type:disc\">\n<li>Hauteur : 45cm<\/li>\n<li>Largeur : 54.5cm<\/li>\n<li>Profondeur : 32.5cm<\/li>\n<\/ul>\n<\/li>\n<li>Les mesures des jambes sont :\n<ul style=\"list-style-type:disc\">\n<li>Hauteur : 38cm<\/li>\n<li>Largeur et profondeur du bas : 3cm<\/li>\n<li>Largeur et profondeur du haut : 4.5cm<\/li>\n<\/ul>\n<\/li>\n<li>Mesures de la selle :\n<ul style=\"list-style-type:disc\">\n<li>Hauteur : 8.5cm<\/li>\n<li>Largeur : 55cm<\/li>\n<li>Profondeur : 33cm<\/li>\n<\/ul>\n<\/ul>\n<\/li>\n<\/ul>\n<\/ul>\n<\/ul>\n","protected":false},"excerpt":{"rendered":"<p>li>Surface rembourr\u00e9e tr\u00e8s confortable<\/li>\n<li>Finition en cuir synth\u00e9tique tr\u00e8s r\u00e9sistant<\/li>\n<li>Facile \u00e0 nettoyer<\/li>\n<li>Pieds antid\u00e9rapants<\/li>\n<\/ul>\n<\/ul>\n<\/ul>\n","protected":false},"featured_media":16628,"comment_status":"open","ping_status":"closed","template":"","meta":{"_acf_changed":false},"product_cat":[441,243],"product_tag":[],"class_list":{"0":"post-36884","1":"product","2":"type-product","3":"status-publish","4":"has-post-thumbnail","6":"product_cat-banc-de-piano","7":"product_cat-uncategorized","9":"first","10":"instock","11":"shipping-taxable","12":"product-type-simple"},"acf":[],"yoast_head":"<!-- This site is optimized with the Yoast SEO plugin v27.0 - https:\/\/yoast.com\/product\/yoast-seo-wordpress\/ -->\n<title>KB500 Rosewood - Audibax<\/title>\n<meta name=\"robots\" content=\"index, follow, max-snippet:-1, max-image-preview:large, max-video-preview:-1\" \/>\n<link rel=\"canonical\" href=\"https:\/\/audibax.com\/fr\/produit\/kb500-rosewood-2\/\" \/>\n<meta property=\"og:locale\" content=\"fr_FR\" \/>\n<meta property=\"og:type\" content=\"article\" \/>\n<meta property=\"og:title\" content=\"KB500 Rosewood - Audibax\" \/>\n<meta property=\"og:description\" content=\"li&gt;Surface rembourr\u00e9e tr\u00e8s confortable Finition en cuir synth\u00e9tique tr\u00e8s r\u00e9sistant Facile \u00e0 nettoyer Pieds antid\u00e9rapants\" \/>\n<meta property=\"og:url\" content=\"https:\/\/audibax.com\/fr\/produit\/kb500-rosewood-2\/\" \/>\n<meta property=\"og:site_name\" content=\"Audibax\" \/>\n<meta name=\"twitter:card\" content=\"summary_large_image\" \/>\n<meta name=\"twitter:label1\" content=\"Dur\u00e9e de lecture estim\u00e9e\" \/>\n\t<meta name=\"twitter:data1\" content=\"2 minutes\" \/>\n<script type=\"application\/ld+json\" class=\"yoast-schema-graph\">{\"@context\":\"https:\/\/schema.org\",\"@graph\":[{\"@type\":\"WebPage\",\"@id\":\"https:\/\/audibax.com\/fr\/produit\/kb500-rosewood-2\/\",\"url\":\"https:\/\/audibax.com\/fr\/produit\/kb500-rosewood-2\/\",\"name\":\"KB500 Rosewood - Audibax\",\"isPartOf\":{\"@id\":\"https:\/\/audibax.com\/fr\/#website\"},\"primaryImageOfPage\":{\"@id\":\"https:\/\/audibax.com\/fr\/produit\/kb500-rosewood-2\/#primaryimage\"},\"image\":{\"@id\":\"https:\/\/audibax.com\/fr\/produit\/kb500-rosewood-2\/#primaryimage\"},\"thumbnailUrl\":\"https:\/\/audibax.com\/wp-content\/uploads\/2023\/12\/audibax_kb500rw_banqueta_piano_regulable.jpg\",\"datePublished\":\"2023-12-27T11:01:28+00:00\",\"breadcrumb\":{\"@id\":\"https:\/\/audibax.com\/fr\/produit\/kb500-rosewood-2\/#breadcrumb\"},\"inLanguage\":\"fr-FR\",\"potentialAction\":[{\"@type\":\"ReadAction\",\"target\":[\"https:\/\/audibax.com\/fr\/produit\/kb500-rosewood-2\/\"]}]},{\"@type\":\"ImageObject\",\"inLanguage\":\"fr-FR\",\"@id\":\"https:\/\/audibax.com\/fr\/produit\/kb500-rosewood-2\/#primaryimage\",\"url\":\"https:\/\/audibax.com\/wp-content\/uploads\/2023\/12\/audibax_kb500rw_banqueta_piano_regulable.jpg\",\"contentUrl\":\"https:\/\/audibax.com\/wp-content\/uploads\/2023\/12\/audibax_kb500rw_banqueta_piano_regulable.jpg\",\"width\":1500,\"height\":1478},{\"@type\":\"BreadcrumbList\",\"@id\":\"https:\/\/audibax.com\/fr\/produit\/kb500-rosewood-2\/#breadcrumb\",\"itemListElement\":[{\"@type\":\"ListItem\",\"position\":1,\"name\":\"Portada\",\"item\":\"https:\/\/audibax.com\/fr\/\"},{\"@type\":\"ListItem\",\"position\":2,\"name\":\"Produits\",\"item\":\"https:\/\/audibax.com\/fr\/shop\/\"},{\"@type\":\"ListItem\",\"position\":3,\"name\":\"KB500 Rosewood\"}]},{\"@type\":\"WebSite\",\"@id\":\"https:\/\/audibax.com\/fr\/#website\",\"url\":\"https:\/\/audibax.com\/fr\/\",\"name\":\"Audibax\",\"description\":\"\",\"publisher\":{\"@id\":\"https:\/\/audibax.com\/fr\/#organization\"},\"potentialAction\":[{\"@type\":\"SearchAction\",\"target\":{\"@type\":\"EntryPoint\",\"urlTemplate\":\"https:\/\/audibax.com\/fr\/?s={search_term_string}\"},\"query-input\":{\"@type\":\"PropertyValueSpecification\",\"valueRequired\":true,\"valueName\":\"search_term_string\"}}],\"inLanguage\":\"fr-FR\"},{\"@type\":\"Organization\",\"@id\":\"https:\/\/audibax.com\/fr\/#organization\",\"name\":\"Audibax\",\"url\":\"https:\/\/audibax.com\/fr\/\",\"logo\":{\"@type\":\"ImageObject\",\"inLanguage\":\"fr-FR\",\"@id\":\"https:\/\/audibax.com\/fr\/#\/schema\/logo\/image\/\",\"url\":\"https:\/\/audibax.com\/wp-content\/uploads\/2023\/09\/logo-Audibax-BLANCO-SVG-1.svg\",\"contentUrl\":\"https:\/\/audibax.com\/wp-content\/uploads\/2023\/09\/logo-Audibax-BLANCO-SVG-1.svg\",\"caption\":\"Audibax\"},\"image\":{\"@id\":\"https:\/\/audibax.com\/fr\/#\/schema\/logo\/image\/\"}}]}<\/script>\n<!-- \/ Yoast SEO plugin. -->","yoast_head_json":{"title":"KB500 Rosewood - Audibax","robots":{"index":"index","follow":"follow","max-snippet":"max-snippet:-1","max-image-preview":"max-image-preview:large","max-video-preview":"max-video-preview:-1"},"canonical":"https:\/\/audibax.com\/fr\/produit\/kb500-rosewood-2\/","og_locale":"fr_FR","og_type":"article","og_title":"KB500 Rosewood - Audibax","og_description":"li>Surface rembourr\u00e9e tr\u00e8s confortable Finition en cuir synth\u00e9tique tr\u00e8s r\u00e9sistant Facile \u00e0 nettoyer Pieds antid\u00e9rapants","og_url":"https:\/\/audibax.com\/fr\/produit\/kb500-rosewood-2\/","og_site_name":"Audibax","twitter_card":"summary_large_image","twitter_misc":{"Dur\u00e9e de lecture estim\u00e9e":"2 minutes"},"schema":{"@context":"https:\/\/schema.org","@graph":[{"@type":"WebPage","@id":"https:\/\/audibax.com\/fr\/produit\/kb500-rosewood-2\/","url":"https:\/\/audibax.com\/fr\/produit\/kb500-rosewood-2\/","name":"KB500 Rosewood - Audibax","isPartOf":{"@id":"https:\/\/audibax.com\/fr\/#website"},"primaryImageOfPage":{"@id":"https:\/\/audibax.com\/fr\/produit\/kb500-rosewood-2\/#primaryimage"},"image":{"@id":"https:\/\/audibax.com\/fr\/produit\/kb500-rosewood-2\/#primaryimage"},"thumbnailUrl":"https:\/\/audibax.com\/wp-content\/uploads\/2023\/12\/audibax_kb500rw_banqueta_piano_regulable.jpg","datePublished":"2023-12-27T11:01:28+00:00","breadcrumb":{"@id":"https:\/\/audibax.com\/fr\/produit\/kb500-rosewood-2\/#breadcrumb"},"inLanguage":"fr-FR","potentialAction":[{"@type":"ReadAction","target":["https:\/\/audibax.com\/fr\/produit\/kb500-rosewood-2\/"]}]},{"@type":"ImageObject","inLanguage":"fr-FR","@id":"https:\/\/audibax.com\/fr\/produit\/kb500-rosewood-2\/#primaryimage","url":"https:\/\/audibax.com\/wp-content\/uploads\/2023\/12\/audibax_kb500rw_banqueta_piano_regulable.jpg","contentUrl":"https:\/\/audibax.com\/wp-content\/uploads\/2023\/12\/audibax_kb500rw_banqueta_piano_regulable.jpg","width":1500,"height":1478},{"@type":"BreadcrumbList","@id":"https:\/\/audibax.com\/fr\/produit\/kb500-rosewood-2\/#breadcrumb","itemListElement":[{"@type":"ListItem","position":1,"name":"Portada","item":"https:\/\/audibax.com\/fr\/"},{"@type":"ListItem","position":2,"name":"Produits","item":"https:\/\/audibax.com\/fr\/shop\/"},{"@type":"ListItem","position":3,"name":"KB500 Rosewood"}]},{"@type":"WebSite","@id":"https:\/\/audibax.com\/fr\/#website","url":"https:\/\/audibax.com\/fr\/","name":"Audibax","description":"","publisher":{"@id":"https:\/\/audibax.com\/fr\/#organization"},"potentialAction":[{"@type":"SearchAction","target":{"@type":"EntryPoint","urlTemplate":"https:\/\/audibax.com\/fr\/?s={search_term_string}"},"query-input":{"@type":"PropertyValueSpecification","valueRequired":true,"valueName":"search_term_string"}}],"inLanguage":"fr-FR"},{"@type":"Organization","@id":"https:\/\/audibax.com\/fr\/#organization","name":"Audibax","url":"https:\/\/audibax.com\/fr\/","logo":{"@type":"ImageObject","inLanguage":"fr-FR","@id":"https:\/\/audibax.com\/fr\/#\/schema\/logo\/image\/","url":"https:\/\/audibax.com\/wp-content\/uploads\/2023\/09\/logo-Audibax-BLANCO-SVG-1.svg","contentUrl":"https:\/\/audibax.com\/wp-content\/uploads\/2023\/09\/logo-Audibax-BLANCO-SVG-1.svg","caption":"Audibax"},"image":{"@id":"https:\/\/audibax.com\/fr\/#\/schema\/logo\/image\/"}}]}},"_links":{"self":[{"href":"https:\/\/audibax.com\/fr\/wp-json\/wp\/v2\/product\/36884","targetHints":{"allow":["GET"]}}],"collection":[{"href":"https:\/\/audibax.com\/fr\/wp-json\/wp\/v2\/product"}],"about":[{"href":"https:\/\/audibax.com\/fr\/wp-json\/wp\/v2\/types\/product"}],"replies":[{"embeddable":true,"href":"https:\/\/audibax.com\/fr\/wp-json\/wp\/v2\/comments?post=36884"}],"wp:featuredmedia":[{"embeddable":true,"href":"https:\/\/audibax.com\/fr\/wp-json\/wp\/v2\/media\/16628"}],"wp:attachment":[{"href":"https:\/\/audibax.com\/fr\/wp-json\/wp\/v2\/media?parent=36884"}],"wp:term":[{"taxonomy":"product_cat","embeddable":true,"href":"https:\/\/audibax.com\/fr\/wp-json\/wp\/v2\/product_cat?post=36884"},{"taxonomy":"product_tag","embeddable":true,"href":"https:\/\/audibax.com\/fr\/wp-json\/wp\/v2\/product_tag?post=36884"}],"curies":[{"name":"wp","href":"https:\/\/api.w.org\/{rel}","templated":true}]}}