{"id":36880,"date":"2023-12-11T13:55:10","date_gmt":"2023-12-11T12:55:10","guid":{"rendered":"https:\/\/audibax.com\/product\/onyx-pack-black-2\/"},"modified":"2023-12-27T12:01:25","modified_gmt":"2023-12-27T11:01:25","slug":"onyx-pack-black-2","status":"publish","type":"product","link":"https:\/\/audibax.com\/fr\/produit\/onyx-pack-black-2\/","title":{"rendered":"Onyx Pack Black"},"content":{"rendered":"<\/p>\n<p><strong>Pack Onyx Stand clavier \/ piano + Tabouret + Audibax Keyboard Case 61 Keys<\/strong><\/p>\n<p>Le <strong>Pack Onyx d&rsquo;Audibax<\/strong>. comprend le support de clavier, le tabouret et la housse de clavier (Onyx Bag 61)<\/p>\n<h2>Stand<\/h2>\n<p>Il s&rsquo;agit d&rsquo;un support de clavier professionnel \u00e0 ciseaux simples. Il est dot\u00e9 d&rsquo;un syst\u00e8me de r\u00e9glage de la hauteur et d&rsquo;une conception \u00e0 double structure, ce qui garantit une excellente stabilit\u00e9. Les capuchons en caoutchouc antid\u00e9rapants sur le dessous emp\u00eachent la base du clavier de bouger pendant le fonctionnement.<\/p>\n<h2>Stand<\/h2>\n<p>Il s&rsquo;agit d&rsquo;un support de clavier confortable de type ciseaux. Le cadre en acier noir robuste et durable peut \u00eatre r\u00e9gl\u00e9 \u00e0 3 niveaux de hauteur diff\u00e9rents gr\u00e2ce \u00e0 un levier de serrage \u00e0 d\u00e9gagement rapide permet un r\u00e9glage facile. Les pieds du tabouret sont dot\u00e9s d&rsquo;un caoutchouc antid\u00e9rapant pour emp\u00eacher le tabouret de glisser et peuvent \u00eatre pli\u00e9s \u00e0 plat, ce qui le rend facile \u00e0 transporter et peu encombrant.<\/p>\n<h2>Couverture<\/h2>\n<p>Il s&rsquo;agit d&rsquo;une housse de protection pour les claviers \u00e0 61 touches qui s&rsquo;adapte \u00e0 la plupart des marques de claviers. Elle prot\u00e8ge votre clavier de tout dommage pendant le transport car elle est con\u00e7ue pour emp\u00eacher la poussi\u00e8re et l&rsquo;humidit\u00e9 d&rsquo;atteindre l&rsquo;instrument, et c&rsquo;est un \u00e9tui \u00e9tanche. Il comprend deux poches ext\u00e9rieures (l&rsquo;une avec fermeture \u00e9clair et l&rsquo;autre avec velcro) et l&rsquo;ouverture est form\u00e9e par deux solides fermetures \u00e9clair en m\u00e9tal pour un meilleur acc\u00e8s au piano. Il s&rsquo;agit d&rsquo;une valise pratique, tr\u00e8s spacieuse et portable, facile \u00e0 transporter gr\u00e2ce \u00e0 ses deux poign\u00e9es solides et confortables. En outre, il s&rsquo;installe tr\u00e8s facilement et rapidement, pouvant \u00eatre pli\u00e9 et rang\u00e9 lorsqu&rsquo;il n&rsquo;est pas utilis\u00e9.<\/p>\n<h2><img decoding=\"async\" alt=\"\" src=\"\/crm\/documents\/fckeditor\/image\/MRA-1\/Audibax-Onyx-Pack-stand-bench-case.png\" style=\"height:423px ; width:675px\" \/><\/h2>\n<h2>Sp\u00e9cifications<\/h2>\n<ul>\n<li>Le pack comprend un support de clavier, un banc de clavier et un \u00e9tui \u00e0 clavier<\/li>\n<li>Dimensions de l&rsquo;\u00e9tui :\n<ul style=\"list-style-type:circle\">\n<li>Hauteur : 12cm<\/li>\n<li>Largeur : 97cm<\/li>\n<li>Profondeur : 33.5cm<\/li>\n<\/ul>\n<\/li>\n<li>Dimensions du support :\n<ul style=\"list-style-type:circle\">\n<li>Socle (support au sol) : 40cm de long x 3.5cm d&rsquo;\u00e9paisseur<\/li>\n<li>Sup\u00e9rieur de la base (support clavier) : 35.5cm de long x 3.5cm d&rsquo;\u00e9paisseur<\/li>\n<li>Dimensions des pieds : 94cm de long x 3cm de large x 1.5cm de profondeur<\/li>\n<\/ul>\n<\/ul>\n<\/li>\n<li>Dimensions du tabouret :\n<ul style=\"list-style-type:circle\">\n<li>Pieds : 46cm de haut x 39cm de large x 29.5cm de profondeur<\/li>\n<li>Hauteur r\u00e9glable en 3 positions<\/li>\n<\/ul>\n<\/ul>\n<li>\n<li>Dimensions de l&rsquo;assise : 4.5cm de haut x 39cm de large x 29.5cm de profondeur<\/li>\n<\/ul>\n<\/ul>\n<\/ul>\n","protected":false},"excerpt":{"rendered":"<ul>\n<li>Pied \u00e0 ciseaux simple<\/li>\n<li>Pied \u00e0 piano \/ clavier 3 hauteurs<\/li>\n<li>Etui \u00e0 clavier 61 touches<\/li>\n<\/ul>\n<li>Pied \u00e0 piano \/ clavier 3 hauteurs<\/li>\n<li>Pied \u00e0 piano \/ clavier 3 hauteurs<\/li>\n<li>Etui \u00e0 piano \/ clavier 61 touches<\/li>\n<\/ul>\n<p>.<\/p>\n","protected":false},"featured_media":17474,"comment_status":"open","ping_status":"closed","template":"","meta":{"_acf_changed":false},"product_cat":[441],"product_tag":[],"class_list":{"0":"post-36880","1":"product","2":"type-product","3":"status-publish","4":"has-post-thumbnail","6":"product_cat-banc-de-piano","8":"first","9":"instock","10":"shipping-taxable","11":"product-type-simple"},"acf":[],"yoast_head":"<!-- This site is optimized with the Yoast SEO plugin v27.0 - https:\/\/yoast.com\/product\/yoast-seo-wordpress\/ -->\n<title>Onyx Pack Black - Audibax<\/title>\n<meta name=\"robots\" content=\"index, follow, max-snippet:-1, max-image-preview:large, max-video-preview:-1\" \/>\n<link rel=\"canonical\" href=\"https:\/\/audibax.com\/fr\/produit\/onyx-pack-black-2\/\" \/>\n<meta property=\"og:locale\" content=\"fr_FR\" \/>\n<meta property=\"og:type\" content=\"article\" \/>\n<meta property=\"og:title\" content=\"Onyx Pack Black - Audibax\" \/>\n<meta property=\"og:description\" content=\"Pied \u00e0 ciseaux simple Pied \u00e0 piano \/ clavier 3 hauteurs Etui \u00e0 clavier 61 touches Pied \u00e0 piano \/ clavier 3 hauteurs Pied \u00e0 piano \/ clavier 3 hauteurs Etui \u00e0 piano \/ clavier 61 touches .\" \/>\n<meta property=\"og:url\" content=\"https:\/\/audibax.com\/fr\/produit\/onyx-pack-black-2\/\" \/>\n<meta property=\"og:site_name\" content=\"Audibax\" \/>\n<meta property=\"article:modified_time\" content=\"2023-12-27T11:01:25+00:00\" \/>\n<meta name=\"twitter:card\" content=\"summary_large_image\" \/>\n<meta name=\"twitter:label1\" content=\"Dur\u00e9e de lecture estim\u00e9e\" \/>\n\t<meta name=\"twitter:data1\" content=\"2 minutes\" \/>\n<script type=\"application\/ld+json\" class=\"yoast-schema-graph\">{\"@context\":\"https:\/\/schema.org\",\"@graph\":[{\"@type\":\"WebPage\",\"@id\":\"https:\/\/audibax.com\/fr\/produit\/onyx-pack-black-2\/\",\"url\":\"https:\/\/audibax.com\/fr\/produit\/onyx-pack-black-2\/\",\"name\":\"Onyx Pack Black - Audibax\",\"isPartOf\":{\"@id\":\"https:\/\/audibax.com\/fr\/#website\"},\"primaryImageOfPage\":{\"@id\":\"https:\/\/audibax.com\/fr\/produit\/onyx-pack-black-2\/#primaryimage\"},\"image\":{\"@id\":\"https:\/\/audibax.com\/fr\/produit\/onyx-pack-black-2\/#primaryimage\"},\"thumbnailUrl\":\"https:\/\/audibax.com\/wp-content\/uploads\/2023\/12\/Audibax-Onyx-Pack-de-Soporte-Teclado-Banqueta-Funda.jpg\",\"datePublished\":\"2023-12-11T12:55:10+00:00\",\"dateModified\":\"2023-12-27T11:01:25+00:00\",\"breadcrumb\":{\"@id\":\"https:\/\/audibax.com\/fr\/produit\/onyx-pack-black-2\/#breadcrumb\"},\"inLanguage\":\"fr-FR\",\"potentialAction\":[{\"@type\":\"ReadAction\",\"target\":[\"https:\/\/audibax.com\/fr\/produit\/onyx-pack-black-2\/\"]}]},{\"@type\":\"ImageObject\",\"inLanguage\":\"fr-FR\",\"@id\":\"https:\/\/audibax.com\/fr\/produit\/onyx-pack-black-2\/#primaryimage\",\"url\":\"https:\/\/audibax.com\/wp-content\/uploads\/2023\/12\/Audibax-Onyx-Pack-de-Soporte-Teclado-Banqueta-Funda.jpg\",\"contentUrl\":\"https:\/\/audibax.com\/wp-content\/uploads\/2023\/12\/Audibax-Onyx-Pack-de-Soporte-Teclado-Banqueta-Funda.jpg\",\"width\":1500,\"height\":1083},{\"@type\":\"BreadcrumbList\",\"@id\":\"https:\/\/audibax.com\/fr\/produit\/onyx-pack-black-2\/#breadcrumb\",\"itemListElement\":[{\"@type\":\"ListItem\",\"position\":1,\"name\":\"Portada\",\"item\":\"https:\/\/audibax.com\/fr\/\"},{\"@type\":\"ListItem\",\"position\":2,\"name\":\"Produits\",\"item\":\"https:\/\/audibax.com\/fr\/shop\/\"},{\"@type\":\"ListItem\",\"position\":3,\"name\":\"Onyx Pack Black\"}]},{\"@type\":\"WebSite\",\"@id\":\"https:\/\/audibax.com\/fr\/#website\",\"url\":\"https:\/\/audibax.com\/fr\/\",\"name\":\"Audibax\",\"description\":\"\",\"publisher\":{\"@id\":\"https:\/\/audibax.com\/fr\/#organization\"},\"potentialAction\":[{\"@type\":\"SearchAction\",\"target\":{\"@type\":\"EntryPoint\",\"urlTemplate\":\"https:\/\/audibax.com\/fr\/?s={search_term_string}\"},\"query-input\":{\"@type\":\"PropertyValueSpecification\",\"valueRequired\":true,\"valueName\":\"search_term_string\"}}],\"inLanguage\":\"fr-FR\"},{\"@type\":\"Organization\",\"@id\":\"https:\/\/audibax.com\/fr\/#organization\",\"name\":\"Audibax\",\"url\":\"https:\/\/audibax.com\/fr\/\",\"logo\":{\"@type\":\"ImageObject\",\"inLanguage\":\"fr-FR\",\"@id\":\"https:\/\/audibax.com\/fr\/#\/schema\/logo\/image\/\",\"url\":\"https:\/\/audibax.com\/wp-content\/uploads\/2023\/09\/logo-Audibax-BLANCO-SVG-1.svg\",\"contentUrl\":\"https:\/\/audibax.com\/wp-content\/uploads\/2023\/09\/logo-Audibax-BLANCO-SVG-1.svg\",\"caption\":\"Audibax\"},\"image\":{\"@id\":\"https:\/\/audibax.com\/fr\/#\/schema\/logo\/image\/\"}}]}<\/script>\n<!-- \/ Yoast SEO plugin. -->","yoast_head_json":{"title":"Onyx Pack Black - Audibax","robots":{"index":"index","follow":"follow","max-snippet":"max-snippet:-1","max-image-preview":"max-image-preview:large","max-video-preview":"max-video-preview:-1"},"canonical":"https:\/\/audibax.com\/fr\/produit\/onyx-pack-black-2\/","og_locale":"fr_FR","og_type":"article","og_title":"Onyx Pack Black - Audibax","og_description":"Pied \u00e0 ciseaux simple Pied \u00e0 piano \/ clavier 3 hauteurs Etui \u00e0 clavier 61 touches Pied \u00e0 piano \/ clavier 3 hauteurs Pied \u00e0 piano \/ clavier 3 hauteurs Etui \u00e0 piano \/ clavier 61 touches .","og_url":"https:\/\/audibax.com\/fr\/produit\/onyx-pack-black-2\/","og_site_name":"Audibax","article_modified_time":"2023-12-27T11:01:25+00:00","twitter_card":"summary_large_image","twitter_misc":{"Dur\u00e9e de lecture estim\u00e9e":"2 minutes"},"schema":{"@context":"https:\/\/schema.org","@graph":[{"@type":"WebPage","@id":"https:\/\/audibax.com\/fr\/produit\/onyx-pack-black-2\/","url":"https:\/\/audibax.com\/fr\/produit\/onyx-pack-black-2\/","name":"Onyx Pack Black - Audibax","isPartOf":{"@id":"https:\/\/audibax.com\/fr\/#website"},"primaryImageOfPage":{"@id":"https:\/\/audibax.com\/fr\/produit\/onyx-pack-black-2\/#primaryimage"},"image":{"@id":"https:\/\/audibax.com\/fr\/produit\/onyx-pack-black-2\/#primaryimage"},"thumbnailUrl":"https:\/\/audibax.com\/wp-content\/uploads\/2023\/12\/Audibax-Onyx-Pack-de-Soporte-Teclado-Banqueta-Funda.jpg","datePublished":"2023-12-11T12:55:10+00:00","dateModified":"2023-12-27T11:01:25+00:00","breadcrumb":{"@id":"https:\/\/audibax.com\/fr\/produit\/onyx-pack-black-2\/#breadcrumb"},"inLanguage":"fr-FR","potentialAction":[{"@type":"ReadAction","target":["https:\/\/audibax.com\/fr\/produit\/onyx-pack-black-2\/"]}]},{"@type":"ImageObject","inLanguage":"fr-FR","@id":"https:\/\/audibax.com\/fr\/produit\/onyx-pack-black-2\/#primaryimage","url":"https:\/\/audibax.com\/wp-content\/uploads\/2023\/12\/Audibax-Onyx-Pack-de-Soporte-Teclado-Banqueta-Funda.jpg","contentUrl":"https:\/\/audibax.com\/wp-content\/uploads\/2023\/12\/Audibax-Onyx-Pack-de-Soporte-Teclado-Banqueta-Funda.jpg","width":1500,"height":1083},{"@type":"BreadcrumbList","@id":"https:\/\/audibax.com\/fr\/produit\/onyx-pack-black-2\/#breadcrumb","itemListElement":[{"@type":"ListItem","position":1,"name":"Portada","item":"https:\/\/audibax.com\/fr\/"},{"@type":"ListItem","position":2,"name":"Produits","item":"https:\/\/audibax.com\/fr\/shop\/"},{"@type":"ListItem","position":3,"name":"Onyx Pack Black"}]},{"@type":"WebSite","@id":"https:\/\/audibax.com\/fr\/#website","url":"https:\/\/audibax.com\/fr\/","name":"Audibax","description":"","publisher":{"@id":"https:\/\/audibax.com\/fr\/#organization"},"potentialAction":[{"@type":"SearchAction","target":{"@type":"EntryPoint","urlTemplate":"https:\/\/audibax.com\/fr\/?s={search_term_string}"},"query-input":{"@type":"PropertyValueSpecification","valueRequired":true,"valueName":"search_term_string"}}],"inLanguage":"fr-FR"},{"@type":"Organization","@id":"https:\/\/audibax.com\/fr\/#organization","name":"Audibax","url":"https:\/\/audibax.com\/fr\/","logo":{"@type":"ImageObject","inLanguage":"fr-FR","@id":"https:\/\/audibax.com\/fr\/#\/schema\/logo\/image\/","url":"https:\/\/audibax.com\/wp-content\/uploads\/2023\/09\/logo-Audibax-BLANCO-SVG-1.svg","contentUrl":"https:\/\/audibax.com\/wp-content\/uploads\/2023\/09\/logo-Audibax-BLANCO-SVG-1.svg","caption":"Audibax"},"image":{"@id":"https:\/\/audibax.com\/fr\/#\/schema\/logo\/image\/"}}]}},"_links":{"self":[{"href":"https:\/\/audibax.com\/fr\/wp-json\/wp\/v2\/product\/36880","targetHints":{"allow":["GET"]}}],"collection":[{"href":"https:\/\/audibax.com\/fr\/wp-json\/wp\/v2\/product"}],"about":[{"href":"https:\/\/audibax.com\/fr\/wp-json\/wp\/v2\/types\/product"}],"replies":[{"embeddable":true,"href":"https:\/\/audibax.com\/fr\/wp-json\/wp\/v2\/comments?post=36880"}],"wp:featuredmedia":[{"embeddable":true,"href":"https:\/\/audibax.com\/fr\/wp-json\/wp\/v2\/media\/17474"}],"wp:attachment":[{"href":"https:\/\/audibax.com\/fr\/wp-json\/wp\/v2\/media?parent=36880"}],"wp:term":[{"taxonomy":"product_cat","embeddable":true,"href":"https:\/\/audibax.com\/fr\/wp-json\/wp\/v2\/product_cat?post=36880"},{"taxonomy":"product_tag","embeddable":true,"href":"https:\/\/audibax.com\/fr\/wp-json\/wp\/v2\/product_tag?post=36880"}],"curies":[{"name":"wp","href":"https:\/\/api.w.org\/{rel}","templated":true}]}}