{"id":36878,"date":"2023-12-11T13:55:07","date_gmt":"2023-12-11T12:55:07","guid":{"rendered":"https:\/\/audibax.com\/product\/kb200-black-2\/"},"modified":"2023-12-27T12:01:24","modified_gmt":"2023-12-27T11:01:24","slug":"kb200-black-2","status":"publish","type":"product","link":"https:\/\/audibax.com\/fr\/produit\/kb200-black-2\/","title":{"rendered":"KB200 Black"},"content":{"rendered":"<\/p>\n<p><strong>Audibax KB200B Banc pour piano\/clavier<\/strong><\/strong><\/p>\n<p>Le <strong>KB200B d&rsquo;Audibax<\/strong> est un banc pour piano ou clavier dot\u00e9 d&rsquo;un espace de rangement sous le si\u00e8ge, ce qui permet de gagner beaucoup de place et s&rsquo;av\u00e8re utile pour ranger des partitions ou des accessoires. Le banc est fabriqu\u00e9 en aluminium, qui est tr\u00e8s durable et l\u00e9ger.<\/p>\n<p>Le si\u00e8ge est compos\u00e9 d&rsquo;un coussin tr\u00e8s confortable, doux et rembourr\u00e9 en mousse qui offre un grand confort et une grande commodit\u00e9 et constitue l&rsquo;option la plus adapt\u00e9e pour de longues heures de pratique du piano ou du clavier.<\/p>\n<p>Il est recouvert d&rsquo;une \u00e9paisse housse en cuir synth\u00e9tique rembourr\u00e9e, facile \u00e0 nettoyer et \u00e0 entretenir.<\/p>\n<p>La base des pieds est antid\u00e9rapante car elle est recouverte d&rsquo;un protecteur en caoutchouc qui emp\u00eache de glisser et d&rsquo;endommager le sol et offre une grande stabilit\u00e9 au support. Les pieds sont tr\u00e8s robustes et sont boulonn\u00e9s au cadre du si\u00e8ge. Dans l&rsquo;ensemble, le design du KB200B est classique, simple et tr\u00e8s \u00e9l\u00e9gant.<\/p>\n<p>Facile \u00e0 assembler, le banc est facile \u00e0 assembler et les outils et les instructions sur la fa\u00e7on d&rsquo;assembler le banc sont inclus dans l&#8217;emballage.<\/p>\n<p>Ce banc de piano est id\u00e9al pour une utilisation en concert, en cours de musique, en pratique quotidienne. Particuli\u00e8rement utile pour un usage quotidien.<\/p>\n<p>&nbsp;<\/p>\n<h2>Sp\u00e9cifications<\/h2>\n<ul>\n<li>\n<li>Couleur : Noir<\/li>\n<li>Mat\u00e9riau du banc : Aluminium<\/li>\n<li>Mat\u00e9riau du si\u00e8ge : Cuir synth\u00e9tique rempli de mousse<\/li>\n<li>Dimensions du banc :\n<ul style=\"list-style-type:circle\">\n<li>Hauteur : 49cm<\/li>\n<li>Largeur : 51cm<\/li>\n<li>Profondeur : 29.5cm<\/li>\n<\/ul>\n<\/li>\n<li>Les dimensions des pieds sont :\n<ul style=\"list-style-type:circle\">\n<li>Hauteur : 42.5cm<\/li>\n<li>Largeur : 4cm<\/li>\n<li>Profondeur : 4cm<\/li>\n<\/ul>\n<\/li>\n<li>Les mesures de la chaise :\n<ul style=\"list-style-style-type:circle\">\n<li>Hauteur : 6.5cm<\/li>\n<li>Largeur : 52cm<\/li>\n<li>Profondeur : 30.5cm<\/li>\n<\/ul>\n<\/li>\n<\/li>\n<\/ul>\n<\/ul>\n<\/ul>\n","protected":false},"excerpt":{"rendered":"<\/p>\n<p>Audibax Banc pour piano et clavier<\/p>\n<p>Audibax Banc pour piano et clavier<\/p>\n<p>Audibax Banc pour piano et clavier<\/p>\n","protected":false},"featured_media":17264,"comment_status":"open","ping_status":"closed","template":"","meta":{"_acf_changed":false},"product_cat":[441],"product_tag":[],"class_list":{"0":"post-36878","1":"product","2":"type-product","3":"status-publish","4":"has-post-thumbnail","6":"product_cat-banc-de-piano","8":"first","9":"instock","10":"shipping-taxable","11":"product-type-simple"},"acf":[],"yoast_head":"<!-- This site is optimized with the Yoast SEO plugin v27.0 - https:\/\/yoast.com\/product\/yoast-seo-wordpress\/ -->\n<title>KB200 Black - Audibax<\/title>\n<meta name=\"robots\" content=\"index, follow, max-snippet:-1, max-image-preview:large, max-video-preview:-1\" \/>\n<link rel=\"canonical\" href=\"https:\/\/audibax.com\/fr\/produit\/kb200-black-2\/\" \/>\n<meta property=\"og:locale\" content=\"fr_FR\" \/>\n<meta property=\"og:type\" content=\"article\" \/>\n<meta property=\"og:title\" content=\"KB200 Black - Audibax\" \/>\n<meta property=\"og:description\" content=\"Audibax Banc pour piano et clavier Audibax Banc pour piano et clavier Audibax Banc pour piano et clavier\" \/>\n<meta property=\"og:url\" content=\"https:\/\/audibax.com\/fr\/produit\/kb200-black-2\/\" \/>\n<meta property=\"og:site_name\" content=\"Audibax\" \/>\n<meta property=\"article:modified_time\" content=\"2023-12-27T11:01:24+00:00\" \/>\n<meta name=\"twitter:card\" content=\"summary_large_image\" \/>\n<meta name=\"twitter:label1\" content=\"Dur\u00e9e de lecture estim\u00e9e\" \/>\n\t<meta name=\"twitter:data1\" content=\"1 minute\" \/>\n<script type=\"application\/ld+json\" class=\"yoast-schema-graph\">{\"@context\":\"https:\/\/schema.org\",\"@graph\":[{\"@type\":\"WebPage\",\"@id\":\"https:\/\/audibax.com\/fr\/produit\/kb200-black-2\/\",\"url\":\"https:\/\/audibax.com\/fr\/produit\/kb200-black-2\/\",\"name\":\"KB200 Black - Audibax\",\"isPartOf\":{\"@id\":\"https:\/\/audibax.com\/fr\/#website\"},\"primaryImageOfPage\":{\"@id\":\"https:\/\/audibax.com\/fr\/produit\/kb200-black-2\/#primaryimage\"},\"image\":{\"@id\":\"https:\/\/audibax.com\/fr\/produit\/kb200-black-2\/#primaryimage\"},\"thumbnailUrl\":\"https:\/\/audibax.com\/wp-content\/uploads\/2023\/12\/audibax-kb200-b-comprar.jpg\",\"datePublished\":\"2023-12-11T12:55:07+00:00\",\"dateModified\":\"2023-12-27T11:01:24+00:00\",\"breadcrumb\":{\"@id\":\"https:\/\/audibax.com\/fr\/produit\/kb200-black-2\/#breadcrumb\"},\"inLanguage\":\"fr-FR\",\"potentialAction\":[{\"@type\":\"ReadAction\",\"target\":[\"https:\/\/audibax.com\/fr\/produit\/kb200-black-2\/\"]}]},{\"@type\":\"ImageObject\",\"inLanguage\":\"fr-FR\",\"@id\":\"https:\/\/audibax.com\/fr\/produit\/kb200-black-2\/#primaryimage\",\"url\":\"https:\/\/audibax.com\/wp-content\/uploads\/2023\/12\/audibax-kb200-b-comprar.jpg\",\"contentUrl\":\"https:\/\/audibax.com\/wp-content\/uploads\/2023\/12\/audibax-kb200-b-comprar.jpg\",\"width\":1191,\"height\":1450},{\"@type\":\"BreadcrumbList\",\"@id\":\"https:\/\/audibax.com\/fr\/produit\/kb200-black-2\/#breadcrumb\",\"itemListElement\":[{\"@type\":\"ListItem\",\"position\":1,\"name\":\"Portada\",\"item\":\"https:\/\/audibax.com\/fr\/\"},{\"@type\":\"ListItem\",\"position\":2,\"name\":\"Produits\",\"item\":\"https:\/\/audibax.com\/fr\/shop\/\"},{\"@type\":\"ListItem\",\"position\":3,\"name\":\"KB200 Black\"}]},{\"@type\":\"WebSite\",\"@id\":\"https:\/\/audibax.com\/fr\/#website\",\"url\":\"https:\/\/audibax.com\/fr\/\",\"name\":\"Audibax\",\"description\":\"\",\"publisher\":{\"@id\":\"https:\/\/audibax.com\/fr\/#organization\"},\"potentialAction\":[{\"@type\":\"SearchAction\",\"target\":{\"@type\":\"EntryPoint\",\"urlTemplate\":\"https:\/\/audibax.com\/fr\/?s={search_term_string}\"},\"query-input\":{\"@type\":\"PropertyValueSpecification\",\"valueRequired\":true,\"valueName\":\"search_term_string\"}}],\"inLanguage\":\"fr-FR\"},{\"@type\":\"Organization\",\"@id\":\"https:\/\/audibax.com\/fr\/#organization\",\"name\":\"Audibax\",\"url\":\"https:\/\/audibax.com\/fr\/\",\"logo\":{\"@type\":\"ImageObject\",\"inLanguage\":\"fr-FR\",\"@id\":\"https:\/\/audibax.com\/fr\/#\/schema\/logo\/image\/\",\"url\":\"https:\/\/audibax.com\/wp-content\/uploads\/2023\/09\/logo-Audibax-BLANCO-SVG-1.svg\",\"contentUrl\":\"https:\/\/audibax.com\/wp-content\/uploads\/2023\/09\/logo-Audibax-BLANCO-SVG-1.svg\",\"caption\":\"Audibax\"},\"image\":{\"@id\":\"https:\/\/audibax.com\/fr\/#\/schema\/logo\/image\/\"}}]}<\/script>\n<!-- \/ Yoast SEO plugin. -->","yoast_head_json":{"title":"KB200 Black - Audibax","robots":{"index":"index","follow":"follow","max-snippet":"max-snippet:-1","max-image-preview":"max-image-preview:large","max-video-preview":"max-video-preview:-1"},"canonical":"https:\/\/audibax.com\/fr\/produit\/kb200-black-2\/","og_locale":"fr_FR","og_type":"article","og_title":"KB200 Black - Audibax","og_description":"Audibax Banc pour piano et clavier Audibax Banc pour piano et clavier Audibax Banc pour piano et clavier","og_url":"https:\/\/audibax.com\/fr\/produit\/kb200-black-2\/","og_site_name":"Audibax","article_modified_time":"2023-12-27T11:01:24+00:00","twitter_card":"summary_large_image","twitter_misc":{"Dur\u00e9e de lecture estim\u00e9e":"1 minute"},"schema":{"@context":"https:\/\/schema.org","@graph":[{"@type":"WebPage","@id":"https:\/\/audibax.com\/fr\/produit\/kb200-black-2\/","url":"https:\/\/audibax.com\/fr\/produit\/kb200-black-2\/","name":"KB200 Black - Audibax","isPartOf":{"@id":"https:\/\/audibax.com\/fr\/#website"},"primaryImageOfPage":{"@id":"https:\/\/audibax.com\/fr\/produit\/kb200-black-2\/#primaryimage"},"image":{"@id":"https:\/\/audibax.com\/fr\/produit\/kb200-black-2\/#primaryimage"},"thumbnailUrl":"https:\/\/audibax.com\/wp-content\/uploads\/2023\/12\/audibax-kb200-b-comprar.jpg","datePublished":"2023-12-11T12:55:07+00:00","dateModified":"2023-12-27T11:01:24+00:00","breadcrumb":{"@id":"https:\/\/audibax.com\/fr\/produit\/kb200-black-2\/#breadcrumb"},"inLanguage":"fr-FR","potentialAction":[{"@type":"ReadAction","target":["https:\/\/audibax.com\/fr\/produit\/kb200-black-2\/"]}]},{"@type":"ImageObject","inLanguage":"fr-FR","@id":"https:\/\/audibax.com\/fr\/produit\/kb200-black-2\/#primaryimage","url":"https:\/\/audibax.com\/wp-content\/uploads\/2023\/12\/audibax-kb200-b-comprar.jpg","contentUrl":"https:\/\/audibax.com\/wp-content\/uploads\/2023\/12\/audibax-kb200-b-comprar.jpg","width":1191,"height":1450},{"@type":"BreadcrumbList","@id":"https:\/\/audibax.com\/fr\/produit\/kb200-black-2\/#breadcrumb","itemListElement":[{"@type":"ListItem","position":1,"name":"Portada","item":"https:\/\/audibax.com\/fr\/"},{"@type":"ListItem","position":2,"name":"Produits","item":"https:\/\/audibax.com\/fr\/shop\/"},{"@type":"ListItem","position":3,"name":"KB200 Black"}]},{"@type":"WebSite","@id":"https:\/\/audibax.com\/fr\/#website","url":"https:\/\/audibax.com\/fr\/","name":"Audibax","description":"","publisher":{"@id":"https:\/\/audibax.com\/fr\/#organization"},"potentialAction":[{"@type":"SearchAction","target":{"@type":"EntryPoint","urlTemplate":"https:\/\/audibax.com\/fr\/?s={search_term_string}"},"query-input":{"@type":"PropertyValueSpecification","valueRequired":true,"valueName":"search_term_string"}}],"inLanguage":"fr-FR"},{"@type":"Organization","@id":"https:\/\/audibax.com\/fr\/#organization","name":"Audibax","url":"https:\/\/audibax.com\/fr\/","logo":{"@type":"ImageObject","inLanguage":"fr-FR","@id":"https:\/\/audibax.com\/fr\/#\/schema\/logo\/image\/","url":"https:\/\/audibax.com\/wp-content\/uploads\/2023\/09\/logo-Audibax-BLANCO-SVG-1.svg","contentUrl":"https:\/\/audibax.com\/wp-content\/uploads\/2023\/09\/logo-Audibax-BLANCO-SVG-1.svg","caption":"Audibax"},"image":{"@id":"https:\/\/audibax.com\/fr\/#\/schema\/logo\/image\/"}}]}},"_links":{"self":[{"href":"https:\/\/audibax.com\/fr\/wp-json\/wp\/v2\/product\/36878","targetHints":{"allow":["GET"]}}],"collection":[{"href":"https:\/\/audibax.com\/fr\/wp-json\/wp\/v2\/product"}],"about":[{"href":"https:\/\/audibax.com\/fr\/wp-json\/wp\/v2\/types\/product"}],"replies":[{"embeddable":true,"href":"https:\/\/audibax.com\/fr\/wp-json\/wp\/v2\/comments?post=36878"}],"wp:featuredmedia":[{"embeddable":true,"href":"https:\/\/audibax.com\/fr\/wp-json\/wp\/v2\/media\/17264"}],"wp:attachment":[{"href":"https:\/\/audibax.com\/fr\/wp-json\/wp\/v2\/media?parent=36878"}],"wp:term":[{"taxonomy":"product_cat","embeddable":true,"href":"https:\/\/audibax.com\/fr\/wp-json\/wp\/v2\/product_cat?post=36878"},{"taxonomy":"product_tag","embeddable":true,"href":"https:\/\/audibax.com\/fr\/wp-json\/wp\/v2\/product_tag?post=36878"}],"curies":[{"name":"wp","href":"https:\/\/api.w.org\/{rel}","templated":true}]}}