{"id":36876,"date":"2023-12-11T13:55:03","date_gmt":"2023-12-11T12:55:03","guid":{"rendered":"https:\/\/audibax.com\/product\/sp3-black-2\/"},"modified":"2023-12-27T12:01:23","modified_gmt":"2023-12-27T11:01:23","slug":"sp3-black-2","status":"publish","type":"product","link":"https:\/\/audibax.com\/fr\/produit\/sp3-black-2\/","title":{"rendered":"SP3 Black"},"content":{"rendered":"<p><Le <strong>Audibax SP3<\/strong> est un pupitre d&rsquo;orchestre de premi\u00e8re qualit\u00e9. Il est fabriqu\u00e9 en acier haute r\u00e9sistance et poss\u00e8de des pieds plus \u00e9pais pour une stabilit\u00e9 accrue sur sc\u00e8ne. Le plateau sup\u00e9rieur peut \u00eatre enti\u00e8rement d\u00e9mont\u00e9 pour le transport.<\/p>\n<ul>\n<li>Poste d&rsquo;orchestre de haute qualit\u00e9 et tr\u00e8s stable<\/li>\n<li>Fabriqu\u00e9 en acier<\/li>\n<li>Jambes renforc\u00e9es.<\/li>\n<li>Tableau \u00e0 partitions perfor\u00e9 amovible<\/li>\n<li>Facile \u00e0 r\u00e9gler et \u00e0 plier<\/li>\n<li>Tube t\u00e9lescopique \u00e0 1 segment<\/li>\n<li>Hauteur maximale : Approx. 1 420 mm<\/li>\n<li>Surface de marquage : 47,5 x 34,5 cm<\/li>\n<li>Hauteur du tube : Approx. 940 \u00e0 1420 mm<\/li>\n<li>Poids approx. : 2,7 kg<\/li>\n<li>Couleur : Noir<\/li>\n<\/ul>\n<p>Pied \u00e0 partitions r\u00e9glable et tr\u00e8s robuste.<\/p>\n<li>\n<p>Pied \u00e0 partitions.<\/p>\n","protected":false},"excerpt":{"rendered":"<p><Le <strong>Audibax SP3<\/strong> est un pupitre d&rsquo;orchestre de premi\u00e8re qualit\u00e9. Il est fabriqu\u00e9 en acier haute r\u00e9sistance et poss\u00e8de des pieds plus \u00e9pais pour une stabilit\u00e9 accrue sur sc\u00e8ne. Le plateau sup\u00e9rieur peut \u00eatre enti\u00e8rement d\u00e9mont\u00e9 pour le transport.<\/p>\n<ul>\n<li>Poste d&rsquo;orchestre de haute qualit\u00e9 et tr\u00e8s stable<\/li>\n<li>Fabriqu\u00e9 en acier<\/li>\n<li>Jambes renforc\u00e9es.<\/li>\n<li>Tableau \u00e0 partitions perfor\u00e9 amovible<\/li>\n<\/ul>\n<\/ul>\n<li>Poste pour musique d&rsquo;orchestre.<br \/>\n","protected":false},"featured_media":17795,"comment_status":"open","ping_status":"closed","template":"","meta":{"_acf_changed":false},"product_cat":[439],"product_tag":[],"class_list":{"0":"post-36876","1":"product","2":"type-product","3":"status-publish","4":"has-post-thumbnail","6":"product_cat-pupitres-a-musique","8":"first","9":"instock","10":"shipping-taxable","11":"product-type-simple"},"acf":[],"yoast_head":"<!-- This site is optimized with the Yoast SEO plugin v27.0 - https:\/\/yoast.com\/product\/yoast-seo-wordpress\/ -->\n<title>SP3 Black - Audibax<\/title>\n<meta name=\"robots\" content=\"index, follow, max-snippet:-1, max-image-preview:large, max-video-preview:-1\" \/>\n<link rel=\"canonical\" href=\"https:\/\/audibax.com\/fr\/produit\/sp3-black-2\/\" \/>\n<meta property=\"og:locale\" content=\"fr_FR\" \/>\n<meta property=\"og:type\" content=\"article\" \/>\n<meta property=\"og:title\" content=\"SP3 Black - Audibax\" \/>\n<meta property=\"og:url\" content=\"https:\/\/audibax.com\/fr\/produit\/sp3-black-2\/\" \/>\n<meta property=\"og:site_name\" content=\"Audibax\" \/>\n<meta property=\"article:modified_time\" content=\"2023-12-27T11:01:23+00:00\" \/>\n<meta name=\"twitter:card\" content=\"summary_large_image\" \/>\n<script type=\"application\/ld+json\" class=\"yoast-schema-graph\">{\"@context\":\"https:\/\/schema.org\",\"@graph\":[{\"@type\":\"WebPage\",\"@id\":\"https:\/\/audibax.com\/fr\/produit\/sp3-black-2\/\",\"url\":\"https:\/\/audibax.com\/fr\/produit\/sp3-black-2\/\",\"name\":\"SP3 Black - Audibax\",\"isPartOf\":{\"@id\":\"https:\/\/audibax.com\/fr\/#website\"},\"primaryImageOfPage\":{\"@id\":\"https:\/\/audibax.com\/fr\/produit\/sp3-black-2\/#primaryimage\"},\"image\":{\"@id\":\"https:\/\/audibax.com\/fr\/produit\/sp3-black-2\/#primaryimage\"},\"thumbnailUrl\":\"https:\/\/audibax.com\/wp-content\/uploads\/2023\/12\/audibax-sp3-soporte-atril-orquesta-profesional-premium.jpg\",\"datePublished\":\"2023-12-11T12:55:03+00:00\",\"dateModified\":\"2023-12-27T11:01:23+00:00\",\"breadcrumb\":{\"@id\":\"https:\/\/audibax.com\/fr\/produit\/sp3-black-2\/#breadcrumb\"},\"inLanguage\":\"fr-FR\",\"potentialAction\":[{\"@type\":\"ReadAction\",\"target\":[\"https:\/\/audibax.com\/fr\/produit\/sp3-black-2\/\"]}]},{\"@type\":\"ImageObject\",\"inLanguage\":\"fr-FR\",\"@id\":\"https:\/\/audibax.com\/fr\/produit\/sp3-black-2\/#primaryimage\",\"url\":\"https:\/\/audibax.com\/wp-content\/uploads\/2023\/12\/audibax-sp3-soporte-atril-orquesta-profesional-premium.jpg\",\"contentUrl\":\"https:\/\/audibax.com\/wp-content\/uploads\/2023\/12\/audibax-sp3-soporte-atril-orquesta-profesional-premium.jpg\",\"width\":1197,\"height\":2500},{\"@type\":\"BreadcrumbList\",\"@id\":\"https:\/\/audibax.com\/fr\/produit\/sp3-black-2\/#breadcrumb\",\"itemListElement\":[{\"@type\":\"ListItem\",\"position\":1,\"name\":\"Portada\",\"item\":\"https:\/\/audibax.com\/fr\/\"},{\"@type\":\"ListItem\",\"position\":2,\"name\":\"Produits\",\"item\":\"https:\/\/audibax.com\/fr\/shop\/\"},{\"@type\":\"ListItem\",\"position\":3,\"name\":\"SP3 Black\"}]},{\"@type\":\"WebSite\",\"@id\":\"https:\/\/audibax.com\/fr\/#website\",\"url\":\"https:\/\/audibax.com\/fr\/\",\"name\":\"Audibax\",\"description\":\"\",\"publisher\":{\"@id\":\"https:\/\/audibax.com\/fr\/#organization\"},\"potentialAction\":[{\"@type\":\"SearchAction\",\"target\":{\"@type\":\"EntryPoint\",\"urlTemplate\":\"https:\/\/audibax.com\/fr\/?s={search_term_string}\"},\"query-input\":{\"@type\":\"PropertyValueSpecification\",\"valueRequired\":true,\"valueName\":\"search_term_string\"}}],\"inLanguage\":\"fr-FR\"},{\"@type\":\"Organization\",\"@id\":\"https:\/\/audibax.com\/fr\/#organization\",\"name\":\"Audibax\",\"url\":\"https:\/\/audibax.com\/fr\/\",\"logo\":{\"@type\":\"ImageObject\",\"inLanguage\":\"fr-FR\",\"@id\":\"https:\/\/audibax.com\/fr\/#\/schema\/logo\/image\/\",\"url\":\"https:\/\/audibax.com\/wp-content\/uploads\/2023\/09\/logo-Audibax-BLANCO-SVG-1.svg\",\"contentUrl\":\"https:\/\/audibax.com\/wp-content\/uploads\/2023\/09\/logo-Audibax-BLANCO-SVG-1.svg\",\"caption\":\"Audibax\"},\"image\":{\"@id\":\"https:\/\/audibax.com\/fr\/#\/schema\/logo\/image\/\"}}]}<\/script>\n<!-- \/ Yoast SEO plugin. -->","yoast_head_json":{"title":"SP3 Black - Audibax","robots":{"index":"index","follow":"follow","max-snippet":"max-snippet:-1","max-image-preview":"max-image-preview:large","max-video-preview":"max-video-preview:-1"},"canonical":"https:\/\/audibax.com\/fr\/produit\/sp3-black-2\/","og_locale":"fr_FR","og_type":"article","og_title":"SP3 Black - Audibax","og_url":"https:\/\/audibax.com\/fr\/produit\/sp3-black-2\/","og_site_name":"Audibax","article_modified_time":"2023-12-27T11:01:23+00:00","twitter_card":"summary_large_image","schema":{"@context":"https:\/\/schema.org","@graph":[{"@type":"WebPage","@id":"https:\/\/audibax.com\/fr\/produit\/sp3-black-2\/","url":"https:\/\/audibax.com\/fr\/produit\/sp3-black-2\/","name":"SP3 Black - Audibax","isPartOf":{"@id":"https:\/\/audibax.com\/fr\/#website"},"primaryImageOfPage":{"@id":"https:\/\/audibax.com\/fr\/produit\/sp3-black-2\/#primaryimage"},"image":{"@id":"https:\/\/audibax.com\/fr\/produit\/sp3-black-2\/#primaryimage"},"thumbnailUrl":"https:\/\/audibax.com\/wp-content\/uploads\/2023\/12\/audibax-sp3-soporte-atril-orquesta-profesional-premium.jpg","datePublished":"2023-12-11T12:55:03+00:00","dateModified":"2023-12-27T11:01:23+00:00","breadcrumb":{"@id":"https:\/\/audibax.com\/fr\/produit\/sp3-black-2\/#breadcrumb"},"inLanguage":"fr-FR","potentialAction":[{"@type":"ReadAction","target":["https:\/\/audibax.com\/fr\/produit\/sp3-black-2\/"]}]},{"@type":"ImageObject","inLanguage":"fr-FR","@id":"https:\/\/audibax.com\/fr\/produit\/sp3-black-2\/#primaryimage","url":"https:\/\/audibax.com\/wp-content\/uploads\/2023\/12\/audibax-sp3-soporte-atril-orquesta-profesional-premium.jpg","contentUrl":"https:\/\/audibax.com\/wp-content\/uploads\/2023\/12\/audibax-sp3-soporte-atril-orquesta-profesional-premium.jpg","width":1197,"height":2500},{"@type":"BreadcrumbList","@id":"https:\/\/audibax.com\/fr\/produit\/sp3-black-2\/#breadcrumb","itemListElement":[{"@type":"ListItem","position":1,"name":"Portada","item":"https:\/\/audibax.com\/fr\/"},{"@type":"ListItem","position":2,"name":"Produits","item":"https:\/\/audibax.com\/fr\/shop\/"},{"@type":"ListItem","position":3,"name":"SP3 Black"}]},{"@type":"WebSite","@id":"https:\/\/audibax.com\/fr\/#website","url":"https:\/\/audibax.com\/fr\/","name":"Audibax","description":"","publisher":{"@id":"https:\/\/audibax.com\/fr\/#organization"},"potentialAction":[{"@type":"SearchAction","target":{"@type":"EntryPoint","urlTemplate":"https:\/\/audibax.com\/fr\/?s={search_term_string}"},"query-input":{"@type":"PropertyValueSpecification","valueRequired":true,"valueName":"search_term_string"}}],"inLanguage":"fr-FR"},{"@type":"Organization","@id":"https:\/\/audibax.com\/fr\/#organization","name":"Audibax","url":"https:\/\/audibax.com\/fr\/","logo":{"@type":"ImageObject","inLanguage":"fr-FR","@id":"https:\/\/audibax.com\/fr\/#\/schema\/logo\/image\/","url":"https:\/\/audibax.com\/wp-content\/uploads\/2023\/09\/logo-Audibax-BLANCO-SVG-1.svg","contentUrl":"https:\/\/audibax.com\/wp-content\/uploads\/2023\/09\/logo-Audibax-BLANCO-SVG-1.svg","caption":"Audibax"},"image":{"@id":"https:\/\/audibax.com\/fr\/#\/schema\/logo\/image\/"}}]}},"_links":{"self":[{"href":"https:\/\/audibax.com\/fr\/wp-json\/wp\/v2\/product\/36876","targetHints":{"allow":["GET"]}}],"collection":[{"href":"https:\/\/audibax.com\/fr\/wp-json\/wp\/v2\/product"}],"about":[{"href":"https:\/\/audibax.com\/fr\/wp-json\/wp\/v2\/types\/product"}],"replies":[{"embeddable":true,"href":"https:\/\/audibax.com\/fr\/wp-json\/wp\/v2\/comments?post=36876"}],"wp:featuredmedia":[{"embeddable":true,"href":"https:\/\/audibax.com\/fr\/wp-json\/wp\/v2\/media\/17795"}],"wp:attachment":[{"href":"https:\/\/audibax.com\/fr\/wp-json\/wp\/v2\/media?parent=36876"}],"wp:term":[{"taxonomy":"product_cat","embeddable":true,"href":"https:\/\/audibax.com\/fr\/wp-json\/wp\/v2\/product_cat?post=36876"},{"taxonomy":"product_tag","embeddable":true,"href":"https:\/\/audibax.com\/fr\/wp-json\/wp\/v2\/product_tag?post=36876"}],"curies":[{"name":"wp","href":"https:\/\/api.w.org\/{rel}","templated":true}]}}