{"id":36873,"date":"2023-12-11T13:54:58","date_gmt":"2023-12-11T12:54:58","guid":{"rendered":"https:\/\/audibax.com\/product\/mts20-black-2\/"},"modified":"2023-12-27T12:01:21","modified_gmt":"2023-12-27T11:01:21","slug":"mts20-black-2","status":"publish","type":"product","link":"https:\/\/audibax.com\/fr\/produit\/mts20-black-2\/","title":{"rendered":"MTS20 Black"},"content":{"rendered":"<\/p>\n<p><strong>Audibax MTS-20 Desktop Microphone Stand Studio Articulating Arm Pre-wired<\/strong><\/strong><\/p>\n<p>L&rsquo;Audibax MTS-20 est un pied de micro de bureau parfait pour le streaming, les podcasts, les enregistrements de voix off, les gamers et bien d&rsquo;autres applications. Il b\u00e9n\u00e9ficie d&rsquo;un design et d&rsquo;une qualit\u00e9 exceptionnels et est livr\u00e9 avec un c\u00e2ble interne qui vous aidera \u00e0 gagner de l&rsquo;espace et \u00e0 garder votre studio bien rang\u00e9.<\/p>\n<p>Son design est lin\u00e9aire et sobre en noir avec une forme de tube, ce qui vous aidera \u00e0 avoir un look parfait \u00e0 l&rsquo;\u00e9cran.<\/p>\n<p>Le pied de micro Audibax <strong>MTS-20<\/strong> est articul\u00e9 et vous permet de l&rsquo;ajuster afin de placer votre micro \u00e0 la hauteur souhait\u00e9e et il dispose \u00e9galement d&rsquo;une poign\u00e9e de bureau en forme de C qui s&rsquo;adapte parfaitement \u00e0 tout type de table.<\/p>\n<p>Le MTS-20 est fabriqu\u00e9 avec des mat\u00e9riaux de haute qualit\u00e9 pour garantir la robustesse, la stabilit\u00e9 et la longue dur\u00e9e de vie du produit.<\/p>\n<h3>Caract\u00e9ristiques techniques Audibax MTS-20<\/h3>\n<ul>\n<li>Support de table pour microphones<\/li>\n<li>Support de table pour microphones<\/li>\n<li>Audibax MTS-20<\/h3>\n<li>Audibax MTS-20<\/h3>\n<p>.oacute;fono<\/li>\n<li>Bras articul\u00e9<\/li>\n<li>Pince de bureau en forme de C<\/li>\n<li>Filet : 5\/8 &quot;<\/li>\n<li>Pr\u00e9c\u00e2blage avec c\u00e2ble XLR<\/li>\n<li>Couleur : Noir<\/li>\n<li>Mesures :\n<ul>\n<li>Longueur du fond : 452mm<\/li>\n<li>Longueur du haut : 398mm + 114mm<\/li>\n<li>Pince : 75mm<\/li>\n<li>Longueur du c\u00e2ble : 1600mm<\/li>\n<\/ul>\n<\/ul>\n<\/li>\n<li>Poids : 1.15kgs<\/li>\n<li>Couleur : Noir<\/li>\n<li>Le lustre et le microphone ne sont pas inclus<\/li>\n<\/ul>\n<p>&nbsp;<\/p>\n<p>.<\/p>\n","protected":false},"excerpt":{"rendered":"<ul>\n<li>Pied de bureau pour microphone<\/li>\n<li>Bras articul\u00e9<\/li>\n<li>Pince de bureau en forme de C<\/li>\n<li>Ros : 5\/8<\/quot;<\/li>\n<li>Pr\u00e9c\u00e2blage avec c\u00e2ble XLR<\/li>\n<\/ul>\n","protected":false},"featured_media":17384,"comment_status":"open","ping_status":"closed","template":"","meta":{"_acf_changed":false},"product_cat":[437],"product_tag":[],"class_list":{"0":"post-36873","1":"product","2":"type-product","3":"status-publish","4":"has-post-thumbnail","6":"product_cat-supports-de-micro-fr","8":"first","9":"instock","10":"shipping-taxable","11":"product-type-simple"},"acf":[],"yoast_head":"<!-- This site is optimized with the Yoast SEO plugin v27.0 - https:\/\/yoast.com\/product\/yoast-seo-wordpress\/ -->\n<title>MTS20 Black - Audibax<\/title>\n<meta name=\"robots\" content=\"index, follow, max-snippet:-1, max-image-preview:large, max-video-preview:-1\" \/>\n<link rel=\"canonical\" href=\"https:\/\/audibax.com\/fr\/produit\/mts20-black-2\/\" \/>\n<meta property=\"og:locale\" content=\"fr_FR\" \/>\n<meta property=\"og:type\" content=\"article\" \/>\n<meta property=\"og:title\" content=\"MTS20 Black - Audibax\" \/>\n<meta property=\"og:description\" content=\"Pied de bureau pour microphone Bras articul\u00e9 Pince de bureau en forme de C Ros : 5\/8\" \/>\n<meta property=\"og:url\" content=\"https:\/\/audibax.com\/fr\/produit\/mts20-black-2\/\" \/>\n<meta property=\"og:site_name\" content=\"Audibax\" \/>\n<meta property=\"article:modified_time\" content=\"2023-12-27T11:01:21+00:00\" \/>\n<meta name=\"twitter:card\" content=\"summary_large_image\" \/>\n<meta name=\"twitter:label1\" content=\"Dur\u00e9e de lecture estim\u00e9e\" \/>\n\t<meta name=\"twitter:data1\" content=\"1 minute\" \/>\n<script type=\"application\/ld+json\" class=\"yoast-schema-graph\">{\"@context\":\"https:\/\/schema.org\",\"@graph\":[{\"@type\":\"WebPage\",\"@id\":\"https:\/\/audibax.com\/fr\/produit\/mts20-black-2\/\",\"url\":\"https:\/\/audibax.com\/fr\/produit\/mts20-black-2\/\",\"name\":\"MTS20 Black - Audibax\",\"isPartOf\":{\"@id\":\"https:\/\/audibax.com\/fr\/#website\"},\"primaryImageOfPage\":{\"@id\":\"https:\/\/audibax.com\/fr\/produit\/mts20-black-2\/#primaryimage\"},\"image\":{\"@id\":\"https:\/\/audibax.com\/fr\/produit\/mts20-black-2\/#primaryimage\"},\"thumbnailUrl\":\"https:\/\/audibax.com\/wp-content\/uploads\/2023\/12\/audibax-MTS20_soporte_microfono_cable.jpg\",\"datePublished\":\"2023-12-11T12:54:58+00:00\",\"dateModified\":\"2023-12-27T11:01:21+00:00\",\"breadcrumb\":{\"@id\":\"https:\/\/audibax.com\/fr\/produit\/mts20-black-2\/#breadcrumb\"},\"inLanguage\":\"fr-FR\",\"potentialAction\":[{\"@type\":\"ReadAction\",\"target\":[\"https:\/\/audibax.com\/fr\/produit\/mts20-black-2\/\"]}]},{\"@type\":\"ImageObject\",\"inLanguage\":\"fr-FR\",\"@id\":\"https:\/\/audibax.com\/fr\/produit\/mts20-black-2\/#primaryimage\",\"url\":\"https:\/\/audibax.com\/wp-content\/uploads\/2023\/12\/audibax-MTS20_soporte_microfono_cable.jpg\",\"contentUrl\":\"https:\/\/audibax.com\/wp-content\/uploads\/2023\/12\/audibax-MTS20_soporte_microfono_cable.jpg\",\"width\":1174,\"height\":1500},{\"@type\":\"BreadcrumbList\",\"@id\":\"https:\/\/audibax.com\/fr\/produit\/mts20-black-2\/#breadcrumb\",\"itemListElement\":[{\"@type\":\"ListItem\",\"position\":1,\"name\":\"Portada\",\"item\":\"https:\/\/audibax.com\/fr\/\"},{\"@type\":\"ListItem\",\"position\":2,\"name\":\"Produits\",\"item\":\"https:\/\/audibax.com\/fr\/shop\/\"},{\"@type\":\"ListItem\",\"position\":3,\"name\":\"MTS20 Black\"}]},{\"@type\":\"WebSite\",\"@id\":\"https:\/\/audibax.com\/fr\/#website\",\"url\":\"https:\/\/audibax.com\/fr\/\",\"name\":\"Audibax\",\"description\":\"\",\"publisher\":{\"@id\":\"https:\/\/audibax.com\/fr\/#organization\"},\"potentialAction\":[{\"@type\":\"SearchAction\",\"target\":{\"@type\":\"EntryPoint\",\"urlTemplate\":\"https:\/\/audibax.com\/fr\/?s={search_term_string}\"},\"query-input\":{\"@type\":\"PropertyValueSpecification\",\"valueRequired\":true,\"valueName\":\"search_term_string\"}}],\"inLanguage\":\"fr-FR\"},{\"@type\":\"Organization\",\"@id\":\"https:\/\/audibax.com\/fr\/#organization\",\"name\":\"Audibax\",\"url\":\"https:\/\/audibax.com\/fr\/\",\"logo\":{\"@type\":\"ImageObject\",\"inLanguage\":\"fr-FR\",\"@id\":\"https:\/\/audibax.com\/fr\/#\/schema\/logo\/image\/\",\"url\":\"https:\/\/audibax.com\/wp-content\/uploads\/2023\/09\/logo-Audibax-BLANCO-SVG-1.svg\",\"contentUrl\":\"https:\/\/audibax.com\/wp-content\/uploads\/2023\/09\/logo-Audibax-BLANCO-SVG-1.svg\",\"caption\":\"Audibax\"},\"image\":{\"@id\":\"https:\/\/audibax.com\/fr\/#\/schema\/logo\/image\/\"}}]}<\/script>\n<!-- \/ Yoast SEO plugin. -->","yoast_head_json":{"title":"MTS20 Black - Audibax","robots":{"index":"index","follow":"follow","max-snippet":"max-snippet:-1","max-image-preview":"max-image-preview:large","max-video-preview":"max-video-preview:-1"},"canonical":"https:\/\/audibax.com\/fr\/produit\/mts20-black-2\/","og_locale":"fr_FR","og_type":"article","og_title":"MTS20 Black - Audibax","og_description":"Pied de bureau pour microphone Bras articul\u00e9 Pince de bureau en forme de C Ros : 5\/8","og_url":"https:\/\/audibax.com\/fr\/produit\/mts20-black-2\/","og_site_name":"Audibax","article_modified_time":"2023-12-27T11:01:21+00:00","twitter_card":"summary_large_image","twitter_misc":{"Dur\u00e9e de lecture estim\u00e9e":"1 minute"},"schema":{"@context":"https:\/\/schema.org","@graph":[{"@type":"WebPage","@id":"https:\/\/audibax.com\/fr\/produit\/mts20-black-2\/","url":"https:\/\/audibax.com\/fr\/produit\/mts20-black-2\/","name":"MTS20 Black - Audibax","isPartOf":{"@id":"https:\/\/audibax.com\/fr\/#website"},"primaryImageOfPage":{"@id":"https:\/\/audibax.com\/fr\/produit\/mts20-black-2\/#primaryimage"},"image":{"@id":"https:\/\/audibax.com\/fr\/produit\/mts20-black-2\/#primaryimage"},"thumbnailUrl":"https:\/\/audibax.com\/wp-content\/uploads\/2023\/12\/audibax-MTS20_soporte_microfono_cable.jpg","datePublished":"2023-12-11T12:54:58+00:00","dateModified":"2023-12-27T11:01:21+00:00","breadcrumb":{"@id":"https:\/\/audibax.com\/fr\/produit\/mts20-black-2\/#breadcrumb"},"inLanguage":"fr-FR","potentialAction":[{"@type":"ReadAction","target":["https:\/\/audibax.com\/fr\/produit\/mts20-black-2\/"]}]},{"@type":"ImageObject","inLanguage":"fr-FR","@id":"https:\/\/audibax.com\/fr\/produit\/mts20-black-2\/#primaryimage","url":"https:\/\/audibax.com\/wp-content\/uploads\/2023\/12\/audibax-MTS20_soporte_microfono_cable.jpg","contentUrl":"https:\/\/audibax.com\/wp-content\/uploads\/2023\/12\/audibax-MTS20_soporte_microfono_cable.jpg","width":1174,"height":1500},{"@type":"BreadcrumbList","@id":"https:\/\/audibax.com\/fr\/produit\/mts20-black-2\/#breadcrumb","itemListElement":[{"@type":"ListItem","position":1,"name":"Portada","item":"https:\/\/audibax.com\/fr\/"},{"@type":"ListItem","position":2,"name":"Produits","item":"https:\/\/audibax.com\/fr\/shop\/"},{"@type":"ListItem","position":3,"name":"MTS20 Black"}]},{"@type":"WebSite","@id":"https:\/\/audibax.com\/fr\/#website","url":"https:\/\/audibax.com\/fr\/","name":"Audibax","description":"","publisher":{"@id":"https:\/\/audibax.com\/fr\/#organization"},"potentialAction":[{"@type":"SearchAction","target":{"@type":"EntryPoint","urlTemplate":"https:\/\/audibax.com\/fr\/?s={search_term_string}"},"query-input":{"@type":"PropertyValueSpecification","valueRequired":true,"valueName":"search_term_string"}}],"inLanguage":"fr-FR"},{"@type":"Organization","@id":"https:\/\/audibax.com\/fr\/#organization","name":"Audibax","url":"https:\/\/audibax.com\/fr\/","logo":{"@type":"ImageObject","inLanguage":"fr-FR","@id":"https:\/\/audibax.com\/fr\/#\/schema\/logo\/image\/","url":"https:\/\/audibax.com\/wp-content\/uploads\/2023\/09\/logo-Audibax-BLANCO-SVG-1.svg","contentUrl":"https:\/\/audibax.com\/wp-content\/uploads\/2023\/09\/logo-Audibax-BLANCO-SVG-1.svg","caption":"Audibax"},"image":{"@id":"https:\/\/audibax.com\/fr\/#\/schema\/logo\/image\/"}}]}},"_links":{"self":[{"href":"https:\/\/audibax.com\/fr\/wp-json\/wp\/v2\/product\/36873","targetHints":{"allow":["GET"]}}],"collection":[{"href":"https:\/\/audibax.com\/fr\/wp-json\/wp\/v2\/product"}],"about":[{"href":"https:\/\/audibax.com\/fr\/wp-json\/wp\/v2\/types\/product"}],"replies":[{"embeddable":true,"href":"https:\/\/audibax.com\/fr\/wp-json\/wp\/v2\/comments?post=36873"}],"wp:featuredmedia":[{"embeddable":true,"href":"https:\/\/audibax.com\/fr\/wp-json\/wp\/v2\/media\/17384"}],"wp:attachment":[{"href":"https:\/\/audibax.com\/fr\/wp-json\/wp\/v2\/media?parent=36873"}],"wp:term":[{"taxonomy":"product_cat","embeddable":true,"href":"https:\/\/audibax.com\/fr\/wp-json\/wp\/v2\/product_cat?post=36873"},{"taxonomy":"product_tag","embeddable":true,"href":"https:\/\/audibax.com\/fr\/wp-json\/wp\/v2\/product_tag?post=36873"}],"curies":[{"name":"wp","href":"https:\/\/api.w.org\/{rel}","templated":true}]}}