{"id":36869,"date":"2023-12-11T13:54:41","date_gmt":"2023-12-11T12:54:41","guid":{"rendered":"https:\/\/audibax.com\/product\/base-10e-black-2\/"},"modified":"2023-12-27T12:01:17","modified_gmt":"2023-12-27T11:01:17","slug":"base-10e-black-2","status":"publish","type":"product","link":"https:\/\/audibax.com\/fr\/produit\/base-10e-black-2\/","title":{"rendered":"Base 10E Black"},"content":{"rendered":"<\/p>\n<p><strong>Audibax Base 10E Stand Microphone Floor Stand Adjustable Giraffe Round Base and Easy Block<\/strong><\/p>\n<p><strong>La base 10E d&rsquo;Audibax est le compl\u00e9ment parfait pour votre microphone.p>Le pied de microphone Audibax Base 10E est le <strong>compl\u00e9ment parfait de votre microphone<\/strong>.<\/p>\n<p>Un pied de perche id\u00e9al pour tous les usages : <strong>\u00e0 la maison, en studio ou sur sc\u00e8ne<\/strong>. Son design est con\u00e7u pour s&rsquo;adapter totalement \u00e0 vos besoins, puisqu&rsquo;il dispose d&rsquo;un <strong>bras et d&rsquo;une hauteur r\u00e9glables<\/strong> de la mani\u00e8re la plus simple qui soit. <\/p>\n<p>Le bras sup\u00e9rieur est r\u00e9glable dans la position et l&rsquo;angle de votre choix. Sa base ronde est tr\u00e8s robuste et offre une grande stabilit\u00e9, m\u00eame lorsque le pied est \u00e0 sa hauteur maximale.<\/p>\n<p>Le pied de micro Audibax Base 10E est fabriqu\u00e9 avec des mat\u00e9riaux de haute qualit\u00e9, ce qui garantit une grande durabilit\u00e9 du produit.<\/p>\n<h3>Caract\u00e9ristiques techniques Audibax Base 10E<\/h3>\n<ul>\n<li>\n<li>Pied de perche m\u00e9tallique pour microphone<\/li>\n<li>Syst\u00e8me Easy Block pour r\u00e9gler le volume et la.li>Syst\u00e8me Easy Block pour le r\u00e9glage de la hauteur<\/li>\n<li>Base ronde<\/li>\n<li>Hauteur r\u00e9glable<\/li>\n<li>Couleur Noir<\/li>\n<li>Fil : 5\/8<\/li>\n<li>Mesures:\n<ul>\n<li>Du sol \u00e0 la girafe : 1002mm<\/li>\n<li>Hauteur totale : 1572mm<\/li>\n<li>Longueur de la girafe : 556-856mm<\/li>\n<li>Base : 251mm<\/li>\n<\/ul>\n<\/li>\n<\/li>\n<li>Poids : 4.75kgs<\/li>\n<li>La pince et le micro sur la photo ne sont pas inclus<\/li>\n<\/ul>\n<\/ul>\n","protected":false},"excerpt":{"rendered":"<ul>\n<li>Pied de micro de type perche m\u00e9tallique<\/li>\n<li>Syst\u00e8me Easy Block pour le r\u00e9glage de la hauteur<\/li>\n<li>Base ronde<\/li>\n<li>Hauteur r\u00e9glable<\/li>\n<li>Couleur noire<\/li>\n<\/ul>\n<p>Couleur noire<\/li>\n<li>Base ronde<\/li>\n<li>Hauteur r\u00e9glable<\/li>\n<li>Couleur noire<\/li>\n<li>Couleur noire<\/li>\n<li>Couleur noire<\/li>\n<ul>\n<li>Couleur noire<\/li>\n<li>Couleur noire\n<li>Base ronde<\/li>\n<li>Hauteur r\u00e9glable<\/li>\n<li>Noir<\/li>\n<\/ul>\n<li>Couleur Noir<\/li>\n<\/ul>\n<\/ul>\n<\/ul>\n","protected":false},"featured_media":16580,"comment_status":"open","ping_status":"closed","template":"","meta":{"_acf_changed":false},"product_cat":[437],"product_tag":[],"class_list":{"0":"post-36869","1":"product","2":"type-product","3":"status-publish","4":"has-post-thumbnail","6":"product_cat-supports-de-micro-fr","8":"first","9":"instock","10":"shipping-taxable","11":"product-type-simple"},"acf":[],"yoast_head":"<!-- This site is optimized with the Yoast SEO plugin v27.0 - https:\/\/yoast.com\/product\/yoast-seo-wordpress\/ -->\n<title>Base 10E Black - Audibax<\/title>\n<meta name=\"robots\" content=\"index, follow, max-snippet:-1, max-image-preview:large, max-video-preview:-1\" \/>\n<link rel=\"canonical\" href=\"https:\/\/audibax.com\/fr\/produit\/base-10e-black-2\/\" \/>\n<meta property=\"og:locale\" content=\"fr_FR\" \/>\n<meta property=\"og:type\" content=\"article\" \/>\n<meta property=\"og:title\" content=\"Base 10E Black - Audibax\" \/>\n<meta property=\"og:description\" content=\"Pied de micro de type perche m\u00e9tallique Syst\u00e8me Easy Block pour le r\u00e9glage de la hauteur Base ronde Hauteur r\u00e9glable Couleur noire Couleur noire Base ronde Hauteur r\u00e9glable Couleur noire Couleur noire Couleur noire Couleur noire Couleur noireBase ronde Hauteur r\u00e9glable Noir Couleur Noir\" \/>\n<meta property=\"og:url\" content=\"https:\/\/audibax.com\/fr\/produit\/base-10e-black-2\/\" \/>\n<meta property=\"og:site_name\" content=\"Audibax\" \/>\n<meta property=\"article:modified_time\" content=\"2023-12-27T11:01:17+00:00\" \/>\n<meta name=\"twitter:card\" content=\"summary_large_image\" \/>\n<meta name=\"twitter:label1\" content=\"Dur\u00e9e de lecture estim\u00e9e\" \/>\n\t<meta name=\"twitter:data1\" content=\"1 minute\" \/>\n<script type=\"application\/ld+json\" class=\"yoast-schema-graph\">{\"@context\":\"https:\/\/schema.org\",\"@graph\":[{\"@type\":\"WebPage\",\"@id\":\"https:\/\/audibax.com\/fr\/produit\/base-10e-black-2\/\",\"url\":\"https:\/\/audibax.com\/fr\/produit\/base-10e-black-2\/\",\"name\":\"Base 10E Black - Audibax\",\"isPartOf\":{\"@id\":\"https:\/\/audibax.com\/fr\/#website\"},\"primaryImageOfPage\":{\"@id\":\"https:\/\/audibax.com\/fr\/produit\/base-10e-black-2\/#primaryimage\"},\"image\":{\"@id\":\"https:\/\/audibax.com\/fr\/produit\/base-10e-black-2\/#primaryimage\"},\"thumbnailUrl\":\"https:\/\/audibax.com\/wp-content\/uploads\/2023\/12\/audibax_BASE10E_soporte_jirafa_microfono_suelo.jpg\",\"datePublished\":\"2023-12-11T12:54:41+00:00\",\"dateModified\":\"2023-12-27T11:01:17+00:00\",\"breadcrumb\":{\"@id\":\"https:\/\/audibax.com\/fr\/produit\/base-10e-black-2\/#breadcrumb\"},\"inLanguage\":\"fr-FR\",\"potentialAction\":[{\"@type\":\"ReadAction\",\"target\":[\"https:\/\/audibax.com\/fr\/produit\/base-10e-black-2\/\"]}]},{\"@type\":\"ImageObject\",\"inLanguage\":\"fr-FR\",\"@id\":\"https:\/\/audibax.com\/fr\/produit\/base-10e-black-2\/#primaryimage\",\"url\":\"https:\/\/audibax.com\/wp-content\/uploads\/2023\/12\/audibax_BASE10E_soporte_jirafa_microfono_suelo.jpg\",\"contentUrl\":\"https:\/\/audibax.com\/wp-content\/uploads\/2023\/12\/audibax_BASE10E_soporte_jirafa_microfono_suelo.jpg\",\"width\":815,\"height\":1500},{\"@type\":\"BreadcrumbList\",\"@id\":\"https:\/\/audibax.com\/fr\/produit\/base-10e-black-2\/#breadcrumb\",\"itemListElement\":[{\"@type\":\"ListItem\",\"position\":1,\"name\":\"Portada\",\"item\":\"https:\/\/audibax.com\/fr\/\"},{\"@type\":\"ListItem\",\"position\":2,\"name\":\"Produits\",\"item\":\"https:\/\/audibax.com\/fr\/shop\/\"},{\"@type\":\"ListItem\",\"position\":3,\"name\":\"Base 10E Black\"}]},{\"@type\":\"WebSite\",\"@id\":\"https:\/\/audibax.com\/fr\/#website\",\"url\":\"https:\/\/audibax.com\/fr\/\",\"name\":\"Audibax\",\"description\":\"\",\"publisher\":{\"@id\":\"https:\/\/audibax.com\/fr\/#organization\"},\"potentialAction\":[{\"@type\":\"SearchAction\",\"target\":{\"@type\":\"EntryPoint\",\"urlTemplate\":\"https:\/\/audibax.com\/fr\/?s={search_term_string}\"},\"query-input\":{\"@type\":\"PropertyValueSpecification\",\"valueRequired\":true,\"valueName\":\"search_term_string\"}}],\"inLanguage\":\"fr-FR\"},{\"@type\":\"Organization\",\"@id\":\"https:\/\/audibax.com\/fr\/#organization\",\"name\":\"Audibax\",\"url\":\"https:\/\/audibax.com\/fr\/\",\"logo\":{\"@type\":\"ImageObject\",\"inLanguage\":\"fr-FR\",\"@id\":\"https:\/\/audibax.com\/fr\/#\/schema\/logo\/image\/\",\"url\":\"https:\/\/audibax.com\/wp-content\/uploads\/2023\/09\/logo-Audibax-BLANCO-SVG-1.svg\",\"contentUrl\":\"https:\/\/audibax.com\/wp-content\/uploads\/2023\/09\/logo-Audibax-BLANCO-SVG-1.svg\",\"caption\":\"Audibax\"},\"image\":{\"@id\":\"https:\/\/audibax.com\/fr\/#\/schema\/logo\/image\/\"}}]}<\/script>\n<!-- \/ Yoast SEO plugin. -->","yoast_head_json":{"title":"Base 10E Black - Audibax","robots":{"index":"index","follow":"follow","max-snippet":"max-snippet:-1","max-image-preview":"max-image-preview:large","max-video-preview":"max-video-preview:-1"},"canonical":"https:\/\/audibax.com\/fr\/produit\/base-10e-black-2\/","og_locale":"fr_FR","og_type":"article","og_title":"Base 10E Black - Audibax","og_description":"Pied de micro de type perche m\u00e9tallique Syst\u00e8me Easy Block pour le r\u00e9glage de la hauteur Base ronde Hauteur r\u00e9glable Couleur noire Couleur noire Base ronde Hauteur r\u00e9glable Couleur noire Couleur noire Couleur noire Couleur noire Couleur noireBase ronde Hauteur r\u00e9glable Noir Couleur Noir","og_url":"https:\/\/audibax.com\/fr\/produit\/base-10e-black-2\/","og_site_name":"Audibax","article_modified_time":"2023-12-27T11:01:17+00:00","twitter_card":"summary_large_image","twitter_misc":{"Dur\u00e9e de lecture estim\u00e9e":"1 minute"},"schema":{"@context":"https:\/\/schema.org","@graph":[{"@type":"WebPage","@id":"https:\/\/audibax.com\/fr\/produit\/base-10e-black-2\/","url":"https:\/\/audibax.com\/fr\/produit\/base-10e-black-2\/","name":"Base 10E Black - Audibax","isPartOf":{"@id":"https:\/\/audibax.com\/fr\/#website"},"primaryImageOfPage":{"@id":"https:\/\/audibax.com\/fr\/produit\/base-10e-black-2\/#primaryimage"},"image":{"@id":"https:\/\/audibax.com\/fr\/produit\/base-10e-black-2\/#primaryimage"},"thumbnailUrl":"https:\/\/audibax.com\/wp-content\/uploads\/2023\/12\/audibax_BASE10E_soporte_jirafa_microfono_suelo.jpg","datePublished":"2023-12-11T12:54:41+00:00","dateModified":"2023-12-27T11:01:17+00:00","breadcrumb":{"@id":"https:\/\/audibax.com\/fr\/produit\/base-10e-black-2\/#breadcrumb"},"inLanguage":"fr-FR","potentialAction":[{"@type":"ReadAction","target":["https:\/\/audibax.com\/fr\/produit\/base-10e-black-2\/"]}]},{"@type":"ImageObject","inLanguage":"fr-FR","@id":"https:\/\/audibax.com\/fr\/produit\/base-10e-black-2\/#primaryimage","url":"https:\/\/audibax.com\/wp-content\/uploads\/2023\/12\/audibax_BASE10E_soporte_jirafa_microfono_suelo.jpg","contentUrl":"https:\/\/audibax.com\/wp-content\/uploads\/2023\/12\/audibax_BASE10E_soporte_jirafa_microfono_suelo.jpg","width":815,"height":1500},{"@type":"BreadcrumbList","@id":"https:\/\/audibax.com\/fr\/produit\/base-10e-black-2\/#breadcrumb","itemListElement":[{"@type":"ListItem","position":1,"name":"Portada","item":"https:\/\/audibax.com\/fr\/"},{"@type":"ListItem","position":2,"name":"Produits","item":"https:\/\/audibax.com\/fr\/shop\/"},{"@type":"ListItem","position":3,"name":"Base 10E Black"}]},{"@type":"WebSite","@id":"https:\/\/audibax.com\/fr\/#website","url":"https:\/\/audibax.com\/fr\/","name":"Audibax","description":"","publisher":{"@id":"https:\/\/audibax.com\/fr\/#organization"},"potentialAction":[{"@type":"SearchAction","target":{"@type":"EntryPoint","urlTemplate":"https:\/\/audibax.com\/fr\/?s={search_term_string}"},"query-input":{"@type":"PropertyValueSpecification","valueRequired":true,"valueName":"search_term_string"}}],"inLanguage":"fr-FR"},{"@type":"Organization","@id":"https:\/\/audibax.com\/fr\/#organization","name":"Audibax","url":"https:\/\/audibax.com\/fr\/","logo":{"@type":"ImageObject","inLanguage":"fr-FR","@id":"https:\/\/audibax.com\/fr\/#\/schema\/logo\/image\/","url":"https:\/\/audibax.com\/wp-content\/uploads\/2023\/09\/logo-Audibax-BLANCO-SVG-1.svg","contentUrl":"https:\/\/audibax.com\/wp-content\/uploads\/2023\/09\/logo-Audibax-BLANCO-SVG-1.svg","caption":"Audibax"},"image":{"@id":"https:\/\/audibax.com\/fr\/#\/schema\/logo\/image\/"}}]}},"_links":{"self":[{"href":"https:\/\/audibax.com\/fr\/wp-json\/wp\/v2\/product\/36869","targetHints":{"allow":["GET"]}}],"collection":[{"href":"https:\/\/audibax.com\/fr\/wp-json\/wp\/v2\/product"}],"about":[{"href":"https:\/\/audibax.com\/fr\/wp-json\/wp\/v2\/types\/product"}],"replies":[{"embeddable":true,"href":"https:\/\/audibax.com\/fr\/wp-json\/wp\/v2\/comments?post=36869"}],"wp:featuredmedia":[{"embeddable":true,"href":"https:\/\/audibax.com\/fr\/wp-json\/wp\/v2\/media\/16580"}],"wp:attachment":[{"href":"https:\/\/audibax.com\/fr\/wp-json\/wp\/v2\/media?parent=36869"}],"wp:term":[{"taxonomy":"product_cat","embeddable":true,"href":"https:\/\/audibax.com\/fr\/wp-json\/wp\/v2\/product_cat?post=36869"},{"taxonomy":"product_tag","embeddable":true,"href":"https:\/\/audibax.com\/fr\/wp-json\/wp\/v2\/product_tag?post=36869"}],"curies":[{"name":"wp","href":"https:\/\/api.w.org\/{rel}","templated":true}]}}