{"id":36865,"date":"2023-12-11T13:54:31","date_gmt":"2023-12-11T12:54:31","guid":{"rendered":"https:\/\/audibax.com\/product\/sm50-black-2\/"},"modified":"2023-12-27T12:01:13","modified_gmt":"2023-12-27T11:01:13","slug":"sm50-black-2","status":"publish","type":"product","link":"https:\/\/audibax.com\/fr\/produit\/sm50-black-2\/","title":{"rendered":"SM50 Black"},"content":{"rendered":"<\/p>\n<p><strong>Audibax SM50 Desktop Microphone Stand<\/strong><\/strong><\/p>\n<p>Le <strong>Audibax SM-50<\/strong> est un pied de micro de bureau suffisamment compact pour \u00eatre utilis\u00e9 \u00e0 la maison pour l&rsquo;enregistrement ou le podcasting.<\/p>\n<p>Ce pied de micro de bureau peut \u00eatre pli\u00e9 de mani\u00e8re compacte et est \u00e9galement r\u00e9glable en hauteur, ce qui vous permet d&rsquo;obtenir la position souhait\u00e9e pour votre micro.<\/p>\n<p>Il poss\u00e8de une base en forme de tricycle avec des renforts en caoutchouc sur ses trois pieds, ce qui garantit la s\u00e9curit\u00e9 de votre micro et de votre bureau et \u00e9vite les glissements ind\u00e9sirables sur la table.<\/p>\n<p>Il est fabriqu\u00e9 en acier noir, un mat\u00e9riau qui garantit une grande r\u00e9sistance et une excellente durabilit\u00e9 du produit.<\/p>\n<h3>Caract\u00e9ristiques g\u00e9n\u00e9rales Audibax SM50:<\/h3>\n<ul>\n<li>Support de table pour microphone<\/li>\n<li>Fil : 5\/8&quot;<\/li>\n<li>Taille compacte<\/li>\n<li>Pliable<\/li>\n<li>Hauteur r\u00e9glable<\/li>\n<li>Mat\u00e9riau : Acier<\/li>\n<li>Pieds renforc\u00e9s en caoutchouc pour \u00e9viter tout glissement ind\u00e9sirable<\/li>\n<li>Couleur : Noir<\/li>\n<li>Mesures :\n<ul>\n<li>Hauteur : 283mm &#8211; 403mm<\/li>\n<li>Socle : 310mm x 272mm<\/li>\n<\/ul>\n<\/ul>\n<li>Poids : 686g<\/li>\n<\/ul>\n","protected":false},"excerpt":{"rendered":"<ul>\n<li>Support de table pour microphone<\/li>\n<li>Filet : 5\/8&quot;<\/li>\n<li>Taille compacte<\/li>\n<li>Pliable<\/li>\n<li>Hauteur r\u00e9glable<\/li>\n<\/ul>\n<li>Hauteur r\u00e9glable<\/li>\n<\/ul>\n<li>Poign\u00e9e.<br \/>\n","protected":false},"featured_media":17771,"comment_status":"open","ping_status":"closed","template":"","meta":{"_acf_changed":false},"product_cat":[437],"product_tag":[],"class_list":{"0":"post-36865","1":"product","2":"type-product","3":"status-publish","4":"has-post-thumbnail","6":"product_cat-supports-de-micro-fr","8":"first","9":"instock","10":"shipping-taxable","11":"product-type-simple"},"acf":[],"yoast_head":"<!-- This site is optimized with the Yoast SEO plugin v27.0 - https:\/\/yoast.com\/product\/yoast-seo-wordpress\/ -->\n<title>SM50 Black - Audibax<\/title>\n<meta name=\"robots\" content=\"index, follow, max-snippet:-1, max-image-preview:large, max-video-preview:-1\" \/>\n<link rel=\"canonical\" href=\"https:\/\/audibax.com\/fr\/produit\/sm50-black-2\/\" \/>\n<meta property=\"og:locale\" content=\"fr_FR\" \/>\n<meta property=\"og:type\" content=\"article\" \/>\n<meta property=\"og:title\" content=\"SM50 Black - Audibax\" \/>\n<meta property=\"og:description\" content=\"Support de table pour microphone Filet : 5\/8&quot; Taille compacte Pliable Hauteur r\u00e9glable Hauteur r\u00e9glable Poign\u00e9e.\" \/>\n<meta property=\"og:url\" content=\"https:\/\/audibax.com\/fr\/produit\/sm50-black-2\/\" \/>\n<meta property=\"og:site_name\" content=\"Audibax\" \/>\n<meta property=\"article:modified_time\" content=\"2023-12-27T11:01:13+00:00\" \/>\n<meta name=\"twitter:card\" content=\"summary_large_image\" \/>\n<meta name=\"twitter:label1\" content=\"Dur\u00e9e de lecture estim\u00e9e\" \/>\n\t<meta name=\"twitter:data1\" content=\"1 minute\" \/>\n<script type=\"application\/ld+json\" class=\"yoast-schema-graph\">{\"@context\":\"https:\/\/schema.org\",\"@graph\":[{\"@type\":\"WebPage\",\"@id\":\"https:\/\/audibax.com\/fr\/produit\/sm50-black-2\/\",\"url\":\"https:\/\/audibax.com\/fr\/produit\/sm50-black-2\/\",\"name\":\"SM50 Black - Audibax\",\"isPartOf\":{\"@id\":\"https:\/\/audibax.com\/fr\/#website\"},\"primaryImageOfPage\":{\"@id\":\"https:\/\/audibax.com\/fr\/produit\/sm50-black-2\/#primaryimage\"},\"image\":{\"@id\":\"https:\/\/audibax.com\/fr\/produit\/sm50-black-2\/#primaryimage\"},\"thumbnailUrl\":\"https:\/\/audibax.com\/wp-content\/uploads\/2023\/12\/audibax-SM50-soporte-microfono-oferta.jpg\",\"datePublished\":\"2023-12-11T12:54:31+00:00\",\"dateModified\":\"2023-12-27T11:01:13+00:00\",\"breadcrumb\":{\"@id\":\"https:\/\/audibax.com\/fr\/produit\/sm50-black-2\/#breadcrumb\"},\"inLanguage\":\"fr-FR\",\"potentialAction\":[{\"@type\":\"ReadAction\",\"target\":[\"https:\/\/audibax.com\/fr\/produit\/sm50-black-2\/\"]}]},{\"@type\":\"ImageObject\",\"inLanguage\":\"fr-FR\",\"@id\":\"https:\/\/audibax.com\/fr\/produit\/sm50-black-2\/#primaryimage\",\"url\":\"https:\/\/audibax.com\/wp-content\/uploads\/2023\/12\/audibax-SM50-soporte-microfono-oferta.jpg\",\"contentUrl\":\"https:\/\/audibax.com\/wp-content\/uploads\/2023\/12\/audibax-SM50-soporte-microfono-oferta.jpg\",\"width\":1104,\"height\":1500},{\"@type\":\"BreadcrumbList\",\"@id\":\"https:\/\/audibax.com\/fr\/produit\/sm50-black-2\/#breadcrumb\",\"itemListElement\":[{\"@type\":\"ListItem\",\"position\":1,\"name\":\"Portada\",\"item\":\"https:\/\/audibax.com\/fr\/\"},{\"@type\":\"ListItem\",\"position\":2,\"name\":\"Produits\",\"item\":\"https:\/\/audibax.com\/fr\/shop\/\"},{\"@type\":\"ListItem\",\"position\":3,\"name\":\"SM50 Black\"}]},{\"@type\":\"WebSite\",\"@id\":\"https:\/\/audibax.com\/fr\/#website\",\"url\":\"https:\/\/audibax.com\/fr\/\",\"name\":\"Audibax\",\"description\":\"\",\"publisher\":{\"@id\":\"https:\/\/audibax.com\/fr\/#organization\"},\"potentialAction\":[{\"@type\":\"SearchAction\",\"target\":{\"@type\":\"EntryPoint\",\"urlTemplate\":\"https:\/\/audibax.com\/fr\/?s={search_term_string}\"},\"query-input\":{\"@type\":\"PropertyValueSpecification\",\"valueRequired\":true,\"valueName\":\"search_term_string\"}}],\"inLanguage\":\"fr-FR\"},{\"@type\":\"Organization\",\"@id\":\"https:\/\/audibax.com\/fr\/#organization\",\"name\":\"Audibax\",\"url\":\"https:\/\/audibax.com\/fr\/\",\"logo\":{\"@type\":\"ImageObject\",\"inLanguage\":\"fr-FR\",\"@id\":\"https:\/\/audibax.com\/fr\/#\/schema\/logo\/image\/\",\"url\":\"https:\/\/audibax.com\/wp-content\/uploads\/2023\/09\/logo-Audibax-BLANCO-SVG-1.svg\",\"contentUrl\":\"https:\/\/audibax.com\/wp-content\/uploads\/2023\/09\/logo-Audibax-BLANCO-SVG-1.svg\",\"caption\":\"Audibax\"},\"image\":{\"@id\":\"https:\/\/audibax.com\/fr\/#\/schema\/logo\/image\/\"}}]}<\/script>\n<!-- \/ Yoast SEO plugin. -->","yoast_head_json":{"title":"SM50 Black - Audibax","robots":{"index":"index","follow":"follow","max-snippet":"max-snippet:-1","max-image-preview":"max-image-preview:large","max-video-preview":"max-video-preview:-1"},"canonical":"https:\/\/audibax.com\/fr\/produit\/sm50-black-2\/","og_locale":"fr_FR","og_type":"article","og_title":"SM50 Black - Audibax","og_description":"Support de table pour microphone Filet : 5\/8&quot; Taille compacte Pliable Hauteur r\u00e9glable Hauteur r\u00e9glable Poign\u00e9e.","og_url":"https:\/\/audibax.com\/fr\/produit\/sm50-black-2\/","og_site_name":"Audibax","article_modified_time":"2023-12-27T11:01:13+00:00","twitter_card":"summary_large_image","twitter_misc":{"Dur\u00e9e de lecture estim\u00e9e":"1 minute"},"schema":{"@context":"https:\/\/schema.org","@graph":[{"@type":"WebPage","@id":"https:\/\/audibax.com\/fr\/produit\/sm50-black-2\/","url":"https:\/\/audibax.com\/fr\/produit\/sm50-black-2\/","name":"SM50 Black - Audibax","isPartOf":{"@id":"https:\/\/audibax.com\/fr\/#website"},"primaryImageOfPage":{"@id":"https:\/\/audibax.com\/fr\/produit\/sm50-black-2\/#primaryimage"},"image":{"@id":"https:\/\/audibax.com\/fr\/produit\/sm50-black-2\/#primaryimage"},"thumbnailUrl":"https:\/\/audibax.com\/wp-content\/uploads\/2023\/12\/audibax-SM50-soporte-microfono-oferta.jpg","datePublished":"2023-12-11T12:54:31+00:00","dateModified":"2023-12-27T11:01:13+00:00","breadcrumb":{"@id":"https:\/\/audibax.com\/fr\/produit\/sm50-black-2\/#breadcrumb"},"inLanguage":"fr-FR","potentialAction":[{"@type":"ReadAction","target":["https:\/\/audibax.com\/fr\/produit\/sm50-black-2\/"]}]},{"@type":"ImageObject","inLanguage":"fr-FR","@id":"https:\/\/audibax.com\/fr\/produit\/sm50-black-2\/#primaryimage","url":"https:\/\/audibax.com\/wp-content\/uploads\/2023\/12\/audibax-SM50-soporte-microfono-oferta.jpg","contentUrl":"https:\/\/audibax.com\/wp-content\/uploads\/2023\/12\/audibax-SM50-soporte-microfono-oferta.jpg","width":1104,"height":1500},{"@type":"BreadcrumbList","@id":"https:\/\/audibax.com\/fr\/produit\/sm50-black-2\/#breadcrumb","itemListElement":[{"@type":"ListItem","position":1,"name":"Portada","item":"https:\/\/audibax.com\/fr\/"},{"@type":"ListItem","position":2,"name":"Produits","item":"https:\/\/audibax.com\/fr\/shop\/"},{"@type":"ListItem","position":3,"name":"SM50 Black"}]},{"@type":"WebSite","@id":"https:\/\/audibax.com\/fr\/#website","url":"https:\/\/audibax.com\/fr\/","name":"Audibax","description":"","publisher":{"@id":"https:\/\/audibax.com\/fr\/#organization"},"potentialAction":[{"@type":"SearchAction","target":{"@type":"EntryPoint","urlTemplate":"https:\/\/audibax.com\/fr\/?s={search_term_string}"},"query-input":{"@type":"PropertyValueSpecification","valueRequired":true,"valueName":"search_term_string"}}],"inLanguage":"fr-FR"},{"@type":"Organization","@id":"https:\/\/audibax.com\/fr\/#organization","name":"Audibax","url":"https:\/\/audibax.com\/fr\/","logo":{"@type":"ImageObject","inLanguage":"fr-FR","@id":"https:\/\/audibax.com\/fr\/#\/schema\/logo\/image\/","url":"https:\/\/audibax.com\/wp-content\/uploads\/2023\/09\/logo-Audibax-BLANCO-SVG-1.svg","contentUrl":"https:\/\/audibax.com\/wp-content\/uploads\/2023\/09\/logo-Audibax-BLANCO-SVG-1.svg","caption":"Audibax"},"image":{"@id":"https:\/\/audibax.com\/fr\/#\/schema\/logo\/image\/"}}]}},"_links":{"self":[{"href":"https:\/\/audibax.com\/fr\/wp-json\/wp\/v2\/product\/36865","targetHints":{"allow":["GET"]}}],"collection":[{"href":"https:\/\/audibax.com\/fr\/wp-json\/wp\/v2\/product"}],"about":[{"href":"https:\/\/audibax.com\/fr\/wp-json\/wp\/v2\/types\/product"}],"replies":[{"embeddable":true,"href":"https:\/\/audibax.com\/fr\/wp-json\/wp\/v2\/comments?post=36865"}],"wp:featuredmedia":[{"embeddable":true,"href":"https:\/\/audibax.com\/fr\/wp-json\/wp\/v2\/media\/17771"}],"wp:attachment":[{"href":"https:\/\/audibax.com\/fr\/wp-json\/wp\/v2\/media?parent=36865"}],"wp:term":[{"taxonomy":"product_cat","embeddable":true,"href":"https:\/\/audibax.com\/fr\/wp-json\/wp\/v2\/product_cat?post=36865"},{"taxonomy":"product_tag","embeddable":true,"href":"https:\/\/audibax.com\/fr\/wp-json\/wp\/v2\/product_tag?post=36865"}],"curies":[{"name":"wp","href":"https:\/\/api.w.org\/{rel}","templated":true}]}}