{"id":36863,"date":"2023-12-11T13:54:20","date_gmt":"2023-12-11T12:54:20","guid":{"rendered":"https:\/\/audibax.com\/product\/podcast-studio-kit-black-2\/"},"modified":"2023-12-27T12:01:11","modified_gmt":"2023-12-27T11:01:11","slug":"podcast-studio-kit-black-2","status":"publish","type":"product","link":"https:\/\/audibax.com\/fr\/produit\/podcast-studio-kit-black-2\/","title":{"rendered":"Podcast Studio Kit Black"},"content":{"rendered":"<\/p>\n<p><strong>Audibax Podcast Studio Kit Mic Stand + Spider + Anti-Pop<\/strong><\/strong><\/strong><\/p>\n<p><strong>Le <strong>Audibax Podcast Studio Kit<\/strong> comprend tous les accessoires n\u00e9cessaires \u00e0 l&rsquo;installation de votre <strong>studio de podcasting<\/strong>.Le kit Audibax Podcast Studio Kit<\/strong> comprend tous les accessoires n\u00e9cessaires \u00e0 l&rsquo;installation de votre <strong>studio d&rsquo;enregistrement ou de podcasting<\/strong>. C&rsquo;est le pack ultime que vous recherchiez.<\/p>\n<p><u>Support \u00e0 bras articul\u00e9<\/u><\/p>\n<p>Ce support \u00e0 bras articul\u00e9 est bien construit et s&rsquo;adapte facilement \u00e0 la table, offrant un bon maintien. De plus, il peut \u00eatre d\u00e9plac\u00e9 selon les besoins et fix\u00e9 \u00e0 diff\u00e9rentes positions pour plus de confort.<\/p>\n<p><u>Aspirateur<\/u><\/p>\n<p>Avec l&rsquo;araign\u00e9e incluse dans ce kit de studio, les vibrations \u00e9ventuelles sont r\u00e9duites.<\/p>\n<p><u>Filtre anti-pop<\/u><\/p>\n<p>Il vous aidera \u00e0 \u00e9liminer tout bruit, toute interf\u00e9rence du vent ou tout bruit de respiration.<\/p>\n<\/p>\n<p><strong>Le kit studio Podcast d&rsquo;Audibax contient :\/li> <\/p>\n<li>1 Pince de montage<\/li>\n<\/ul>\n<p>&nbsp;<\/p>\n<p><img decoding=\"async\" alt=\"\" src=\"\/crm\/documents\/fckeditor\/image\/1-MRA\/accessories-studio-podcast.png\" style=\"height:694px ; width:675px\" \/><\/p>\n<p><img decoding=\"async\" alt=\"\" src=\"\/crm\/documents\/fckeditor\/image\/1-MRA\/audibax-podcast-studio-kit-accessories.png\" style=\"height:477px ; width:675px\" \/><\/p>\n<p>.<\/p>\n","protected":false},"excerpt":{"rendered":"<\/p>\n<p>Le <strong>Kit Podcast Studio<\/strong> d&rsquo;Audibax comprend tous les accessoires n\u00e9cessaires \u00e0 l&rsquo;installation de votre <strong>studio de podcast<\/strong>. C&rsquo;est le pack d\u00e9finitif que vous recherchiez.<\/p>\n","protected":false},"featured_media":17538,"comment_status":"open","ping_status":"closed","template":"","meta":{"_acf_changed":false},"product_cat":[437],"product_tag":[],"class_list":{"0":"post-36863","1":"product","2":"type-product","3":"status-publish","4":"has-post-thumbnail","6":"product_cat-supports-de-micro-fr","8":"first","9":"instock","10":"shipping-taxable","11":"product-type-simple"},"acf":[],"yoast_head":"<!-- This site is optimized with the Yoast SEO plugin v27.0 - https:\/\/yoast.com\/product\/yoast-seo-wordpress\/ -->\n<title>Podcast Studio Kit Black - Audibax<\/title>\n<meta name=\"robots\" content=\"index, follow, max-snippet:-1, max-image-preview:large, max-video-preview:-1\" \/>\n<link rel=\"canonical\" href=\"https:\/\/audibax.com\/fr\/produit\/podcast-studio-kit-black-2\/\" \/>\n<meta property=\"og:locale\" content=\"fr_FR\" \/>\n<meta property=\"og:type\" content=\"article\" \/>\n<meta property=\"og:title\" content=\"Podcast Studio Kit Black - Audibax\" \/>\n<meta property=\"og:description\" content=\"Le Kit Podcast Studio d&#039;Audibax comprend tous les accessoires n\u00e9cessaires \u00e0 l&#039;installation de votre studio de podcast. C&#039;est le pack d\u00e9finitif que vous recherchiez.\" \/>\n<meta property=\"og:url\" content=\"https:\/\/audibax.com\/fr\/produit\/podcast-studio-kit-black-2\/\" \/>\n<meta property=\"og:site_name\" content=\"Audibax\" \/>\n<meta property=\"article:modified_time\" content=\"2023-12-27T11:01:11+00:00\" \/>\n<meta name=\"twitter:card\" content=\"summary_large_image\" \/>\n<meta name=\"twitter:label1\" content=\"Dur\u00e9e de lecture estim\u00e9e\" \/>\n\t<meta name=\"twitter:data1\" content=\"1 minute\" \/>\n<script type=\"application\/ld+json\" class=\"yoast-schema-graph\">{\"@context\":\"https:\/\/schema.org\",\"@graph\":[{\"@type\":\"WebPage\",\"@id\":\"https:\/\/audibax.com\/fr\/produit\/podcast-studio-kit-black-2\/\",\"url\":\"https:\/\/audibax.com\/fr\/produit\/podcast-studio-kit-black-2\/\",\"name\":\"Podcast Studio Kit Black - Audibax\",\"isPartOf\":{\"@id\":\"https:\/\/audibax.com\/fr\/#website\"},\"primaryImageOfPage\":{\"@id\":\"https:\/\/audibax.com\/fr\/produit\/podcast-studio-kit-black-2\/#primaryimage\"},\"image\":{\"@id\":\"https:\/\/audibax.com\/fr\/produit\/podcast-studio-kit-black-2\/#primaryimage\"},\"thumbnailUrl\":\"https:\/\/audibax.com\/wp-content\/uploads\/2023\/12\/audibax-podcast-studio-kit-accesorios.jpg\",\"datePublished\":\"2023-12-11T12:54:20+00:00\",\"dateModified\":\"2023-12-27T11:01:11+00:00\",\"breadcrumb\":{\"@id\":\"https:\/\/audibax.com\/fr\/produit\/podcast-studio-kit-black-2\/#breadcrumb\"},\"inLanguage\":\"fr-FR\",\"potentialAction\":[{\"@type\":\"ReadAction\",\"target\":[\"https:\/\/audibax.com\/fr\/produit\/podcast-studio-kit-black-2\/\"]}]},{\"@type\":\"ImageObject\",\"inLanguage\":\"fr-FR\",\"@id\":\"https:\/\/audibax.com\/fr\/produit\/podcast-studio-kit-black-2\/#primaryimage\",\"url\":\"https:\/\/audibax.com\/wp-content\/uploads\/2023\/12\/audibax-podcast-studio-kit-accesorios.jpg\",\"contentUrl\":\"https:\/\/audibax.com\/wp-content\/uploads\/2023\/12\/audibax-podcast-studio-kit-accesorios.jpg\",\"width\":1000,\"height\":500},{\"@type\":\"BreadcrumbList\",\"@id\":\"https:\/\/audibax.com\/fr\/produit\/podcast-studio-kit-black-2\/#breadcrumb\",\"itemListElement\":[{\"@type\":\"ListItem\",\"position\":1,\"name\":\"Portada\",\"item\":\"https:\/\/audibax.com\/fr\/\"},{\"@type\":\"ListItem\",\"position\":2,\"name\":\"Produits\",\"item\":\"https:\/\/audibax.com\/fr\/shop\/\"},{\"@type\":\"ListItem\",\"position\":3,\"name\":\"Podcast Studio Kit Black\"}]},{\"@type\":\"WebSite\",\"@id\":\"https:\/\/audibax.com\/fr\/#website\",\"url\":\"https:\/\/audibax.com\/fr\/\",\"name\":\"Audibax\",\"description\":\"\",\"publisher\":{\"@id\":\"https:\/\/audibax.com\/fr\/#organization\"},\"potentialAction\":[{\"@type\":\"SearchAction\",\"target\":{\"@type\":\"EntryPoint\",\"urlTemplate\":\"https:\/\/audibax.com\/fr\/?s={search_term_string}\"},\"query-input\":{\"@type\":\"PropertyValueSpecification\",\"valueRequired\":true,\"valueName\":\"search_term_string\"}}],\"inLanguage\":\"fr-FR\"},{\"@type\":\"Organization\",\"@id\":\"https:\/\/audibax.com\/fr\/#organization\",\"name\":\"Audibax\",\"url\":\"https:\/\/audibax.com\/fr\/\",\"logo\":{\"@type\":\"ImageObject\",\"inLanguage\":\"fr-FR\",\"@id\":\"https:\/\/audibax.com\/fr\/#\/schema\/logo\/image\/\",\"url\":\"https:\/\/audibax.com\/wp-content\/uploads\/2023\/09\/logo-Audibax-BLANCO-SVG-1.svg\",\"contentUrl\":\"https:\/\/audibax.com\/wp-content\/uploads\/2023\/09\/logo-Audibax-BLANCO-SVG-1.svg\",\"caption\":\"Audibax\"},\"image\":{\"@id\":\"https:\/\/audibax.com\/fr\/#\/schema\/logo\/image\/\"}}]}<\/script>\n<!-- \/ Yoast SEO plugin. -->","yoast_head_json":{"title":"Podcast Studio Kit Black - Audibax","robots":{"index":"index","follow":"follow","max-snippet":"max-snippet:-1","max-image-preview":"max-image-preview:large","max-video-preview":"max-video-preview:-1"},"canonical":"https:\/\/audibax.com\/fr\/produit\/podcast-studio-kit-black-2\/","og_locale":"fr_FR","og_type":"article","og_title":"Podcast Studio Kit Black - Audibax","og_description":"Le Kit Podcast Studio d'Audibax comprend tous les accessoires n\u00e9cessaires \u00e0 l'installation de votre studio de podcast. C'est le pack d\u00e9finitif que vous recherchiez.","og_url":"https:\/\/audibax.com\/fr\/produit\/podcast-studio-kit-black-2\/","og_site_name":"Audibax","article_modified_time":"2023-12-27T11:01:11+00:00","twitter_card":"summary_large_image","twitter_misc":{"Dur\u00e9e de lecture estim\u00e9e":"1 minute"},"schema":{"@context":"https:\/\/schema.org","@graph":[{"@type":"WebPage","@id":"https:\/\/audibax.com\/fr\/produit\/podcast-studio-kit-black-2\/","url":"https:\/\/audibax.com\/fr\/produit\/podcast-studio-kit-black-2\/","name":"Podcast Studio Kit Black - Audibax","isPartOf":{"@id":"https:\/\/audibax.com\/fr\/#website"},"primaryImageOfPage":{"@id":"https:\/\/audibax.com\/fr\/produit\/podcast-studio-kit-black-2\/#primaryimage"},"image":{"@id":"https:\/\/audibax.com\/fr\/produit\/podcast-studio-kit-black-2\/#primaryimage"},"thumbnailUrl":"https:\/\/audibax.com\/wp-content\/uploads\/2023\/12\/audibax-podcast-studio-kit-accesorios.jpg","datePublished":"2023-12-11T12:54:20+00:00","dateModified":"2023-12-27T11:01:11+00:00","breadcrumb":{"@id":"https:\/\/audibax.com\/fr\/produit\/podcast-studio-kit-black-2\/#breadcrumb"},"inLanguage":"fr-FR","potentialAction":[{"@type":"ReadAction","target":["https:\/\/audibax.com\/fr\/produit\/podcast-studio-kit-black-2\/"]}]},{"@type":"ImageObject","inLanguage":"fr-FR","@id":"https:\/\/audibax.com\/fr\/produit\/podcast-studio-kit-black-2\/#primaryimage","url":"https:\/\/audibax.com\/wp-content\/uploads\/2023\/12\/audibax-podcast-studio-kit-accesorios.jpg","contentUrl":"https:\/\/audibax.com\/wp-content\/uploads\/2023\/12\/audibax-podcast-studio-kit-accesorios.jpg","width":1000,"height":500},{"@type":"BreadcrumbList","@id":"https:\/\/audibax.com\/fr\/produit\/podcast-studio-kit-black-2\/#breadcrumb","itemListElement":[{"@type":"ListItem","position":1,"name":"Portada","item":"https:\/\/audibax.com\/fr\/"},{"@type":"ListItem","position":2,"name":"Produits","item":"https:\/\/audibax.com\/fr\/shop\/"},{"@type":"ListItem","position":3,"name":"Podcast Studio Kit Black"}]},{"@type":"WebSite","@id":"https:\/\/audibax.com\/fr\/#website","url":"https:\/\/audibax.com\/fr\/","name":"Audibax","description":"","publisher":{"@id":"https:\/\/audibax.com\/fr\/#organization"},"potentialAction":[{"@type":"SearchAction","target":{"@type":"EntryPoint","urlTemplate":"https:\/\/audibax.com\/fr\/?s={search_term_string}"},"query-input":{"@type":"PropertyValueSpecification","valueRequired":true,"valueName":"search_term_string"}}],"inLanguage":"fr-FR"},{"@type":"Organization","@id":"https:\/\/audibax.com\/fr\/#organization","name":"Audibax","url":"https:\/\/audibax.com\/fr\/","logo":{"@type":"ImageObject","inLanguage":"fr-FR","@id":"https:\/\/audibax.com\/fr\/#\/schema\/logo\/image\/","url":"https:\/\/audibax.com\/wp-content\/uploads\/2023\/09\/logo-Audibax-BLANCO-SVG-1.svg","contentUrl":"https:\/\/audibax.com\/wp-content\/uploads\/2023\/09\/logo-Audibax-BLANCO-SVG-1.svg","caption":"Audibax"},"image":{"@id":"https:\/\/audibax.com\/fr\/#\/schema\/logo\/image\/"}}]}},"_links":{"self":[{"href":"https:\/\/audibax.com\/fr\/wp-json\/wp\/v2\/product\/36863","targetHints":{"allow":["GET"]}}],"collection":[{"href":"https:\/\/audibax.com\/fr\/wp-json\/wp\/v2\/product"}],"about":[{"href":"https:\/\/audibax.com\/fr\/wp-json\/wp\/v2\/types\/product"}],"replies":[{"embeddable":true,"href":"https:\/\/audibax.com\/fr\/wp-json\/wp\/v2\/comments?post=36863"}],"wp:featuredmedia":[{"embeddable":true,"href":"https:\/\/audibax.com\/fr\/wp-json\/wp\/v2\/media\/17538"}],"wp:attachment":[{"href":"https:\/\/audibax.com\/fr\/wp-json\/wp\/v2\/media?parent=36863"}],"wp:term":[{"taxonomy":"product_cat","embeddable":true,"href":"https:\/\/audibax.com\/fr\/wp-json\/wp\/v2\/product_cat?post=36863"},{"taxonomy":"product_tag","embeddable":true,"href":"https:\/\/audibax.com\/fr\/wp-json\/wp\/v2\/product_tag?post=36863"}],"curies":[{"name":"wp","href":"https:\/\/api.w.org\/{rel}","templated":true}]}}