{"id":36852,"date":"2023-12-11T13:53:51","date_gmt":"2023-12-11T12:53:51","guid":{"rendered":"https:\/\/audibax.com\/product\/ayra-ms10-plus-black-2\/"},"modified":"2023-12-27T12:01:03","modified_gmt":"2023-12-27T11:01:03","slug":"ayra-ms10-plus-black-2","status":"publish","type":"product","link":"https:\/\/audibax.com\/fr\/produit\/ayra-ms10-plus-black-2\/","title":{"rendered":"Ayra MS10 Plus Black"},"content":{"rendered":"<\/p>\n<p><strong>Audibax AYRA MS-10 Plus, pied de microphone professionnel. Inclus avec sac et c\u00e2ble de 3m<\/strong><\/strong><\/p>\n<p><strong>Le <strong>MS-10 Plus<\/strong> est un pied de micro haut de gamme fabriqu\u00e9 avec des mat\u00e9riaux durables et de haute qualit\u00e9. Finition avec rev\u00eatement en poudre et hauteur maximale de 176 cm.<\/p>\n<p>La base en fonte offre stabilit\u00e9 et \u00e9quilibre ainsi que les pieds en caoutchouc assurent l&rsquo;isolation acoustique.<\/p>\n<p>Le bras t\u00e9lescopique a une longueur maximale de 83 cm. Une fixation solide fait de ce stand un choix parfait pour ceux qui recherchent une garantie pour leurs \u00e9v\u00e9nements.<\/p>\n<h2>Caract\u00e9ristiques g\u00e9n\u00e9rales<br \/> <\/h2>\n<ul>\n<li>\n<li>Mat\u00e9riau du tube : acier<\/li>\n<li>Couleur : Noir<\/li>\n<li>Couleur du tube : noir<\/li>\n<li>Surface du tube : rev\u00eatement en poudre<\/li>\n<li>Hauteur min. Hauteur : 100 cm<\/li>\n<li>Max. Hauteur : 176 cm<\/li>\n<li>R\u00e9glage de la hauteur : oui<\/li>\n<li>Type de bas : Tr&iacute;pode<\/li>\n<li>Mat\u00e9riau du socle : zinc moul\u00e9 sous pression<\/li>\n<li>Longueur du bras : 83 cm<\/li>\n<li>Sac inclus et c\u00e2ble XLR 3m<\/li>\n<\/ul>\n<\/p>\n<\/p>\n<p><img><\/ul>\n<p>Sac inclus. <\/p>\n<p><img decoding=\"async\" alt=\"\" src=\"\/crm\/documents\/fckeditor\/image\/MRA\/microphone-t\u00e9lescopique-microphone-stand-audibax-giraffe-.jpg\" style=\"height:790px ; width:675px\" \/><\/p>\n<p>&nbsp;<\/p>\n<p>.<\/p>\n","protected":false},"excerpt":{"rendered":"<ul>\n<li>Pied de micro professionnel<\/li>\n<li>Inclus une pochette et un c\u00e2ble XLR de 3m<\/li>\n<\/ul>\n<ul>\n<li>Pied de micro professionnel<\/li>\n<\/ul>\n<li>Pied de micro professionnel<br \/>\n","protected":false},"featured_media":18641,"comment_status":"open","ping_status":"closed","template":"","meta":{"_acf_changed":false},"product_cat":[437],"product_tag":[],"class_list":{"0":"post-36852","1":"product","2":"type-product","3":"status-publish","4":"has-post-thumbnail","6":"product_cat-supports-de-micro-fr","8":"first","9":"instock","10":"shipping-taxable","11":"product-type-simple"},"acf":[],"yoast_head":"<!-- This site is optimized with the Yoast SEO plugin v27.0 - https:\/\/yoast.com\/product\/yoast-seo-wordpress\/ -->\n<title>Ayra MS10 Plus Black - Audibax<\/title>\n<meta name=\"robots\" content=\"index, follow, max-snippet:-1, max-image-preview:large, max-video-preview:-1\" \/>\n<link rel=\"canonical\" href=\"https:\/\/audibax.com\/fr\/produit\/ayra-ms10-plus-black-2\/\" \/>\n<meta property=\"og:locale\" content=\"fr_FR\" \/>\n<meta property=\"og:type\" content=\"article\" \/>\n<meta property=\"og:title\" content=\"Ayra MS10 Plus Black - Audibax\" \/>\n<meta property=\"og:description\" content=\"Pied de micro professionnel Inclus une pochette et un c\u00e2ble XLR de 3m  Pied de micro professionnel Pied de micro professionnel\" \/>\n<meta property=\"og:url\" content=\"https:\/\/audibax.com\/fr\/produit\/ayra-ms10-plus-black-2\/\" \/>\n<meta property=\"og:site_name\" content=\"Audibax\" \/>\n<meta property=\"article:modified_time\" content=\"2023-12-27T11:01:03+00:00\" \/>\n<meta name=\"twitter:card\" content=\"summary_large_image\" \/>\n<meta name=\"twitter:label1\" content=\"Dur\u00e9e de lecture estim\u00e9e\" \/>\n\t<meta name=\"twitter:data1\" content=\"1 minute\" \/>\n<script type=\"application\/ld+json\" class=\"yoast-schema-graph\">{\"@context\":\"https:\/\/schema.org\",\"@graph\":[{\"@type\":\"WebPage\",\"@id\":\"https:\/\/audibax.com\/fr\/produit\/ayra-ms10-plus-black-2\/\",\"url\":\"https:\/\/audibax.com\/fr\/produit\/ayra-ms10-plus-black-2\/\",\"name\":\"Ayra MS10 Plus Black - Audibax\",\"isPartOf\":{\"@id\":\"https:\/\/audibax.com\/fr\/#website\"},\"primaryImageOfPage\":{\"@id\":\"https:\/\/audibax.com\/fr\/produit\/ayra-ms10-plus-black-2\/#primaryimage\"},\"image\":{\"@id\":\"https:\/\/audibax.com\/fr\/produit\/ayra-ms10-plus-black-2\/#primaryimage\"},\"thumbnailUrl\":\"https:\/\/audibax.com\/wp-content\/uploads\/2023\/12\/soporte-jirafa-microfono-profesional.jpg\",\"datePublished\":\"2023-12-11T12:53:51+00:00\",\"dateModified\":\"2023-12-27T11:01:03+00:00\",\"breadcrumb\":{\"@id\":\"https:\/\/audibax.com\/fr\/produit\/ayra-ms10-plus-black-2\/#breadcrumb\"},\"inLanguage\":\"fr-FR\",\"potentialAction\":[{\"@type\":\"ReadAction\",\"target\":[\"https:\/\/audibax.com\/fr\/produit\/ayra-ms10-plus-black-2\/\"]}]},{\"@type\":\"ImageObject\",\"inLanguage\":\"fr-FR\",\"@id\":\"https:\/\/audibax.com\/fr\/produit\/ayra-ms10-plus-black-2\/#primaryimage\",\"url\":\"https:\/\/audibax.com\/wp-content\/uploads\/2023\/12\/soporte-jirafa-microfono-profesional.jpg\",\"contentUrl\":\"https:\/\/audibax.com\/wp-content\/uploads\/2023\/12\/soporte-jirafa-microfono-profesional.jpg\",\"width\":1356,\"height\":1614},{\"@type\":\"BreadcrumbList\",\"@id\":\"https:\/\/audibax.com\/fr\/produit\/ayra-ms10-plus-black-2\/#breadcrumb\",\"itemListElement\":[{\"@type\":\"ListItem\",\"position\":1,\"name\":\"Portada\",\"item\":\"https:\/\/audibax.com\/fr\/\"},{\"@type\":\"ListItem\",\"position\":2,\"name\":\"Produits\",\"item\":\"https:\/\/audibax.com\/fr\/shop\/\"},{\"@type\":\"ListItem\",\"position\":3,\"name\":\"Ayra MS10 Plus Black\"}]},{\"@type\":\"WebSite\",\"@id\":\"https:\/\/audibax.com\/fr\/#website\",\"url\":\"https:\/\/audibax.com\/fr\/\",\"name\":\"Audibax\",\"description\":\"\",\"publisher\":{\"@id\":\"https:\/\/audibax.com\/fr\/#organization\"},\"potentialAction\":[{\"@type\":\"SearchAction\",\"target\":{\"@type\":\"EntryPoint\",\"urlTemplate\":\"https:\/\/audibax.com\/fr\/?s={search_term_string}\"},\"query-input\":{\"@type\":\"PropertyValueSpecification\",\"valueRequired\":true,\"valueName\":\"search_term_string\"}}],\"inLanguage\":\"fr-FR\"},{\"@type\":\"Organization\",\"@id\":\"https:\/\/audibax.com\/fr\/#organization\",\"name\":\"Audibax\",\"url\":\"https:\/\/audibax.com\/fr\/\",\"logo\":{\"@type\":\"ImageObject\",\"inLanguage\":\"fr-FR\",\"@id\":\"https:\/\/audibax.com\/fr\/#\/schema\/logo\/image\/\",\"url\":\"https:\/\/audibax.com\/wp-content\/uploads\/2023\/09\/logo-Audibax-BLANCO-SVG-1.svg\",\"contentUrl\":\"https:\/\/audibax.com\/wp-content\/uploads\/2023\/09\/logo-Audibax-BLANCO-SVG-1.svg\",\"caption\":\"Audibax\"},\"image\":{\"@id\":\"https:\/\/audibax.com\/fr\/#\/schema\/logo\/image\/\"}}]}<\/script>\n<!-- \/ Yoast SEO plugin. -->","yoast_head_json":{"title":"Ayra MS10 Plus Black - Audibax","robots":{"index":"index","follow":"follow","max-snippet":"max-snippet:-1","max-image-preview":"max-image-preview:large","max-video-preview":"max-video-preview:-1"},"canonical":"https:\/\/audibax.com\/fr\/produit\/ayra-ms10-plus-black-2\/","og_locale":"fr_FR","og_type":"article","og_title":"Ayra MS10 Plus Black - Audibax","og_description":"Pied de micro professionnel Inclus une pochette et un c\u00e2ble XLR de 3m  Pied de micro professionnel Pied de micro professionnel","og_url":"https:\/\/audibax.com\/fr\/produit\/ayra-ms10-plus-black-2\/","og_site_name":"Audibax","article_modified_time":"2023-12-27T11:01:03+00:00","twitter_card":"summary_large_image","twitter_misc":{"Dur\u00e9e de lecture estim\u00e9e":"1 minute"},"schema":{"@context":"https:\/\/schema.org","@graph":[{"@type":"WebPage","@id":"https:\/\/audibax.com\/fr\/produit\/ayra-ms10-plus-black-2\/","url":"https:\/\/audibax.com\/fr\/produit\/ayra-ms10-plus-black-2\/","name":"Ayra MS10 Plus Black - Audibax","isPartOf":{"@id":"https:\/\/audibax.com\/fr\/#website"},"primaryImageOfPage":{"@id":"https:\/\/audibax.com\/fr\/produit\/ayra-ms10-plus-black-2\/#primaryimage"},"image":{"@id":"https:\/\/audibax.com\/fr\/produit\/ayra-ms10-plus-black-2\/#primaryimage"},"thumbnailUrl":"https:\/\/audibax.com\/wp-content\/uploads\/2023\/12\/soporte-jirafa-microfono-profesional.jpg","datePublished":"2023-12-11T12:53:51+00:00","dateModified":"2023-12-27T11:01:03+00:00","breadcrumb":{"@id":"https:\/\/audibax.com\/fr\/produit\/ayra-ms10-plus-black-2\/#breadcrumb"},"inLanguage":"fr-FR","potentialAction":[{"@type":"ReadAction","target":["https:\/\/audibax.com\/fr\/produit\/ayra-ms10-plus-black-2\/"]}]},{"@type":"ImageObject","inLanguage":"fr-FR","@id":"https:\/\/audibax.com\/fr\/produit\/ayra-ms10-plus-black-2\/#primaryimage","url":"https:\/\/audibax.com\/wp-content\/uploads\/2023\/12\/soporte-jirafa-microfono-profesional.jpg","contentUrl":"https:\/\/audibax.com\/wp-content\/uploads\/2023\/12\/soporte-jirafa-microfono-profesional.jpg","width":1356,"height":1614},{"@type":"BreadcrumbList","@id":"https:\/\/audibax.com\/fr\/produit\/ayra-ms10-plus-black-2\/#breadcrumb","itemListElement":[{"@type":"ListItem","position":1,"name":"Portada","item":"https:\/\/audibax.com\/fr\/"},{"@type":"ListItem","position":2,"name":"Produits","item":"https:\/\/audibax.com\/fr\/shop\/"},{"@type":"ListItem","position":3,"name":"Ayra MS10 Plus Black"}]},{"@type":"WebSite","@id":"https:\/\/audibax.com\/fr\/#website","url":"https:\/\/audibax.com\/fr\/","name":"Audibax","description":"","publisher":{"@id":"https:\/\/audibax.com\/fr\/#organization"},"potentialAction":[{"@type":"SearchAction","target":{"@type":"EntryPoint","urlTemplate":"https:\/\/audibax.com\/fr\/?s={search_term_string}"},"query-input":{"@type":"PropertyValueSpecification","valueRequired":true,"valueName":"search_term_string"}}],"inLanguage":"fr-FR"},{"@type":"Organization","@id":"https:\/\/audibax.com\/fr\/#organization","name":"Audibax","url":"https:\/\/audibax.com\/fr\/","logo":{"@type":"ImageObject","inLanguage":"fr-FR","@id":"https:\/\/audibax.com\/fr\/#\/schema\/logo\/image\/","url":"https:\/\/audibax.com\/wp-content\/uploads\/2023\/09\/logo-Audibax-BLANCO-SVG-1.svg","contentUrl":"https:\/\/audibax.com\/wp-content\/uploads\/2023\/09\/logo-Audibax-BLANCO-SVG-1.svg","caption":"Audibax"},"image":{"@id":"https:\/\/audibax.com\/fr\/#\/schema\/logo\/image\/"}}]}},"_links":{"self":[{"href":"https:\/\/audibax.com\/fr\/wp-json\/wp\/v2\/product\/36852","targetHints":{"allow":["GET"]}}],"collection":[{"href":"https:\/\/audibax.com\/fr\/wp-json\/wp\/v2\/product"}],"about":[{"href":"https:\/\/audibax.com\/fr\/wp-json\/wp\/v2\/types\/product"}],"replies":[{"embeddable":true,"href":"https:\/\/audibax.com\/fr\/wp-json\/wp\/v2\/comments?post=36852"}],"wp:featuredmedia":[{"embeddable":true,"href":"https:\/\/audibax.com\/fr\/wp-json\/wp\/v2\/media\/18641"}],"wp:attachment":[{"href":"https:\/\/audibax.com\/fr\/wp-json\/wp\/v2\/media?parent=36852"}],"wp:term":[{"taxonomy":"product_cat","embeddable":true,"href":"https:\/\/audibax.com\/fr\/wp-json\/wp\/v2\/product_cat?post=36852"},{"taxonomy":"product_tag","embeddable":true,"href":"https:\/\/audibax.com\/fr\/wp-json\/wp\/v2\/product_tag?post=36852"}],"curies":[{"name":"wp","href":"https:\/\/api.w.org\/{rel}","templated":true}]}}