{"id":36851,"date":"2023-12-11T13:53:49","date_gmt":"2023-12-11T12:53:49","guid":{"rendered":"https:\/\/audibax.com\/product\/ms-bag-black-2\/"},"modified":"2023-12-27T12:01:02","modified_gmt":"2023-12-27T11:01:02","slug":"ms-bag-black-2","status":"publish","type":"product","link":"https:\/\/audibax.com\/fr\/produit\/ms-bag-black-2\/","title":{"rendered":"MS Bag Black"},"content":{"rendered":"<p>Le <strong>MS Bag by Audibax<\/strong> est un <a href=\"https:\/\/www.madridhifi.com\/soporte\/microfono\/\">sac pour pied de micro<\/a> avec deux compartiments. Cette housse offre \u00e0 votre pied de micro, trampoline ou kit de studio une excellente protection contre la salet\u00e9, l&rsquo;humidit\u00e9 et la poussi\u00e8re, \u00e9vitant ainsi tout dommage ou rayure du mat\u00e9riel. Elle est dot\u00e9e de deux poign\u00e9es pour faciliter le transport.<\/p>\n<p>La sacoche MS dispose d&rsquo;une poche de rangement suppl\u00e9mentaire \u00e0 l&rsquo;avant pour ranger les c\u00e2bles, les piles ou d&rsquo;autres accessoires.<\/p>\n<p>Il offre \u00e9galement suffisamment d&rsquo;espace et de protection pour les stands pendant le transport, car il dispose d&rsquo;une grande capacit\u00e9 de stockage.<\/p>\n<\/p>\n<p>&nbsp;<\/p>\n<h2>Sp\u00e9cifications<\/h2>\n<p>&nbsp;<\/p>\n<ul>\n<li>Les dimensions de la mallette sont :\n<ul style=\"list-style-type :circle\">\n<li>Hauteur : 20cm<\/li>\n<li>Longueur : 100cm<\/li>\n<li>Profondeur : 12cm<\/li>\n<\/ul>\n<\/ul>\n<\/li>\n<li>Couleur : Noir.<\/li>\n<li>Mati\u00e8re : Poly\/su\u00e8de.<\/li>\n<li>R\u00e9sistant \u00e0 l&rsquo;eau.<\/li>\n<li>Poche frontale pour le rangement.<\/li>\n<\/li>\n<\/ul>\n<\/ul>\n<\/ul>\n<li>Poche frontale pour le rangement.<\/li>\n<\/ul>\n<\/ul>\n<\/ul>\n<\/ul>\n<\/ul>\n<li>R\u00e9sistant \u00e0 l&rsquo;eau.<br \/>\n","protected":false},"excerpt":{"rendered":"<ul>\n<li>Housse pour pieds de micro (double compartiment)<\/li>\n<li>Couleur : Noir.<\/li>\n<li>Mat\u00e9riau : Poly&#038;&eacute;ster. <\/li>\n<li>R\u00e9sistant \u00e0 l&rsquo;eau.<\/li>\n<li>Pochette avant Rangement.<\/li>\n<\/li>\n<\/ul>\n<\/ul>\n<li>Pochette avant Rangement.<\/li>\n<\/ul>\n<\/ul>\n<\/ul>\n<\/ul>\n<li>R\u00e9sistant \u00e0 l&rsquo;eau.<\/li>\n<\/ul>\n<li>R\u00e9sistant \u00e0 l&rsquo;eau.<\/ul>\n<li>R\u00e9sistant \u00e0 l&rsquo;eau.<br \/>\n","protected":false},"featured_media":17375,"comment_status":"open","ping_status":"closed","template":"","meta":{"_acf_changed":false},"product_cat":[437],"product_tag":[],"class_list":{"0":"post-36851","1":"product","2":"type-product","3":"status-publish","4":"has-post-thumbnail","6":"product_cat-supports-de-micro-fr","8":"first","9":"instock","10":"shipping-taxable","11":"product-type-simple"},"acf":[],"yoast_head":"<!-- This site is optimized with the Yoast SEO plugin v27.0 - https:\/\/yoast.com\/product\/yoast-seo-wordpress\/ -->\n<title>MS Bag Black - Audibax<\/title>\n<meta name=\"robots\" content=\"index, follow, max-snippet:-1, max-image-preview:large, max-video-preview:-1\" \/>\n<link rel=\"canonical\" href=\"https:\/\/audibax.com\/fr\/produit\/ms-bag-black-2\/\" \/>\n<meta property=\"og:locale\" content=\"fr_FR\" \/>\n<meta property=\"og:type\" content=\"article\" \/>\n<meta property=\"og:title\" content=\"MS Bag Black - Audibax\" \/>\n<meta property=\"og:description\" content=\"Housse pour pieds de micro (double compartiment) Couleur : Noir. Mat\u00e9riau : Poly&amp;&eacute;ster. R\u00e9sistant \u00e0 l&#039;eau. Pochette avant Rangement.  Pochette avant Rangement.   R\u00e9sistant \u00e0 l&#039;eau. R\u00e9sistant \u00e0 l&#039;eau. R\u00e9sistant \u00e0 l&#039;eau.\" \/>\n<meta property=\"og:url\" content=\"https:\/\/audibax.com\/fr\/produit\/ms-bag-black-2\/\" \/>\n<meta property=\"og:site_name\" content=\"Audibax\" \/>\n<meta property=\"article:modified_time\" content=\"2023-12-27T11:01:02+00:00\" \/>\n<meta name=\"twitter:card\" content=\"summary_large_image\" \/>\n<meta name=\"twitter:label1\" content=\"Dur\u00e9e de lecture estim\u00e9e\" \/>\n\t<meta name=\"twitter:data1\" content=\"1 minute\" \/>\n<script type=\"application\/ld+json\" class=\"yoast-schema-graph\">{\"@context\":\"https:\/\/schema.org\",\"@graph\":[{\"@type\":\"WebPage\",\"@id\":\"https:\/\/audibax.com\/fr\/produit\/ms-bag-black-2\/\",\"url\":\"https:\/\/audibax.com\/fr\/produit\/ms-bag-black-2\/\",\"name\":\"MS Bag Black - Audibax\",\"isPartOf\":{\"@id\":\"https:\/\/audibax.com\/fr\/#website\"},\"primaryImageOfPage\":{\"@id\":\"https:\/\/audibax.com\/fr\/produit\/ms-bag-black-2\/#primaryimage\"},\"image\":{\"@id\":\"https:\/\/audibax.com\/fr\/produit\/ms-bag-black-2\/#primaryimage\"},\"thumbnailUrl\":\"https:\/\/audibax.com\/wp-content\/uploads\/2023\/12\/Audibax-Ms-Bag-Bolsa-Negro-Microfono.jpg\",\"datePublished\":\"2023-12-11T12:53:49+00:00\",\"dateModified\":\"2023-12-27T11:01:02+00:00\",\"breadcrumb\":{\"@id\":\"https:\/\/audibax.com\/fr\/produit\/ms-bag-black-2\/#breadcrumb\"},\"inLanguage\":\"fr-FR\",\"potentialAction\":[{\"@type\":\"ReadAction\",\"target\":[\"https:\/\/audibax.com\/fr\/produit\/ms-bag-black-2\/\"]}]},{\"@type\":\"ImageObject\",\"inLanguage\":\"fr-FR\",\"@id\":\"https:\/\/audibax.com\/fr\/produit\/ms-bag-black-2\/#primaryimage\",\"url\":\"https:\/\/audibax.com\/wp-content\/uploads\/2023\/12\/Audibax-Ms-Bag-Bolsa-Negro-Microfono.jpg\",\"contentUrl\":\"https:\/\/audibax.com\/wp-content\/uploads\/2023\/12\/Audibax-Ms-Bag-Bolsa-Negro-Microfono.jpg\",\"width\":1450,\"height\":1056},{\"@type\":\"BreadcrumbList\",\"@id\":\"https:\/\/audibax.com\/fr\/produit\/ms-bag-black-2\/#breadcrumb\",\"itemListElement\":[{\"@type\":\"ListItem\",\"position\":1,\"name\":\"Portada\",\"item\":\"https:\/\/audibax.com\/fr\/\"},{\"@type\":\"ListItem\",\"position\":2,\"name\":\"Produits\",\"item\":\"https:\/\/audibax.com\/fr\/shop\/\"},{\"@type\":\"ListItem\",\"position\":3,\"name\":\"MS Bag Black\"}]},{\"@type\":\"WebSite\",\"@id\":\"https:\/\/audibax.com\/fr\/#website\",\"url\":\"https:\/\/audibax.com\/fr\/\",\"name\":\"Audibax\",\"description\":\"\",\"publisher\":{\"@id\":\"https:\/\/audibax.com\/fr\/#organization\"},\"potentialAction\":[{\"@type\":\"SearchAction\",\"target\":{\"@type\":\"EntryPoint\",\"urlTemplate\":\"https:\/\/audibax.com\/fr\/?s={search_term_string}\"},\"query-input\":{\"@type\":\"PropertyValueSpecification\",\"valueRequired\":true,\"valueName\":\"search_term_string\"}}],\"inLanguage\":\"fr-FR\"},{\"@type\":\"Organization\",\"@id\":\"https:\/\/audibax.com\/fr\/#organization\",\"name\":\"Audibax\",\"url\":\"https:\/\/audibax.com\/fr\/\",\"logo\":{\"@type\":\"ImageObject\",\"inLanguage\":\"fr-FR\",\"@id\":\"https:\/\/audibax.com\/fr\/#\/schema\/logo\/image\/\",\"url\":\"https:\/\/audibax.com\/wp-content\/uploads\/2023\/09\/logo-Audibax-BLANCO-SVG-1.svg\",\"contentUrl\":\"https:\/\/audibax.com\/wp-content\/uploads\/2023\/09\/logo-Audibax-BLANCO-SVG-1.svg\",\"caption\":\"Audibax\"},\"image\":{\"@id\":\"https:\/\/audibax.com\/fr\/#\/schema\/logo\/image\/\"}}]}<\/script>\n<!-- \/ Yoast SEO plugin. -->","yoast_head_json":{"title":"MS Bag Black - Audibax","robots":{"index":"index","follow":"follow","max-snippet":"max-snippet:-1","max-image-preview":"max-image-preview:large","max-video-preview":"max-video-preview:-1"},"canonical":"https:\/\/audibax.com\/fr\/produit\/ms-bag-black-2\/","og_locale":"fr_FR","og_type":"article","og_title":"MS Bag Black - Audibax","og_description":"Housse pour pieds de micro (double compartiment) Couleur : Noir. Mat\u00e9riau : Poly&&eacute;ster. R\u00e9sistant \u00e0 l'eau. Pochette avant Rangement.  Pochette avant Rangement.   R\u00e9sistant \u00e0 l'eau. R\u00e9sistant \u00e0 l'eau. R\u00e9sistant \u00e0 l'eau.","og_url":"https:\/\/audibax.com\/fr\/produit\/ms-bag-black-2\/","og_site_name":"Audibax","article_modified_time":"2023-12-27T11:01:02+00:00","twitter_card":"summary_large_image","twitter_misc":{"Dur\u00e9e de lecture estim\u00e9e":"1 minute"},"schema":{"@context":"https:\/\/schema.org","@graph":[{"@type":"WebPage","@id":"https:\/\/audibax.com\/fr\/produit\/ms-bag-black-2\/","url":"https:\/\/audibax.com\/fr\/produit\/ms-bag-black-2\/","name":"MS Bag Black - Audibax","isPartOf":{"@id":"https:\/\/audibax.com\/fr\/#website"},"primaryImageOfPage":{"@id":"https:\/\/audibax.com\/fr\/produit\/ms-bag-black-2\/#primaryimage"},"image":{"@id":"https:\/\/audibax.com\/fr\/produit\/ms-bag-black-2\/#primaryimage"},"thumbnailUrl":"https:\/\/audibax.com\/wp-content\/uploads\/2023\/12\/Audibax-Ms-Bag-Bolsa-Negro-Microfono.jpg","datePublished":"2023-12-11T12:53:49+00:00","dateModified":"2023-12-27T11:01:02+00:00","breadcrumb":{"@id":"https:\/\/audibax.com\/fr\/produit\/ms-bag-black-2\/#breadcrumb"},"inLanguage":"fr-FR","potentialAction":[{"@type":"ReadAction","target":["https:\/\/audibax.com\/fr\/produit\/ms-bag-black-2\/"]}]},{"@type":"ImageObject","inLanguage":"fr-FR","@id":"https:\/\/audibax.com\/fr\/produit\/ms-bag-black-2\/#primaryimage","url":"https:\/\/audibax.com\/wp-content\/uploads\/2023\/12\/Audibax-Ms-Bag-Bolsa-Negro-Microfono.jpg","contentUrl":"https:\/\/audibax.com\/wp-content\/uploads\/2023\/12\/Audibax-Ms-Bag-Bolsa-Negro-Microfono.jpg","width":1450,"height":1056},{"@type":"BreadcrumbList","@id":"https:\/\/audibax.com\/fr\/produit\/ms-bag-black-2\/#breadcrumb","itemListElement":[{"@type":"ListItem","position":1,"name":"Portada","item":"https:\/\/audibax.com\/fr\/"},{"@type":"ListItem","position":2,"name":"Produits","item":"https:\/\/audibax.com\/fr\/shop\/"},{"@type":"ListItem","position":3,"name":"MS Bag Black"}]},{"@type":"WebSite","@id":"https:\/\/audibax.com\/fr\/#website","url":"https:\/\/audibax.com\/fr\/","name":"Audibax","description":"","publisher":{"@id":"https:\/\/audibax.com\/fr\/#organization"},"potentialAction":[{"@type":"SearchAction","target":{"@type":"EntryPoint","urlTemplate":"https:\/\/audibax.com\/fr\/?s={search_term_string}"},"query-input":{"@type":"PropertyValueSpecification","valueRequired":true,"valueName":"search_term_string"}}],"inLanguage":"fr-FR"},{"@type":"Organization","@id":"https:\/\/audibax.com\/fr\/#organization","name":"Audibax","url":"https:\/\/audibax.com\/fr\/","logo":{"@type":"ImageObject","inLanguage":"fr-FR","@id":"https:\/\/audibax.com\/fr\/#\/schema\/logo\/image\/","url":"https:\/\/audibax.com\/wp-content\/uploads\/2023\/09\/logo-Audibax-BLANCO-SVG-1.svg","contentUrl":"https:\/\/audibax.com\/wp-content\/uploads\/2023\/09\/logo-Audibax-BLANCO-SVG-1.svg","caption":"Audibax"},"image":{"@id":"https:\/\/audibax.com\/fr\/#\/schema\/logo\/image\/"}}]}},"_links":{"self":[{"href":"https:\/\/audibax.com\/fr\/wp-json\/wp\/v2\/product\/36851","targetHints":{"allow":["GET"]}}],"collection":[{"href":"https:\/\/audibax.com\/fr\/wp-json\/wp\/v2\/product"}],"about":[{"href":"https:\/\/audibax.com\/fr\/wp-json\/wp\/v2\/types\/product"}],"replies":[{"embeddable":true,"href":"https:\/\/audibax.com\/fr\/wp-json\/wp\/v2\/comments?post=36851"}],"wp:featuredmedia":[{"embeddable":true,"href":"https:\/\/audibax.com\/fr\/wp-json\/wp\/v2\/media\/17375"}],"wp:attachment":[{"href":"https:\/\/audibax.com\/fr\/wp-json\/wp\/v2\/media?parent=36851"}],"wp:term":[{"taxonomy":"product_cat","embeddable":true,"href":"https:\/\/audibax.com\/fr\/wp-json\/wp\/v2\/product_cat?post=36851"},{"taxonomy":"product_tag","embeddable":true,"href":"https:\/\/audibax.com\/fr\/wp-json\/wp\/v2\/product_tag?post=36851"}],"curies":[{"name":"wp","href":"https:\/\/api.w.org\/{rel}","templated":true}]}}