{"id":36845,"date":"2023-12-11T15:07:57","date_gmt":"2023-12-11T14:07:57","guid":{"rendered":"https:\/\/audibax.com\/product\/mst10-black-2\/"},"modified":"2023-12-27T12:00:58","modified_gmt":"2023-12-27T11:00:58","slug":"mst10-black-2","status":"publish","type":"product","link":"https:\/\/audibax.com\/fr\/produit\/mst10-black-2\/","title":{"rendered":"MST10 Black"},"content":{"rendered":"<p><L'Audibax <strong>MTS-10<\/strong> est un \u00e9cran de r\u00e9flexion ou un \u00e9cran d&rsquo;isolation de microphone qui sert \u00e0 emp\u00eacher les interf\u00e9rences de la source sonore externe lors de l&rsquo;enregistrement du son. Il est fabriqu\u00e9 en acier de premi\u00e8re qualit\u00e9, ce qui garantit sa robustesse et ses performances durables pour une utilisation \u00e0 long terme.<\/p>\n<p>Il a un design propre et \u00e9l\u00e9gant compos\u00e9 de 3 panneaux centraux fixes, dont les deux panneaux d&rsquo;extr\u00e9mit\u00e9 sont pliables et r\u00e9glables en angle, ce qui permet un transport facile. Le mat\u00e9riau de chaque panneau est une mousse pyramidale \u00e9paisse \u00e0 haute densit\u00e9 qui permet de mieux r\u00e9duire la r\u00e9flexion du bruit et d&rsquo;\u00e9liminer toute interf\u00e9rence \u00e9ventuelle.<\/p>\n<p>Le tr&iacute;pode est inclus. Le microphone illustr\u00e9 dans les images n&rsquo;est pas inclus.<\/p>\n<p>&nbsp;<\/p>\n<h2>Sp\u00e9cifications<\/h2>\n<\/p>\n<p>&nbsp;<\/p>\n<h2>Sp\u00e9cifications<\/h2>\n<p>&nbsp;<\/p>\n<p\/p>\n<ul>\n<li>Bouclier d&rsquo;isolation microphonique<\/li>\n<li>Mat\u00e9riau : Acier<\/li>\n<li>Couleur : Noir<\/li>\n<li>Dimensions :\n<ul style=\"list-style-type:circle\">\n<li>Hauteur : 41cm<\/li>\n<li>Chaque \u00e9cran : 12cm de large x 21.5cm de haut<\/li>\n<\/ul>\n<\/li>\n<li>Le tr&iacute;pode est inclus<\/li>\n<li>Le microphone n&rsquo;est pas inclus<\/li>\n<\/ul>\n<\/ul>\n<\/ul>\n","protected":false},"excerpt":{"rendered":"<ul>\n<li>Bouclier d&rsquo;isolation du microphone<\/li>\n<li>Mat\u00e9riau : Acier<\/li>\n<li>Couleur : Noir<\/li>\n<li>Tripode inclus<\/li>\n<li>Ara&ntilde;a et Microphone montr\u00e9s dans l&rsquo;image non inclus.<\/li>\n<\/ul>\n<\/ul>\n","protected":false},"featured_media":17378,"comment_status":"open","ping_status":"closed","template":"","meta":{"_acf_changed":false},"product_cat":[437],"product_tag":[],"class_list":{"0":"post-36845","1":"product","2":"type-product","3":"status-publish","4":"has-post-thumbnail","6":"product_cat-supports-de-micro-fr","8":"first","9":"instock","10":"shipping-taxable","11":"product-type-simple"},"acf":[],"yoast_head":"<!-- This site is optimized with the Yoast SEO plugin v27.0 - https:\/\/yoast.com\/product\/yoast-seo-wordpress\/ -->\n<title>MST10 Black - Audibax<\/title>\n<meta name=\"robots\" content=\"index, follow, max-snippet:-1, max-image-preview:large, max-video-preview:-1\" \/>\n<link rel=\"canonical\" href=\"https:\/\/audibax.com\/fr\/produit\/mst10-black-2\/\" \/>\n<meta property=\"og:locale\" content=\"fr_FR\" \/>\n<meta property=\"og:type\" content=\"article\" \/>\n<meta property=\"og:title\" content=\"MST10 Black - Audibax\" \/>\n<meta property=\"og:description\" content=\"Bouclier d&#039;isolation du microphone Mat\u00e9riau : Acier Couleur : Noir Tripode inclus Ara&ntilde;a et Microphone montr\u00e9s dans l&#039;image non inclus.\" \/>\n<meta property=\"og:url\" content=\"https:\/\/audibax.com\/fr\/produit\/mst10-black-2\/\" \/>\n<meta property=\"og:site_name\" content=\"Audibax\" \/>\n<meta property=\"article:modified_time\" content=\"2023-12-27T11:00:58+00:00\" \/>\n<meta name=\"twitter:card\" content=\"summary_large_image\" \/>\n<script type=\"application\/ld+json\" class=\"yoast-schema-graph\">{\"@context\":\"https:\/\/schema.org\",\"@graph\":[{\"@type\":\"WebPage\",\"@id\":\"https:\/\/audibax.com\/fr\/produit\/mst10-black-2\/\",\"url\":\"https:\/\/audibax.com\/fr\/produit\/mst10-black-2\/\",\"name\":\"MST10 Black - Audibax\",\"isPartOf\":{\"@id\":\"https:\/\/audibax.com\/fr\/#website\"},\"primaryImageOfPage\":{\"@id\":\"https:\/\/audibax.com\/fr\/produit\/mst10-black-2\/#primaryimage\"},\"image\":{\"@id\":\"https:\/\/audibax.com\/fr\/produit\/mst10-black-2\/#primaryimage\"},\"thumbnailUrl\":\"https:\/\/audibax.com\/wp-content\/uploads\/2023\/12\/Audibax-MST10-Pantalla-Reflexion-Microfono-Comprar.jpg\",\"datePublished\":\"2023-12-11T14:07:57+00:00\",\"dateModified\":\"2023-12-27T11:00:58+00:00\",\"breadcrumb\":{\"@id\":\"https:\/\/audibax.com\/fr\/produit\/mst10-black-2\/#breadcrumb\"},\"inLanguage\":\"fr-FR\",\"potentialAction\":[{\"@type\":\"ReadAction\",\"target\":[\"https:\/\/audibax.com\/fr\/produit\/mst10-black-2\/\"]}]},{\"@type\":\"ImageObject\",\"inLanguage\":\"fr-FR\",\"@id\":\"https:\/\/audibax.com\/fr\/produit\/mst10-black-2\/#primaryimage\",\"url\":\"https:\/\/audibax.com\/wp-content\/uploads\/2023\/12\/Audibax-MST10-Pantalla-Reflexion-Microfono-Comprar.jpg\",\"contentUrl\":\"https:\/\/audibax.com\/wp-content\/uploads\/2023\/12\/Audibax-MST10-Pantalla-Reflexion-Microfono-Comprar.jpg\",\"width\":1000,\"height\":500},{\"@type\":\"BreadcrumbList\",\"@id\":\"https:\/\/audibax.com\/fr\/produit\/mst10-black-2\/#breadcrumb\",\"itemListElement\":[{\"@type\":\"ListItem\",\"position\":1,\"name\":\"Portada\",\"item\":\"https:\/\/audibax.com\/fr\/\"},{\"@type\":\"ListItem\",\"position\":2,\"name\":\"Produits\",\"item\":\"https:\/\/audibax.com\/fr\/shop\/\"},{\"@type\":\"ListItem\",\"position\":3,\"name\":\"MST10 Black\"}]},{\"@type\":\"WebSite\",\"@id\":\"https:\/\/audibax.com\/fr\/#website\",\"url\":\"https:\/\/audibax.com\/fr\/\",\"name\":\"Audibax\",\"description\":\"\",\"publisher\":{\"@id\":\"https:\/\/audibax.com\/fr\/#organization\"},\"potentialAction\":[{\"@type\":\"SearchAction\",\"target\":{\"@type\":\"EntryPoint\",\"urlTemplate\":\"https:\/\/audibax.com\/fr\/?s={search_term_string}\"},\"query-input\":{\"@type\":\"PropertyValueSpecification\",\"valueRequired\":true,\"valueName\":\"search_term_string\"}}],\"inLanguage\":\"fr-FR\"},{\"@type\":\"Organization\",\"@id\":\"https:\/\/audibax.com\/fr\/#organization\",\"name\":\"Audibax\",\"url\":\"https:\/\/audibax.com\/fr\/\",\"logo\":{\"@type\":\"ImageObject\",\"inLanguage\":\"fr-FR\",\"@id\":\"https:\/\/audibax.com\/fr\/#\/schema\/logo\/image\/\",\"url\":\"https:\/\/audibax.com\/wp-content\/uploads\/2023\/09\/logo-Audibax-BLANCO-SVG-1.svg\",\"contentUrl\":\"https:\/\/audibax.com\/wp-content\/uploads\/2023\/09\/logo-Audibax-BLANCO-SVG-1.svg\",\"caption\":\"Audibax\"},\"image\":{\"@id\":\"https:\/\/audibax.com\/fr\/#\/schema\/logo\/image\/\"}}]}<\/script>\n<!-- \/ Yoast SEO plugin. -->","yoast_head_json":{"title":"MST10 Black - Audibax","robots":{"index":"index","follow":"follow","max-snippet":"max-snippet:-1","max-image-preview":"max-image-preview:large","max-video-preview":"max-video-preview:-1"},"canonical":"https:\/\/audibax.com\/fr\/produit\/mst10-black-2\/","og_locale":"fr_FR","og_type":"article","og_title":"MST10 Black - Audibax","og_description":"Bouclier d'isolation du microphone Mat\u00e9riau : Acier Couleur : Noir Tripode inclus Ara&ntilde;a et Microphone montr\u00e9s dans l'image non inclus.","og_url":"https:\/\/audibax.com\/fr\/produit\/mst10-black-2\/","og_site_name":"Audibax","article_modified_time":"2023-12-27T11:00:58+00:00","twitter_card":"summary_large_image","schema":{"@context":"https:\/\/schema.org","@graph":[{"@type":"WebPage","@id":"https:\/\/audibax.com\/fr\/produit\/mst10-black-2\/","url":"https:\/\/audibax.com\/fr\/produit\/mst10-black-2\/","name":"MST10 Black - Audibax","isPartOf":{"@id":"https:\/\/audibax.com\/fr\/#website"},"primaryImageOfPage":{"@id":"https:\/\/audibax.com\/fr\/produit\/mst10-black-2\/#primaryimage"},"image":{"@id":"https:\/\/audibax.com\/fr\/produit\/mst10-black-2\/#primaryimage"},"thumbnailUrl":"https:\/\/audibax.com\/wp-content\/uploads\/2023\/12\/Audibax-MST10-Pantalla-Reflexion-Microfono-Comprar.jpg","datePublished":"2023-12-11T14:07:57+00:00","dateModified":"2023-12-27T11:00:58+00:00","breadcrumb":{"@id":"https:\/\/audibax.com\/fr\/produit\/mst10-black-2\/#breadcrumb"},"inLanguage":"fr-FR","potentialAction":[{"@type":"ReadAction","target":["https:\/\/audibax.com\/fr\/produit\/mst10-black-2\/"]}]},{"@type":"ImageObject","inLanguage":"fr-FR","@id":"https:\/\/audibax.com\/fr\/produit\/mst10-black-2\/#primaryimage","url":"https:\/\/audibax.com\/wp-content\/uploads\/2023\/12\/Audibax-MST10-Pantalla-Reflexion-Microfono-Comprar.jpg","contentUrl":"https:\/\/audibax.com\/wp-content\/uploads\/2023\/12\/Audibax-MST10-Pantalla-Reflexion-Microfono-Comprar.jpg","width":1000,"height":500},{"@type":"BreadcrumbList","@id":"https:\/\/audibax.com\/fr\/produit\/mst10-black-2\/#breadcrumb","itemListElement":[{"@type":"ListItem","position":1,"name":"Portada","item":"https:\/\/audibax.com\/fr\/"},{"@type":"ListItem","position":2,"name":"Produits","item":"https:\/\/audibax.com\/fr\/shop\/"},{"@type":"ListItem","position":3,"name":"MST10 Black"}]},{"@type":"WebSite","@id":"https:\/\/audibax.com\/fr\/#website","url":"https:\/\/audibax.com\/fr\/","name":"Audibax","description":"","publisher":{"@id":"https:\/\/audibax.com\/fr\/#organization"},"potentialAction":[{"@type":"SearchAction","target":{"@type":"EntryPoint","urlTemplate":"https:\/\/audibax.com\/fr\/?s={search_term_string}"},"query-input":{"@type":"PropertyValueSpecification","valueRequired":true,"valueName":"search_term_string"}}],"inLanguage":"fr-FR"},{"@type":"Organization","@id":"https:\/\/audibax.com\/fr\/#organization","name":"Audibax","url":"https:\/\/audibax.com\/fr\/","logo":{"@type":"ImageObject","inLanguage":"fr-FR","@id":"https:\/\/audibax.com\/fr\/#\/schema\/logo\/image\/","url":"https:\/\/audibax.com\/wp-content\/uploads\/2023\/09\/logo-Audibax-BLANCO-SVG-1.svg","contentUrl":"https:\/\/audibax.com\/wp-content\/uploads\/2023\/09\/logo-Audibax-BLANCO-SVG-1.svg","caption":"Audibax"},"image":{"@id":"https:\/\/audibax.com\/fr\/#\/schema\/logo\/image\/"}}]}},"_links":{"self":[{"href":"https:\/\/audibax.com\/fr\/wp-json\/wp\/v2\/product\/36845","targetHints":{"allow":["GET"]}}],"collection":[{"href":"https:\/\/audibax.com\/fr\/wp-json\/wp\/v2\/product"}],"about":[{"href":"https:\/\/audibax.com\/fr\/wp-json\/wp\/v2\/types\/product"}],"replies":[{"embeddable":true,"href":"https:\/\/audibax.com\/fr\/wp-json\/wp\/v2\/comments?post=36845"}],"wp:featuredmedia":[{"embeddable":true,"href":"https:\/\/audibax.com\/fr\/wp-json\/wp\/v2\/media\/17378"}],"wp:attachment":[{"href":"https:\/\/audibax.com\/fr\/wp-json\/wp\/v2\/media?parent=36845"}],"wp:term":[{"taxonomy":"product_cat","embeddable":true,"href":"https:\/\/audibax.com\/fr\/wp-json\/wp\/v2\/product_cat?post=36845"},{"taxonomy":"product_tag","embeddable":true,"href":"https:\/\/audibax.com\/fr\/wp-json\/wp\/v2\/product_tag?post=36845"}],"curies":[{"name":"wp","href":"https:\/\/api.w.org\/{rel}","templated":true}]}}