{"id":36841,"date":"2023-12-11T13:53:20","date_gmt":"2023-12-11T12:53:20","guid":{"rendered":"https:\/\/audibax.com\/product\/dsp15s-black-2\/"},"modified":"2025-10-20T12:29:50","modified_gmt":"2025-10-20T10:29:50","slug":"dsp15s-black-2","status":"publish","type":"product","link":"https:\/\/audibax.com\/fr\/produit\/dsp15s-black-2\/","title":{"rendered":"DSP15s G2"},"content":{"rendered":"<p>Le subwoofer <strong>Audibax DSP15s G2<\/strong> est un haut-parleur actif de 15 pouces dot\u00e9 d&rsquo;un amplificateur r\u00e9volutionnaire de classe D offrant une puissance et des performances incroyables.<br \/>\nLe DSP interne de haute qualit\u00e9 offre la possibilit\u00e9 de modifier des param\u00e8tres tels que l&rsquo;\u00e9galisation ++++++<br \/>\nJACK XLR et XLR XLR entr\u00e9e ligne et XLR XLR sortie ligne respectivement.<br \/>\nLes mat\u00e9riaux et composants de haute qualit\u00e9 garantissent la durabilit\u00e9 et la qualit\u00e9 du son dans toutes les applications, qu&rsquo;il s&rsquo;agisse de musique en direct ou de lecture de musique.<br \/>\nSon bo\u00eetier compact facilite son utilisation et son transport au quotidien.<\/p>\n<p><strong>Caract\u00e9ristiques techniques<\/strong><\/p>\n<ul>\n<li>Fr\u00e9quence : 35-120Hz (-10dB)<\/li>\n<li>Puissance d&rsquo;amplification RMS : 600W<\/li>\n<li>Classe\/D + DSP<\/li>\n<li>Woofer 15 \u00bb (aimant V.C75-5mm. 70 oz)<\/li>\n<li>SPL (constant) : 97 dB<\/li>\n<li>SPL (cr\u00eate) : 129 dB<\/li>\n<li>Connecteurs d&rsquo;entr\u00e9e : 2 x XLR<\/li>\n<li>Entr\u00e9e ligne : XLR JACK<\/li>\n<li>Sortie ligne : XLR XLR<\/li>\n<li>Fonction : DSP professionnel<\/li>\n<li>Alimentation : AC120V-230V<\/li>\n<li>Mat\u00e9riau du coffret : MDF 18 mm<\/li>\n<li>Finition du coffret : laque acrylique noire<\/li>\n<li>Accessoires : c\u00e2bles d&rsquo;alimentation<\/li>\n<li>Dimensions : 460 x 550 x 535 mm<\/li>\n<li>Poids : 30 kg<\/li>\n<\/ul>\n","protected":false},"excerpt":{"rendered":"<ul>\n<li>Fr\u00e9quence : 35-120Hz (-10dB)<\/li>\n<li>Puissance de l&rsquo;amplificateur RMS : 600W<\/li>\n<li>Classe\/D + DSP<\/li>\n<li>Woofer 15\u00ab : aimant V.C75-5 mm 15 \u00bb 70 oz<\/li>\n<li>Entr\u00e9e ligne : JACK XLR<\/li>\n<\/ul>\n","protected":false},"featured_media":45950,"comment_status":"open","ping_status":"closed","template":"","meta":{"_acf_changed":false},"product_cat":[421],"product_tag":[],"class_list":{"0":"post-36841","1":"product","2":"type-product","3":"status-publish","4":"has-post-thumbnail","6":"product_cat-subwoofer-fr","8":"first","9":"instock","10":"shipping-taxable","11":"product-type-simple"},"acf":[],"yoast_head":"<!-- This site is optimized with the Yoast SEO plugin v27.0 - https:\/\/yoast.com\/product\/yoast-seo-wordpress\/ -->\n<title>DSP15s G2 - Audibax<\/title>\n<meta name=\"robots\" content=\"index, follow, max-snippet:-1, max-image-preview:large, max-video-preview:-1\" \/>\n<link rel=\"canonical\" href=\"https:\/\/audibax.com\/fr\/produit\/dsp15s-black-2\/\" \/>\n<meta property=\"og:locale\" content=\"fr_FR\" \/>\n<meta property=\"og:type\" content=\"article\" \/>\n<meta property=\"og:title\" content=\"DSP15s G2 - Audibax\" \/>\n<meta property=\"og:description\" content=\"Fr\u00e9quence : 35-120Hz (-10dB)  Puissance de l&#039;amplificateur RMS : 600W  Classe\/D + DSP  Woofer 15\u00ab : aimant V.C75-5 mm 15 \u00bb 70 oz  Entr\u00e9e ligne : JACK XLR\" \/>\n<meta property=\"og:url\" content=\"https:\/\/audibax.com\/fr\/produit\/dsp15s-black-2\/\" \/>\n<meta property=\"og:site_name\" content=\"Audibax\" \/>\n<meta property=\"article:modified_time\" content=\"2025-10-20T10:29:50+00:00\" \/>\n<meta property=\"og:image\" content=\"https:\/\/audibax.com\/wp-content\/uploads\/2023\/12\/DSP15s-1.png\" \/>\n\t<meta property=\"og:image:width\" content=\"1500\" \/>\n\t<meta property=\"og:image:height\" content=\"1061\" \/>\n\t<meta property=\"og:image:type\" content=\"image\/png\" \/>\n<meta name=\"twitter:card\" content=\"summary_large_image\" \/>\n<meta name=\"twitter:label1\" content=\"Dur\u00e9e de lecture estim\u00e9e\" \/>\n\t<meta name=\"twitter:data1\" content=\"1 minute\" \/>\n<script type=\"application\/ld+json\" class=\"yoast-schema-graph\">{\"@context\":\"https:\/\/schema.org\",\"@graph\":[{\"@type\":\"WebPage\",\"@id\":\"https:\/\/audibax.com\/fr\/produit\/dsp15s-black-2\/\",\"url\":\"https:\/\/audibax.com\/fr\/produit\/dsp15s-black-2\/\",\"name\":\"DSP15s G2 - Audibax\",\"isPartOf\":{\"@id\":\"https:\/\/audibax.com\/fr\/#website\"},\"primaryImageOfPage\":{\"@id\":\"https:\/\/audibax.com\/fr\/produit\/dsp15s-black-2\/#primaryimage\"},\"image\":{\"@id\":\"https:\/\/audibax.com\/fr\/produit\/dsp15s-black-2\/#primaryimage\"},\"thumbnailUrl\":\"https:\/\/audibax.com\/wp-content\/uploads\/2023\/12\/DSP15s-1.png\",\"datePublished\":\"2023-12-11T12:53:20+00:00\",\"dateModified\":\"2025-10-20T10:29:50+00:00\",\"breadcrumb\":{\"@id\":\"https:\/\/audibax.com\/fr\/produit\/dsp15s-black-2\/#breadcrumb\"},\"inLanguage\":\"fr-FR\",\"potentialAction\":[{\"@type\":\"ReadAction\",\"target\":[\"https:\/\/audibax.com\/fr\/produit\/dsp15s-black-2\/\"]}]},{\"@type\":\"ImageObject\",\"inLanguage\":\"fr-FR\",\"@id\":\"https:\/\/audibax.com\/fr\/produit\/dsp15s-black-2\/#primaryimage\",\"url\":\"https:\/\/audibax.com\/wp-content\/uploads\/2023\/12\/DSP15s-1.png\",\"contentUrl\":\"https:\/\/audibax.com\/wp-content\/uploads\/2023\/12\/DSP15s-1.png\",\"width\":1500,\"height\":1061},{\"@type\":\"BreadcrumbList\",\"@id\":\"https:\/\/audibax.com\/fr\/produit\/dsp15s-black-2\/#breadcrumb\",\"itemListElement\":[{\"@type\":\"ListItem\",\"position\":1,\"name\":\"Portada\",\"item\":\"https:\/\/audibax.com\/fr\/\"},{\"@type\":\"ListItem\",\"position\":2,\"name\":\"Produits\",\"item\":\"https:\/\/audibax.com\/fr\/shop\/\"},{\"@type\":\"ListItem\",\"position\":3,\"name\":\"DSP15s G2\"}]},{\"@type\":\"WebSite\",\"@id\":\"https:\/\/audibax.com\/fr\/#website\",\"url\":\"https:\/\/audibax.com\/fr\/\",\"name\":\"Audibax\",\"description\":\"\",\"publisher\":{\"@id\":\"https:\/\/audibax.com\/fr\/#organization\"},\"potentialAction\":[{\"@type\":\"SearchAction\",\"target\":{\"@type\":\"EntryPoint\",\"urlTemplate\":\"https:\/\/audibax.com\/fr\/?s={search_term_string}\"},\"query-input\":{\"@type\":\"PropertyValueSpecification\",\"valueRequired\":true,\"valueName\":\"search_term_string\"}}],\"inLanguage\":\"fr-FR\"},{\"@type\":\"Organization\",\"@id\":\"https:\/\/audibax.com\/fr\/#organization\",\"name\":\"Audibax\",\"url\":\"https:\/\/audibax.com\/fr\/\",\"logo\":{\"@type\":\"ImageObject\",\"inLanguage\":\"fr-FR\",\"@id\":\"https:\/\/audibax.com\/fr\/#\/schema\/logo\/image\/\",\"url\":\"https:\/\/audibax.com\/wp-content\/uploads\/2023\/09\/logo-Audibax-BLANCO-SVG-1.svg\",\"contentUrl\":\"https:\/\/audibax.com\/wp-content\/uploads\/2023\/09\/logo-Audibax-BLANCO-SVG-1.svg\",\"caption\":\"Audibax\"},\"image\":{\"@id\":\"https:\/\/audibax.com\/fr\/#\/schema\/logo\/image\/\"}}]}<\/script>\n<!-- \/ Yoast SEO plugin. -->","yoast_head_json":{"title":"DSP15s G2 - Audibax","robots":{"index":"index","follow":"follow","max-snippet":"max-snippet:-1","max-image-preview":"max-image-preview:large","max-video-preview":"max-video-preview:-1"},"canonical":"https:\/\/audibax.com\/fr\/produit\/dsp15s-black-2\/","og_locale":"fr_FR","og_type":"article","og_title":"DSP15s G2 - Audibax","og_description":"Fr\u00e9quence : 35-120Hz (-10dB)  Puissance de l'amplificateur RMS : 600W  Classe\/D + DSP  Woofer 15\u00ab : aimant V.C75-5 mm 15 \u00bb 70 oz  Entr\u00e9e ligne : JACK XLR","og_url":"https:\/\/audibax.com\/fr\/produit\/dsp15s-black-2\/","og_site_name":"Audibax","article_modified_time":"2025-10-20T10:29:50+00:00","og_image":[{"width":1500,"height":1061,"url":"https:\/\/audibax.com\/wp-content\/uploads\/2023\/12\/DSP15s-1.png","type":"image\/png"}],"twitter_card":"summary_large_image","twitter_misc":{"Dur\u00e9e de lecture estim\u00e9e":"1 minute"},"schema":{"@context":"https:\/\/schema.org","@graph":[{"@type":"WebPage","@id":"https:\/\/audibax.com\/fr\/produit\/dsp15s-black-2\/","url":"https:\/\/audibax.com\/fr\/produit\/dsp15s-black-2\/","name":"DSP15s G2 - Audibax","isPartOf":{"@id":"https:\/\/audibax.com\/fr\/#website"},"primaryImageOfPage":{"@id":"https:\/\/audibax.com\/fr\/produit\/dsp15s-black-2\/#primaryimage"},"image":{"@id":"https:\/\/audibax.com\/fr\/produit\/dsp15s-black-2\/#primaryimage"},"thumbnailUrl":"https:\/\/audibax.com\/wp-content\/uploads\/2023\/12\/DSP15s-1.png","datePublished":"2023-12-11T12:53:20+00:00","dateModified":"2025-10-20T10:29:50+00:00","breadcrumb":{"@id":"https:\/\/audibax.com\/fr\/produit\/dsp15s-black-2\/#breadcrumb"},"inLanguage":"fr-FR","potentialAction":[{"@type":"ReadAction","target":["https:\/\/audibax.com\/fr\/produit\/dsp15s-black-2\/"]}]},{"@type":"ImageObject","inLanguage":"fr-FR","@id":"https:\/\/audibax.com\/fr\/produit\/dsp15s-black-2\/#primaryimage","url":"https:\/\/audibax.com\/wp-content\/uploads\/2023\/12\/DSP15s-1.png","contentUrl":"https:\/\/audibax.com\/wp-content\/uploads\/2023\/12\/DSP15s-1.png","width":1500,"height":1061},{"@type":"BreadcrumbList","@id":"https:\/\/audibax.com\/fr\/produit\/dsp15s-black-2\/#breadcrumb","itemListElement":[{"@type":"ListItem","position":1,"name":"Portada","item":"https:\/\/audibax.com\/fr\/"},{"@type":"ListItem","position":2,"name":"Produits","item":"https:\/\/audibax.com\/fr\/shop\/"},{"@type":"ListItem","position":3,"name":"DSP15s G2"}]},{"@type":"WebSite","@id":"https:\/\/audibax.com\/fr\/#website","url":"https:\/\/audibax.com\/fr\/","name":"Audibax","description":"","publisher":{"@id":"https:\/\/audibax.com\/fr\/#organization"},"potentialAction":[{"@type":"SearchAction","target":{"@type":"EntryPoint","urlTemplate":"https:\/\/audibax.com\/fr\/?s={search_term_string}"},"query-input":{"@type":"PropertyValueSpecification","valueRequired":true,"valueName":"search_term_string"}}],"inLanguage":"fr-FR"},{"@type":"Organization","@id":"https:\/\/audibax.com\/fr\/#organization","name":"Audibax","url":"https:\/\/audibax.com\/fr\/","logo":{"@type":"ImageObject","inLanguage":"fr-FR","@id":"https:\/\/audibax.com\/fr\/#\/schema\/logo\/image\/","url":"https:\/\/audibax.com\/wp-content\/uploads\/2023\/09\/logo-Audibax-BLANCO-SVG-1.svg","contentUrl":"https:\/\/audibax.com\/wp-content\/uploads\/2023\/09\/logo-Audibax-BLANCO-SVG-1.svg","caption":"Audibax"},"image":{"@id":"https:\/\/audibax.com\/fr\/#\/schema\/logo\/image\/"}}]}},"_links":{"self":[{"href":"https:\/\/audibax.com\/fr\/wp-json\/wp\/v2\/product\/36841","targetHints":{"allow":["GET"]}}],"collection":[{"href":"https:\/\/audibax.com\/fr\/wp-json\/wp\/v2\/product"}],"about":[{"href":"https:\/\/audibax.com\/fr\/wp-json\/wp\/v2\/types\/product"}],"replies":[{"embeddable":true,"href":"https:\/\/audibax.com\/fr\/wp-json\/wp\/v2\/comments?post=36841"}],"wp:featuredmedia":[{"embeddable":true,"href":"https:\/\/audibax.com\/fr\/wp-json\/wp\/v2\/media\/45950"}],"wp:attachment":[{"href":"https:\/\/audibax.com\/fr\/wp-json\/wp\/v2\/media?parent=36841"}],"wp:term":[{"taxonomy":"product_cat","embeddable":true,"href":"https:\/\/audibax.com\/fr\/wp-json\/wp\/v2\/product_cat?post=36841"},{"taxonomy":"product_tag","embeddable":true,"href":"https:\/\/audibax.com\/fr\/wp-json\/wp\/v2\/product_tag?post=36841"}],"curies":[{"name":"wp","href":"https:\/\/api.w.org\/{rel}","templated":true}]}}