{"id":36836,"date":"2023-12-11T15:07:42","date_gmt":"2023-12-11T14:07:42","guid":{"rendered":"https:\/\/audibax.com\/product\/ovo-6-white-2\/"},"modified":"2023-12-27T12:00:43","modified_gmt":"2023-12-27T11:00:43","slug":"ovo-6-white-2","status":"publish","type":"product","link":"https:\/\/audibax.com\/fr\/produit\/ovo-6-white-2\/","title":{"rendered":"Ovo 6 White"},"content":{"rendered":"<p><span style=\"font-size :14px\"><strong>Caract\u00e9ristiques<\/strong><\/span><\/p>\n<ul>\n<li>L&nbsp;<strong>Audibax Ovo 6 White<\/strong>&nbsp;est une paire d&rsquo;enceintes murales passives compactes \u00e0 deux voies.Audibax Ovo 6 White<\/strong>&nbsp;est une paire d&rsquo;enceintes murales passives \u00e0 deux voies, compactes et fiables. Cette <strong>gamme Ovo<\/strong><\/strong>&nbsp;peut \u00eatre utilis\u00e9e en ligne 100v ou 8 ohms.<\/li>\n<li>Ovo 6 White<\/strong>&nbsp;est \u00e9quip\u00e9 d&rsquo;un woofer de 166mm et d&rsquo;un tweeter de 25mm et offre une r\u00e9ponse en fr\u00e9quence jusqu&rsquo;\u00e0 20kHz et un SPL de 89dB.Le <strong>Ovo 6 White<\/strong>&nbsp;<\/strong>&nbsp;atteint 60W en continu et se distingue par sa grande intelligibilit\u00e9 et sa haute qualit\u00e9 sonore.<\/li>\n<li>Le cadre de montage est en ABS de haute qualit\u00e9 et le mat\u00e9riau de la grille est en acier, avec un support pour un positionnement flexible. En outre, ces enceintes se caract\u00e9risent par un montage rapide et facile.<\/li>\n<li>La s\u00e9rie <strong>Ovo<\/strong> est le choix id\u00e9al, car elle offre une grande vari\u00e9t\u00e9 d&rsquo;applications et constitue la solution id\u00e9ale pour un large \u00e9ventail d&rsquo;applications.nbsp ; une solution simple et de haute qualit\u00e9 pour le renforcement du son dans une grande vari\u00e9t\u00e9 d&rsquo;environnements, car elle s&rsquo;int\u00e8gre parfaitement \u00e0 tout type de d\u00e9cor gr\u00e2ce \u00e0 son design moderne. De plus, cette s\u00e9rie est con\u00e7ue pour une utilisation en ext\u00e9rieur en tant qu&rsquo;enceinte IP65.<\/li>\n<\/ul>\n<p><span style=\"font-size:14px\"><strong>Sp\u00e9cifications<\/strong><\/strong><\/span><\/p>\n<ul>\n<ul>\n<li>Type de produit : Haut-parleurs d&rsquo;installation (montage mural)<\/li>\n<li>Type : Passif<\/li>\n<li>Type de haut-parleur : Haut-parleur \u00e0 2 voies<\/li>\n<li>Dimensions : 6 pouces<\/li>\n<li>Taille du woofer : 166 mm<\/li>\n<li>Taille du tweeter : 25 mm<\/li>\n<li>Basse imp\u00e9dance : 8 ohm<\/li>\n<li>R\u00e9ponse en fr\u00e9quence : 45Hz-20kHz<\/li>\n<li>Sensibilit\u00e9 : 89dB<\/li>\n<li>L&iacute;nea 100v : 10W \/ 20W \/ 40W<\/li>\n<li>Puissance \u00e0 basse imp\u00e9dance (RMS) : 60W<\/li>\n<li>Etanch\u00e9it\u00e9 : IP65<\/li>\n<li>Mat\u00e9riau : ABS<\/li>\n<li>Mat\u00e9riau de la grille : Acier<\/li>\n<li>Couleur : Blanc<\/li>\n<li>Poids : 2,7 kg<\/li>\n<\/ul>\n","protected":false},"excerpt":{"rendered":"<p>Caract\u00e9ristiques L&nbsp;Audibax Ovo 6 White&nbsp;est une paire d&rsquo;enceintes murales passives compactes \u00e0 deux voies.Audibax Ovo 6 White&nbsp;est une paire d&rsquo;enceintes murales passives \u00e0 deux voies, compactes et fiables. Cette gamme Ovo&nbsp;peut \u00eatre utilis\u00e9e en ligne 100v ou 8 ohms. Ovo 6 White&nbsp;est \u00e9quip\u00e9 d&rsquo;un woofer de 166mm et d&rsquo;un tweeter de 25mm et offre une [&hellip;]<\/p>\n","protected":false},"featured_media":17511,"comment_status":"open","ping_status":"closed","template":"","meta":{"_acf_changed":false},"product_cat":[411,417],"product_tag":[],"class_list":{"0":"post-36836","1":"product","2":"type-product","3":"status-publish","4":"has-post-thumbnail","6":"product_cat-haut-parleurs-dexterieur","7":"product_cat-haut-parleurs-muraux","9":"first","10":"instock","11":"shipping-taxable","12":"product-type-simple"},"acf":[],"yoast_head":"<!-- This site is optimized with the Yoast SEO plugin v27.0 - https:\/\/yoast.com\/product\/yoast-seo-wordpress\/ -->\n<title>Ovo 6 White - Audibax<\/title>\n<meta name=\"robots\" content=\"index, follow, max-snippet:-1, max-image-preview:large, max-video-preview:-1\" \/>\n<link rel=\"canonical\" href=\"https:\/\/audibax.com\/fr\/produit\/ovo-6-white-2\/\" \/>\n<meta property=\"og:locale\" content=\"fr_FR\" \/>\n<meta property=\"og:type\" content=\"article\" \/>\n<meta property=\"og:title\" content=\"Ovo 6 White - Audibax\" \/>\n<meta property=\"og:description\" content=\"Caract\u00e9ristiques L&nbsp;Audibax Ovo 6 White&nbsp;est une paire d&rsquo;enceintes murales passives compactes \u00e0 deux voies.Audibax Ovo 6 White&nbsp;est une paire d&rsquo;enceintes murales passives \u00e0 deux voies, compactes et fiables. Cette gamme Ovo&nbsp;peut \u00eatre utilis\u00e9e en ligne 100v ou 8 ohms. Ovo 6 White&nbsp;est \u00e9quip\u00e9 d&rsquo;un woofer de 166mm et d&rsquo;un tweeter de 25mm et offre une [&hellip;]\" \/>\n<meta property=\"og:url\" content=\"https:\/\/audibax.com\/fr\/produit\/ovo-6-white-2\/\" \/>\n<meta property=\"og:site_name\" content=\"Audibax\" \/>\n<meta property=\"article:modified_time\" content=\"2023-12-27T11:00:43+00:00\" \/>\n<meta name=\"twitter:card\" content=\"summary_large_image\" \/>\n<meta name=\"twitter:label1\" content=\"Dur\u00e9e de lecture estim\u00e9e\" \/>\n\t<meta name=\"twitter:data1\" content=\"1 minute\" \/>\n<script type=\"application\/ld+json\" class=\"yoast-schema-graph\">{\"@context\":\"https:\/\/schema.org\",\"@graph\":[{\"@type\":\"WebPage\",\"@id\":\"https:\/\/audibax.com\/fr\/produit\/ovo-6-white-2\/\",\"url\":\"https:\/\/audibax.com\/fr\/produit\/ovo-6-white-2\/\",\"name\":\"Ovo 6 White - Audibax\",\"isPartOf\":{\"@id\":\"https:\/\/audibax.com\/fr\/#website\"},\"primaryImageOfPage\":{\"@id\":\"https:\/\/audibax.com\/fr\/produit\/ovo-6-white-2\/#primaryimage\"},\"image\":{\"@id\":\"https:\/\/audibax.com\/fr\/produit\/ovo-6-white-2\/#primaryimage\"},\"thumbnailUrl\":\"https:\/\/audibax.com\/wp-content\/uploads\/2023\/12\/audibax-ovo-6-white-altavoz-pared-comprar.jpg\",\"datePublished\":\"2023-12-11T14:07:42+00:00\",\"dateModified\":\"2023-12-27T11:00:43+00:00\",\"breadcrumb\":{\"@id\":\"https:\/\/audibax.com\/fr\/produit\/ovo-6-white-2\/#breadcrumb\"},\"inLanguage\":\"fr-FR\",\"potentialAction\":[{\"@type\":\"ReadAction\",\"target\":[\"https:\/\/audibax.com\/fr\/produit\/ovo-6-white-2\/\"]}]},{\"@type\":\"ImageObject\",\"inLanguage\":\"fr-FR\",\"@id\":\"https:\/\/audibax.com\/fr\/produit\/ovo-6-white-2\/#primaryimage\",\"url\":\"https:\/\/audibax.com\/wp-content\/uploads\/2023\/12\/audibax-ovo-6-white-altavoz-pared-comprar.jpg\",\"contentUrl\":\"https:\/\/audibax.com\/wp-content\/uploads\/2023\/12\/audibax-ovo-6-white-altavoz-pared-comprar.jpg\",\"width\":1000,\"height\":500},{\"@type\":\"BreadcrumbList\",\"@id\":\"https:\/\/audibax.com\/fr\/produit\/ovo-6-white-2\/#breadcrumb\",\"itemListElement\":[{\"@type\":\"ListItem\",\"position\":1,\"name\":\"Portada\",\"item\":\"https:\/\/audibax.com\/fr\/\"},{\"@type\":\"ListItem\",\"position\":2,\"name\":\"Produits\",\"item\":\"https:\/\/audibax.com\/fr\/shop\/\"},{\"@type\":\"ListItem\",\"position\":3,\"name\":\"Ovo 6 White\"}]},{\"@type\":\"WebSite\",\"@id\":\"https:\/\/audibax.com\/fr\/#website\",\"url\":\"https:\/\/audibax.com\/fr\/\",\"name\":\"Audibax\",\"description\":\"\",\"publisher\":{\"@id\":\"https:\/\/audibax.com\/fr\/#organization\"},\"potentialAction\":[{\"@type\":\"SearchAction\",\"target\":{\"@type\":\"EntryPoint\",\"urlTemplate\":\"https:\/\/audibax.com\/fr\/?s={search_term_string}\"},\"query-input\":{\"@type\":\"PropertyValueSpecification\",\"valueRequired\":true,\"valueName\":\"search_term_string\"}}],\"inLanguage\":\"fr-FR\"},{\"@type\":\"Organization\",\"@id\":\"https:\/\/audibax.com\/fr\/#organization\",\"name\":\"Audibax\",\"url\":\"https:\/\/audibax.com\/fr\/\",\"logo\":{\"@type\":\"ImageObject\",\"inLanguage\":\"fr-FR\",\"@id\":\"https:\/\/audibax.com\/fr\/#\/schema\/logo\/image\/\",\"url\":\"https:\/\/audibax.com\/wp-content\/uploads\/2023\/09\/logo-Audibax-BLANCO-SVG-1.svg\",\"contentUrl\":\"https:\/\/audibax.com\/wp-content\/uploads\/2023\/09\/logo-Audibax-BLANCO-SVG-1.svg\",\"caption\":\"Audibax\"},\"image\":{\"@id\":\"https:\/\/audibax.com\/fr\/#\/schema\/logo\/image\/\"}}]}<\/script>\n<!-- \/ Yoast SEO plugin. -->","yoast_head_json":{"title":"Ovo 6 White - Audibax","robots":{"index":"index","follow":"follow","max-snippet":"max-snippet:-1","max-image-preview":"max-image-preview:large","max-video-preview":"max-video-preview:-1"},"canonical":"https:\/\/audibax.com\/fr\/produit\/ovo-6-white-2\/","og_locale":"fr_FR","og_type":"article","og_title":"Ovo 6 White - Audibax","og_description":"Caract\u00e9ristiques L&nbsp;Audibax Ovo 6 White&nbsp;est une paire d&rsquo;enceintes murales passives compactes \u00e0 deux voies.Audibax Ovo 6 White&nbsp;est une paire d&rsquo;enceintes murales passives \u00e0 deux voies, compactes et fiables. Cette gamme Ovo&nbsp;peut \u00eatre utilis\u00e9e en ligne 100v ou 8 ohms. Ovo 6 White&nbsp;est \u00e9quip\u00e9 d&rsquo;un woofer de 166mm et d&rsquo;un tweeter de 25mm et offre une [&hellip;]","og_url":"https:\/\/audibax.com\/fr\/produit\/ovo-6-white-2\/","og_site_name":"Audibax","article_modified_time":"2023-12-27T11:00:43+00:00","twitter_card":"summary_large_image","twitter_misc":{"Dur\u00e9e de lecture estim\u00e9e":"1 minute"},"schema":{"@context":"https:\/\/schema.org","@graph":[{"@type":"WebPage","@id":"https:\/\/audibax.com\/fr\/produit\/ovo-6-white-2\/","url":"https:\/\/audibax.com\/fr\/produit\/ovo-6-white-2\/","name":"Ovo 6 White - Audibax","isPartOf":{"@id":"https:\/\/audibax.com\/fr\/#website"},"primaryImageOfPage":{"@id":"https:\/\/audibax.com\/fr\/produit\/ovo-6-white-2\/#primaryimage"},"image":{"@id":"https:\/\/audibax.com\/fr\/produit\/ovo-6-white-2\/#primaryimage"},"thumbnailUrl":"https:\/\/audibax.com\/wp-content\/uploads\/2023\/12\/audibax-ovo-6-white-altavoz-pared-comprar.jpg","datePublished":"2023-12-11T14:07:42+00:00","dateModified":"2023-12-27T11:00:43+00:00","breadcrumb":{"@id":"https:\/\/audibax.com\/fr\/produit\/ovo-6-white-2\/#breadcrumb"},"inLanguage":"fr-FR","potentialAction":[{"@type":"ReadAction","target":["https:\/\/audibax.com\/fr\/produit\/ovo-6-white-2\/"]}]},{"@type":"ImageObject","inLanguage":"fr-FR","@id":"https:\/\/audibax.com\/fr\/produit\/ovo-6-white-2\/#primaryimage","url":"https:\/\/audibax.com\/wp-content\/uploads\/2023\/12\/audibax-ovo-6-white-altavoz-pared-comprar.jpg","contentUrl":"https:\/\/audibax.com\/wp-content\/uploads\/2023\/12\/audibax-ovo-6-white-altavoz-pared-comprar.jpg","width":1000,"height":500},{"@type":"BreadcrumbList","@id":"https:\/\/audibax.com\/fr\/produit\/ovo-6-white-2\/#breadcrumb","itemListElement":[{"@type":"ListItem","position":1,"name":"Portada","item":"https:\/\/audibax.com\/fr\/"},{"@type":"ListItem","position":2,"name":"Produits","item":"https:\/\/audibax.com\/fr\/shop\/"},{"@type":"ListItem","position":3,"name":"Ovo 6 White"}]},{"@type":"WebSite","@id":"https:\/\/audibax.com\/fr\/#website","url":"https:\/\/audibax.com\/fr\/","name":"Audibax","description":"","publisher":{"@id":"https:\/\/audibax.com\/fr\/#organization"},"potentialAction":[{"@type":"SearchAction","target":{"@type":"EntryPoint","urlTemplate":"https:\/\/audibax.com\/fr\/?s={search_term_string}"},"query-input":{"@type":"PropertyValueSpecification","valueRequired":true,"valueName":"search_term_string"}}],"inLanguage":"fr-FR"},{"@type":"Organization","@id":"https:\/\/audibax.com\/fr\/#organization","name":"Audibax","url":"https:\/\/audibax.com\/fr\/","logo":{"@type":"ImageObject","inLanguage":"fr-FR","@id":"https:\/\/audibax.com\/fr\/#\/schema\/logo\/image\/","url":"https:\/\/audibax.com\/wp-content\/uploads\/2023\/09\/logo-Audibax-BLANCO-SVG-1.svg","contentUrl":"https:\/\/audibax.com\/wp-content\/uploads\/2023\/09\/logo-Audibax-BLANCO-SVG-1.svg","caption":"Audibax"},"image":{"@id":"https:\/\/audibax.com\/fr\/#\/schema\/logo\/image\/"}}]}},"_links":{"self":[{"href":"https:\/\/audibax.com\/fr\/wp-json\/wp\/v2\/product\/36836","targetHints":{"allow":["GET"]}}],"collection":[{"href":"https:\/\/audibax.com\/fr\/wp-json\/wp\/v2\/product"}],"about":[{"href":"https:\/\/audibax.com\/fr\/wp-json\/wp\/v2\/types\/product"}],"replies":[{"embeddable":true,"href":"https:\/\/audibax.com\/fr\/wp-json\/wp\/v2\/comments?post=36836"}],"wp:featuredmedia":[{"embeddable":true,"href":"https:\/\/audibax.com\/fr\/wp-json\/wp\/v2\/media\/17511"}],"wp:attachment":[{"href":"https:\/\/audibax.com\/fr\/wp-json\/wp\/v2\/media?parent=36836"}],"wp:term":[{"taxonomy":"product_cat","embeddable":true,"href":"https:\/\/audibax.com\/fr\/wp-json\/wp\/v2\/product_cat?post=36836"},{"taxonomy":"product_tag","embeddable":true,"href":"https:\/\/audibax.com\/fr\/wp-json\/wp\/v2\/product_tag?post=36836"}],"curies":[{"name":"wp","href":"https:\/\/api.w.org\/{rel}","templated":true}]}}