{"id":36833,"date":"2023-12-11T13:52:36","date_gmt":"2023-12-11T12:52:36","guid":{"rendered":"https:\/\/audibax.com\/product\/tucson-60-black-2\/"},"modified":"2023-12-27T12:00:40","modified_gmt":"2023-12-27T11:00:40","slug":"tucson-60-black-2","status":"publish","type":"product","link":"https:\/\/audibax.com\/fr\/produit\/tucson-60-black-2\/","title":{"rendered":"Tucson 60 Black"},"content":{"rendered":"<p><span style=\"font-size :14px\"><strong>Caract\u00e9ristiques<\/strong><\/strong><\/p>\n<ul>\n<ul>\n<li>Le <strong>Audibax Tucson 60<\/strong> est un petit haut-parleur discret qui offre une performance sonore de niveau professionnel, capable de r\u00e9pondre aux besoins des lieux les plus exigeants.<\/li>\n<li>Notre enceinte <strong>Tucson 60<\/strong> est con\u00e7ue pour une utilisation par tous les temps, ce qui lui permet de convenir aussi bien \u00e0 l&rsquo;int\u00e9rieur qu&rsquo;\u00e0 l&rsquo;ext\u00e9rieur.<\/li>\n<li>Il a une large r\u00e9ponse en fr\u00e9quence, des basses claires et des aigus clairs et lumineux.<\/li>\n<li>La puissance r\u00e9glable \u00e0 plusieurs niveaux, avec un bouton de r\u00e9glage ind\u00e9pendant, peut s&rsquo;adapter aux besoins de diff\u00e9rents endroits.<\/li>\n<li>Ce haut-parleur est fait d&rsquo;un bo\u00eetier en alliage d&rsquo;aluminium qui ne se d\u00e9forme pas facilement et ne rouille pas. La surface est trait\u00e9e avec une peinture anti-ultraviolets UV et a une forte apparence textur\u00e9e.<\/li>\n<\/ul>\n<p><strong><strong><span style=\"font-size:14px\">Sp\u00e9cifications<\/span><\/strong><\/strong><\/p>\n<ul>\n<ul>\n<li>\n<li>&nbsp;2 V&iacute;as : (4&#215;3&rdquo;+1&#215;2&#038;rdquo \ud83d\ude09<\/li>\n<li>Gamme de fr\u00e9quences : 140-20KHz&nbsp;<\/li>\n<li>Puissance r\u00e9glable : (5-10-20-40-60W\/100v) 60W 4 ohms<\/li>\n<li>Imp\u00e9dance : 100v\/8ohms ligne<\/li>\n<li>SPL(@1W\/m):107dB +\/-3dB<\/li>\n<li>Sensibilit\u00e9 (1m, 1W) : 89&plusmn;3dB<\/li>\n<li>Construction : Aluminium<\/li>\n<li>Etanch\u00e9it\u00e9 : IP65<\/li>\n<li>Couleur : Noir<\/li>\n<li>Dimensions : 606 mm (hauteur), 109 mm (largeur), 102 mm (profondeur)<\/li>\n<li>Poids : 4Kg&nbsp;<\/li>\n<\/ul>\n","protected":false},"excerpt":{"rendered":"<ul>\n<li>Enceinte d&rsquo;ext\u00e9rieur passive \u00e0 2 fils<\/li>\n<li>Fournie par paire<\/li>\n<li>Dimensions : 4 pouces<\/li>\n<li>Puissance RMS : 60W<\/li>\n<li>Puissance r\u00e9glable : (5-10-20-40-60W\/100v) 60W 4 ohms<\/li>\n<li>Couleur : Noir<\/li>\n<\/ul>\n","protected":false},"featured_media":18684,"comment_status":"open","ping_status":"closed","template":"","meta":{"_acf_changed":false},"product_cat":[417,253,393],"product_tag":[],"class_list":{"0":"post-36833","1":"product","2":"type-product","3":"status-publish","4":"has-post-thumbnail","6":"product_cat-haut-parleurs-muraux","7":"product_cat-intervenants","8":"product_cat-sonorisation","10":"first","11":"instock","12":"shipping-taxable","13":"product-type-simple"},"acf":[],"yoast_head":"<!-- This site is optimized with the Yoast SEO plugin v27.0 - https:\/\/yoast.com\/product\/yoast-seo-wordpress\/ -->\n<title>Tucson 60 Black - Audibax<\/title>\n<meta name=\"robots\" content=\"index, follow, max-snippet:-1, max-image-preview:large, max-video-preview:-1\" \/>\n<link rel=\"canonical\" href=\"https:\/\/audibax.com\/fr\/produit\/tucson-60-black-2\/\" \/>\n<meta property=\"og:locale\" content=\"fr_FR\" \/>\n<meta property=\"og:type\" content=\"article\" \/>\n<meta property=\"og:title\" content=\"Tucson 60 Black - Audibax\" \/>\n<meta property=\"og:description\" content=\"Enceinte d&#039;ext\u00e9rieur passive \u00e0 2 fils Fournie par paire Dimensions : 4 pouces Puissance RMS : 60W Puissance r\u00e9glable : (5-10-20-40-60W\/100v) 60W 4 ohms Couleur : Noir\" \/>\n<meta property=\"og:url\" content=\"https:\/\/audibax.com\/fr\/produit\/tucson-60-black-2\/\" \/>\n<meta property=\"og:site_name\" content=\"Audibax\" \/>\n<meta property=\"article:modified_time\" content=\"2023-12-27T11:00:40+00:00\" \/>\n<meta name=\"twitter:card\" content=\"summary_large_image\" \/>\n<meta name=\"twitter:label1\" content=\"Dur\u00e9e de lecture estim\u00e9e\" \/>\n\t<meta name=\"twitter:data1\" content=\"1 minute\" \/>\n<script type=\"application\/ld+json\" class=\"yoast-schema-graph\">{\"@context\":\"https:\/\/schema.org\",\"@graph\":[{\"@type\":\"WebPage\",\"@id\":\"https:\/\/audibax.com\/fr\/produit\/tucson-60-black-2\/\",\"url\":\"https:\/\/audibax.com\/fr\/produit\/tucson-60-black-2\/\",\"name\":\"Tucson 60 Black - Audibax\",\"isPartOf\":{\"@id\":\"https:\/\/audibax.com\/fr\/#website\"},\"primaryImageOfPage\":{\"@id\":\"https:\/\/audibax.com\/fr\/produit\/tucson-60-black-2\/#primaryimage\"},\"image\":{\"@id\":\"https:\/\/audibax.com\/fr\/produit\/tucson-60-black-2\/#primaryimage\"},\"thumbnailUrl\":\"https:\/\/audibax.com\/wp-content\/uploads\/2023\/12\/Tucson-60-BK-altavoces-columnas-exterior-pareja.jpg\",\"datePublished\":\"2023-12-11T12:52:36+00:00\",\"dateModified\":\"2023-12-27T11:00:40+00:00\",\"breadcrumb\":{\"@id\":\"https:\/\/audibax.com\/fr\/produit\/tucson-60-black-2\/#breadcrumb\"},\"inLanguage\":\"fr-FR\",\"potentialAction\":[{\"@type\":\"ReadAction\",\"target\":[\"https:\/\/audibax.com\/fr\/produit\/tucson-60-black-2\/\"]}]},{\"@type\":\"ImageObject\",\"inLanguage\":\"fr-FR\",\"@id\":\"https:\/\/audibax.com\/fr\/produit\/tucson-60-black-2\/#primaryimage\",\"url\":\"https:\/\/audibax.com\/wp-content\/uploads\/2023\/12\/Tucson-60-BK-altavoces-columnas-exterior-pareja.jpg\",\"contentUrl\":\"https:\/\/audibax.com\/wp-content\/uploads\/2023\/12\/Tucson-60-BK-altavoces-columnas-exterior-pareja.jpg\",\"width\":1000,\"height\":500},{\"@type\":\"BreadcrumbList\",\"@id\":\"https:\/\/audibax.com\/fr\/produit\/tucson-60-black-2\/#breadcrumb\",\"itemListElement\":[{\"@type\":\"ListItem\",\"position\":1,\"name\":\"Portada\",\"item\":\"https:\/\/audibax.com\/fr\/\"},{\"@type\":\"ListItem\",\"position\":2,\"name\":\"Produits\",\"item\":\"https:\/\/audibax.com\/fr\/shop\/\"},{\"@type\":\"ListItem\",\"position\":3,\"name\":\"Tucson 60 Black\"}]},{\"@type\":\"WebSite\",\"@id\":\"https:\/\/audibax.com\/fr\/#website\",\"url\":\"https:\/\/audibax.com\/fr\/\",\"name\":\"Audibax\",\"description\":\"\",\"publisher\":{\"@id\":\"https:\/\/audibax.com\/fr\/#organization\"},\"potentialAction\":[{\"@type\":\"SearchAction\",\"target\":{\"@type\":\"EntryPoint\",\"urlTemplate\":\"https:\/\/audibax.com\/fr\/?s={search_term_string}\"},\"query-input\":{\"@type\":\"PropertyValueSpecification\",\"valueRequired\":true,\"valueName\":\"search_term_string\"}}],\"inLanguage\":\"fr-FR\"},{\"@type\":\"Organization\",\"@id\":\"https:\/\/audibax.com\/fr\/#organization\",\"name\":\"Audibax\",\"url\":\"https:\/\/audibax.com\/fr\/\",\"logo\":{\"@type\":\"ImageObject\",\"inLanguage\":\"fr-FR\",\"@id\":\"https:\/\/audibax.com\/fr\/#\/schema\/logo\/image\/\",\"url\":\"https:\/\/audibax.com\/wp-content\/uploads\/2023\/09\/logo-Audibax-BLANCO-SVG-1.svg\",\"contentUrl\":\"https:\/\/audibax.com\/wp-content\/uploads\/2023\/09\/logo-Audibax-BLANCO-SVG-1.svg\",\"caption\":\"Audibax\"},\"image\":{\"@id\":\"https:\/\/audibax.com\/fr\/#\/schema\/logo\/image\/\"}}]}<\/script>\n<!-- \/ Yoast SEO plugin. -->","yoast_head_json":{"title":"Tucson 60 Black - Audibax","robots":{"index":"index","follow":"follow","max-snippet":"max-snippet:-1","max-image-preview":"max-image-preview:large","max-video-preview":"max-video-preview:-1"},"canonical":"https:\/\/audibax.com\/fr\/produit\/tucson-60-black-2\/","og_locale":"fr_FR","og_type":"article","og_title":"Tucson 60 Black - Audibax","og_description":"Enceinte d'ext\u00e9rieur passive \u00e0 2 fils Fournie par paire Dimensions : 4 pouces Puissance RMS : 60W Puissance r\u00e9glable : (5-10-20-40-60W\/100v) 60W 4 ohms Couleur : Noir","og_url":"https:\/\/audibax.com\/fr\/produit\/tucson-60-black-2\/","og_site_name":"Audibax","article_modified_time":"2023-12-27T11:00:40+00:00","twitter_card":"summary_large_image","twitter_misc":{"Dur\u00e9e de lecture estim\u00e9e":"1 minute"},"schema":{"@context":"https:\/\/schema.org","@graph":[{"@type":"WebPage","@id":"https:\/\/audibax.com\/fr\/produit\/tucson-60-black-2\/","url":"https:\/\/audibax.com\/fr\/produit\/tucson-60-black-2\/","name":"Tucson 60 Black - Audibax","isPartOf":{"@id":"https:\/\/audibax.com\/fr\/#website"},"primaryImageOfPage":{"@id":"https:\/\/audibax.com\/fr\/produit\/tucson-60-black-2\/#primaryimage"},"image":{"@id":"https:\/\/audibax.com\/fr\/produit\/tucson-60-black-2\/#primaryimage"},"thumbnailUrl":"https:\/\/audibax.com\/wp-content\/uploads\/2023\/12\/Tucson-60-BK-altavoces-columnas-exterior-pareja.jpg","datePublished":"2023-12-11T12:52:36+00:00","dateModified":"2023-12-27T11:00:40+00:00","breadcrumb":{"@id":"https:\/\/audibax.com\/fr\/produit\/tucson-60-black-2\/#breadcrumb"},"inLanguage":"fr-FR","potentialAction":[{"@type":"ReadAction","target":["https:\/\/audibax.com\/fr\/produit\/tucson-60-black-2\/"]}]},{"@type":"ImageObject","inLanguage":"fr-FR","@id":"https:\/\/audibax.com\/fr\/produit\/tucson-60-black-2\/#primaryimage","url":"https:\/\/audibax.com\/wp-content\/uploads\/2023\/12\/Tucson-60-BK-altavoces-columnas-exterior-pareja.jpg","contentUrl":"https:\/\/audibax.com\/wp-content\/uploads\/2023\/12\/Tucson-60-BK-altavoces-columnas-exterior-pareja.jpg","width":1000,"height":500},{"@type":"BreadcrumbList","@id":"https:\/\/audibax.com\/fr\/produit\/tucson-60-black-2\/#breadcrumb","itemListElement":[{"@type":"ListItem","position":1,"name":"Portada","item":"https:\/\/audibax.com\/fr\/"},{"@type":"ListItem","position":2,"name":"Produits","item":"https:\/\/audibax.com\/fr\/shop\/"},{"@type":"ListItem","position":3,"name":"Tucson 60 Black"}]},{"@type":"WebSite","@id":"https:\/\/audibax.com\/fr\/#website","url":"https:\/\/audibax.com\/fr\/","name":"Audibax","description":"","publisher":{"@id":"https:\/\/audibax.com\/fr\/#organization"},"potentialAction":[{"@type":"SearchAction","target":{"@type":"EntryPoint","urlTemplate":"https:\/\/audibax.com\/fr\/?s={search_term_string}"},"query-input":{"@type":"PropertyValueSpecification","valueRequired":true,"valueName":"search_term_string"}}],"inLanguage":"fr-FR"},{"@type":"Organization","@id":"https:\/\/audibax.com\/fr\/#organization","name":"Audibax","url":"https:\/\/audibax.com\/fr\/","logo":{"@type":"ImageObject","inLanguage":"fr-FR","@id":"https:\/\/audibax.com\/fr\/#\/schema\/logo\/image\/","url":"https:\/\/audibax.com\/wp-content\/uploads\/2023\/09\/logo-Audibax-BLANCO-SVG-1.svg","contentUrl":"https:\/\/audibax.com\/wp-content\/uploads\/2023\/09\/logo-Audibax-BLANCO-SVG-1.svg","caption":"Audibax"},"image":{"@id":"https:\/\/audibax.com\/fr\/#\/schema\/logo\/image\/"}}]}},"_links":{"self":[{"href":"https:\/\/audibax.com\/fr\/wp-json\/wp\/v2\/product\/36833","targetHints":{"allow":["GET"]}}],"collection":[{"href":"https:\/\/audibax.com\/fr\/wp-json\/wp\/v2\/product"}],"about":[{"href":"https:\/\/audibax.com\/fr\/wp-json\/wp\/v2\/types\/product"}],"replies":[{"embeddable":true,"href":"https:\/\/audibax.com\/fr\/wp-json\/wp\/v2\/comments?post=36833"}],"wp:featuredmedia":[{"embeddable":true,"href":"https:\/\/audibax.com\/fr\/wp-json\/wp\/v2\/media\/18684"}],"wp:attachment":[{"href":"https:\/\/audibax.com\/fr\/wp-json\/wp\/v2\/media?parent=36833"}],"wp:term":[{"taxonomy":"product_cat","embeddable":true,"href":"https:\/\/audibax.com\/fr\/wp-json\/wp\/v2\/product_cat?post=36833"},{"taxonomy":"product_tag","embeddable":true,"href":"https:\/\/audibax.com\/fr\/wp-json\/wp\/v2\/product_tag?post=36833"}],"curies":[{"name":"wp","href":"https:\/\/api.w.org\/{rel}","templated":true}]}}