{"id":36831,"date":"2023-12-11T13:52:29","date_gmt":"2023-12-11T12:52:29","guid":{"rendered":"https:\/\/audibax.com\/product\/tucson-100-black-2\/"},"modified":"2023-12-27T12:00:37","modified_gmt":"2023-12-27T11:00:37","slug":"tucson-100-black-2","status":"publish","type":"product","link":"https:\/\/audibax.com\/fr\/produit\/tucson-100-black-2\/","title":{"rendered":"Tucson 100 Black"},"content":{"rendered":"<\/p>\n<p><strong>Caract\u00e9ristiques<\/strong><\/p>\n<ul>\n<ul>\n<li>Le <strong>Audibax Tucson 100&nbsp;<\/strong>est une colonne sonore lin\u00e9aire con\u00e7ue pour les petites et grandes salles de conf\u00e9rence, les salles multifonctionnelles, la reproduction musicale, etc.<\/li>\n<li>Notre enceinte&nbsp;<strong>Tucson 100<\/strong>&nbsp;se caract\u00e9rise par un design g\u00e9n\u00e9ral de moulage de profil\u00e9s en aluminium et 25 tweeter \u00e0 pavillon haute performance.<\/li>\n<li>Il se caract\u00e9rise par une couverture \u00e0 longue port\u00e9e, un champ sonore complet, une r\u00e9ponse en fr\u00e9quence \u00e9tendue et une voix pro\u00e9minente.<\/li>\n<\/ul>\n<p><strong>Sp\u00e9cifications<\/strong><\/p>\n<ul>\n<li>R\u00e9ponse en fr\u00e9quence : 65Hz-20KHz<\/li>\n<li>Puissance support\u00e9e : 100W RMS<\/li>\n<li>Transducteurs : Woofer 2&#215;4&#038;quot ; \/ Tweeter 2&#215;1&quot;<\/li>\n<li>Sensibilit\u00e9 : 90dB (1W\/m) &#038;plusmn ; 3dB<\/li>\n<li>Imp\u00e9dance : 4&Omega;<\/li>\n<li>Couleur : Noir<\/li>\n<li>Mat\u00e9riau de construction du bo\u00eetier : Aluminium<\/li>\n<li>Supports &quot;L&#038;quot ; en aluminium de couleur argent\u00e9e inclus.<\/li>\n<li>Dimensions : 160 x 160 x 500 mm<\/li>\n<li>Poids : 6kg<\/li>\n<\/ul>\n<li>Dimensions : 160 x 160 x 500 mm<\/li>\n<li>Dimensions : 160 x 160 x 500 mm<\/li>\n<li>Poids : 6kg<\/li>\n<\/ul>\n<\/ul>\n<ul>.<\/p>\n","protected":false},"excerpt":{"rendered":"<ul>\n<li>Colonne sonore lin\u00e9aire<\/li>\n<li>R\u00e9ponse en fr\u00e9quence : 65Hz-20KHz<\/li>\n<li>Puissance support\u00e9e : 100W RMS<\/li>\n<li>Transducteurs : Woofer 2&#215;4&#038;quot ; \/ Tweeter 2&#215;1&quot;<\/li>\n<\/ul>\n<\/ul>\n","protected":false},"featured_media":18690,"comment_status":"open","ping_status":"closed","template":"","meta":{"_acf_changed":false},"product_cat":[417,253,393],"product_tag":[],"class_list":{"0":"post-36831","1":"product","2":"type-product","3":"status-publish","4":"has-post-thumbnail","6":"product_cat-haut-parleurs-muraux","7":"product_cat-intervenants","8":"product_cat-sonorisation","10":"first","11":"instock","12":"shipping-taxable","13":"product-type-simple"},"acf":[],"yoast_head":"<!-- This site is optimized with the Yoast SEO plugin v27.0 - https:\/\/yoast.com\/product\/yoast-seo-wordpress\/ -->\n<title>Tucson 100 Black - Audibax<\/title>\n<meta name=\"robots\" content=\"index, follow, max-snippet:-1, max-image-preview:large, max-video-preview:-1\" \/>\n<link rel=\"canonical\" href=\"https:\/\/audibax.com\/fr\/produit\/tucson-100-black-2\/\" \/>\n<meta property=\"og:locale\" content=\"fr_FR\" \/>\n<meta property=\"og:type\" content=\"article\" \/>\n<meta property=\"og:title\" content=\"Tucson 100 Black - Audibax\" \/>\n<meta property=\"og:description\" content=\"Colonne sonore lin\u00e9aire R\u00e9ponse en fr\u00e9quence : 65Hz-20KHz Puissance support\u00e9e : 100W RMS Transducteurs : Woofer 2x4&amp;quot ; \/ Tweeter 2x1&quot;\" \/>\n<meta property=\"og:url\" content=\"https:\/\/audibax.com\/fr\/produit\/tucson-100-black-2\/\" \/>\n<meta property=\"og:site_name\" content=\"Audibax\" \/>\n<meta property=\"article:modified_time\" content=\"2023-12-27T11:00:37+00:00\" \/>\n<meta name=\"twitter:card\" content=\"summary_large_image\" \/>\n<meta name=\"twitter:label1\" content=\"Dur\u00e9e de lecture estim\u00e9e\" \/>\n\t<meta name=\"twitter:data1\" content=\"1 minute\" \/>\n<script type=\"application\/ld+json\" class=\"yoast-schema-graph\">{\"@context\":\"https:\/\/schema.org\",\"@graph\":[{\"@type\":\"WebPage\",\"@id\":\"https:\/\/audibax.com\/fr\/produit\/tucson-100-black-2\/\",\"url\":\"https:\/\/audibax.com\/fr\/produit\/tucson-100-black-2\/\",\"name\":\"Tucson 100 Black - Audibax\",\"isPartOf\":{\"@id\":\"https:\/\/audibax.com\/fr\/#website\"},\"primaryImageOfPage\":{\"@id\":\"https:\/\/audibax.com\/fr\/produit\/tucson-100-black-2\/#primaryimage\"},\"image\":{\"@id\":\"https:\/\/audibax.com\/fr\/produit\/tucson-100-black-2\/#primaryimage\"},\"thumbnailUrl\":\"https:\/\/audibax.com\/wp-content\/uploads\/2023\/12\/Tucson-100-BK-altavoz-columna-exterior-comprar.jpg\",\"datePublished\":\"2023-12-11T12:52:29+00:00\",\"dateModified\":\"2023-12-27T11:00:37+00:00\",\"breadcrumb\":{\"@id\":\"https:\/\/audibax.com\/fr\/produit\/tucson-100-black-2\/#breadcrumb\"},\"inLanguage\":\"fr-FR\",\"potentialAction\":[{\"@type\":\"ReadAction\",\"target\":[\"https:\/\/audibax.com\/fr\/produit\/tucson-100-black-2\/\"]}]},{\"@type\":\"ImageObject\",\"inLanguage\":\"fr-FR\",\"@id\":\"https:\/\/audibax.com\/fr\/produit\/tucson-100-black-2\/#primaryimage\",\"url\":\"https:\/\/audibax.com\/wp-content\/uploads\/2023\/12\/Tucson-100-BK-altavoz-columna-exterior-comprar.jpg\",\"contentUrl\":\"https:\/\/audibax.com\/wp-content\/uploads\/2023\/12\/Tucson-100-BK-altavoz-columna-exterior-comprar.jpg\",\"width\":1000,\"height\":500},{\"@type\":\"BreadcrumbList\",\"@id\":\"https:\/\/audibax.com\/fr\/produit\/tucson-100-black-2\/#breadcrumb\",\"itemListElement\":[{\"@type\":\"ListItem\",\"position\":1,\"name\":\"Portada\",\"item\":\"https:\/\/audibax.com\/fr\/\"},{\"@type\":\"ListItem\",\"position\":2,\"name\":\"Produits\",\"item\":\"https:\/\/audibax.com\/fr\/shop\/\"},{\"@type\":\"ListItem\",\"position\":3,\"name\":\"Tucson 100 Black\"}]},{\"@type\":\"WebSite\",\"@id\":\"https:\/\/audibax.com\/fr\/#website\",\"url\":\"https:\/\/audibax.com\/fr\/\",\"name\":\"Audibax\",\"description\":\"\",\"publisher\":{\"@id\":\"https:\/\/audibax.com\/fr\/#organization\"},\"potentialAction\":[{\"@type\":\"SearchAction\",\"target\":{\"@type\":\"EntryPoint\",\"urlTemplate\":\"https:\/\/audibax.com\/fr\/?s={search_term_string}\"},\"query-input\":{\"@type\":\"PropertyValueSpecification\",\"valueRequired\":true,\"valueName\":\"search_term_string\"}}],\"inLanguage\":\"fr-FR\"},{\"@type\":\"Organization\",\"@id\":\"https:\/\/audibax.com\/fr\/#organization\",\"name\":\"Audibax\",\"url\":\"https:\/\/audibax.com\/fr\/\",\"logo\":{\"@type\":\"ImageObject\",\"inLanguage\":\"fr-FR\",\"@id\":\"https:\/\/audibax.com\/fr\/#\/schema\/logo\/image\/\",\"url\":\"https:\/\/audibax.com\/wp-content\/uploads\/2023\/09\/logo-Audibax-BLANCO-SVG-1.svg\",\"contentUrl\":\"https:\/\/audibax.com\/wp-content\/uploads\/2023\/09\/logo-Audibax-BLANCO-SVG-1.svg\",\"caption\":\"Audibax\"},\"image\":{\"@id\":\"https:\/\/audibax.com\/fr\/#\/schema\/logo\/image\/\"}}]}<\/script>\n<!-- \/ Yoast SEO plugin. -->","yoast_head_json":{"title":"Tucson 100 Black - Audibax","robots":{"index":"index","follow":"follow","max-snippet":"max-snippet:-1","max-image-preview":"max-image-preview:large","max-video-preview":"max-video-preview:-1"},"canonical":"https:\/\/audibax.com\/fr\/produit\/tucson-100-black-2\/","og_locale":"fr_FR","og_type":"article","og_title":"Tucson 100 Black - Audibax","og_description":"Colonne sonore lin\u00e9aire R\u00e9ponse en fr\u00e9quence : 65Hz-20KHz Puissance support\u00e9e : 100W RMS Transducteurs : Woofer 2x4&quot ; \/ Tweeter 2x1&quot;","og_url":"https:\/\/audibax.com\/fr\/produit\/tucson-100-black-2\/","og_site_name":"Audibax","article_modified_time":"2023-12-27T11:00:37+00:00","twitter_card":"summary_large_image","twitter_misc":{"Dur\u00e9e de lecture estim\u00e9e":"1 minute"},"schema":{"@context":"https:\/\/schema.org","@graph":[{"@type":"WebPage","@id":"https:\/\/audibax.com\/fr\/produit\/tucson-100-black-2\/","url":"https:\/\/audibax.com\/fr\/produit\/tucson-100-black-2\/","name":"Tucson 100 Black - Audibax","isPartOf":{"@id":"https:\/\/audibax.com\/fr\/#website"},"primaryImageOfPage":{"@id":"https:\/\/audibax.com\/fr\/produit\/tucson-100-black-2\/#primaryimage"},"image":{"@id":"https:\/\/audibax.com\/fr\/produit\/tucson-100-black-2\/#primaryimage"},"thumbnailUrl":"https:\/\/audibax.com\/wp-content\/uploads\/2023\/12\/Tucson-100-BK-altavoz-columna-exterior-comprar.jpg","datePublished":"2023-12-11T12:52:29+00:00","dateModified":"2023-12-27T11:00:37+00:00","breadcrumb":{"@id":"https:\/\/audibax.com\/fr\/produit\/tucson-100-black-2\/#breadcrumb"},"inLanguage":"fr-FR","potentialAction":[{"@type":"ReadAction","target":["https:\/\/audibax.com\/fr\/produit\/tucson-100-black-2\/"]}]},{"@type":"ImageObject","inLanguage":"fr-FR","@id":"https:\/\/audibax.com\/fr\/produit\/tucson-100-black-2\/#primaryimage","url":"https:\/\/audibax.com\/wp-content\/uploads\/2023\/12\/Tucson-100-BK-altavoz-columna-exterior-comprar.jpg","contentUrl":"https:\/\/audibax.com\/wp-content\/uploads\/2023\/12\/Tucson-100-BK-altavoz-columna-exterior-comprar.jpg","width":1000,"height":500},{"@type":"BreadcrumbList","@id":"https:\/\/audibax.com\/fr\/produit\/tucson-100-black-2\/#breadcrumb","itemListElement":[{"@type":"ListItem","position":1,"name":"Portada","item":"https:\/\/audibax.com\/fr\/"},{"@type":"ListItem","position":2,"name":"Produits","item":"https:\/\/audibax.com\/fr\/shop\/"},{"@type":"ListItem","position":3,"name":"Tucson 100 Black"}]},{"@type":"WebSite","@id":"https:\/\/audibax.com\/fr\/#website","url":"https:\/\/audibax.com\/fr\/","name":"Audibax","description":"","publisher":{"@id":"https:\/\/audibax.com\/fr\/#organization"},"potentialAction":[{"@type":"SearchAction","target":{"@type":"EntryPoint","urlTemplate":"https:\/\/audibax.com\/fr\/?s={search_term_string}"},"query-input":{"@type":"PropertyValueSpecification","valueRequired":true,"valueName":"search_term_string"}}],"inLanguage":"fr-FR"},{"@type":"Organization","@id":"https:\/\/audibax.com\/fr\/#organization","name":"Audibax","url":"https:\/\/audibax.com\/fr\/","logo":{"@type":"ImageObject","inLanguage":"fr-FR","@id":"https:\/\/audibax.com\/fr\/#\/schema\/logo\/image\/","url":"https:\/\/audibax.com\/wp-content\/uploads\/2023\/09\/logo-Audibax-BLANCO-SVG-1.svg","contentUrl":"https:\/\/audibax.com\/wp-content\/uploads\/2023\/09\/logo-Audibax-BLANCO-SVG-1.svg","caption":"Audibax"},"image":{"@id":"https:\/\/audibax.com\/fr\/#\/schema\/logo\/image\/"}}]}},"_links":{"self":[{"href":"https:\/\/audibax.com\/fr\/wp-json\/wp\/v2\/product\/36831","targetHints":{"allow":["GET"]}}],"collection":[{"href":"https:\/\/audibax.com\/fr\/wp-json\/wp\/v2\/product"}],"about":[{"href":"https:\/\/audibax.com\/fr\/wp-json\/wp\/v2\/types\/product"}],"replies":[{"embeddable":true,"href":"https:\/\/audibax.com\/fr\/wp-json\/wp\/v2\/comments?post=36831"}],"wp:featuredmedia":[{"embeddable":true,"href":"https:\/\/audibax.com\/fr\/wp-json\/wp\/v2\/media\/18690"}],"wp:attachment":[{"href":"https:\/\/audibax.com\/fr\/wp-json\/wp\/v2\/media?parent=36831"}],"wp:term":[{"taxonomy":"product_cat","embeddable":true,"href":"https:\/\/audibax.com\/fr\/wp-json\/wp\/v2\/product_cat?post=36831"},{"taxonomy":"product_tag","embeddable":true,"href":"https:\/\/audibax.com\/fr\/wp-json\/wp\/v2\/product_tag?post=36831"}],"curies":[{"name":"wp","href":"https:\/\/api.w.org\/{rel}","templated":true}]}}