{"id":36828,"date":"2023-12-27T12:00:33","date_gmt":"2023-12-27T11:00:33","guid":{"rendered":"https:\/\/audibax.com\/product\/pr52-white-white-2\/"},"modified":"2023-12-27T12:00:33","modified_gmt":"2023-12-27T11:00:33","slug":"pr52-white-white-2","status":"publish","type":"product","link":"https:\/\/audibax.com\/fr\/produit\/pr52-white-white-2\/","title":{"rendered":"PR52 White White"},"content":{"rendered":"<\/p>\n<p><strong>Audibax PR-52W Paire d&rsquo;enceintes st\u00e9r\u00e9o 100W avec support blanc<\/strong><\/p>\n<p>Audibax PR52 W Paire d&rsquo;enceintes st\u00e9r\u00e9o noires d&rsquo;une puissance de 100W avec support mural inclus.<\/p>\n<p>Une paire de haut-parleurs st\u00e9r\u00e9o 2 voies de haute puissance convenant aux applications de haute fid\u00e9lit\u00e9 et de son surround ainsi qu&rsquo;aux installations de renforcement du son.<\/p>\n<p>Syst\u00e8me de basses compos\u00e9 d&rsquo;un woofer de 5 pouces&#038;nbsp ; et d&rsquo;un tweeter en poly-carbonate de 3\/4 pouces.<\/p>\n<p>Fournis par paire et avec des supports de montage.<\/p>\n<p><strong>Caract\u00e9ristiques techniques Audibax PR52 W couleur Blanc<\/strong><\/p>\n<ul>\n<ul>\n<ul>\n<ul>\n<ul>\n<ul>\n<ul>.li>5&#038;quot ; woofer en propyl\u00e8ne<\/li>\n<li>Tweeter en polycarbonate de 2 cm<\/li>\n<li>2 voies Puissance max. 100W max. m\/sicals<\/li>\n<li>Imp\u00e9dance 8 Ohm<\/li>\n<li>R\u00e9ponse en fr\u00e9quence 50Hz &#8211; 20kHz<\/li>\n<li>SPL 1W\/1m 89dB<\/li>\n<li>SPL 1W\/1m 89dB<\/li>\n<p>. <\/p>\n<li>Connecteurs rouges\/noirs<\/li>\n<li>Couleur BLANC<\/li>\n<li>Supports de montage inclus<\/li>\n<li>Mesures : 24 x 17&#39;5 x 14 cm (sans support) &#8211; 24 x 17&#39;5 x 17 cm (avec support)<\/li>\n<\/ul>\n<p>&nbsp;<\/p>\n<\/p>\n<\/p>\n<p>Supports de montage inclus.<\/p>\n","protected":false},"excerpt":{"rendered":"<p>Enceintes avec support de montage mural<\/p>\n<p>Enceintes avec support de montage mural<\/p>\n<p>Enceintes avec support de montage mural<\/p>\n<p>Support de montage mural<\/p>\n","protected":false},"featured_media":17552,"comment_status":"open","ping_status":"closed","template":"","meta":{"_acf_changed":false},"product_cat":[417,243],"product_tag":[],"class_list":{"0":"post-36828","1":"product","2":"type-product","3":"status-publish","4":"has-post-thumbnail","6":"product_cat-haut-parleurs-muraux","7":"product_cat-uncategorized","9":"first","10":"instock","11":"shipping-taxable","12":"product-type-simple"},"acf":[],"yoast_head":"<!-- This site is optimized with the Yoast SEO plugin v27.0 - https:\/\/yoast.com\/product\/yoast-seo-wordpress\/ -->\n<title>PR52 White White - Audibax<\/title>\n<meta name=\"robots\" content=\"index, follow, max-snippet:-1, max-image-preview:large, max-video-preview:-1\" \/>\n<link rel=\"canonical\" href=\"https:\/\/audibax.com\/fr\/produit\/pr52-white-white-2\/\" \/>\n<meta property=\"og:locale\" content=\"fr_FR\" \/>\n<meta property=\"og:type\" content=\"article\" \/>\n<meta property=\"og:title\" content=\"PR52 White White - Audibax\" \/>\n<meta property=\"og:description\" content=\"Enceintes avec support de montage mural Enceintes avec support de montage mural Enceintes avec support de montage mural Support de montage mural\" \/>\n<meta property=\"og:url\" content=\"https:\/\/audibax.com\/fr\/produit\/pr52-white-white-2\/\" \/>\n<meta property=\"og:site_name\" content=\"Audibax\" \/>\n<meta name=\"twitter:card\" content=\"summary_large_image\" \/>\n<meta name=\"twitter:label1\" content=\"Dur\u00e9e de lecture estim\u00e9e\" \/>\n\t<meta name=\"twitter:data1\" content=\"1 minute\" \/>\n<script type=\"application\/ld+json\" class=\"yoast-schema-graph\">{\"@context\":\"https:\/\/schema.org\",\"@graph\":[{\"@type\":\"WebPage\",\"@id\":\"https:\/\/audibax.com\/fr\/produit\/pr52-white-white-2\/\",\"url\":\"https:\/\/audibax.com\/fr\/produit\/pr52-white-white-2\/\",\"name\":\"PR52 White White - Audibax\",\"isPartOf\":{\"@id\":\"https:\/\/audibax.com\/fr\/#website\"},\"primaryImageOfPage\":{\"@id\":\"https:\/\/audibax.com\/fr\/produit\/pr52-white-white-2\/#primaryimage\"},\"image\":{\"@id\":\"https:\/\/audibax.com\/fr\/produit\/pr52-white-white-2\/#primaryimage\"},\"thumbnailUrl\":\"https:\/\/audibax.com\/wp-content\/uploads\/2023\/12\/audibax-pr-52w-pareja-altavoces-100w-blanco.png\",\"datePublished\":\"2023-12-27T11:00:33+00:00\",\"breadcrumb\":{\"@id\":\"https:\/\/audibax.com\/fr\/produit\/pr52-white-white-2\/#breadcrumb\"},\"inLanguage\":\"fr-FR\",\"potentialAction\":[{\"@type\":\"ReadAction\",\"target\":[\"https:\/\/audibax.com\/fr\/produit\/pr52-white-white-2\/\"]}]},{\"@type\":\"ImageObject\",\"inLanguage\":\"fr-FR\",\"@id\":\"https:\/\/audibax.com\/fr\/produit\/pr52-white-white-2\/#primaryimage\",\"url\":\"https:\/\/audibax.com\/wp-content\/uploads\/2023\/12\/audibax-pr-52w-pareja-altavoces-100w-blanco.png\",\"contentUrl\":\"https:\/\/audibax.com\/wp-content\/uploads\/2023\/12\/audibax-pr-52w-pareja-altavoces-100w-blanco.png\",\"width\":1200,\"height\":951},{\"@type\":\"BreadcrumbList\",\"@id\":\"https:\/\/audibax.com\/fr\/produit\/pr52-white-white-2\/#breadcrumb\",\"itemListElement\":[{\"@type\":\"ListItem\",\"position\":1,\"name\":\"Portada\",\"item\":\"https:\/\/audibax.com\/fr\/\"},{\"@type\":\"ListItem\",\"position\":2,\"name\":\"Produits\",\"item\":\"https:\/\/audibax.com\/fr\/shop\/\"},{\"@type\":\"ListItem\",\"position\":3,\"name\":\"PR52 White White\"}]},{\"@type\":\"WebSite\",\"@id\":\"https:\/\/audibax.com\/fr\/#website\",\"url\":\"https:\/\/audibax.com\/fr\/\",\"name\":\"Audibax\",\"description\":\"\",\"publisher\":{\"@id\":\"https:\/\/audibax.com\/fr\/#organization\"},\"potentialAction\":[{\"@type\":\"SearchAction\",\"target\":{\"@type\":\"EntryPoint\",\"urlTemplate\":\"https:\/\/audibax.com\/fr\/?s={search_term_string}\"},\"query-input\":{\"@type\":\"PropertyValueSpecification\",\"valueRequired\":true,\"valueName\":\"search_term_string\"}}],\"inLanguage\":\"fr-FR\"},{\"@type\":\"Organization\",\"@id\":\"https:\/\/audibax.com\/fr\/#organization\",\"name\":\"Audibax\",\"url\":\"https:\/\/audibax.com\/fr\/\",\"logo\":{\"@type\":\"ImageObject\",\"inLanguage\":\"fr-FR\",\"@id\":\"https:\/\/audibax.com\/fr\/#\/schema\/logo\/image\/\",\"url\":\"https:\/\/audibax.com\/wp-content\/uploads\/2023\/09\/logo-Audibax-BLANCO-SVG-1.svg\",\"contentUrl\":\"https:\/\/audibax.com\/wp-content\/uploads\/2023\/09\/logo-Audibax-BLANCO-SVG-1.svg\",\"caption\":\"Audibax\"},\"image\":{\"@id\":\"https:\/\/audibax.com\/fr\/#\/schema\/logo\/image\/\"}}]}<\/script>\n<!-- \/ Yoast SEO plugin. -->","yoast_head_json":{"title":"PR52 White White - Audibax","robots":{"index":"index","follow":"follow","max-snippet":"max-snippet:-1","max-image-preview":"max-image-preview:large","max-video-preview":"max-video-preview:-1"},"canonical":"https:\/\/audibax.com\/fr\/produit\/pr52-white-white-2\/","og_locale":"fr_FR","og_type":"article","og_title":"PR52 White White - Audibax","og_description":"Enceintes avec support de montage mural Enceintes avec support de montage mural Enceintes avec support de montage mural Support de montage mural","og_url":"https:\/\/audibax.com\/fr\/produit\/pr52-white-white-2\/","og_site_name":"Audibax","twitter_card":"summary_large_image","twitter_misc":{"Dur\u00e9e de lecture estim\u00e9e":"1 minute"},"schema":{"@context":"https:\/\/schema.org","@graph":[{"@type":"WebPage","@id":"https:\/\/audibax.com\/fr\/produit\/pr52-white-white-2\/","url":"https:\/\/audibax.com\/fr\/produit\/pr52-white-white-2\/","name":"PR52 White White - Audibax","isPartOf":{"@id":"https:\/\/audibax.com\/fr\/#website"},"primaryImageOfPage":{"@id":"https:\/\/audibax.com\/fr\/produit\/pr52-white-white-2\/#primaryimage"},"image":{"@id":"https:\/\/audibax.com\/fr\/produit\/pr52-white-white-2\/#primaryimage"},"thumbnailUrl":"https:\/\/audibax.com\/wp-content\/uploads\/2023\/12\/audibax-pr-52w-pareja-altavoces-100w-blanco.png","datePublished":"2023-12-27T11:00:33+00:00","breadcrumb":{"@id":"https:\/\/audibax.com\/fr\/produit\/pr52-white-white-2\/#breadcrumb"},"inLanguage":"fr-FR","potentialAction":[{"@type":"ReadAction","target":["https:\/\/audibax.com\/fr\/produit\/pr52-white-white-2\/"]}]},{"@type":"ImageObject","inLanguage":"fr-FR","@id":"https:\/\/audibax.com\/fr\/produit\/pr52-white-white-2\/#primaryimage","url":"https:\/\/audibax.com\/wp-content\/uploads\/2023\/12\/audibax-pr-52w-pareja-altavoces-100w-blanco.png","contentUrl":"https:\/\/audibax.com\/wp-content\/uploads\/2023\/12\/audibax-pr-52w-pareja-altavoces-100w-blanco.png","width":1200,"height":951},{"@type":"BreadcrumbList","@id":"https:\/\/audibax.com\/fr\/produit\/pr52-white-white-2\/#breadcrumb","itemListElement":[{"@type":"ListItem","position":1,"name":"Portada","item":"https:\/\/audibax.com\/fr\/"},{"@type":"ListItem","position":2,"name":"Produits","item":"https:\/\/audibax.com\/fr\/shop\/"},{"@type":"ListItem","position":3,"name":"PR52 White White"}]},{"@type":"WebSite","@id":"https:\/\/audibax.com\/fr\/#website","url":"https:\/\/audibax.com\/fr\/","name":"Audibax","description":"","publisher":{"@id":"https:\/\/audibax.com\/fr\/#organization"},"potentialAction":[{"@type":"SearchAction","target":{"@type":"EntryPoint","urlTemplate":"https:\/\/audibax.com\/fr\/?s={search_term_string}"},"query-input":{"@type":"PropertyValueSpecification","valueRequired":true,"valueName":"search_term_string"}}],"inLanguage":"fr-FR"},{"@type":"Organization","@id":"https:\/\/audibax.com\/fr\/#organization","name":"Audibax","url":"https:\/\/audibax.com\/fr\/","logo":{"@type":"ImageObject","inLanguage":"fr-FR","@id":"https:\/\/audibax.com\/fr\/#\/schema\/logo\/image\/","url":"https:\/\/audibax.com\/wp-content\/uploads\/2023\/09\/logo-Audibax-BLANCO-SVG-1.svg","contentUrl":"https:\/\/audibax.com\/wp-content\/uploads\/2023\/09\/logo-Audibax-BLANCO-SVG-1.svg","caption":"Audibax"},"image":{"@id":"https:\/\/audibax.com\/fr\/#\/schema\/logo\/image\/"}}]}},"_links":{"self":[{"href":"https:\/\/audibax.com\/fr\/wp-json\/wp\/v2\/product\/36828","targetHints":{"allow":["GET"]}}],"collection":[{"href":"https:\/\/audibax.com\/fr\/wp-json\/wp\/v2\/product"}],"about":[{"href":"https:\/\/audibax.com\/fr\/wp-json\/wp\/v2\/types\/product"}],"replies":[{"embeddable":true,"href":"https:\/\/audibax.com\/fr\/wp-json\/wp\/v2\/comments?post=36828"}],"wp:featuredmedia":[{"embeddable":true,"href":"https:\/\/audibax.com\/fr\/wp-json\/wp\/v2\/media\/17552"}],"wp:attachment":[{"href":"https:\/\/audibax.com\/fr\/wp-json\/wp\/v2\/media?parent=36828"}],"wp:term":[{"taxonomy":"product_cat","embeddable":true,"href":"https:\/\/audibax.com\/fr\/wp-json\/wp\/v2\/product_cat?post=36828"},{"taxonomy":"product_tag","embeddable":true,"href":"https:\/\/audibax.com\/fr\/wp-json\/wp\/v2\/product_tag?post=36828"}],"curies":[{"name":"wp","href":"https:\/\/api.w.org\/{rel}","templated":true}]}}