{"id":36823,"date":"2023-12-11T13:51:58","date_gmt":"2023-12-11T12:51:58","guid":{"rendered":"https:\/\/audibax.com\/product\/ovo-5-white-2\/"},"modified":"2025-10-20T09:11:49","modified_gmt":"2025-10-20T07:11:49","slug":"ovo-5-white-2","status":"publish","type":"product","link":"https:\/\/audibax.com\/fr\/produit\/ovo-5-white-2\/","title":{"rendered":"Ovo 5 White"},"content":{"rendered":"<p><span style=\"font-size: 14px;\"><strong>Audibax Ovo 5 White Paire d&rsquo;enceintes murales passives 5 &amp;quot ; 100v \/ 8 Ohm IP65<\/strong><\/span><\/p>\n<p><span style=\"font-size: 14px;\"><strong>Caract\u00e9ristiques<\/strong><\/span><\/p>\n<ul>\n<li>La <strong>Audibax Ovo 5 Blanc<\/strong>\n<ul>\n<li>La <strong>Audibax Ovo 5 Blanc<\/strong>\n<ul>\n<li>La <strong>Audibax Ovo 5 Blanc<\/strong>\n<ul>\n<li>La <strong>Audibax OvoAudibax Ovo 5 White<\/strong> est une paire compacte et fiable d&rsquo;enceintes murales passives \u00e0 deux voies. Cette gamme <strong>Ovo<\/strong> peut \u00eatre utilis\u00e9e en ligne 100v ou 8ohm.Nos <strong>Ovo 5 White<\/strong> sont \u00e9quip\u00e9es d&rsquo;un woofer de 135mm et d&rsquo;un tweeter de 13mm et offrent une r\u00e9ponse en fr\u00e9quence jusqu&rsquo;\u00e0 18KHz et un SPL de 89dB. Le <strong>Ovo 5 White<\/strong> d\u00e9livre 50W en continu et se distingue par sa grande intelligibilit\u00e9 et sa haute qualit\u00e9 sonore.<\/li>\n<li>Le cadre de montage est en ABS de haute qualit\u00e9 et le mat\u00e9riau de la grille est en acier, avec un support pour un positionnement flexible. En outre, ces enceintes se caract\u00e9risent par un montage rapide et facile.La s\u00e9rie <strong>Ovo<\/strong> d&rsquo;<strong>Audibax<\/strong> est le choix id\u00e9al car elle offre une grande vari\u00e9t\u00e9 d&rsquo;applications et une solution de haute qualit\u00e9.Elle offre une grande vari\u00e9t\u00e9 d&rsquo;applications et une solution simple et de haute qualit\u00e9 pour le renforcement du son dans un large \u00e9ventail d&rsquo;environnements, car son design moderne s&rsquo;int\u00e8gre parfaitement \u00e0 tout type de d\u00e9cor. De plus, cette s\u00e9rie est con\u00e7ue pour \u00eatre utilis\u00e9e \u00e0 l&rsquo;ext\u00e9rieur puisqu&rsquo;il s&rsquo;agit d&rsquo;une enceinte IP65.<\/li>\n<\/ul>\n<p><span style=\"font-size: 14px;\"><strong>Sp\u00e9cifications\u00a0<\/strong><\/span><\/p>\n<ul>\n<li style=\"list-style-type: none;\">\n<ul>\n<li>Type de produit : Haut-parleurs d&rsquo;installation (montage mural)<\/li>\n<li>Type : Passif<\/li>\n<li>Type de haut-parleur : Haut-parleur \u00e0 2 voies<\/li>\n<li>Couleur : Blanc<\/li>\n<li>Dimensions : 5 Inch<\/li>\n<li>Taille du woofer : 135mm<\/li>\n<li>Taille du tweeter : 13mm<\/li>\n<li>Basse imp\u00e9dance : 8 ohm<\/li>\n<li>R\u00e9ponse en fr\u00e9quence : 50Hz &#8211; 20KHz<\/li>\n<li>Sensibilit\u00e9 : 89dB<\/li>\n<li>Ligne d&rsquo;alimentation 100v : 7.5w \/ 15w \/ 30w ( s\u00e9lectionnable )<\/li>\n<li>Puissance \u00e0 basse imp\u00e9dance (RMS) : 50W<\/li>\n<li>Largeur : 15 cm<\/li>\n<li>Hauteur : 27.5 cm<\/li>\n<li>Profondeur : 14 cm<\/li>\n<li>Poids : 2,5 kg<\/li>\n<li>R\u00e9sistance \u00e0 l&rsquo;eau : IP65<\/li>\n<\/ul>\n<\/li>\n<\/ul>\n<\/li>\n<\/ul>\n<\/li>\n<\/ul>\n<\/li>\n<\/ul>\n","protected":false},"excerpt":{"rendered":"<ul>\n<li>Installation haut-parleurs (montage mural)<\/li>\n<li>Fourni par paire<\/li>\n<li>Type de haut-parleur : haut-parleur passif 2v<\/li>\n<li>Dimensions : 5 pouces<\/li>\n<li>Puissance RMS : 50W<\/li>\n<li>Puissance ligne 100v : 7.5w \/ 15w \/ 30w ( s\u00e9lectionnable )<\/li>\n<li>IP65<\/li>\n<\/ul>\n","protected":false},"featured_media":17505,"comment_status":"open","ping_status":"closed","template":"","meta":{"_acf_changed":false},"product_cat":[411,417],"product_tag":[],"class_list":{"0":"post-36823","1":"product","2":"type-product","3":"status-publish","4":"has-post-thumbnail","6":"product_cat-haut-parleurs-dexterieur","7":"product_cat-haut-parleurs-muraux","9":"first","10":"instock","11":"shipping-taxable","12":"product-type-simple"},"acf":[],"yoast_head":"<!-- This site is optimized with the Yoast SEO plugin v27.0 - https:\/\/yoast.com\/product\/yoast-seo-wordpress\/ -->\n<title>Ovo 5 White - Audibax<\/title>\n<meta name=\"robots\" content=\"index, follow, max-snippet:-1, max-image-preview:large, max-video-preview:-1\" \/>\n<link rel=\"canonical\" href=\"https:\/\/audibax.com\/fr\/produit\/ovo-5-white-2\/\" \/>\n<meta property=\"og:locale\" content=\"fr_FR\" \/>\n<meta property=\"og:type\" content=\"article\" \/>\n<meta property=\"og:title\" content=\"Ovo 5 White - Audibax\" \/>\n<meta property=\"og:description\" content=\"Installation haut-parleurs (montage mural)  Fourni par paire  Type de haut-parleur : haut-parleur passif 2v  Dimensions : 5 pouces  Puissance RMS : 50W  Puissance ligne 100v : 7.5w \/ 15w \/ 30w ( s\u00e9lectionnable )  IP65\" \/>\n<meta property=\"og:url\" content=\"https:\/\/audibax.com\/fr\/produit\/ovo-5-white-2\/\" \/>\n<meta property=\"og:site_name\" content=\"Audibax\" \/>\n<meta property=\"article:modified_time\" content=\"2025-10-20T07:11:49+00:00\" \/>\n<meta property=\"og:image\" content=\"https:\/\/audibax.com\/wp-content\/uploads\/2023\/12\/audibax-ovo-5-white.jpg\" \/>\n\t<meta property=\"og:image:width\" content=\"1000\" \/>\n\t<meta property=\"og:image:height\" content=\"500\" \/>\n\t<meta property=\"og:image:type\" content=\"image\/jpeg\" \/>\n<meta name=\"twitter:card\" content=\"summary_large_image\" \/>\n<meta name=\"twitter:label1\" content=\"Dur\u00e9e de lecture estim\u00e9e\" \/>\n\t<meta name=\"twitter:data1\" content=\"2 minutes\" \/>\n<script type=\"application\/ld+json\" class=\"yoast-schema-graph\">{\"@context\":\"https:\/\/schema.org\",\"@graph\":[{\"@type\":\"WebPage\",\"@id\":\"https:\/\/audibax.com\/fr\/produit\/ovo-5-white-2\/\",\"url\":\"https:\/\/audibax.com\/fr\/produit\/ovo-5-white-2\/\",\"name\":\"Ovo 5 White - Audibax\",\"isPartOf\":{\"@id\":\"https:\/\/audibax.com\/fr\/#website\"},\"primaryImageOfPage\":{\"@id\":\"https:\/\/audibax.com\/fr\/produit\/ovo-5-white-2\/#primaryimage\"},\"image\":{\"@id\":\"https:\/\/audibax.com\/fr\/produit\/ovo-5-white-2\/#primaryimage\"},\"thumbnailUrl\":\"https:\/\/audibax.com\/wp-content\/uploads\/2023\/12\/audibax-ovo-5-white.jpg\",\"datePublished\":\"2023-12-11T12:51:58+00:00\",\"dateModified\":\"2025-10-20T07:11:49+00:00\",\"breadcrumb\":{\"@id\":\"https:\/\/audibax.com\/fr\/produit\/ovo-5-white-2\/#breadcrumb\"},\"inLanguage\":\"fr-FR\",\"potentialAction\":[{\"@type\":\"ReadAction\",\"target\":[\"https:\/\/audibax.com\/fr\/produit\/ovo-5-white-2\/\"]}]},{\"@type\":\"ImageObject\",\"inLanguage\":\"fr-FR\",\"@id\":\"https:\/\/audibax.com\/fr\/produit\/ovo-5-white-2\/#primaryimage\",\"url\":\"https:\/\/audibax.com\/wp-content\/uploads\/2023\/12\/audibax-ovo-5-white.jpg\",\"contentUrl\":\"https:\/\/audibax.com\/wp-content\/uploads\/2023\/12\/audibax-ovo-5-white.jpg\",\"width\":1000,\"height\":500},{\"@type\":\"BreadcrumbList\",\"@id\":\"https:\/\/audibax.com\/fr\/produit\/ovo-5-white-2\/#breadcrumb\",\"itemListElement\":[{\"@type\":\"ListItem\",\"position\":1,\"name\":\"Portada\",\"item\":\"https:\/\/audibax.com\/fr\/\"},{\"@type\":\"ListItem\",\"position\":2,\"name\":\"Produits\",\"item\":\"https:\/\/audibax.com\/fr\/shop\/\"},{\"@type\":\"ListItem\",\"position\":3,\"name\":\"Ovo 5 White\"}]},{\"@type\":\"WebSite\",\"@id\":\"https:\/\/audibax.com\/fr\/#website\",\"url\":\"https:\/\/audibax.com\/fr\/\",\"name\":\"Audibax\",\"description\":\"\",\"publisher\":{\"@id\":\"https:\/\/audibax.com\/fr\/#organization\"},\"potentialAction\":[{\"@type\":\"SearchAction\",\"target\":{\"@type\":\"EntryPoint\",\"urlTemplate\":\"https:\/\/audibax.com\/fr\/?s={search_term_string}\"},\"query-input\":{\"@type\":\"PropertyValueSpecification\",\"valueRequired\":true,\"valueName\":\"search_term_string\"}}],\"inLanguage\":\"fr-FR\"},{\"@type\":\"Organization\",\"@id\":\"https:\/\/audibax.com\/fr\/#organization\",\"name\":\"Audibax\",\"url\":\"https:\/\/audibax.com\/fr\/\",\"logo\":{\"@type\":\"ImageObject\",\"inLanguage\":\"fr-FR\",\"@id\":\"https:\/\/audibax.com\/fr\/#\/schema\/logo\/image\/\",\"url\":\"https:\/\/audibax.com\/wp-content\/uploads\/2023\/09\/logo-Audibax-BLANCO-SVG-1.svg\",\"contentUrl\":\"https:\/\/audibax.com\/wp-content\/uploads\/2023\/09\/logo-Audibax-BLANCO-SVG-1.svg\",\"caption\":\"Audibax\"},\"image\":{\"@id\":\"https:\/\/audibax.com\/fr\/#\/schema\/logo\/image\/\"}}]}<\/script>\n<!-- \/ Yoast SEO plugin. -->","yoast_head_json":{"title":"Ovo 5 White - Audibax","robots":{"index":"index","follow":"follow","max-snippet":"max-snippet:-1","max-image-preview":"max-image-preview:large","max-video-preview":"max-video-preview:-1"},"canonical":"https:\/\/audibax.com\/fr\/produit\/ovo-5-white-2\/","og_locale":"fr_FR","og_type":"article","og_title":"Ovo 5 White - Audibax","og_description":"Installation haut-parleurs (montage mural)  Fourni par paire  Type de haut-parleur : haut-parleur passif 2v  Dimensions : 5 pouces  Puissance RMS : 50W  Puissance ligne 100v : 7.5w \/ 15w \/ 30w ( s\u00e9lectionnable )  IP65","og_url":"https:\/\/audibax.com\/fr\/produit\/ovo-5-white-2\/","og_site_name":"Audibax","article_modified_time":"2025-10-20T07:11:49+00:00","og_image":[{"width":1000,"height":500,"url":"https:\/\/audibax.com\/wp-content\/uploads\/2023\/12\/audibax-ovo-5-white.jpg","type":"image\/jpeg"}],"twitter_card":"summary_large_image","twitter_misc":{"Dur\u00e9e de lecture estim\u00e9e":"2 minutes"},"schema":{"@context":"https:\/\/schema.org","@graph":[{"@type":"WebPage","@id":"https:\/\/audibax.com\/fr\/produit\/ovo-5-white-2\/","url":"https:\/\/audibax.com\/fr\/produit\/ovo-5-white-2\/","name":"Ovo 5 White - Audibax","isPartOf":{"@id":"https:\/\/audibax.com\/fr\/#website"},"primaryImageOfPage":{"@id":"https:\/\/audibax.com\/fr\/produit\/ovo-5-white-2\/#primaryimage"},"image":{"@id":"https:\/\/audibax.com\/fr\/produit\/ovo-5-white-2\/#primaryimage"},"thumbnailUrl":"https:\/\/audibax.com\/wp-content\/uploads\/2023\/12\/audibax-ovo-5-white.jpg","datePublished":"2023-12-11T12:51:58+00:00","dateModified":"2025-10-20T07:11:49+00:00","breadcrumb":{"@id":"https:\/\/audibax.com\/fr\/produit\/ovo-5-white-2\/#breadcrumb"},"inLanguage":"fr-FR","potentialAction":[{"@type":"ReadAction","target":["https:\/\/audibax.com\/fr\/produit\/ovo-5-white-2\/"]}]},{"@type":"ImageObject","inLanguage":"fr-FR","@id":"https:\/\/audibax.com\/fr\/produit\/ovo-5-white-2\/#primaryimage","url":"https:\/\/audibax.com\/wp-content\/uploads\/2023\/12\/audibax-ovo-5-white.jpg","contentUrl":"https:\/\/audibax.com\/wp-content\/uploads\/2023\/12\/audibax-ovo-5-white.jpg","width":1000,"height":500},{"@type":"BreadcrumbList","@id":"https:\/\/audibax.com\/fr\/produit\/ovo-5-white-2\/#breadcrumb","itemListElement":[{"@type":"ListItem","position":1,"name":"Portada","item":"https:\/\/audibax.com\/fr\/"},{"@type":"ListItem","position":2,"name":"Produits","item":"https:\/\/audibax.com\/fr\/shop\/"},{"@type":"ListItem","position":3,"name":"Ovo 5 White"}]},{"@type":"WebSite","@id":"https:\/\/audibax.com\/fr\/#website","url":"https:\/\/audibax.com\/fr\/","name":"Audibax","description":"","publisher":{"@id":"https:\/\/audibax.com\/fr\/#organization"},"potentialAction":[{"@type":"SearchAction","target":{"@type":"EntryPoint","urlTemplate":"https:\/\/audibax.com\/fr\/?s={search_term_string}"},"query-input":{"@type":"PropertyValueSpecification","valueRequired":true,"valueName":"search_term_string"}}],"inLanguage":"fr-FR"},{"@type":"Organization","@id":"https:\/\/audibax.com\/fr\/#organization","name":"Audibax","url":"https:\/\/audibax.com\/fr\/","logo":{"@type":"ImageObject","inLanguage":"fr-FR","@id":"https:\/\/audibax.com\/fr\/#\/schema\/logo\/image\/","url":"https:\/\/audibax.com\/wp-content\/uploads\/2023\/09\/logo-Audibax-BLANCO-SVG-1.svg","contentUrl":"https:\/\/audibax.com\/wp-content\/uploads\/2023\/09\/logo-Audibax-BLANCO-SVG-1.svg","caption":"Audibax"},"image":{"@id":"https:\/\/audibax.com\/fr\/#\/schema\/logo\/image\/"}}]}},"_links":{"self":[{"href":"https:\/\/audibax.com\/fr\/wp-json\/wp\/v2\/product\/36823","targetHints":{"allow":["GET"]}}],"collection":[{"href":"https:\/\/audibax.com\/fr\/wp-json\/wp\/v2\/product"}],"about":[{"href":"https:\/\/audibax.com\/fr\/wp-json\/wp\/v2\/types\/product"}],"replies":[{"embeddable":true,"href":"https:\/\/audibax.com\/fr\/wp-json\/wp\/v2\/comments?post=36823"}],"wp:featuredmedia":[{"embeddable":true,"href":"https:\/\/audibax.com\/fr\/wp-json\/wp\/v2\/media\/17505"}],"wp:attachment":[{"href":"https:\/\/audibax.com\/fr\/wp-json\/wp\/v2\/media?parent=36823"}],"wp:term":[{"taxonomy":"product_cat","embeddable":true,"href":"https:\/\/audibax.com\/fr\/wp-json\/wp\/v2\/product_cat?post=36823"},{"taxonomy":"product_tag","embeddable":true,"href":"https:\/\/audibax.com\/fr\/wp-json\/wp\/v2\/product_tag?post=36823"}],"curies":[{"name":"wp","href":"https:\/\/api.w.org\/{rel}","templated":true}]}}