{"id":36818,"date":"2023-12-27T12:00:25","date_gmt":"2023-12-27T11:00:25","guid":{"rendered":"https:\/\/audibax.com\/product\/elipse-6-black-2\/"},"modified":"2023-12-27T12:00:25","modified_gmt":"2023-12-27T11:00:25","slug":"elipse-6-black-2","status":"publish","type":"product","link":"https:\/\/audibax.com\/fr\/produit\/elipse-6-black-2\/","title":{"rendered":"Elipse 6 Black"},"content":{"rendered":"<\/p>\n<p>Audibax Elipse 6 Wall Mount Speakers 6&#038;quot ; 2 V&iacute;as 50W RMS. Noir.<\/p>\n<p>Les <strong>Audibax Elipse 6 Black<\/strong> sont une paire d&rsquo;enceintes murales passives \u00e0 deux voies, compactes et fiables, au design simple et \u00e9l\u00e9gant.<\/p>\n<p>Chaque enceinte est \u00e9quip\u00e9e d&rsquo;un woofer de 166 mm et d&rsquo;un tweeter de 13 mm et offre une r\u00e9ponse en fr\u00e9quence jusqu&rsquo;\u00e0 20KHz et un SPL de 88dB. L&rsquo;Elipse 6 Black a une puissance nominale de 40 W en continu et se distingue par sa grande intelligibilit\u00e9. Le cadre de montage est en ABS de haute qualit\u00e9 et le mat\u00e9riau de la grille est en acier.<\/p>\n<p>La s\u00e9rie Elipse est le choix id\u00e9al car elle offre une grande vari\u00e9t\u00e9 d&rsquo;applications et une solution discr\u00e8te pour le renforcement du son dans n&rsquo;importe quel environnement tel que l&rsquo;h\u00f4tel, le restaurant, le bar, le salon, la salle de classe et bien d&rsquo;autres encore.<\/p>\n<p>&nbsp;<\/p>\n<h2>Sp\u00e9cifications&nbsp;<br \/> &nbsp;<\/h2>\n<ul>\n<li>Type de produit : Haut-parleurs d&rsquo;installation (montage mural)<\/li>\n<li>Type : Passif<\/li>\n<li>Type de haut-parleur : Haut-parleur \u00e0 2 voies<\/li>\n<li>Couleur : Noir<\/li>\n<li>Dimensions : 6 pouces<\/li>\n<li>Taille du woofer : 166 mm<\/li>\n<li>Taille du tweeter : 13 mm<\/li>\n<li>Basse imp\u00e9dance : 8 ohm<\/li>\n<li>R\u00e9ponse en fr\u00e9quence : 70Hz &#8211; 20KHz<\/li>\n<li>Sensibilit\u00e9 : 88dB<\/li>\n<li>Puissance \u00e0 basse imp\u00e9dance (RMS) : 50W, 100W Musical<\/li>\n<li>Largeur : 21 cm<\/li>\n<li>Hauteur : 30 cm<\/li>\n<li>Profondeur : 18 cm<\/li>\n<li>Poids : 3.4 kg<\/li>\n<\/ul>\n","protected":false},"excerpt":{"rendered":"<\/p>\n<p>Installation du haut-parleur avec le support mural Audibax<\/p>\n<p>L&rsquo;installation du haut-parleur avec le support mural Audibax<\/p>\n<p \n\n","protected":false},"featured_media":17120,"comment_status":"open","ping_status":"closed","template":"","meta":{"_acf_changed":false},"product_cat":[417,243],"product_tag":[],"class_list":{"0":"post-36818","1":"product","2":"type-product","3":"status-publish","4":"has-post-thumbnail","6":"product_cat-haut-parleurs-muraux","7":"product_cat-uncategorized","9":"first","10":"instock","11":"shipping-taxable","12":"product-type-simple"},"acf":[],"yoast_head":"<!-- This site is optimized with the Yoast SEO plugin v27.0 - https:\/\/yoast.com\/product\/yoast-seo-wordpress\/ -->\n<title>Elipse 6 Black - Audibax<\/title>\n<meta name=\"robots\" content=\"index, follow, max-snippet:-1, max-image-preview:large, max-video-preview:-1\" \/>\n<link rel=\"canonical\" href=\"https:\/\/audibax.com\/fr\/produit\/elipse-6-black-2\/\" \/>\n<meta property=\"og:locale\" content=\"fr_FR\" \/>\n<meta property=\"og:type\" content=\"article\" \/>\n<meta property=\"og:title\" content=\"Elipse 6 Black - Audibax\" \/>\n<meta property=\"og:description\" content=\"Installation du haut-parleur avec le support mural Audibax L&#039;installation du haut-parleur avec le support mural Audibax\" \/>\n<meta property=\"og:url\" content=\"https:\/\/audibax.com\/fr\/produit\/elipse-6-black-2\/\" \/>\n<meta property=\"og:site_name\" content=\"Audibax\" \/>\n<meta name=\"twitter:card\" content=\"summary_large_image\" \/>\n<meta name=\"twitter:label1\" content=\"Dur\u00e9e de lecture estim\u00e9e\" \/>\n\t<meta name=\"twitter:data1\" content=\"1 minute\" \/>\n<script type=\"application\/ld+json\" class=\"yoast-schema-graph\">{\"@context\":\"https:\/\/schema.org\",\"@graph\":[{\"@type\":\"WebPage\",\"@id\":\"https:\/\/audibax.com\/fr\/produit\/elipse-6-black-2\/\",\"url\":\"https:\/\/audibax.com\/fr\/produit\/elipse-6-black-2\/\",\"name\":\"Elipse 6 Black - Audibax\",\"isPartOf\":{\"@id\":\"https:\/\/audibax.com\/fr\/#website\"},\"primaryImageOfPage\":{\"@id\":\"https:\/\/audibax.com\/fr\/produit\/elipse-6-black-2\/#primaryimage\"},\"image\":{\"@id\":\"https:\/\/audibax.com\/fr\/produit\/elipse-6-black-2\/#primaryimage\"},\"thumbnailUrl\":\"https:\/\/audibax.com\/wp-content\/uploads\/2023\/12\/audibax-elipse-6-black.jpg\",\"datePublished\":\"2023-12-27T11:00:25+00:00\",\"breadcrumb\":{\"@id\":\"https:\/\/audibax.com\/fr\/produit\/elipse-6-black-2\/#breadcrumb\"},\"inLanguage\":\"fr-FR\",\"potentialAction\":[{\"@type\":\"ReadAction\",\"target\":[\"https:\/\/audibax.com\/fr\/produit\/elipse-6-black-2\/\"]}]},{\"@type\":\"ImageObject\",\"inLanguage\":\"fr-FR\",\"@id\":\"https:\/\/audibax.com\/fr\/produit\/elipse-6-black-2\/#primaryimage\",\"url\":\"https:\/\/audibax.com\/wp-content\/uploads\/2023\/12\/audibax-elipse-6-black.jpg\",\"contentUrl\":\"https:\/\/audibax.com\/wp-content\/uploads\/2023\/12\/audibax-elipse-6-black.jpg\",\"width\":1650,\"height\":1101},{\"@type\":\"BreadcrumbList\",\"@id\":\"https:\/\/audibax.com\/fr\/produit\/elipse-6-black-2\/#breadcrumb\",\"itemListElement\":[{\"@type\":\"ListItem\",\"position\":1,\"name\":\"Portada\",\"item\":\"https:\/\/audibax.com\/fr\/\"},{\"@type\":\"ListItem\",\"position\":2,\"name\":\"Produits\",\"item\":\"https:\/\/audibax.com\/fr\/shop\/\"},{\"@type\":\"ListItem\",\"position\":3,\"name\":\"Elipse 6 Black\"}]},{\"@type\":\"WebSite\",\"@id\":\"https:\/\/audibax.com\/fr\/#website\",\"url\":\"https:\/\/audibax.com\/fr\/\",\"name\":\"Audibax\",\"description\":\"\",\"publisher\":{\"@id\":\"https:\/\/audibax.com\/fr\/#organization\"},\"potentialAction\":[{\"@type\":\"SearchAction\",\"target\":{\"@type\":\"EntryPoint\",\"urlTemplate\":\"https:\/\/audibax.com\/fr\/?s={search_term_string}\"},\"query-input\":{\"@type\":\"PropertyValueSpecification\",\"valueRequired\":true,\"valueName\":\"search_term_string\"}}],\"inLanguage\":\"fr-FR\"},{\"@type\":\"Organization\",\"@id\":\"https:\/\/audibax.com\/fr\/#organization\",\"name\":\"Audibax\",\"url\":\"https:\/\/audibax.com\/fr\/\",\"logo\":{\"@type\":\"ImageObject\",\"inLanguage\":\"fr-FR\",\"@id\":\"https:\/\/audibax.com\/fr\/#\/schema\/logo\/image\/\",\"url\":\"https:\/\/audibax.com\/wp-content\/uploads\/2023\/09\/logo-Audibax-BLANCO-SVG-1.svg\",\"contentUrl\":\"https:\/\/audibax.com\/wp-content\/uploads\/2023\/09\/logo-Audibax-BLANCO-SVG-1.svg\",\"caption\":\"Audibax\"},\"image\":{\"@id\":\"https:\/\/audibax.com\/fr\/#\/schema\/logo\/image\/\"}}]}<\/script>\n<!-- \/ Yoast SEO plugin. -->","yoast_head_json":{"title":"Elipse 6 Black - Audibax","robots":{"index":"index","follow":"follow","max-snippet":"max-snippet:-1","max-image-preview":"max-image-preview:large","max-video-preview":"max-video-preview:-1"},"canonical":"https:\/\/audibax.com\/fr\/produit\/elipse-6-black-2\/","og_locale":"fr_FR","og_type":"article","og_title":"Elipse 6 Black - Audibax","og_description":"Installation du haut-parleur avec le support mural Audibax L'installation du haut-parleur avec le support mural Audibax","og_url":"https:\/\/audibax.com\/fr\/produit\/elipse-6-black-2\/","og_site_name":"Audibax","twitter_card":"summary_large_image","twitter_misc":{"Dur\u00e9e de lecture estim\u00e9e":"1 minute"},"schema":{"@context":"https:\/\/schema.org","@graph":[{"@type":"WebPage","@id":"https:\/\/audibax.com\/fr\/produit\/elipse-6-black-2\/","url":"https:\/\/audibax.com\/fr\/produit\/elipse-6-black-2\/","name":"Elipse 6 Black - Audibax","isPartOf":{"@id":"https:\/\/audibax.com\/fr\/#website"},"primaryImageOfPage":{"@id":"https:\/\/audibax.com\/fr\/produit\/elipse-6-black-2\/#primaryimage"},"image":{"@id":"https:\/\/audibax.com\/fr\/produit\/elipse-6-black-2\/#primaryimage"},"thumbnailUrl":"https:\/\/audibax.com\/wp-content\/uploads\/2023\/12\/audibax-elipse-6-black.jpg","datePublished":"2023-12-27T11:00:25+00:00","breadcrumb":{"@id":"https:\/\/audibax.com\/fr\/produit\/elipse-6-black-2\/#breadcrumb"},"inLanguage":"fr-FR","potentialAction":[{"@type":"ReadAction","target":["https:\/\/audibax.com\/fr\/produit\/elipse-6-black-2\/"]}]},{"@type":"ImageObject","inLanguage":"fr-FR","@id":"https:\/\/audibax.com\/fr\/produit\/elipse-6-black-2\/#primaryimage","url":"https:\/\/audibax.com\/wp-content\/uploads\/2023\/12\/audibax-elipse-6-black.jpg","contentUrl":"https:\/\/audibax.com\/wp-content\/uploads\/2023\/12\/audibax-elipse-6-black.jpg","width":1650,"height":1101},{"@type":"BreadcrumbList","@id":"https:\/\/audibax.com\/fr\/produit\/elipse-6-black-2\/#breadcrumb","itemListElement":[{"@type":"ListItem","position":1,"name":"Portada","item":"https:\/\/audibax.com\/fr\/"},{"@type":"ListItem","position":2,"name":"Produits","item":"https:\/\/audibax.com\/fr\/shop\/"},{"@type":"ListItem","position":3,"name":"Elipse 6 Black"}]},{"@type":"WebSite","@id":"https:\/\/audibax.com\/fr\/#website","url":"https:\/\/audibax.com\/fr\/","name":"Audibax","description":"","publisher":{"@id":"https:\/\/audibax.com\/fr\/#organization"},"potentialAction":[{"@type":"SearchAction","target":{"@type":"EntryPoint","urlTemplate":"https:\/\/audibax.com\/fr\/?s={search_term_string}"},"query-input":{"@type":"PropertyValueSpecification","valueRequired":true,"valueName":"search_term_string"}}],"inLanguage":"fr-FR"},{"@type":"Organization","@id":"https:\/\/audibax.com\/fr\/#organization","name":"Audibax","url":"https:\/\/audibax.com\/fr\/","logo":{"@type":"ImageObject","inLanguage":"fr-FR","@id":"https:\/\/audibax.com\/fr\/#\/schema\/logo\/image\/","url":"https:\/\/audibax.com\/wp-content\/uploads\/2023\/09\/logo-Audibax-BLANCO-SVG-1.svg","contentUrl":"https:\/\/audibax.com\/wp-content\/uploads\/2023\/09\/logo-Audibax-BLANCO-SVG-1.svg","caption":"Audibax"},"image":{"@id":"https:\/\/audibax.com\/fr\/#\/schema\/logo\/image\/"}}]}},"_links":{"self":[{"href":"https:\/\/audibax.com\/fr\/wp-json\/wp\/v2\/product\/36818","targetHints":{"allow":["GET"]}}],"collection":[{"href":"https:\/\/audibax.com\/fr\/wp-json\/wp\/v2\/product"}],"about":[{"href":"https:\/\/audibax.com\/fr\/wp-json\/wp\/v2\/types\/product"}],"replies":[{"embeddable":true,"href":"https:\/\/audibax.com\/fr\/wp-json\/wp\/v2\/comments?post=36818"}],"wp:featuredmedia":[{"embeddable":true,"href":"https:\/\/audibax.com\/fr\/wp-json\/wp\/v2\/media\/17120"}],"wp:attachment":[{"href":"https:\/\/audibax.com\/fr\/wp-json\/wp\/v2\/media?parent=36818"}],"wp:term":[{"taxonomy":"product_cat","embeddable":true,"href":"https:\/\/audibax.com\/fr\/wp-json\/wp\/v2\/product_cat?post=36818"},{"taxonomy":"product_tag","embeddable":true,"href":"https:\/\/audibax.com\/fr\/wp-json\/wp\/v2\/product_tag?post=36818"}],"curies":[{"name":"wp","href":"https:\/\/api.w.org\/{rel}","templated":true}]}}