{"id":36817,"date":"2023-12-11T13:51:43","date_gmt":"2023-12-11T12:51:43","guid":{"rendered":"https:\/\/audibax.com\/product\/pr41-white-2\/"},"modified":"2025-10-17T14:06:16","modified_gmt":"2025-10-17T12:06:16","slug":"pr41-white-2","status":"publish","type":"product","link":"https:\/\/audibax.com\/fr\/produit\/pr41-white-2\/","title":{"rendered":"PR41 White"},"content":{"rendered":"<p><span style=\"colour: #008080;\"><span style=\"font-size: 16px;\"><strong>Audibax PR41W&amp;nbsp ; Blanc.<\/strong><\/span><\/span><br \/>\nEnceintes de biblioth\u00e8que pr\u00e9par\u00e9es avec supports inclus<\/p>\n<p>Ensemble d&rsquo;enceintes st\u00e9r\u00e9o 75W blanc avec support mural inclus<\/p>\n<p>Ensemble d&rsquo;enceintes st\u00e9r\u00e9o blanc avec support mural inclus<\/p>\n<p>Audibax PR41W\u00a0Blanc.<\/p>\n<p>Paire de haut-parleurs st\u00e9r\u00e9o 2 voies haute puissance convenant aux applications de haute fid\u00e9lit\u00e9 et de son surround ainsi qu&rsquo;aux installations de renforcement du son.<\/p>\n<p>Syst\u00e8me bass-reflex compos\u00e9 d&rsquo;un woofer de 4 pouces et d&rsquo;un tweeter en poly-carbonate de 3\/4 pouces.<\/p>\n<p>Fournis par paire et avec des supports de montage.<\/p>\n<p><strong>Caract\u00e9ristiques techniques Audibax PR41W White<\/strong><\/p>\n<ul>\n<li>Audibax PR41W WhiteWoofer de 4 pouces en propyl\u00e8ne<\/li>\n<li>Tweeter de 3\/4 pouces en polycarbonate<\/li>\n<li>2 voies Puissance max. 75W<\/li>\n<li>Imp\u00e9dance 8 Ohm<\/li>\n<li>R\u00e9ponse en fr\u00e9quence 70Hz &#8211; 20kHz<\/li>\n<li>SPL 1W\/1m 89dB<\/li>\n<li>SPL 1W\/1m 89dB<\/li>\n<li>Connecteurs rouges\/noirs<\/li>\n<li>Supports de montage inclus<\/li>\n<li>Couleur blanche<\/li>\n<li>Couleur blanche<\/li>\n<li>Couleur blanche<\/li>\n<li>Couleur blancheDimensions 191 x 139 x 126 mm<\/li>\n<li>Poids par paire 2,3 kg<\/li>\n<li>Fourni par paire<\/li>\n<\/ul>\n<ul>\n<li style=\"list-style-type: none;\">\n<ul>.p&gt;<\/ul>\n<\/li>\n<\/ul>\n<p><img decoding=\"async\" style=\"height: 544px; width: 700px;\" src=\"\/crm\/documents\/fckeditor\/image\/11111\/pr41-speaker-stand-wall-white-with-wall-support.jpg\" alt=\"\" \/><\/p>\n<p>Achetez des enceintes avec support mural<\/p>\n<p>Avec support mural<\/p>\n<p>Avec support mural<\/p>\n<p>Avec support mural.<\/p>\n","protected":false},"excerpt":{"rendered":"<ul>\n<li>Ensemble de haut-parleurs<\/li>\n<li>75W<\/li>\n<li>Ensemble de haut-parleurs<\/li>\n<li>Couleur blanc<\/li>\n<li>Supports inclus<\/li>\n<li>Couleur blanc2 voies<\/li>\n<li>Couleur blanche<\/li>\n<li>Supports inclus<\/li>\n<\/ul>\n","protected":false},"featured_media":17547,"comment_status":"open","ping_status":"closed","template":"","meta":{"_acf_changed":false},"product_cat":[407,417],"product_tag":[],"class_list":{"0":"post-36817","1":"product","2":"type-product","3":"status-publish","4":"has-post-thumbnail","6":"product_cat-haut-parleurs-bluetooth","7":"product_cat-haut-parleurs-muraux","9":"first","10":"instock","11":"shipping-taxable","12":"product-type-simple"},"acf":[],"yoast_head":"<!-- This site is optimized with the Yoast SEO plugin v27.0 - https:\/\/yoast.com\/product\/yoast-seo-wordpress\/ -->\n<title>PR41 White - Audibax<\/title>\n<meta name=\"robots\" content=\"index, follow, max-snippet:-1, max-image-preview:large, max-video-preview:-1\" \/>\n<link rel=\"canonical\" href=\"https:\/\/audibax.com\/fr\/produit\/pr41-white-2\/\" \/>\n<meta property=\"og:locale\" content=\"fr_FR\" \/>\n<meta property=\"og:type\" content=\"article\" \/>\n<meta property=\"og:title\" content=\"PR41 White - Audibax\" \/>\n<meta property=\"og:description\" content=\"Ensemble de haut-parleurs  75W  Ensemble de haut-parleurs  Couleur blanc  Supports inclus  Couleur blanc2 voies  Couleur blanche  Supports inclus\" \/>\n<meta property=\"og:url\" content=\"https:\/\/audibax.com\/fr\/produit\/pr41-white-2\/\" \/>\n<meta property=\"og:site_name\" content=\"Audibax\" \/>\n<meta property=\"article:modified_time\" content=\"2025-10-17T12:06:16+00:00\" \/>\n<meta property=\"og:image\" content=\"https:\/\/audibax.com\/wp-content\/uploads\/2023\/12\/audibax-pr41-white-altavoz.jpg\" \/>\n\t<meta property=\"og:image:width\" content=\"1000\" \/>\n\t<meta property=\"og:image:height\" content=\"500\" \/>\n\t<meta property=\"og:image:type\" content=\"image\/jpeg\" \/>\n<meta name=\"twitter:card\" content=\"summary_large_image\" \/>\n<meta name=\"twitter:label1\" content=\"Dur\u00e9e de lecture estim\u00e9e\" \/>\n\t<meta name=\"twitter:data1\" content=\"2 minutes\" \/>\n<script type=\"application\/ld+json\" class=\"yoast-schema-graph\">{\"@context\":\"https:\/\/schema.org\",\"@graph\":[{\"@type\":\"WebPage\",\"@id\":\"https:\/\/audibax.com\/fr\/produit\/pr41-white-2\/\",\"url\":\"https:\/\/audibax.com\/fr\/produit\/pr41-white-2\/\",\"name\":\"PR41 White - Audibax\",\"isPartOf\":{\"@id\":\"https:\/\/audibax.com\/fr\/#website\"},\"primaryImageOfPage\":{\"@id\":\"https:\/\/audibax.com\/fr\/produit\/pr41-white-2\/#primaryimage\"},\"image\":{\"@id\":\"https:\/\/audibax.com\/fr\/produit\/pr41-white-2\/#primaryimage\"},\"thumbnailUrl\":\"https:\/\/audibax.com\/wp-content\/uploads\/2023\/12\/audibax-pr41-white-altavoz.jpg\",\"datePublished\":\"2023-12-11T12:51:43+00:00\",\"dateModified\":\"2025-10-17T12:06:16+00:00\",\"breadcrumb\":{\"@id\":\"https:\/\/audibax.com\/fr\/produit\/pr41-white-2\/#breadcrumb\"},\"inLanguage\":\"fr-FR\",\"potentialAction\":[{\"@type\":\"ReadAction\",\"target\":[\"https:\/\/audibax.com\/fr\/produit\/pr41-white-2\/\"]}]},{\"@type\":\"ImageObject\",\"inLanguage\":\"fr-FR\",\"@id\":\"https:\/\/audibax.com\/fr\/produit\/pr41-white-2\/#primaryimage\",\"url\":\"https:\/\/audibax.com\/wp-content\/uploads\/2023\/12\/audibax-pr41-white-altavoz.jpg\",\"contentUrl\":\"https:\/\/audibax.com\/wp-content\/uploads\/2023\/12\/audibax-pr41-white-altavoz.jpg\",\"width\":1000,\"height\":500},{\"@type\":\"BreadcrumbList\",\"@id\":\"https:\/\/audibax.com\/fr\/produit\/pr41-white-2\/#breadcrumb\",\"itemListElement\":[{\"@type\":\"ListItem\",\"position\":1,\"name\":\"Portada\",\"item\":\"https:\/\/audibax.com\/fr\/\"},{\"@type\":\"ListItem\",\"position\":2,\"name\":\"Produits\",\"item\":\"https:\/\/audibax.com\/fr\/shop\/\"},{\"@type\":\"ListItem\",\"position\":3,\"name\":\"PR41 White\"}]},{\"@type\":\"WebSite\",\"@id\":\"https:\/\/audibax.com\/fr\/#website\",\"url\":\"https:\/\/audibax.com\/fr\/\",\"name\":\"Audibax\",\"description\":\"\",\"publisher\":{\"@id\":\"https:\/\/audibax.com\/fr\/#organization\"},\"potentialAction\":[{\"@type\":\"SearchAction\",\"target\":{\"@type\":\"EntryPoint\",\"urlTemplate\":\"https:\/\/audibax.com\/fr\/?s={search_term_string}\"},\"query-input\":{\"@type\":\"PropertyValueSpecification\",\"valueRequired\":true,\"valueName\":\"search_term_string\"}}],\"inLanguage\":\"fr-FR\"},{\"@type\":\"Organization\",\"@id\":\"https:\/\/audibax.com\/fr\/#organization\",\"name\":\"Audibax\",\"url\":\"https:\/\/audibax.com\/fr\/\",\"logo\":{\"@type\":\"ImageObject\",\"inLanguage\":\"fr-FR\",\"@id\":\"https:\/\/audibax.com\/fr\/#\/schema\/logo\/image\/\",\"url\":\"https:\/\/audibax.com\/wp-content\/uploads\/2023\/09\/logo-Audibax-BLANCO-SVG-1.svg\",\"contentUrl\":\"https:\/\/audibax.com\/wp-content\/uploads\/2023\/09\/logo-Audibax-BLANCO-SVG-1.svg\",\"caption\":\"Audibax\"},\"image\":{\"@id\":\"https:\/\/audibax.com\/fr\/#\/schema\/logo\/image\/\"}}]}<\/script>\n<!-- \/ Yoast SEO plugin. -->","yoast_head_json":{"title":"PR41 White - Audibax","robots":{"index":"index","follow":"follow","max-snippet":"max-snippet:-1","max-image-preview":"max-image-preview:large","max-video-preview":"max-video-preview:-1"},"canonical":"https:\/\/audibax.com\/fr\/produit\/pr41-white-2\/","og_locale":"fr_FR","og_type":"article","og_title":"PR41 White - Audibax","og_description":"Ensemble de haut-parleurs  75W  Ensemble de haut-parleurs  Couleur blanc  Supports inclus  Couleur blanc2 voies  Couleur blanche  Supports inclus","og_url":"https:\/\/audibax.com\/fr\/produit\/pr41-white-2\/","og_site_name":"Audibax","article_modified_time":"2025-10-17T12:06:16+00:00","og_image":[{"width":1000,"height":500,"url":"https:\/\/audibax.com\/wp-content\/uploads\/2023\/12\/audibax-pr41-white-altavoz.jpg","type":"image\/jpeg"}],"twitter_card":"summary_large_image","twitter_misc":{"Dur\u00e9e de lecture estim\u00e9e":"2 minutes"},"schema":{"@context":"https:\/\/schema.org","@graph":[{"@type":"WebPage","@id":"https:\/\/audibax.com\/fr\/produit\/pr41-white-2\/","url":"https:\/\/audibax.com\/fr\/produit\/pr41-white-2\/","name":"PR41 White - Audibax","isPartOf":{"@id":"https:\/\/audibax.com\/fr\/#website"},"primaryImageOfPage":{"@id":"https:\/\/audibax.com\/fr\/produit\/pr41-white-2\/#primaryimage"},"image":{"@id":"https:\/\/audibax.com\/fr\/produit\/pr41-white-2\/#primaryimage"},"thumbnailUrl":"https:\/\/audibax.com\/wp-content\/uploads\/2023\/12\/audibax-pr41-white-altavoz.jpg","datePublished":"2023-12-11T12:51:43+00:00","dateModified":"2025-10-17T12:06:16+00:00","breadcrumb":{"@id":"https:\/\/audibax.com\/fr\/produit\/pr41-white-2\/#breadcrumb"},"inLanguage":"fr-FR","potentialAction":[{"@type":"ReadAction","target":["https:\/\/audibax.com\/fr\/produit\/pr41-white-2\/"]}]},{"@type":"ImageObject","inLanguage":"fr-FR","@id":"https:\/\/audibax.com\/fr\/produit\/pr41-white-2\/#primaryimage","url":"https:\/\/audibax.com\/wp-content\/uploads\/2023\/12\/audibax-pr41-white-altavoz.jpg","contentUrl":"https:\/\/audibax.com\/wp-content\/uploads\/2023\/12\/audibax-pr41-white-altavoz.jpg","width":1000,"height":500},{"@type":"BreadcrumbList","@id":"https:\/\/audibax.com\/fr\/produit\/pr41-white-2\/#breadcrumb","itemListElement":[{"@type":"ListItem","position":1,"name":"Portada","item":"https:\/\/audibax.com\/fr\/"},{"@type":"ListItem","position":2,"name":"Produits","item":"https:\/\/audibax.com\/fr\/shop\/"},{"@type":"ListItem","position":3,"name":"PR41 White"}]},{"@type":"WebSite","@id":"https:\/\/audibax.com\/fr\/#website","url":"https:\/\/audibax.com\/fr\/","name":"Audibax","description":"","publisher":{"@id":"https:\/\/audibax.com\/fr\/#organization"},"potentialAction":[{"@type":"SearchAction","target":{"@type":"EntryPoint","urlTemplate":"https:\/\/audibax.com\/fr\/?s={search_term_string}"},"query-input":{"@type":"PropertyValueSpecification","valueRequired":true,"valueName":"search_term_string"}}],"inLanguage":"fr-FR"},{"@type":"Organization","@id":"https:\/\/audibax.com\/fr\/#organization","name":"Audibax","url":"https:\/\/audibax.com\/fr\/","logo":{"@type":"ImageObject","inLanguage":"fr-FR","@id":"https:\/\/audibax.com\/fr\/#\/schema\/logo\/image\/","url":"https:\/\/audibax.com\/wp-content\/uploads\/2023\/09\/logo-Audibax-BLANCO-SVG-1.svg","contentUrl":"https:\/\/audibax.com\/wp-content\/uploads\/2023\/09\/logo-Audibax-BLANCO-SVG-1.svg","caption":"Audibax"},"image":{"@id":"https:\/\/audibax.com\/fr\/#\/schema\/logo\/image\/"}}]}},"_links":{"self":[{"href":"https:\/\/audibax.com\/fr\/wp-json\/wp\/v2\/product\/36817","targetHints":{"allow":["GET"]}}],"collection":[{"href":"https:\/\/audibax.com\/fr\/wp-json\/wp\/v2\/product"}],"about":[{"href":"https:\/\/audibax.com\/fr\/wp-json\/wp\/v2\/types\/product"}],"replies":[{"embeddable":true,"href":"https:\/\/audibax.com\/fr\/wp-json\/wp\/v2\/comments?post=36817"}],"wp:featuredmedia":[{"embeddable":true,"href":"https:\/\/audibax.com\/fr\/wp-json\/wp\/v2\/media\/17547"}],"wp:attachment":[{"href":"https:\/\/audibax.com\/fr\/wp-json\/wp\/v2\/media?parent=36817"}],"wp:term":[{"taxonomy":"product_cat","embeddable":true,"href":"https:\/\/audibax.com\/fr\/wp-json\/wp\/v2\/product_cat?post=36817"},{"taxonomy":"product_tag","embeddable":true,"href":"https:\/\/audibax.com\/fr\/wp-json\/wp\/v2\/product_tag?post=36817"}],"curies":[{"name":"wp","href":"https:\/\/api.w.org\/{rel}","templated":true}]}}