{"id":36801,"date":"2023-12-11T13:50:57","date_gmt":"2023-12-11T12:50:57","guid":{"rendered":"https:\/\/audibax.com\/product\/arkansas-12p-black-2\/"},"modified":"2023-12-27T12:00:13","modified_gmt":"2023-12-27T11:00:13","slug":"arkansas-12p-black-2","status":"publish","type":"product","link":"https:\/\/audibax.com\/fr\/produit\/arkansas-12p-black-2\/","title":{"rendered":"Arkansas 12P Black"},"content":{"rendered":"<p><La nouvelle gamme d'enceintes passives Arkansas d'Audibax propose 4 mod\u00e8les diff\u00e9rents de 8, 10, 12 et 15 pouces. Ce sont des enceintes compactes \u00e0 2 voies avec une puissance de cr\u00eate allant jusqu'\u00e0 300W, une dispersion sonore ultra large et une grande portabilit\u00e9 gr\u00e2ce \u00e0 leur faible poids. Ce sont des enceintes id\u00e9ales pour les applications de sonorisation en direct, les sonorisations portables, les moniteurs de salle, etc. Elles sont tr\u00e8s faciles \u00e0 monter gr\u00e2ce \u00e0 leur prise int\u00e9gr\u00e9e qui permet de les utiliser avec des pieds d'enceintes en serrant simplement le filetage int\u00e9gr\u00e9.<br \/> Cr\u00e9ez votre \u00e9quipement de sonorisation de la mani\u00e8re la plus simple et la plus efficace avec le nouveau Arkansas.<\/p>\n<ul>\n<li>\n<li>Haut-parleur passif \u00e0 2 voies.<\/li>\n<li>Taille : 12 pouces<\/li>\n<li>HF:1&#038;quot ; Moteur \u00e0 compression.<\/li>\n<li>R\u00e9ponse en fr\u00e9quence : 55HZ-20KHz.<\/li>\n<li>Sensibilit\u00e9 : 92dB.<\/li>\n<li>Imp\u00e9dance : 8 OHM.<\/li>\n<li>Puissance : 150W RMS &#8211; 300W peak.<\/li>\n<li>Dimensions : 360 x 310 x 570mm<\/li>\n<li>Poids : 9 Kg<\/li>\n<\/ul>\n<\/ul>\n<p>.<\/p>\n","protected":false},"excerpt":{"rendered":"<ul>\n<li>Enceinte passive \u00e0 2 fils<\/li>\n<li>Dimensions : 12&quot;<\/li>\n<li>Puissance nominale : 150W<\/li>\n<li>Puissance de pointe : 300W<\/li>\n<\/ul>\n<\/ul>\n","protected":false},"featured_media":16791,"comment_status":"open","ping_status":"closed","template":"","meta":{"_acf_changed":false},"product_cat":[415],"product_tag":[],"class_list":{"0":"post-36801","1":"product","2":"type-product","3":"status-publish","4":"has-post-thumbnail","6":"product_cat-haut-parleurs-passifs","8":"first","9":"instock","10":"shipping-taxable","11":"product-type-simple"},"acf":[],"yoast_head":"<!-- This site is optimized with the Yoast SEO plugin v27.0 - https:\/\/yoast.com\/product\/yoast-seo-wordpress\/ -->\n<title>Arkansas 12P Black - Audibax<\/title>\n<meta name=\"robots\" content=\"index, follow, max-snippet:-1, max-image-preview:large, max-video-preview:-1\" \/>\n<link rel=\"canonical\" href=\"https:\/\/audibax.com\/fr\/produit\/arkansas-12p-black-2\/\" \/>\n<meta property=\"og:locale\" content=\"fr_FR\" \/>\n<meta property=\"og:type\" content=\"article\" \/>\n<meta property=\"og:title\" content=\"Arkansas 12P Black - Audibax\" \/>\n<meta property=\"og:description\" content=\"Enceinte passive \u00e0 2 fils Dimensions : 12&quot; Puissance nominale : 150W Puissance de pointe : 300W\" \/>\n<meta property=\"og:url\" content=\"https:\/\/audibax.com\/fr\/produit\/arkansas-12p-black-2\/\" \/>\n<meta property=\"og:site_name\" content=\"Audibax\" \/>\n<meta property=\"article:modified_time\" content=\"2023-12-27T11:00:13+00:00\" \/>\n<meta property=\"og:image\" content=\"https:\/\/audibax.com\/wp-content\/uploads\/2023\/12\/audibax-ARKANSAS-12P-altavoz-pasivo-profesional-12pulgadas-oferta.jpg\" \/>\n\t<meta property=\"og:image:width\" content=\"1000\" \/>\n\t<meta property=\"og:image:height\" content=\"500\" \/>\n\t<meta property=\"og:image:type\" content=\"image\/jpeg\" \/>\n<meta name=\"twitter:card\" content=\"summary_large_image\" \/>\n<script type=\"application\/ld+json\" class=\"yoast-schema-graph\">{\"@context\":\"https:\/\/schema.org\",\"@graph\":[{\"@type\":\"WebPage\",\"@id\":\"https:\/\/audibax.com\/fr\/produit\/arkansas-12p-black-2\/\",\"url\":\"https:\/\/audibax.com\/fr\/produit\/arkansas-12p-black-2\/\",\"name\":\"Arkansas 12P Black - Audibax\",\"isPartOf\":{\"@id\":\"https:\/\/audibax.com\/fr\/#website\"},\"primaryImageOfPage\":{\"@id\":\"https:\/\/audibax.com\/fr\/produit\/arkansas-12p-black-2\/#primaryimage\"},\"image\":{\"@id\":\"https:\/\/audibax.com\/fr\/produit\/arkansas-12p-black-2\/#primaryimage\"},\"thumbnailUrl\":\"https:\/\/audibax.com\/wp-content\/uploads\/2023\/12\/audibax-ARKANSAS-12P-altavoz-pasivo-profesional-12pulgadas-oferta.jpg\",\"datePublished\":\"2023-12-11T12:50:57+00:00\",\"dateModified\":\"2023-12-27T11:00:13+00:00\",\"breadcrumb\":{\"@id\":\"https:\/\/audibax.com\/fr\/produit\/arkansas-12p-black-2\/#breadcrumb\"},\"inLanguage\":\"fr-FR\",\"potentialAction\":[{\"@type\":\"ReadAction\",\"target\":[\"https:\/\/audibax.com\/fr\/produit\/arkansas-12p-black-2\/\"]}]},{\"@type\":\"ImageObject\",\"inLanguage\":\"fr-FR\",\"@id\":\"https:\/\/audibax.com\/fr\/produit\/arkansas-12p-black-2\/#primaryimage\",\"url\":\"https:\/\/audibax.com\/wp-content\/uploads\/2023\/12\/audibax-ARKANSAS-12P-altavoz-pasivo-profesional-12pulgadas-oferta.jpg\",\"contentUrl\":\"https:\/\/audibax.com\/wp-content\/uploads\/2023\/12\/audibax-ARKANSAS-12P-altavoz-pasivo-profesional-12pulgadas-oferta.jpg\",\"width\":1000,\"height\":500},{\"@type\":\"BreadcrumbList\",\"@id\":\"https:\/\/audibax.com\/fr\/produit\/arkansas-12p-black-2\/#breadcrumb\",\"itemListElement\":[{\"@type\":\"ListItem\",\"position\":1,\"name\":\"Portada\",\"item\":\"https:\/\/audibax.com\/fr\/\"},{\"@type\":\"ListItem\",\"position\":2,\"name\":\"Produits\",\"item\":\"https:\/\/audibax.com\/fr\/shop\/\"},{\"@type\":\"ListItem\",\"position\":3,\"name\":\"Arkansas 12P Black\"}]},{\"@type\":\"WebSite\",\"@id\":\"https:\/\/audibax.com\/fr\/#website\",\"url\":\"https:\/\/audibax.com\/fr\/\",\"name\":\"Audibax\",\"description\":\"\",\"publisher\":{\"@id\":\"https:\/\/audibax.com\/fr\/#organization\"},\"potentialAction\":[{\"@type\":\"SearchAction\",\"target\":{\"@type\":\"EntryPoint\",\"urlTemplate\":\"https:\/\/audibax.com\/fr\/?s={search_term_string}\"},\"query-input\":{\"@type\":\"PropertyValueSpecification\",\"valueRequired\":true,\"valueName\":\"search_term_string\"}}],\"inLanguage\":\"fr-FR\"},{\"@type\":\"Organization\",\"@id\":\"https:\/\/audibax.com\/fr\/#organization\",\"name\":\"Audibax\",\"url\":\"https:\/\/audibax.com\/fr\/\",\"logo\":{\"@type\":\"ImageObject\",\"inLanguage\":\"fr-FR\",\"@id\":\"https:\/\/audibax.com\/fr\/#\/schema\/logo\/image\/\",\"url\":\"https:\/\/audibax.com\/wp-content\/uploads\/2023\/09\/logo-Audibax-BLANCO-SVG-1.svg\",\"contentUrl\":\"https:\/\/audibax.com\/wp-content\/uploads\/2023\/09\/logo-Audibax-BLANCO-SVG-1.svg\",\"caption\":\"Audibax\"},\"image\":{\"@id\":\"https:\/\/audibax.com\/fr\/#\/schema\/logo\/image\/\"}}]}<\/script>\n<!-- \/ Yoast SEO plugin. -->","yoast_head_json":{"title":"Arkansas 12P Black - Audibax","robots":{"index":"index","follow":"follow","max-snippet":"max-snippet:-1","max-image-preview":"max-image-preview:large","max-video-preview":"max-video-preview:-1"},"canonical":"https:\/\/audibax.com\/fr\/produit\/arkansas-12p-black-2\/","og_locale":"fr_FR","og_type":"article","og_title":"Arkansas 12P Black - Audibax","og_description":"Enceinte passive \u00e0 2 fils Dimensions : 12&quot; Puissance nominale : 150W Puissance de pointe : 300W","og_url":"https:\/\/audibax.com\/fr\/produit\/arkansas-12p-black-2\/","og_site_name":"Audibax","article_modified_time":"2023-12-27T11:00:13+00:00","og_image":[{"width":1000,"height":500,"url":"https:\/\/audibax.com\/wp-content\/uploads\/2023\/12\/audibax-ARKANSAS-12P-altavoz-pasivo-profesional-12pulgadas-oferta.jpg","type":"image\/jpeg"}],"twitter_card":"summary_large_image","schema":{"@context":"https:\/\/schema.org","@graph":[{"@type":"WebPage","@id":"https:\/\/audibax.com\/fr\/produit\/arkansas-12p-black-2\/","url":"https:\/\/audibax.com\/fr\/produit\/arkansas-12p-black-2\/","name":"Arkansas 12P Black - Audibax","isPartOf":{"@id":"https:\/\/audibax.com\/fr\/#website"},"primaryImageOfPage":{"@id":"https:\/\/audibax.com\/fr\/produit\/arkansas-12p-black-2\/#primaryimage"},"image":{"@id":"https:\/\/audibax.com\/fr\/produit\/arkansas-12p-black-2\/#primaryimage"},"thumbnailUrl":"https:\/\/audibax.com\/wp-content\/uploads\/2023\/12\/audibax-ARKANSAS-12P-altavoz-pasivo-profesional-12pulgadas-oferta.jpg","datePublished":"2023-12-11T12:50:57+00:00","dateModified":"2023-12-27T11:00:13+00:00","breadcrumb":{"@id":"https:\/\/audibax.com\/fr\/produit\/arkansas-12p-black-2\/#breadcrumb"},"inLanguage":"fr-FR","potentialAction":[{"@type":"ReadAction","target":["https:\/\/audibax.com\/fr\/produit\/arkansas-12p-black-2\/"]}]},{"@type":"ImageObject","inLanguage":"fr-FR","@id":"https:\/\/audibax.com\/fr\/produit\/arkansas-12p-black-2\/#primaryimage","url":"https:\/\/audibax.com\/wp-content\/uploads\/2023\/12\/audibax-ARKANSAS-12P-altavoz-pasivo-profesional-12pulgadas-oferta.jpg","contentUrl":"https:\/\/audibax.com\/wp-content\/uploads\/2023\/12\/audibax-ARKANSAS-12P-altavoz-pasivo-profesional-12pulgadas-oferta.jpg","width":1000,"height":500},{"@type":"BreadcrumbList","@id":"https:\/\/audibax.com\/fr\/produit\/arkansas-12p-black-2\/#breadcrumb","itemListElement":[{"@type":"ListItem","position":1,"name":"Portada","item":"https:\/\/audibax.com\/fr\/"},{"@type":"ListItem","position":2,"name":"Produits","item":"https:\/\/audibax.com\/fr\/shop\/"},{"@type":"ListItem","position":3,"name":"Arkansas 12P Black"}]},{"@type":"WebSite","@id":"https:\/\/audibax.com\/fr\/#website","url":"https:\/\/audibax.com\/fr\/","name":"Audibax","description":"","publisher":{"@id":"https:\/\/audibax.com\/fr\/#organization"},"potentialAction":[{"@type":"SearchAction","target":{"@type":"EntryPoint","urlTemplate":"https:\/\/audibax.com\/fr\/?s={search_term_string}"},"query-input":{"@type":"PropertyValueSpecification","valueRequired":true,"valueName":"search_term_string"}}],"inLanguage":"fr-FR"},{"@type":"Organization","@id":"https:\/\/audibax.com\/fr\/#organization","name":"Audibax","url":"https:\/\/audibax.com\/fr\/","logo":{"@type":"ImageObject","inLanguage":"fr-FR","@id":"https:\/\/audibax.com\/fr\/#\/schema\/logo\/image\/","url":"https:\/\/audibax.com\/wp-content\/uploads\/2023\/09\/logo-Audibax-BLANCO-SVG-1.svg","contentUrl":"https:\/\/audibax.com\/wp-content\/uploads\/2023\/09\/logo-Audibax-BLANCO-SVG-1.svg","caption":"Audibax"},"image":{"@id":"https:\/\/audibax.com\/fr\/#\/schema\/logo\/image\/"}}]}},"_links":{"self":[{"href":"https:\/\/audibax.com\/fr\/wp-json\/wp\/v2\/product\/36801","targetHints":{"allow":["GET"]}}],"collection":[{"href":"https:\/\/audibax.com\/fr\/wp-json\/wp\/v2\/product"}],"about":[{"href":"https:\/\/audibax.com\/fr\/wp-json\/wp\/v2\/types\/product"}],"replies":[{"embeddable":true,"href":"https:\/\/audibax.com\/fr\/wp-json\/wp\/v2\/comments?post=36801"}],"wp:featuredmedia":[{"embeddable":true,"href":"https:\/\/audibax.com\/fr\/wp-json\/wp\/v2\/media\/16791"}],"wp:attachment":[{"href":"https:\/\/audibax.com\/fr\/wp-json\/wp\/v2\/media?parent=36801"}],"wp:term":[{"taxonomy":"product_cat","embeddable":true,"href":"https:\/\/audibax.com\/fr\/wp-json\/wp\/v2\/product_cat?post=36801"},{"taxonomy":"product_tag","embeddable":true,"href":"https:\/\/audibax.com\/fr\/wp-json\/wp\/v2\/product_tag?post=36801"}],"curies":[{"name":"wp","href":"https:\/\/api.w.org\/{rel}","templated":true}]}}