{"id":36794,"date":"2023-12-11T13:50:26","date_gmt":"2023-12-11T12:50:26","guid":{"rendered":"https:\/\/audibax.com\/product\/oasis-6t-green-2\/"},"modified":"2023-12-27T12:00:04","modified_gmt":"2023-12-27T11:00:04","slug":"oasis-6t-green-2","status":"publish","type":"product","link":"https:\/\/audibax.com\/fr\/produit\/oasis-6t-green-2\/","title":{"rendered":"Oasis 6T Green"},"content":{"rendered":"<p><span style=\"font-size :14px\"><strong>Caract\u00e9ristiques<\/strong><\/span><\/p>\n<ul>\n<ul>\n<li>Le <strong>Audibax Oasis 6T<\/strong> est une enceinte passive d&rsquo;ext\u00e9rieur d&rsquo;une puissance RMS de 65W.<\/li>\n<li>Notre <strong>Oasis 6T<\/strong> haut-parleur<\/strong> est \u00e9quip\u00e9 d&rsquo;un woofer de 6,5&Prime; en polypropyl\u00e8ne et d&rsquo;un tweeter.Il est \u00e9quip\u00e9 d&rsquo;un woofer de 6,5&Prime; en polypropyl\u00e8ne et d&rsquo;un tweeter de 1&#038;quot ; en titane, qui reproduisent les hautes fr\u00e9quences avec une grande pr\u00e9cision et offrent un son tr\u00e8s pur aux auditeurs.<\/li>\n<li>Il offre une r\u00e9ponse en fr\u00e9quence de 55Hz-20kHz et une sensibilit\u00e9 de 91dB.<\/li>\n<li>Son apparence discr\u00e8te et sa r\u00e9sistance \u00e0 la poussi\u00e8re et \u00e0 l&rsquo;eau en font le haut-parleur id\u00e9al pour tous vos \u00e9v\u00e9nements en plein air.&nbsp;<\/li>\n<\/ul>\n<p><span style=\"font-size:14px\"><strong>Sp\u00e9cifications<\/strong><\/strong><\/span><\/p>\n<ul>\n<ul>\n<li>R\u00e9ponse en fr\u00e9quence : 55Hz-20kHz<\/li>\n<li>Puissance RMS : 65W<\/li>\n<li>Imp\u00e9dance : 8 ohms<\/li>\n<li>Sensibilit\u00e9 (1w\/1m) : 91dB<\/li>\n<li>Cornet du woofer : Polypropyl\u00e8ne<\/li>\n<li>Diam\u00e8tre du woofer : 6,5&quot;<\/li>\n<li>Tweeter woofer : Titane<\/li>\n<li>Tweeter tweeter dia : 1&quot;<\/li>\n<li>Transformateur :\n<ul>\n<li>70V : 32-16-8-4-4-2-1W<\/li>\n<li>100V : 32-16-8-4-4-2-2W<\/li>\n<\/ul>\n<\/li>\n<li>Mat\u00e9riau du bo\u00eetier : LLDPE<\/li>\n<li>Coffret : IP65<\/li>\n<li>Couleur : Vert<\/li>\n<li>Diam\u00e8tre du produit : 365 mm<\/li>\n<li>Hauteur du produit : 409 mm<\/li>\n<\/ul>\n<\/ul>\n<\/ul>\n","protected":false},"excerpt":{"rendered":"<ul>\n<li>Enceinte passive d&rsquo;ext\u00e9rieur<\/li>\n<li>Dimensions : 6&quot;<\/li>\n<li>R\u00e9ponse en fr\u00e9quence :&nbsp;55Hz-20kHz<\/li>\n<li>Puissance nominale : 65W RMS<\/li>\n<li>IP56<\/li>\n<\/ul>\n<\/ul>\n","protected":false},"featured_media":18513,"comment_status":"open","ping_status":"closed","template":"","meta":{"_acf_changed":false},"product_cat":[411,253,393],"product_tag":[],"class_list":{"0":"post-36794","1":"product","2":"type-product","3":"status-publish","4":"has-post-thumbnail","6":"product_cat-haut-parleurs-dexterieur","7":"product_cat-intervenants","8":"product_cat-sonorisation","10":"first","11":"instock","12":"shipping-taxable","13":"product-type-simple"},"acf":[],"yoast_head":"<!-- This site is optimized with the Yoast SEO plugin v27.0 - https:\/\/yoast.com\/product\/yoast-seo-wordpress\/ -->\n<title>Oasis 6T Green - Audibax<\/title>\n<meta name=\"robots\" content=\"index, follow, max-snippet:-1, max-image-preview:large, max-video-preview:-1\" \/>\n<link rel=\"canonical\" href=\"https:\/\/audibax.com\/fr\/produit\/oasis-6t-green-2\/\" \/>\n<meta property=\"og:locale\" content=\"fr_FR\" \/>\n<meta property=\"og:type\" content=\"article\" \/>\n<meta property=\"og:title\" content=\"Oasis 6T Green - Audibax\" \/>\n<meta property=\"og:description\" content=\"Enceinte passive d&#039;ext\u00e9rieur Dimensions : 6&quot; R\u00e9ponse en fr\u00e9quence :&nbsp;55Hz-20kHz Puissance nominale : 65W RMS IP56\" \/>\n<meta property=\"og:url\" content=\"https:\/\/audibax.com\/fr\/produit\/oasis-6t-green-2\/\" \/>\n<meta property=\"og:site_name\" content=\"Audibax\" \/>\n<meta property=\"article:modified_time\" content=\"2023-12-27T11:00:04+00:00\" \/>\n<meta property=\"og:image\" content=\"https:\/\/audibax.com\/wp-content\/uploads\/2023\/12\/Oasis-6T-green-altavoz-exterior-comprar.jpg\" \/>\n\t<meta property=\"og:image:width\" content=\"1000\" \/>\n\t<meta property=\"og:image:height\" content=\"500\" \/>\n\t<meta property=\"og:image:type\" content=\"image\/jpeg\" \/>\n<meta name=\"twitter:card\" content=\"summary_large_image\" \/>\n<meta name=\"twitter:label1\" content=\"Dur\u00e9e de lecture estim\u00e9e\" \/>\n\t<meta name=\"twitter:data1\" content=\"1 minute\" \/>\n<script type=\"application\/ld+json\" class=\"yoast-schema-graph\">{\"@context\":\"https:\/\/schema.org\",\"@graph\":[{\"@type\":\"WebPage\",\"@id\":\"https:\/\/audibax.com\/fr\/produit\/oasis-6t-green-2\/\",\"url\":\"https:\/\/audibax.com\/fr\/produit\/oasis-6t-green-2\/\",\"name\":\"Oasis 6T Green - Audibax\",\"isPartOf\":{\"@id\":\"https:\/\/audibax.com\/fr\/#website\"},\"primaryImageOfPage\":{\"@id\":\"https:\/\/audibax.com\/fr\/produit\/oasis-6t-green-2\/#primaryimage\"},\"image\":{\"@id\":\"https:\/\/audibax.com\/fr\/produit\/oasis-6t-green-2\/#primaryimage\"},\"thumbnailUrl\":\"https:\/\/audibax.com\/wp-content\/uploads\/2023\/12\/Oasis-6T-green-altavoz-exterior-comprar.jpg\",\"datePublished\":\"2023-12-11T12:50:26+00:00\",\"dateModified\":\"2023-12-27T11:00:04+00:00\",\"breadcrumb\":{\"@id\":\"https:\/\/audibax.com\/fr\/produit\/oasis-6t-green-2\/#breadcrumb\"},\"inLanguage\":\"fr-FR\",\"potentialAction\":[{\"@type\":\"ReadAction\",\"target\":[\"https:\/\/audibax.com\/fr\/produit\/oasis-6t-green-2\/\"]}]},{\"@type\":\"ImageObject\",\"inLanguage\":\"fr-FR\",\"@id\":\"https:\/\/audibax.com\/fr\/produit\/oasis-6t-green-2\/#primaryimage\",\"url\":\"https:\/\/audibax.com\/wp-content\/uploads\/2023\/12\/Oasis-6T-green-altavoz-exterior-comprar.jpg\",\"contentUrl\":\"https:\/\/audibax.com\/wp-content\/uploads\/2023\/12\/Oasis-6T-green-altavoz-exterior-comprar.jpg\",\"width\":1000,\"height\":500},{\"@type\":\"BreadcrumbList\",\"@id\":\"https:\/\/audibax.com\/fr\/produit\/oasis-6t-green-2\/#breadcrumb\",\"itemListElement\":[{\"@type\":\"ListItem\",\"position\":1,\"name\":\"Portada\",\"item\":\"https:\/\/audibax.com\/fr\/\"},{\"@type\":\"ListItem\",\"position\":2,\"name\":\"Produits\",\"item\":\"https:\/\/audibax.com\/fr\/shop\/\"},{\"@type\":\"ListItem\",\"position\":3,\"name\":\"Oasis 6T Green\"}]},{\"@type\":\"WebSite\",\"@id\":\"https:\/\/audibax.com\/fr\/#website\",\"url\":\"https:\/\/audibax.com\/fr\/\",\"name\":\"Audibax\",\"description\":\"\",\"publisher\":{\"@id\":\"https:\/\/audibax.com\/fr\/#organization\"},\"potentialAction\":[{\"@type\":\"SearchAction\",\"target\":{\"@type\":\"EntryPoint\",\"urlTemplate\":\"https:\/\/audibax.com\/fr\/?s={search_term_string}\"},\"query-input\":{\"@type\":\"PropertyValueSpecification\",\"valueRequired\":true,\"valueName\":\"search_term_string\"}}],\"inLanguage\":\"fr-FR\"},{\"@type\":\"Organization\",\"@id\":\"https:\/\/audibax.com\/fr\/#organization\",\"name\":\"Audibax\",\"url\":\"https:\/\/audibax.com\/fr\/\",\"logo\":{\"@type\":\"ImageObject\",\"inLanguage\":\"fr-FR\",\"@id\":\"https:\/\/audibax.com\/fr\/#\/schema\/logo\/image\/\",\"url\":\"https:\/\/audibax.com\/wp-content\/uploads\/2023\/09\/logo-Audibax-BLANCO-SVG-1.svg\",\"contentUrl\":\"https:\/\/audibax.com\/wp-content\/uploads\/2023\/09\/logo-Audibax-BLANCO-SVG-1.svg\",\"caption\":\"Audibax\"},\"image\":{\"@id\":\"https:\/\/audibax.com\/fr\/#\/schema\/logo\/image\/\"}}]}<\/script>\n<!-- \/ Yoast SEO plugin. -->","yoast_head_json":{"title":"Oasis 6T Green - Audibax","robots":{"index":"index","follow":"follow","max-snippet":"max-snippet:-1","max-image-preview":"max-image-preview:large","max-video-preview":"max-video-preview:-1"},"canonical":"https:\/\/audibax.com\/fr\/produit\/oasis-6t-green-2\/","og_locale":"fr_FR","og_type":"article","og_title":"Oasis 6T Green - Audibax","og_description":"Enceinte passive d'ext\u00e9rieur Dimensions : 6&quot; R\u00e9ponse en fr\u00e9quence :&nbsp;55Hz-20kHz Puissance nominale : 65W RMS IP56","og_url":"https:\/\/audibax.com\/fr\/produit\/oasis-6t-green-2\/","og_site_name":"Audibax","article_modified_time":"2023-12-27T11:00:04+00:00","og_image":[{"width":1000,"height":500,"url":"https:\/\/audibax.com\/wp-content\/uploads\/2023\/12\/Oasis-6T-green-altavoz-exterior-comprar.jpg","type":"image\/jpeg"}],"twitter_card":"summary_large_image","twitter_misc":{"Dur\u00e9e de lecture estim\u00e9e":"1 minute"},"schema":{"@context":"https:\/\/schema.org","@graph":[{"@type":"WebPage","@id":"https:\/\/audibax.com\/fr\/produit\/oasis-6t-green-2\/","url":"https:\/\/audibax.com\/fr\/produit\/oasis-6t-green-2\/","name":"Oasis 6T Green - Audibax","isPartOf":{"@id":"https:\/\/audibax.com\/fr\/#website"},"primaryImageOfPage":{"@id":"https:\/\/audibax.com\/fr\/produit\/oasis-6t-green-2\/#primaryimage"},"image":{"@id":"https:\/\/audibax.com\/fr\/produit\/oasis-6t-green-2\/#primaryimage"},"thumbnailUrl":"https:\/\/audibax.com\/wp-content\/uploads\/2023\/12\/Oasis-6T-green-altavoz-exterior-comprar.jpg","datePublished":"2023-12-11T12:50:26+00:00","dateModified":"2023-12-27T11:00:04+00:00","breadcrumb":{"@id":"https:\/\/audibax.com\/fr\/produit\/oasis-6t-green-2\/#breadcrumb"},"inLanguage":"fr-FR","potentialAction":[{"@type":"ReadAction","target":["https:\/\/audibax.com\/fr\/produit\/oasis-6t-green-2\/"]}]},{"@type":"ImageObject","inLanguage":"fr-FR","@id":"https:\/\/audibax.com\/fr\/produit\/oasis-6t-green-2\/#primaryimage","url":"https:\/\/audibax.com\/wp-content\/uploads\/2023\/12\/Oasis-6T-green-altavoz-exterior-comprar.jpg","contentUrl":"https:\/\/audibax.com\/wp-content\/uploads\/2023\/12\/Oasis-6T-green-altavoz-exterior-comprar.jpg","width":1000,"height":500},{"@type":"BreadcrumbList","@id":"https:\/\/audibax.com\/fr\/produit\/oasis-6t-green-2\/#breadcrumb","itemListElement":[{"@type":"ListItem","position":1,"name":"Portada","item":"https:\/\/audibax.com\/fr\/"},{"@type":"ListItem","position":2,"name":"Produits","item":"https:\/\/audibax.com\/fr\/shop\/"},{"@type":"ListItem","position":3,"name":"Oasis 6T Green"}]},{"@type":"WebSite","@id":"https:\/\/audibax.com\/fr\/#website","url":"https:\/\/audibax.com\/fr\/","name":"Audibax","description":"","publisher":{"@id":"https:\/\/audibax.com\/fr\/#organization"},"potentialAction":[{"@type":"SearchAction","target":{"@type":"EntryPoint","urlTemplate":"https:\/\/audibax.com\/fr\/?s={search_term_string}"},"query-input":{"@type":"PropertyValueSpecification","valueRequired":true,"valueName":"search_term_string"}}],"inLanguage":"fr-FR"},{"@type":"Organization","@id":"https:\/\/audibax.com\/fr\/#organization","name":"Audibax","url":"https:\/\/audibax.com\/fr\/","logo":{"@type":"ImageObject","inLanguage":"fr-FR","@id":"https:\/\/audibax.com\/fr\/#\/schema\/logo\/image\/","url":"https:\/\/audibax.com\/wp-content\/uploads\/2023\/09\/logo-Audibax-BLANCO-SVG-1.svg","contentUrl":"https:\/\/audibax.com\/wp-content\/uploads\/2023\/09\/logo-Audibax-BLANCO-SVG-1.svg","caption":"Audibax"},"image":{"@id":"https:\/\/audibax.com\/fr\/#\/schema\/logo\/image\/"}}]}},"_links":{"self":[{"href":"https:\/\/audibax.com\/fr\/wp-json\/wp\/v2\/product\/36794","targetHints":{"allow":["GET"]}}],"collection":[{"href":"https:\/\/audibax.com\/fr\/wp-json\/wp\/v2\/product"}],"about":[{"href":"https:\/\/audibax.com\/fr\/wp-json\/wp\/v2\/types\/product"}],"replies":[{"embeddable":true,"href":"https:\/\/audibax.com\/fr\/wp-json\/wp\/v2\/comments?post=36794"}],"wp:featuredmedia":[{"embeddable":true,"href":"https:\/\/audibax.com\/fr\/wp-json\/wp\/v2\/media\/18513"}],"wp:attachment":[{"href":"https:\/\/audibax.com\/fr\/wp-json\/wp\/v2\/media?parent=36794"}],"wp:term":[{"taxonomy":"product_cat","embeddable":true,"href":"https:\/\/audibax.com\/fr\/wp-json\/wp\/v2\/product_cat?post=36794"},{"taxonomy":"product_tag","embeddable":true,"href":"https:\/\/audibax.com\/fr\/wp-json\/wp\/v2\/product_tag?post=36794"}],"curies":[{"name":"wp","href":"https:\/\/api.w.org\/{rel}","templated":true}]}}