{"id":36791,"date":"2023-12-11T15:07:11","date_gmt":"2023-12-11T14:07:11","guid":{"rendered":"https:\/\/audibax.com\/product\/ground-5t-black-2\/"},"modified":"2023-12-27T12:00:01","modified_gmt":"2023-12-27T11:00:01","slug":"ground-5t-black-2","status":"publish","type":"product","link":"https:\/\/audibax.com\/fr\/produit\/ground-5t-black-2\/","title":{"rendered":"Ground 5T Black"},"content":{"rendered":"<p><span style=\"font-size :14px\"><strong>Caract\u00e9ristiques<\/strong><\/strong><\/span><\/p>\n<ul>\n<ul>\n<li>Les&nbsp;<strong>Audibax Ground 5T <\/strong>sont des enceintes d&rsquo;ext\u00e9rieur passives d&rsquo;une puissance RMS de 30W.<\/li>\n<li>Nos enceintes&nbsp;<strong>Ground 5T <\/strong>sont \u00e9quip\u00e9es d&rsquo;un woofer en polypropyl\u00e8ne de 5,25&#038;quot ; et d&rsquo;un tweeter en soie de 1&#038;quot ; qui g\u00e9n\u00e8rent un son tr\u00e8s propre pour les auditeurs, offrant une excellente exp\u00e9rience sonore.<\/li>\n<li>Elles offrent une r\u00e9ponse en fr\u00e9quence de 110Hz-20kHz et une sensibilit\u00e9 de 84dB.<\/li>\n<li>Leur r\u00e9sistance \u00e0 la poussi\u00e8re et \u00e0 l&rsquo;eau les rend parfaites pour les zones \u00e0 forte humidit\u00e9, ce qui en fait le choix id\u00e9al pour les patios ext\u00e9rieurs.<\/li>\n<li>Ce sont des enceintes tr\u00e8s polyvalentes, permettant de les installer au sol, de les int\u00e9grer dans le paysage, de les fixer au mur ou m\u00eame de les suspendre.<\/li>\n<\/ul>\n<p><span style=\"font-size :14px\"><strong>Sp\u00e9cifications<\/strong><\/strong><\/span><\/p>\n<ul>\n<ul>\n<li>2 unit\u00e9s<\/li>\n<li>R\u00e9ponse en fr\u00e9quence : 110Hz-20kHz<\/li>\n<li>Puissance RMS : 30W<\/li>\n<li>Imp\u00e9dance nominale : 8 ohms<\/li>\n<li>Sensibilit\u00e9 (1M\/1W) : 84dB<\/li>\n<li>Woofer : 5 C\u00f4ne en polypropyl\u00e8ne.25&quot;<\/li>\n<li>Tweeter : 1&quot;<\/li>\n<li>Silk C&uacute;<\/li>\n<li>Transformateur:&#038;nbsp ;\n<ul>\n<li>C70V : 1.87W-3.75W-7.5W-15W-NC &#038;amp ; 8 ohms<\/li>\n<li>C100V : 3.75W-7.5W-15W-30W-NC &#038; ; 8 ohms<\/li>\n<\/ul>\n<\/li>\n<li>Niveau IP : IP66 (montage mural ou au sol uniquement)<\/li>\n<li>Dimensions : 170 x 170 x 240 mm (6.7&#038;quot ; x 6.7&#038;quot ; x 9.4&#038;quot \ud83d\ude09<\/li>\n<\/ul>\n<\/ul>\n<\/ul>\n","protected":false},"excerpt":{"rendered":"<ul>\n<li>Paire d&rsquo;enceintes ext\u00e9rieures passives<\/li>\n<li>Dimensions : 5&quot;<\/li>\n<li>Puissance : 30W RMS<\/li>\n<li>R\u00e9ponse en fr\u00e9quence:&nbsp;110Hz-20kHz<\/li>\n<li>IP66 (montage mural ou au sol uniquement)<\/li>\n<\/ul>\n<\/ul>\n<\/ul>\n","protected":false},"featured_media":18354,"comment_status":"open","ping_status":"closed","template":"","meta":{"_acf_changed":false},"product_cat":[411,253,393],"product_tag":[],"class_list":{"0":"post-36791","1":"product","2":"type-product","3":"status-publish","4":"has-post-thumbnail","6":"product_cat-haut-parleurs-dexterieur","7":"product_cat-intervenants","8":"product_cat-sonorisation","10":"first","11":"instock","12":"shipping-taxable","13":"product-type-simple"},"acf":[],"yoast_head":"<!-- This site is optimized with the Yoast SEO plugin v27.0 - https:\/\/yoast.com\/product\/yoast-seo-wordpress\/ -->\n<title>Ground 5T Black - Audibax<\/title>\n<meta name=\"robots\" content=\"index, follow, max-snippet:-1, max-image-preview:large, max-video-preview:-1\" \/>\n<link rel=\"canonical\" href=\"https:\/\/audibax.com\/fr\/produit\/ground-5t-black-2\/\" \/>\n<meta property=\"og:locale\" content=\"fr_FR\" \/>\n<meta property=\"og:type\" content=\"article\" \/>\n<meta property=\"og:title\" content=\"Ground 5T Black - Audibax\" \/>\n<meta property=\"og:description\" content=\"Paire d&#039;enceintes ext\u00e9rieures passives Dimensions : 5&quot; Puissance : 30W RMS R\u00e9ponse en fr\u00e9quence:&nbsp;110Hz-20kHz IP66 (montage mural ou au sol uniquement)\" \/>\n<meta property=\"og:url\" content=\"https:\/\/audibax.com\/fr\/produit\/ground-5t-black-2\/\" \/>\n<meta property=\"og:site_name\" content=\"Audibax\" \/>\n<meta property=\"article:modified_time\" content=\"2023-12-27T11:00:01+00:00\" \/>\n<meta property=\"og:image\" content=\"https:\/\/audibax.com\/wp-content\/uploads\/2023\/12\/Ground-5T-altavoz-pasivo-exterior-comprar.jpg\" \/>\n\t<meta property=\"og:image:width\" content=\"1000\" \/>\n\t<meta property=\"og:image:height\" content=\"500\" \/>\n\t<meta property=\"og:image:type\" content=\"image\/jpeg\" \/>\n<meta name=\"twitter:card\" content=\"summary_large_image\" \/>\n<meta name=\"twitter:label1\" content=\"Dur\u00e9e de lecture estim\u00e9e\" \/>\n\t<meta name=\"twitter:data1\" content=\"1 minute\" \/>\n<script type=\"application\/ld+json\" class=\"yoast-schema-graph\">{\"@context\":\"https:\/\/schema.org\",\"@graph\":[{\"@type\":\"WebPage\",\"@id\":\"https:\/\/audibax.com\/fr\/produit\/ground-5t-black-2\/\",\"url\":\"https:\/\/audibax.com\/fr\/produit\/ground-5t-black-2\/\",\"name\":\"Ground 5T Black - Audibax\",\"isPartOf\":{\"@id\":\"https:\/\/audibax.com\/fr\/#website\"},\"primaryImageOfPage\":{\"@id\":\"https:\/\/audibax.com\/fr\/produit\/ground-5t-black-2\/#primaryimage\"},\"image\":{\"@id\":\"https:\/\/audibax.com\/fr\/produit\/ground-5t-black-2\/#primaryimage\"},\"thumbnailUrl\":\"https:\/\/audibax.com\/wp-content\/uploads\/2023\/12\/Ground-5T-altavoz-pasivo-exterior-comprar.jpg\",\"datePublished\":\"2023-12-11T14:07:11+00:00\",\"dateModified\":\"2023-12-27T11:00:01+00:00\",\"breadcrumb\":{\"@id\":\"https:\/\/audibax.com\/fr\/produit\/ground-5t-black-2\/#breadcrumb\"},\"inLanguage\":\"fr-FR\",\"potentialAction\":[{\"@type\":\"ReadAction\",\"target\":[\"https:\/\/audibax.com\/fr\/produit\/ground-5t-black-2\/\"]}]},{\"@type\":\"ImageObject\",\"inLanguage\":\"fr-FR\",\"@id\":\"https:\/\/audibax.com\/fr\/produit\/ground-5t-black-2\/#primaryimage\",\"url\":\"https:\/\/audibax.com\/wp-content\/uploads\/2023\/12\/Ground-5T-altavoz-pasivo-exterior-comprar.jpg\",\"contentUrl\":\"https:\/\/audibax.com\/wp-content\/uploads\/2023\/12\/Ground-5T-altavoz-pasivo-exterior-comprar.jpg\",\"width\":1000,\"height\":500},{\"@type\":\"BreadcrumbList\",\"@id\":\"https:\/\/audibax.com\/fr\/produit\/ground-5t-black-2\/#breadcrumb\",\"itemListElement\":[{\"@type\":\"ListItem\",\"position\":1,\"name\":\"Portada\",\"item\":\"https:\/\/audibax.com\/fr\/\"},{\"@type\":\"ListItem\",\"position\":2,\"name\":\"Produits\",\"item\":\"https:\/\/audibax.com\/fr\/shop\/\"},{\"@type\":\"ListItem\",\"position\":3,\"name\":\"Ground 5T Black\"}]},{\"@type\":\"WebSite\",\"@id\":\"https:\/\/audibax.com\/fr\/#website\",\"url\":\"https:\/\/audibax.com\/fr\/\",\"name\":\"Audibax\",\"description\":\"\",\"publisher\":{\"@id\":\"https:\/\/audibax.com\/fr\/#organization\"},\"potentialAction\":[{\"@type\":\"SearchAction\",\"target\":{\"@type\":\"EntryPoint\",\"urlTemplate\":\"https:\/\/audibax.com\/fr\/?s={search_term_string}\"},\"query-input\":{\"@type\":\"PropertyValueSpecification\",\"valueRequired\":true,\"valueName\":\"search_term_string\"}}],\"inLanguage\":\"fr-FR\"},{\"@type\":\"Organization\",\"@id\":\"https:\/\/audibax.com\/fr\/#organization\",\"name\":\"Audibax\",\"url\":\"https:\/\/audibax.com\/fr\/\",\"logo\":{\"@type\":\"ImageObject\",\"inLanguage\":\"fr-FR\",\"@id\":\"https:\/\/audibax.com\/fr\/#\/schema\/logo\/image\/\",\"url\":\"https:\/\/audibax.com\/wp-content\/uploads\/2023\/09\/logo-Audibax-BLANCO-SVG-1.svg\",\"contentUrl\":\"https:\/\/audibax.com\/wp-content\/uploads\/2023\/09\/logo-Audibax-BLANCO-SVG-1.svg\",\"caption\":\"Audibax\"},\"image\":{\"@id\":\"https:\/\/audibax.com\/fr\/#\/schema\/logo\/image\/\"}}]}<\/script>\n<!-- \/ Yoast SEO plugin. -->","yoast_head_json":{"title":"Ground 5T Black - Audibax","robots":{"index":"index","follow":"follow","max-snippet":"max-snippet:-1","max-image-preview":"max-image-preview:large","max-video-preview":"max-video-preview:-1"},"canonical":"https:\/\/audibax.com\/fr\/produit\/ground-5t-black-2\/","og_locale":"fr_FR","og_type":"article","og_title":"Ground 5T Black - Audibax","og_description":"Paire d'enceintes ext\u00e9rieures passives Dimensions : 5&quot; Puissance : 30W RMS R\u00e9ponse en fr\u00e9quence:&nbsp;110Hz-20kHz IP66 (montage mural ou au sol uniquement)","og_url":"https:\/\/audibax.com\/fr\/produit\/ground-5t-black-2\/","og_site_name":"Audibax","article_modified_time":"2023-12-27T11:00:01+00:00","og_image":[{"width":1000,"height":500,"url":"https:\/\/audibax.com\/wp-content\/uploads\/2023\/12\/Ground-5T-altavoz-pasivo-exterior-comprar.jpg","type":"image\/jpeg"}],"twitter_card":"summary_large_image","twitter_misc":{"Dur\u00e9e de lecture estim\u00e9e":"1 minute"},"schema":{"@context":"https:\/\/schema.org","@graph":[{"@type":"WebPage","@id":"https:\/\/audibax.com\/fr\/produit\/ground-5t-black-2\/","url":"https:\/\/audibax.com\/fr\/produit\/ground-5t-black-2\/","name":"Ground 5T Black - Audibax","isPartOf":{"@id":"https:\/\/audibax.com\/fr\/#website"},"primaryImageOfPage":{"@id":"https:\/\/audibax.com\/fr\/produit\/ground-5t-black-2\/#primaryimage"},"image":{"@id":"https:\/\/audibax.com\/fr\/produit\/ground-5t-black-2\/#primaryimage"},"thumbnailUrl":"https:\/\/audibax.com\/wp-content\/uploads\/2023\/12\/Ground-5T-altavoz-pasivo-exterior-comprar.jpg","datePublished":"2023-12-11T14:07:11+00:00","dateModified":"2023-12-27T11:00:01+00:00","breadcrumb":{"@id":"https:\/\/audibax.com\/fr\/produit\/ground-5t-black-2\/#breadcrumb"},"inLanguage":"fr-FR","potentialAction":[{"@type":"ReadAction","target":["https:\/\/audibax.com\/fr\/produit\/ground-5t-black-2\/"]}]},{"@type":"ImageObject","inLanguage":"fr-FR","@id":"https:\/\/audibax.com\/fr\/produit\/ground-5t-black-2\/#primaryimage","url":"https:\/\/audibax.com\/wp-content\/uploads\/2023\/12\/Ground-5T-altavoz-pasivo-exterior-comprar.jpg","contentUrl":"https:\/\/audibax.com\/wp-content\/uploads\/2023\/12\/Ground-5T-altavoz-pasivo-exterior-comprar.jpg","width":1000,"height":500},{"@type":"BreadcrumbList","@id":"https:\/\/audibax.com\/fr\/produit\/ground-5t-black-2\/#breadcrumb","itemListElement":[{"@type":"ListItem","position":1,"name":"Portada","item":"https:\/\/audibax.com\/fr\/"},{"@type":"ListItem","position":2,"name":"Produits","item":"https:\/\/audibax.com\/fr\/shop\/"},{"@type":"ListItem","position":3,"name":"Ground 5T Black"}]},{"@type":"WebSite","@id":"https:\/\/audibax.com\/fr\/#website","url":"https:\/\/audibax.com\/fr\/","name":"Audibax","description":"","publisher":{"@id":"https:\/\/audibax.com\/fr\/#organization"},"potentialAction":[{"@type":"SearchAction","target":{"@type":"EntryPoint","urlTemplate":"https:\/\/audibax.com\/fr\/?s={search_term_string}"},"query-input":{"@type":"PropertyValueSpecification","valueRequired":true,"valueName":"search_term_string"}}],"inLanguage":"fr-FR"},{"@type":"Organization","@id":"https:\/\/audibax.com\/fr\/#organization","name":"Audibax","url":"https:\/\/audibax.com\/fr\/","logo":{"@type":"ImageObject","inLanguage":"fr-FR","@id":"https:\/\/audibax.com\/fr\/#\/schema\/logo\/image\/","url":"https:\/\/audibax.com\/wp-content\/uploads\/2023\/09\/logo-Audibax-BLANCO-SVG-1.svg","contentUrl":"https:\/\/audibax.com\/wp-content\/uploads\/2023\/09\/logo-Audibax-BLANCO-SVG-1.svg","caption":"Audibax"},"image":{"@id":"https:\/\/audibax.com\/fr\/#\/schema\/logo\/image\/"}}]}},"_links":{"self":[{"href":"https:\/\/audibax.com\/fr\/wp-json\/wp\/v2\/product\/36791","targetHints":{"allow":["GET"]}}],"collection":[{"href":"https:\/\/audibax.com\/fr\/wp-json\/wp\/v2\/product"}],"about":[{"href":"https:\/\/audibax.com\/fr\/wp-json\/wp\/v2\/types\/product"}],"replies":[{"embeddable":true,"href":"https:\/\/audibax.com\/fr\/wp-json\/wp\/v2\/comments?post=36791"}],"wp:featuredmedia":[{"embeddable":true,"href":"https:\/\/audibax.com\/fr\/wp-json\/wp\/v2\/media\/18354"}],"wp:attachment":[{"href":"https:\/\/audibax.com\/fr\/wp-json\/wp\/v2\/media?parent=36791"}],"wp:term":[{"taxonomy":"product_cat","embeddable":true,"href":"https:\/\/audibax.com\/fr\/wp-json\/wp\/v2\/product_cat?post=36791"},{"taxonomy":"product_tag","embeddable":true,"href":"https:\/\/audibax.com\/fr\/wp-json\/wp\/v2\/product_tag?post=36791"}],"curies":[{"name":"wp","href":"https:\/\/api.w.org\/{rel}","templated":true}]}}