{"id":36785,"date":"2023-12-11T13:49:35","date_gmt":"2023-12-11T12:49:35","guid":{"rendered":"https:\/\/audibax.com\/product\/drop-6-white-2\/"},"modified":"2024-06-26T10:08:50","modified_gmt":"2024-06-26T08:08:50","slug":"drop-6-white-2","status":"publish","type":"product","link":"https:\/\/audibax.com\/fr\/produit\/drop-6-white-2\/","title":{"rendered":"Drop 6 White"},"content":{"rendered":"<p><strong>Caract\u00e9ristiques<\/strong><\/p>\n<ul>\n<li style=\"list-style-type: none;\">\n<ul>\n<li style=\"list-style-type: none;\">\n<ul>\n<li>Le<strong>Audibax Drop 6 White<\/strong>&amp;nbsp ;est un haut-parleur suspendu pour installation au plafond qui, gr\u00e2ce \u00e0 son design simple et \u00e9l\u00e9gant, est le choix id\u00e9al pour les mus\u00e9es, les restaurants, les centres de loisirs, etc.<\/li>\n<li>Notre <strong>Drop 6 White<\/strong> a une puissance r\u00e9glable (40-20-10-5W) et deux entr\u00e9es, offrant une grande qualit\u00e9 sonore dans toute la pi\u00e8ce.<\/li>\n<li>Elle est \u00e9quip\u00e9e d&rsquo;un woofer de 6,5&Prime; et d&rsquo;un tweeter de 1&Prime;, offrant une r\u00e9ponse en fr\u00e9quence jusqu&rsquo;\u00e0 20KHz et un SPL de 90dB.<\/li>\n<\/ul>\n<\/li>\n<\/ul>\n<\/li>\n<\/ul>\n<p><strong>Sp\u00e9cifications :<\/strong><\/p>\n<ul>\n<li style=\"list-style-type: none;\">\n<ul>\n<li>Enceinte passive \u00e0 2 voies<\/li>\n<li>Installation au plafond<\/li>\n<li>Transducteurs : Woofer : 6.5&amp;quot ; \/ Tweeter : 0.75&Prime;<\/li>\n<li>Gamme de fr\u00e9quences : 60 &#8211; 22kHz<\/li>\n<li>Puissance RMS : 40W<\/li>\n<li>Puissance s\u00e9lectionnable :\n<ul>\n<li>100V : 5\/10\/20\/40W<\/li>\n<li>70V : 2,5\/5\/10\/10\/20\/40W<\/li>\n<\/ul>\n<\/li>\n<li>8 ohms 40W<\/li>\n<li>SPL(@1W\/m) : 88dB<\/li>\n<li>Imp\u00e9dance : 70\/100V &#8211; 8 ohms<\/li>\n<li>Couleur : Noir<\/li>\n<li>Mat\u00e9riau : ABS<\/li>\n<li>Dimensions : 252 mm (diam\u00e8tre) ; 242 mm (hauteur)<\/li>\n<li>Dispersion sonore : 162\u00b0<\/li>\n<\/ul>\n<\/li>\n<\/ul>\n","protected":false},"excerpt":{"rendered":"<ul>\n<li>Enceinte suspendue 2 voies<\/li>\n<li>Installation au plafond<\/li>\n<li>Dimensions : 6.5&Prime;<\/li>\n<li>Puissance RMS : 40W<\/li>\n<li>Ligne 100V<\/li>\n<\/ul>\n","protected":false},"featured_media":18276,"comment_status":"open","ping_status":"closed","template":"","meta":{"_acf_changed":false},"product_cat":[712,253,393],"product_tag":[],"class_list":{"0":"post-36785","1":"product","2":"type-product","3":"status-publish","4":"has-post-thumbnail","6":"product_cat-haut-parleurs-suspendus","7":"product_cat-intervenants","8":"product_cat-sonorisation","10":"first","11":"instock","12":"shipping-taxable","13":"product-type-simple"},"acf":[],"yoast_head":"<!-- This site is optimized with the Yoast SEO plugin v27.0 - https:\/\/yoast.com\/product\/yoast-seo-wordpress\/ -->\n<title>Drop 6 White - Audibax<\/title>\n<meta name=\"robots\" content=\"index, follow, max-snippet:-1, max-image-preview:large, max-video-preview:-1\" \/>\n<link rel=\"canonical\" href=\"https:\/\/audibax.com\/fr\/produit\/drop-6-white-2\/\" \/>\n<meta property=\"og:locale\" content=\"fr_FR\" \/>\n<meta property=\"og:type\" content=\"article\" \/>\n<meta property=\"og:title\" content=\"Drop 6 White - Audibax\" \/>\n<meta property=\"og:description\" content=\"Enceinte suspendue 2 voies  Installation au plafond  Dimensions : 6.5&quot;  Puissance RMS : 40W  Ligne 100V\" \/>\n<meta property=\"og:url\" content=\"https:\/\/audibax.com\/fr\/produit\/drop-6-white-2\/\" \/>\n<meta property=\"og:site_name\" content=\"Audibax\" \/>\n<meta property=\"article:modified_time\" content=\"2024-06-26T08:08:50+00:00\" \/>\n<meta property=\"og:image\" content=\"https:\/\/audibax.com\/wp-content\/uploads\/2023\/12\/Drop-6-WHITE-altavoz-pendant-colgado.jpg\" \/>\n\t<meta property=\"og:image:width\" content=\"1000\" \/>\n\t<meta property=\"og:image:height\" content=\"500\" \/>\n\t<meta property=\"og:image:type\" content=\"image\/jpeg\" \/>\n<meta name=\"twitter:card\" content=\"summary_large_image\" \/>\n<meta name=\"twitter:label1\" content=\"Dur\u00e9e de lecture estim\u00e9e\" \/>\n\t<meta name=\"twitter:data1\" content=\"1 minute\" \/>\n<script type=\"application\/ld+json\" class=\"yoast-schema-graph\">{\"@context\":\"https:\/\/schema.org\",\"@graph\":[{\"@type\":\"WebPage\",\"@id\":\"https:\/\/audibax.com\/fr\/produit\/drop-6-white-2\/\",\"url\":\"https:\/\/audibax.com\/fr\/produit\/drop-6-white-2\/\",\"name\":\"Drop 6 White - Audibax\",\"isPartOf\":{\"@id\":\"https:\/\/audibax.com\/fr\/#website\"},\"primaryImageOfPage\":{\"@id\":\"https:\/\/audibax.com\/fr\/produit\/drop-6-white-2\/#primaryimage\"},\"image\":{\"@id\":\"https:\/\/audibax.com\/fr\/produit\/drop-6-white-2\/#primaryimage\"},\"thumbnailUrl\":\"https:\/\/audibax.com\/wp-content\/uploads\/2023\/12\/Drop-6-WHITE-altavoz-pendant-colgado.jpg\",\"datePublished\":\"2023-12-11T12:49:35+00:00\",\"dateModified\":\"2024-06-26T08:08:50+00:00\",\"breadcrumb\":{\"@id\":\"https:\/\/audibax.com\/fr\/produit\/drop-6-white-2\/#breadcrumb\"},\"inLanguage\":\"fr-FR\",\"potentialAction\":[{\"@type\":\"ReadAction\",\"target\":[\"https:\/\/audibax.com\/fr\/produit\/drop-6-white-2\/\"]}]},{\"@type\":\"ImageObject\",\"inLanguage\":\"fr-FR\",\"@id\":\"https:\/\/audibax.com\/fr\/produit\/drop-6-white-2\/#primaryimage\",\"url\":\"https:\/\/audibax.com\/wp-content\/uploads\/2023\/12\/Drop-6-WHITE-altavoz-pendant-colgado.jpg\",\"contentUrl\":\"https:\/\/audibax.com\/wp-content\/uploads\/2023\/12\/Drop-6-WHITE-altavoz-pendant-colgado.jpg\",\"width\":1000,\"height\":500},{\"@type\":\"BreadcrumbList\",\"@id\":\"https:\/\/audibax.com\/fr\/produit\/drop-6-white-2\/#breadcrumb\",\"itemListElement\":[{\"@type\":\"ListItem\",\"position\":1,\"name\":\"Portada\",\"item\":\"https:\/\/audibax.com\/fr\/\"},{\"@type\":\"ListItem\",\"position\":2,\"name\":\"Produits\",\"item\":\"https:\/\/audibax.com\/fr\/shop\/\"},{\"@type\":\"ListItem\",\"position\":3,\"name\":\"Drop 6 White\"}]},{\"@type\":\"WebSite\",\"@id\":\"https:\/\/audibax.com\/fr\/#website\",\"url\":\"https:\/\/audibax.com\/fr\/\",\"name\":\"Audibax\",\"description\":\"\",\"publisher\":{\"@id\":\"https:\/\/audibax.com\/fr\/#organization\"},\"potentialAction\":[{\"@type\":\"SearchAction\",\"target\":{\"@type\":\"EntryPoint\",\"urlTemplate\":\"https:\/\/audibax.com\/fr\/?s={search_term_string}\"},\"query-input\":{\"@type\":\"PropertyValueSpecification\",\"valueRequired\":true,\"valueName\":\"search_term_string\"}}],\"inLanguage\":\"fr-FR\"},{\"@type\":\"Organization\",\"@id\":\"https:\/\/audibax.com\/fr\/#organization\",\"name\":\"Audibax\",\"url\":\"https:\/\/audibax.com\/fr\/\",\"logo\":{\"@type\":\"ImageObject\",\"inLanguage\":\"fr-FR\",\"@id\":\"https:\/\/audibax.com\/fr\/#\/schema\/logo\/image\/\",\"url\":\"https:\/\/audibax.com\/wp-content\/uploads\/2023\/09\/logo-Audibax-BLANCO-SVG-1.svg\",\"contentUrl\":\"https:\/\/audibax.com\/wp-content\/uploads\/2023\/09\/logo-Audibax-BLANCO-SVG-1.svg\",\"caption\":\"Audibax\"},\"image\":{\"@id\":\"https:\/\/audibax.com\/fr\/#\/schema\/logo\/image\/\"}}]}<\/script>\n<!-- \/ Yoast SEO plugin. -->","yoast_head_json":{"title":"Drop 6 White - Audibax","robots":{"index":"index","follow":"follow","max-snippet":"max-snippet:-1","max-image-preview":"max-image-preview:large","max-video-preview":"max-video-preview:-1"},"canonical":"https:\/\/audibax.com\/fr\/produit\/drop-6-white-2\/","og_locale":"fr_FR","og_type":"article","og_title":"Drop 6 White - Audibax","og_description":"Enceinte suspendue 2 voies  Installation au plafond  Dimensions : 6.5\"  Puissance RMS : 40W  Ligne 100V","og_url":"https:\/\/audibax.com\/fr\/produit\/drop-6-white-2\/","og_site_name":"Audibax","article_modified_time":"2024-06-26T08:08:50+00:00","og_image":[{"width":1000,"height":500,"url":"https:\/\/audibax.com\/wp-content\/uploads\/2023\/12\/Drop-6-WHITE-altavoz-pendant-colgado.jpg","type":"image\/jpeg"}],"twitter_card":"summary_large_image","twitter_misc":{"Dur\u00e9e de lecture estim\u00e9e":"1 minute"},"schema":{"@context":"https:\/\/schema.org","@graph":[{"@type":"WebPage","@id":"https:\/\/audibax.com\/fr\/produit\/drop-6-white-2\/","url":"https:\/\/audibax.com\/fr\/produit\/drop-6-white-2\/","name":"Drop 6 White - Audibax","isPartOf":{"@id":"https:\/\/audibax.com\/fr\/#website"},"primaryImageOfPage":{"@id":"https:\/\/audibax.com\/fr\/produit\/drop-6-white-2\/#primaryimage"},"image":{"@id":"https:\/\/audibax.com\/fr\/produit\/drop-6-white-2\/#primaryimage"},"thumbnailUrl":"https:\/\/audibax.com\/wp-content\/uploads\/2023\/12\/Drop-6-WHITE-altavoz-pendant-colgado.jpg","datePublished":"2023-12-11T12:49:35+00:00","dateModified":"2024-06-26T08:08:50+00:00","breadcrumb":{"@id":"https:\/\/audibax.com\/fr\/produit\/drop-6-white-2\/#breadcrumb"},"inLanguage":"fr-FR","potentialAction":[{"@type":"ReadAction","target":["https:\/\/audibax.com\/fr\/produit\/drop-6-white-2\/"]}]},{"@type":"ImageObject","inLanguage":"fr-FR","@id":"https:\/\/audibax.com\/fr\/produit\/drop-6-white-2\/#primaryimage","url":"https:\/\/audibax.com\/wp-content\/uploads\/2023\/12\/Drop-6-WHITE-altavoz-pendant-colgado.jpg","contentUrl":"https:\/\/audibax.com\/wp-content\/uploads\/2023\/12\/Drop-6-WHITE-altavoz-pendant-colgado.jpg","width":1000,"height":500},{"@type":"BreadcrumbList","@id":"https:\/\/audibax.com\/fr\/produit\/drop-6-white-2\/#breadcrumb","itemListElement":[{"@type":"ListItem","position":1,"name":"Portada","item":"https:\/\/audibax.com\/fr\/"},{"@type":"ListItem","position":2,"name":"Produits","item":"https:\/\/audibax.com\/fr\/shop\/"},{"@type":"ListItem","position":3,"name":"Drop 6 White"}]},{"@type":"WebSite","@id":"https:\/\/audibax.com\/fr\/#website","url":"https:\/\/audibax.com\/fr\/","name":"Audibax","description":"","publisher":{"@id":"https:\/\/audibax.com\/fr\/#organization"},"potentialAction":[{"@type":"SearchAction","target":{"@type":"EntryPoint","urlTemplate":"https:\/\/audibax.com\/fr\/?s={search_term_string}"},"query-input":{"@type":"PropertyValueSpecification","valueRequired":true,"valueName":"search_term_string"}}],"inLanguage":"fr-FR"},{"@type":"Organization","@id":"https:\/\/audibax.com\/fr\/#organization","name":"Audibax","url":"https:\/\/audibax.com\/fr\/","logo":{"@type":"ImageObject","inLanguage":"fr-FR","@id":"https:\/\/audibax.com\/fr\/#\/schema\/logo\/image\/","url":"https:\/\/audibax.com\/wp-content\/uploads\/2023\/09\/logo-Audibax-BLANCO-SVG-1.svg","contentUrl":"https:\/\/audibax.com\/wp-content\/uploads\/2023\/09\/logo-Audibax-BLANCO-SVG-1.svg","caption":"Audibax"},"image":{"@id":"https:\/\/audibax.com\/fr\/#\/schema\/logo\/image\/"}}]}},"_links":{"self":[{"href":"https:\/\/audibax.com\/fr\/wp-json\/wp\/v2\/product\/36785","targetHints":{"allow":["GET"]}}],"collection":[{"href":"https:\/\/audibax.com\/fr\/wp-json\/wp\/v2\/product"}],"about":[{"href":"https:\/\/audibax.com\/fr\/wp-json\/wp\/v2\/types\/product"}],"replies":[{"embeddable":true,"href":"https:\/\/audibax.com\/fr\/wp-json\/wp\/v2\/comments?post=36785"}],"wp:featuredmedia":[{"embeddable":true,"href":"https:\/\/audibax.com\/fr\/wp-json\/wp\/v2\/media\/18276"}],"wp:attachment":[{"href":"https:\/\/audibax.com\/fr\/wp-json\/wp\/v2\/media?parent=36785"}],"wp:term":[{"taxonomy":"product_cat","embeddable":true,"href":"https:\/\/audibax.com\/fr\/wp-json\/wp\/v2\/product_cat?post=36785"},{"taxonomy":"product_tag","embeddable":true,"href":"https:\/\/audibax.com\/fr\/wp-json\/wp\/v2\/product_tag?post=36785"}],"curies":[{"name":"wp","href":"https:\/\/api.w.org\/{rel}","templated":true}]}}