{"id":36781,"date":"2023-12-11T15:06:53","date_gmt":"2023-12-11T14:06:53","guid":{"rendered":"https:\/\/audibax.com\/product\/cm808-bt-white-2\/"},"modified":"2023-12-27T11:59:50","modified_gmt":"2023-12-27T10:59:50","slug":"cm808-bt-white-2","status":"publish","type":"product","link":"https:\/\/audibax.com\/fr\/produit\/cm808-bt-white-2\/","title":{"rendered":"CM808 BT White"},"content":{"rendered":"<\/p>\n<p><strong>Caract\u00e9ristiques<\/strong><\/strong><\/p>\n<ul>\n<li>La <strong>Audibax CM808-BT<\/strong> est une paire d&rsquo;enceintes encastr\u00e9es au plafond avec connectivit\u00e9 Bluetooth et basses de 8 pouces.<\/li>\n<li>Nos enceintes <strong>CM808-BT<\/strong> sont \u00e9quip\u00e9es d&rsquo;un tweeter en soie de 1 pouce, qui peut \u00eatre orient\u00e9 pour obtenir un meilleur son dans la pi\u00e8ce.<\/li>\n<li>Elles sont faciles \u00e0 installer, gr\u00e2ce \u00e0 leur grille extra-plate \u00e0 fixation magn\u00e9tique, qui leur conf\u00e8re \u00e9galement un design impeccable.<\/li>\n<li>Ils ont une puissance \u00e9lev\u00e9e de 50W + 50W et deux fils qui offrent une qualit\u00e9 de son Hifi exceptionnelle.&nbsp;<\/li>\n<\/ul>\n<p><strong>Sp\u00e9cifications:<\/strong><\/p>\n<ul>\n<li>R\u00e9ponse en fr\u00e9quence : 50 Hz ~ 20 kHz<\/li>\n<li>Puissance : 50W + 50W<\/li>\n<li>Woofer \/ Imp\u00e9dance : 8&rdquo;\/8 ohms<\/li>\n<li>Tweeter :&nbsp;1&#038;rdquo ; soie orientable<\/li>\n<li>SPL(@1W\/m) : 90dB<\/li>\n<li>Couleur : Blanc<\/li>\n<li>Corps : ABS<\/li>\n<li>Diam\u00e8tre : &#038;Oslash ; 284 mm<\/li>\n<li>Profondeur minimale d&rsquo;installation : 99 mm<\/li>\n<li>Di&aacute;m\u00e9tro pour l&rsquo;installation : 240 mm<\/li>\n<li>En raison des limitations du protocole bluetooth, deux ou plusieurs paires de ce mod\u00e8le NE PEUVENT PAS \u00eatre utilis\u00e9es ensemble.<\/li>\n<\/ul>\n<\/ul>\n","protected":false},"excerpt":{"rendered":"<ul>\n<li>Paire de haut-parleurs encastr\u00e9s<\/li>\n<li>Compos\u00e9 d&rsquo;un haut-parleur actif et d&rsquo;un haut-parleur passif<\/li>\n<li>Dimensions : 8&quot;<\/li>\n<li>Puissance : 2 x 50W RMS<\/li>\n<li>&nbsp;<\/li>\n<\/ul>\n<\/ul>\n","protected":false},"featured_media":18183,"comment_status":"open","ping_status":"closed","template":"","meta":{"_acf_changed":false},"product_cat":[409,407],"product_tag":[],"class_list":{"0":"post-36781","1":"product","2":"type-product","3":"status-publish","4":"has-post-thumbnail","6":"product_cat-haut-parleurs-au-plafond","7":"product_cat-haut-parleurs-bluetooth","9":"first","10":"instock","11":"shipping-taxable","12":"product-type-simple"},"acf":[],"yoast_head":"<!-- This site is optimized with the Yoast SEO plugin v27.0 - https:\/\/yoast.com\/product\/yoast-seo-wordpress\/ -->\n<title>CM808 BT White - Audibax<\/title>\n<meta name=\"robots\" content=\"index, follow, max-snippet:-1, max-image-preview:large, max-video-preview:-1\" \/>\n<link rel=\"canonical\" href=\"https:\/\/audibax.com\/fr\/produit\/cm808-bt-white-2\/\" \/>\n<meta property=\"og:locale\" content=\"fr_FR\" \/>\n<meta property=\"og:type\" content=\"article\" \/>\n<meta property=\"og:title\" content=\"CM808 BT White - Audibax\" \/>\n<meta property=\"og:description\" content=\"Paire de haut-parleurs encastr\u00e9s Compos\u00e9 d&#039;un haut-parleur actif et d&#039;un haut-parleur passif Dimensions : 8&quot; Puissance : 2 x 50W RMS &nbsp;\" \/>\n<meta property=\"og:url\" content=\"https:\/\/audibax.com\/fr\/produit\/cm808-bt-white-2\/\" \/>\n<meta property=\"og:site_name\" content=\"Audibax\" \/>\n<meta property=\"article:modified_time\" content=\"2023-12-27T10:59:50+00:00\" \/>\n<meta property=\"og:image\" content=\"https:\/\/audibax.com\/wp-content\/uploads\/2023\/12\/CM808-BT-altavoces-empotrables-techo-frontal.jpg\" \/>\n\t<meta property=\"og:image:width\" content=\"1000\" \/>\n\t<meta property=\"og:image:height\" content=\"500\" \/>\n\t<meta property=\"og:image:type\" content=\"image\/jpeg\" \/>\n<meta name=\"twitter:card\" content=\"summary_large_image\" \/>\n<meta name=\"twitter:label1\" content=\"Dur\u00e9e de lecture estim\u00e9e\" \/>\n\t<meta name=\"twitter:data1\" content=\"1 minute\" \/>\n<script type=\"application\/ld+json\" class=\"yoast-schema-graph\">{\"@context\":\"https:\/\/schema.org\",\"@graph\":[{\"@type\":\"WebPage\",\"@id\":\"https:\/\/audibax.com\/fr\/produit\/cm808-bt-white-2\/\",\"url\":\"https:\/\/audibax.com\/fr\/produit\/cm808-bt-white-2\/\",\"name\":\"CM808 BT White - Audibax\",\"isPartOf\":{\"@id\":\"https:\/\/audibax.com\/fr\/#website\"},\"primaryImageOfPage\":{\"@id\":\"https:\/\/audibax.com\/fr\/produit\/cm808-bt-white-2\/#primaryimage\"},\"image\":{\"@id\":\"https:\/\/audibax.com\/fr\/produit\/cm808-bt-white-2\/#primaryimage\"},\"thumbnailUrl\":\"https:\/\/audibax.com\/wp-content\/uploads\/2023\/12\/CM808-BT-altavoces-empotrables-techo-frontal.jpg\",\"datePublished\":\"2023-12-11T14:06:53+00:00\",\"dateModified\":\"2023-12-27T10:59:50+00:00\",\"breadcrumb\":{\"@id\":\"https:\/\/audibax.com\/fr\/produit\/cm808-bt-white-2\/#breadcrumb\"},\"inLanguage\":\"fr-FR\",\"potentialAction\":[{\"@type\":\"ReadAction\",\"target\":[\"https:\/\/audibax.com\/fr\/produit\/cm808-bt-white-2\/\"]}]},{\"@type\":\"ImageObject\",\"inLanguage\":\"fr-FR\",\"@id\":\"https:\/\/audibax.com\/fr\/produit\/cm808-bt-white-2\/#primaryimage\",\"url\":\"https:\/\/audibax.com\/wp-content\/uploads\/2023\/12\/CM808-BT-altavoces-empotrables-techo-frontal.jpg\",\"contentUrl\":\"https:\/\/audibax.com\/wp-content\/uploads\/2023\/12\/CM808-BT-altavoces-empotrables-techo-frontal.jpg\",\"width\":1000,\"height\":500},{\"@type\":\"BreadcrumbList\",\"@id\":\"https:\/\/audibax.com\/fr\/produit\/cm808-bt-white-2\/#breadcrumb\",\"itemListElement\":[{\"@type\":\"ListItem\",\"position\":1,\"name\":\"Portada\",\"item\":\"https:\/\/audibax.com\/fr\/\"},{\"@type\":\"ListItem\",\"position\":2,\"name\":\"Produits\",\"item\":\"https:\/\/audibax.com\/fr\/shop\/\"},{\"@type\":\"ListItem\",\"position\":3,\"name\":\"CM808 BT White\"}]},{\"@type\":\"WebSite\",\"@id\":\"https:\/\/audibax.com\/fr\/#website\",\"url\":\"https:\/\/audibax.com\/fr\/\",\"name\":\"Audibax\",\"description\":\"\",\"publisher\":{\"@id\":\"https:\/\/audibax.com\/fr\/#organization\"},\"potentialAction\":[{\"@type\":\"SearchAction\",\"target\":{\"@type\":\"EntryPoint\",\"urlTemplate\":\"https:\/\/audibax.com\/fr\/?s={search_term_string}\"},\"query-input\":{\"@type\":\"PropertyValueSpecification\",\"valueRequired\":true,\"valueName\":\"search_term_string\"}}],\"inLanguage\":\"fr-FR\"},{\"@type\":\"Organization\",\"@id\":\"https:\/\/audibax.com\/fr\/#organization\",\"name\":\"Audibax\",\"url\":\"https:\/\/audibax.com\/fr\/\",\"logo\":{\"@type\":\"ImageObject\",\"inLanguage\":\"fr-FR\",\"@id\":\"https:\/\/audibax.com\/fr\/#\/schema\/logo\/image\/\",\"url\":\"https:\/\/audibax.com\/wp-content\/uploads\/2023\/09\/logo-Audibax-BLANCO-SVG-1.svg\",\"contentUrl\":\"https:\/\/audibax.com\/wp-content\/uploads\/2023\/09\/logo-Audibax-BLANCO-SVG-1.svg\",\"caption\":\"Audibax\"},\"image\":{\"@id\":\"https:\/\/audibax.com\/fr\/#\/schema\/logo\/image\/\"}}]}<\/script>\n<!-- \/ Yoast SEO plugin. -->","yoast_head_json":{"title":"CM808 BT White - Audibax","robots":{"index":"index","follow":"follow","max-snippet":"max-snippet:-1","max-image-preview":"max-image-preview:large","max-video-preview":"max-video-preview:-1"},"canonical":"https:\/\/audibax.com\/fr\/produit\/cm808-bt-white-2\/","og_locale":"fr_FR","og_type":"article","og_title":"CM808 BT White - Audibax","og_description":"Paire de haut-parleurs encastr\u00e9s Compos\u00e9 d'un haut-parleur actif et d'un haut-parleur passif Dimensions : 8&quot; Puissance : 2 x 50W RMS &nbsp;","og_url":"https:\/\/audibax.com\/fr\/produit\/cm808-bt-white-2\/","og_site_name":"Audibax","article_modified_time":"2023-12-27T10:59:50+00:00","og_image":[{"width":1000,"height":500,"url":"https:\/\/audibax.com\/wp-content\/uploads\/2023\/12\/CM808-BT-altavoces-empotrables-techo-frontal.jpg","type":"image\/jpeg"}],"twitter_card":"summary_large_image","twitter_misc":{"Dur\u00e9e de lecture estim\u00e9e":"1 minute"},"schema":{"@context":"https:\/\/schema.org","@graph":[{"@type":"WebPage","@id":"https:\/\/audibax.com\/fr\/produit\/cm808-bt-white-2\/","url":"https:\/\/audibax.com\/fr\/produit\/cm808-bt-white-2\/","name":"CM808 BT White - Audibax","isPartOf":{"@id":"https:\/\/audibax.com\/fr\/#website"},"primaryImageOfPage":{"@id":"https:\/\/audibax.com\/fr\/produit\/cm808-bt-white-2\/#primaryimage"},"image":{"@id":"https:\/\/audibax.com\/fr\/produit\/cm808-bt-white-2\/#primaryimage"},"thumbnailUrl":"https:\/\/audibax.com\/wp-content\/uploads\/2023\/12\/CM808-BT-altavoces-empotrables-techo-frontal.jpg","datePublished":"2023-12-11T14:06:53+00:00","dateModified":"2023-12-27T10:59:50+00:00","breadcrumb":{"@id":"https:\/\/audibax.com\/fr\/produit\/cm808-bt-white-2\/#breadcrumb"},"inLanguage":"fr-FR","potentialAction":[{"@type":"ReadAction","target":["https:\/\/audibax.com\/fr\/produit\/cm808-bt-white-2\/"]}]},{"@type":"ImageObject","inLanguage":"fr-FR","@id":"https:\/\/audibax.com\/fr\/produit\/cm808-bt-white-2\/#primaryimage","url":"https:\/\/audibax.com\/wp-content\/uploads\/2023\/12\/CM808-BT-altavoces-empotrables-techo-frontal.jpg","contentUrl":"https:\/\/audibax.com\/wp-content\/uploads\/2023\/12\/CM808-BT-altavoces-empotrables-techo-frontal.jpg","width":1000,"height":500},{"@type":"BreadcrumbList","@id":"https:\/\/audibax.com\/fr\/produit\/cm808-bt-white-2\/#breadcrumb","itemListElement":[{"@type":"ListItem","position":1,"name":"Portada","item":"https:\/\/audibax.com\/fr\/"},{"@type":"ListItem","position":2,"name":"Produits","item":"https:\/\/audibax.com\/fr\/shop\/"},{"@type":"ListItem","position":3,"name":"CM808 BT White"}]},{"@type":"WebSite","@id":"https:\/\/audibax.com\/fr\/#website","url":"https:\/\/audibax.com\/fr\/","name":"Audibax","description":"","publisher":{"@id":"https:\/\/audibax.com\/fr\/#organization"},"potentialAction":[{"@type":"SearchAction","target":{"@type":"EntryPoint","urlTemplate":"https:\/\/audibax.com\/fr\/?s={search_term_string}"},"query-input":{"@type":"PropertyValueSpecification","valueRequired":true,"valueName":"search_term_string"}}],"inLanguage":"fr-FR"},{"@type":"Organization","@id":"https:\/\/audibax.com\/fr\/#organization","name":"Audibax","url":"https:\/\/audibax.com\/fr\/","logo":{"@type":"ImageObject","inLanguage":"fr-FR","@id":"https:\/\/audibax.com\/fr\/#\/schema\/logo\/image\/","url":"https:\/\/audibax.com\/wp-content\/uploads\/2023\/09\/logo-Audibax-BLANCO-SVG-1.svg","contentUrl":"https:\/\/audibax.com\/wp-content\/uploads\/2023\/09\/logo-Audibax-BLANCO-SVG-1.svg","caption":"Audibax"},"image":{"@id":"https:\/\/audibax.com\/fr\/#\/schema\/logo\/image\/"}}]}},"_links":{"self":[{"href":"https:\/\/audibax.com\/fr\/wp-json\/wp\/v2\/product\/36781","targetHints":{"allow":["GET"]}}],"collection":[{"href":"https:\/\/audibax.com\/fr\/wp-json\/wp\/v2\/product"}],"about":[{"href":"https:\/\/audibax.com\/fr\/wp-json\/wp\/v2\/types\/product"}],"replies":[{"embeddable":true,"href":"https:\/\/audibax.com\/fr\/wp-json\/wp\/v2\/comments?post=36781"}],"wp:featuredmedia":[{"embeddable":true,"href":"https:\/\/audibax.com\/fr\/wp-json\/wp\/v2\/media\/18183"}],"wp:attachment":[{"href":"https:\/\/audibax.com\/fr\/wp-json\/wp\/v2\/media?parent=36781"}],"wp:term":[{"taxonomy":"product_cat","embeddable":true,"href":"https:\/\/audibax.com\/fr\/wp-json\/wp\/v2\/product_cat?post=36781"},{"taxonomy":"product_tag","embeddable":true,"href":"https:\/\/audibax.com\/fr\/wp-json\/wp\/v2\/product_tag?post=36781"}],"curies":[{"name":"wp","href":"https:\/\/api.w.org\/{rel}","templated":true}]}}