{"id":36778,"date":"2023-12-11T13:48:50","date_gmt":"2023-12-11T12:48:50","guid":{"rendered":"https:\/\/audibax.com\/product\/cm508l-bt-white-2\/"},"modified":"2025-10-16T14:15:04","modified_gmt":"2025-10-16T12:15:04","slug":"cm508l-bt-white-2","status":"publish","type":"product","link":"https:\/\/audibax.com\/fr\/produit\/cm508l-bt-white-2\/","title":{"rendered":"CM508L BT White"},"content":{"rendered":"<p>Paire d&rsquo;enceintes encastr\u00e9es au plafond \u00e0 connectivit\u00e9 Bluetooth avec basses de 5,25 pouces.<\/p>\n<p>Grande puissance de 20W + 20W et deux voies qui offrent une qualit\u00e9 de son Hifi St\u00e9r\u00e9o.<\/p>\n<p><strong>Sp\u00e9cifications:<\/strong><\/p>\n<ul>\n<li>Un ensemble de haut-parleurs de plafond Bluetooth auto-aliment\u00e9s de 20W.<\/li>\n<li>Compos\u00e9 d&rsquo;un haut-parleur actif et d&rsquo;un haut-parleur passif<\/li>\n<li>Puissance : 20 W+ 20 W<\/li>\n<li>Woofer : 5.25&amp;rdquo ;, 8 ohm<\/li>\n<li>Tweeter : 1\/2 mylar<\/li>\n<li>R\u00e9ponse en fr\u00e9quence : 100 Hz ~ 20 kHz<\/li>\n<li>SPL (1W\/1m) : 88 dB<\/li>\n<li>Alimentation \u00e9lectrique : AC 220 V, 50\/60 Hz<\/li>\n<li>Diam\u00e8tre d&rsquo;installation : 166 mm<\/li>\n<li>Profondeur d&rsquo;installation minimale : 75 mm.<\/li>\n<li>Mat\u00e9riau : grille m\u00e9tallique, corps en ABS<\/li>\n<li>Couleur : Blanc<\/li>\n<\/ul>\n<p>En raison des limitations du protocole bluetooth, deux paires ou plus de ce mod\u00e8le NE PEUVENT PAS \u00eatre utilis\u00e9es ensemble.<\/p>\n<p>En raison des limitations du protocole bluetooth, deux paires ou plus de ce mod\u00e8le NE PEUVENT PAS \u00eatre utilis\u00e9es ensemble.<\/p>\n<p>En raison des limitations du protocole bluetooth, deux paires ou plus de ce mod\u00e8le NE PEUVENT PAS \u00eatre utilis\u00e9es ensemble.<\/p>\n","protected":false},"excerpt":{"rendered":"<ul>\n<li>Paire d&rsquo;enceintes encastr\u00e9es<\/li>\n<li>Compos\u00e9e d&rsquo;une enceinte active et d&rsquo;une enceinte passive<\/li>\n<li>Dimensions : 5&Prime;<\/li>\n<li>Puissance : 2 x 20W RMS<\/li>\n<li>Connexion Bluetooth<\/li>\n<li>Grille magn\u00e9tique<\/li>\n<li>Puissance : 2 x 20W RMS<\/li>\n<li>Grille magn\u00e9tique<\/li>\n<\/ul>\n","protected":false},"featured_media":16599,"comment_status":"open","ping_status":"closed","template":"","meta":{"_acf_changed":false},"product_cat":[409,407],"product_tag":[],"class_list":{"0":"post-36778","1":"product","2":"type-product","3":"status-publish","4":"has-post-thumbnail","6":"product_cat-haut-parleurs-au-plafond","7":"product_cat-haut-parleurs-bluetooth","9":"first","10":"instock","11":"shipping-taxable","12":"product-type-simple"},"acf":[],"yoast_head":"<!-- This site is optimized with the Yoast SEO plugin v27.0 - https:\/\/yoast.com\/product\/yoast-seo-wordpress\/ -->\n<title>CM508L BT White - Audibax<\/title>\n<meta name=\"robots\" content=\"index, follow, max-snippet:-1, max-image-preview:large, max-video-preview:-1\" \/>\n<link rel=\"canonical\" href=\"https:\/\/audibax.com\/fr\/produit\/cm508l-bt-white-2\/\" \/>\n<meta property=\"og:locale\" content=\"fr_FR\" \/>\n<meta property=\"og:type\" content=\"article\" \/>\n<meta property=\"og:title\" content=\"CM508L BT White - Audibax\" \/>\n<meta property=\"og:description\" content=\"Paire d&#039;enceintes encastr\u00e9es  Compos\u00e9e d&#039;une enceinte active et d&#039;une enceinte passive  Dimensions : 5&quot;  Puissance : 2 x 20W RMS  Connexion Bluetooth  Grille magn\u00e9tique  Puissance : 2 x 20W RMS  Grille magn\u00e9tique\" \/>\n<meta property=\"og:url\" content=\"https:\/\/audibax.com\/fr\/produit\/cm508l-bt-white-2\/\" \/>\n<meta property=\"og:site_name\" content=\"Audibax\" \/>\n<meta property=\"article:modified_time\" content=\"2025-10-16T12:15:04+00:00\" \/>\n<meta property=\"og:image\" content=\"https:\/\/audibax.com\/wp-content\/uploads\/2023\/12\/Audibax_CM508L_BT_altavoz_techo_blanco.jpg\" \/>\n\t<meta property=\"og:image:width\" content=\"1000\" \/>\n\t<meta property=\"og:image:height\" content=\"500\" \/>\n\t<meta property=\"og:image:type\" content=\"image\/jpeg\" \/>\n<meta name=\"twitter:card\" content=\"summary_large_image\" \/>\n<meta name=\"twitter:label1\" content=\"Dur\u00e9e de lecture estim\u00e9e\" \/>\n\t<meta name=\"twitter:data1\" content=\"1 minute\" \/>\n<script type=\"application\/ld+json\" class=\"yoast-schema-graph\">{\"@context\":\"https:\/\/schema.org\",\"@graph\":[{\"@type\":\"WebPage\",\"@id\":\"https:\/\/audibax.com\/fr\/produit\/cm508l-bt-white-2\/\",\"url\":\"https:\/\/audibax.com\/fr\/produit\/cm508l-bt-white-2\/\",\"name\":\"CM508L BT White - Audibax\",\"isPartOf\":{\"@id\":\"https:\/\/audibax.com\/fr\/#website\"},\"primaryImageOfPage\":{\"@id\":\"https:\/\/audibax.com\/fr\/produit\/cm508l-bt-white-2\/#primaryimage\"},\"image\":{\"@id\":\"https:\/\/audibax.com\/fr\/produit\/cm508l-bt-white-2\/#primaryimage\"},\"thumbnailUrl\":\"https:\/\/audibax.com\/wp-content\/uploads\/2023\/12\/Audibax_CM508L_BT_altavoz_techo_blanco.jpg\",\"datePublished\":\"2023-12-11T12:48:50+00:00\",\"dateModified\":\"2025-10-16T12:15:04+00:00\",\"breadcrumb\":{\"@id\":\"https:\/\/audibax.com\/fr\/produit\/cm508l-bt-white-2\/#breadcrumb\"},\"inLanguage\":\"fr-FR\",\"potentialAction\":[{\"@type\":\"ReadAction\",\"target\":[\"https:\/\/audibax.com\/fr\/produit\/cm508l-bt-white-2\/\"]}]},{\"@type\":\"ImageObject\",\"inLanguage\":\"fr-FR\",\"@id\":\"https:\/\/audibax.com\/fr\/produit\/cm508l-bt-white-2\/#primaryimage\",\"url\":\"https:\/\/audibax.com\/wp-content\/uploads\/2023\/12\/Audibax_CM508L_BT_altavoz_techo_blanco.jpg\",\"contentUrl\":\"https:\/\/audibax.com\/wp-content\/uploads\/2023\/12\/Audibax_CM508L_BT_altavoz_techo_blanco.jpg\",\"width\":1000,\"height\":500},{\"@type\":\"BreadcrumbList\",\"@id\":\"https:\/\/audibax.com\/fr\/produit\/cm508l-bt-white-2\/#breadcrumb\",\"itemListElement\":[{\"@type\":\"ListItem\",\"position\":1,\"name\":\"Portada\",\"item\":\"https:\/\/audibax.com\/fr\/\"},{\"@type\":\"ListItem\",\"position\":2,\"name\":\"Produits\",\"item\":\"https:\/\/audibax.com\/fr\/shop\/\"},{\"@type\":\"ListItem\",\"position\":3,\"name\":\"CM508L BT White\"}]},{\"@type\":\"WebSite\",\"@id\":\"https:\/\/audibax.com\/fr\/#website\",\"url\":\"https:\/\/audibax.com\/fr\/\",\"name\":\"Audibax\",\"description\":\"\",\"publisher\":{\"@id\":\"https:\/\/audibax.com\/fr\/#organization\"},\"potentialAction\":[{\"@type\":\"SearchAction\",\"target\":{\"@type\":\"EntryPoint\",\"urlTemplate\":\"https:\/\/audibax.com\/fr\/?s={search_term_string}\"},\"query-input\":{\"@type\":\"PropertyValueSpecification\",\"valueRequired\":true,\"valueName\":\"search_term_string\"}}],\"inLanguage\":\"fr-FR\"},{\"@type\":\"Organization\",\"@id\":\"https:\/\/audibax.com\/fr\/#organization\",\"name\":\"Audibax\",\"url\":\"https:\/\/audibax.com\/fr\/\",\"logo\":{\"@type\":\"ImageObject\",\"inLanguage\":\"fr-FR\",\"@id\":\"https:\/\/audibax.com\/fr\/#\/schema\/logo\/image\/\",\"url\":\"https:\/\/audibax.com\/wp-content\/uploads\/2023\/09\/logo-Audibax-BLANCO-SVG-1.svg\",\"contentUrl\":\"https:\/\/audibax.com\/wp-content\/uploads\/2023\/09\/logo-Audibax-BLANCO-SVG-1.svg\",\"caption\":\"Audibax\"},\"image\":{\"@id\":\"https:\/\/audibax.com\/fr\/#\/schema\/logo\/image\/\"}}]}<\/script>\n<!-- \/ Yoast SEO plugin. -->","yoast_head_json":{"title":"CM508L BT White - Audibax","robots":{"index":"index","follow":"follow","max-snippet":"max-snippet:-1","max-image-preview":"max-image-preview:large","max-video-preview":"max-video-preview:-1"},"canonical":"https:\/\/audibax.com\/fr\/produit\/cm508l-bt-white-2\/","og_locale":"fr_FR","og_type":"article","og_title":"CM508L BT White - Audibax","og_description":"Paire d'enceintes encastr\u00e9es  Compos\u00e9e d'une enceinte active et d'une enceinte passive  Dimensions : 5\"  Puissance : 2 x 20W RMS  Connexion Bluetooth  Grille magn\u00e9tique  Puissance : 2 x 20W RMS  Grille magn\u00e9tique","og_url":"https:\/\/audibax.com\/fr\/produit\/cm508l-bt-white-2\/","og_site_name":"Audibax","article_modified_time":"2025-10-16T12:15:04+00:00","og_image":[{"width":1000,"height":500,"url":"https:\/\/audibax.com\/wp-content\/uploads\/2023\/12\/Audibax_CM508L_BT_altavoz_techo_blanco.jpg","type":"image\/jpeg"}],"twitter_card":"summary_large_image","twitter_misc":{"Dur\u00e9e de lecture estim\u00e9e":"1 minute"},"schema":{"@context":"https:\/\/schema.org","@graph":[{"@type":"WebPage","@id":"https:\/\/audibax.com\/fr\/produit\/cm508l-bt-white-2\/","url":"https:\/\/audibax.com\/fr\/produit\/cm508l-bt-white-2\/","name":"CM508L BT White - Audibax","isPartOf":{"@id":"https:\/\/audibax.com\/fr\/#website"},"primaryImageOfPage":{"@id":"https:\/\/audibax.com\/fr\/produit\/cm508l-bt-white-2\/#primaryimage"},"image":{"@id":"https:\/\/audibax.com\/fr\/produit\/cm508l-bt-white-2\/#primaryimage"},"thumbnailUrl":"https:\/\/audibax.com\/wp-content\/uploads\/2023\/12\/Audibax_CM508L_BT_altavoz_techo_blanco.jpg","datePublished":"2023-12-11T12:48:50+00:00","dateModified":"2025-10-16T12:15:04+00:00","breadcrumb":{"@id":"https:\/\/audibax.com\/fr\/produit\/cm508l-bt-white-2\/#breadcrumb"},"inLanguage":"fr-FR","potentialAction":[{"@type":"ReadAction","target":["https:\/\/audibax.com\/fr\/produit\/cm508l-bt-white-2\/"]}]},{"@type":"ImageObject","inLanguage":"fr-FR","@id":"https:\/\/audibax.com\/fr\/produit\/cm508l-bt-white-2\/#primaryimage","url":"https:\/\/audibax.com\/wp-content\/uploads\/2023\/12\/Audibax_CM508L_BT_altavoz_techo_blanco.jpg","contentUrl":"https:\/\/audibax.com\/wp-content\/uploads\/2023\/12\/Audibax_CM508L_BT_altavoz_techo_blanco.jpg","width":1000,"height":500},{"@type":"BreadcrumbList","@id":"https:\/\/audibax.com\/fr\/produit\/cm508l-bt-white-2\/#breadcrumb","itemListElement":[{"@type":"ListItem","position":1,"name":"Portada","item":"https:\/\/audibax.com\/fr\/"},{"@type":"ListItem","position":2,"name":"Produits","item":"https:\/\/audibax.com\/fr\/shop\/"},{"@type":"ListItem","position":3,"name":"CM508L BT White"}]},{"@type":"WebSite","@id":"https:\/\/audibax.com\/fr\/#website","url":"https:\/\/audibax.com\/fr\/","name":"Audibax","description":"","publisher":{"@id":"https:\/\/audibax.com\/fr\/#organization"},"potentialAction":[{"@type":"SearchAction","target":{"@type":"EntryPoint","urlTemplate":"https:\/\/audibax.com\/fr\/?s={search_term_string}"},"query-input":{"@type":"PropertyValueSpecification","valueRequired":true,"valueName":"search_term_string"}}],"inLanguage":"fr-FR"},{"@type":"Organization","@id":"https:\/\/audibax.com\/fr\/#organization","name":"Audibax","url":"https:\/\/audibax.com\/fr\/","logo":{"@type":"ImageObject","inLanguage":"fr-FR","@id":"https:\/\/audibax.com\/fr\/#\/schema\/logo\/image\/","url":"https:\/\/audibax.com\/wp-content\/uploads\/2023\/09\/logo-Audibax-BLANCO-SVG-1.svg","contentUrl":"https:\/\/audibax.com\/wp-content\/uploads\/2023\/09\/logo-Audibax-BLANCO-SVG-1.svg","caption":"Audibax"},"image":{"@id":"https:\/\/audibax.com\/fr\/#\/schema\/logo\/image\/"}}]}},"_links":{"self":[{"href":"https:\/\/audibax.com\/fr\/wp-json\/wp\/v2\/product\/36778","targetHints":{"allow":["GET"]}}],"collection":[{"href":"https:\/\/audibax.com\/fr\/wp-json\/wp\/v2\/product"}],"about":[{"href":"https:\/\/audibax.com\/fr\/wp-json\/wp\/v2\/types\/product"}],"replies":[{"embeddable":true,"href":"https:\/\/audibax.com\/fr\/wp-json\/wp\/v2\/comments?post=36778"}],"wp:featuredmedia":[{"embeddable":true,"href":"https:\/\/audibax.com\/fr\/wp-json\/wp\/v2\/media\/16599"}],"wp:attachment":[{"href":"https:\/\/audibax.com\/fr\/wp-json\/wp\/v2\/media?parent=36778"}],"wp:term":[{"taxonomy":"product_cat","embeddable":true,"href":"https:\/\/audibax.com\/fr\/wp-json\/wp\/v2\/product_cat?post=36778"},{"taxonomy":"product_tag","embeddable":true,"href":"https:\/\/audibax.com\/fr\/wp-json\/wp\/v2\/product_tag?post=36778"}],"curies":[{"name":"wp","href":"https:\/\/api.w.org\/{rel}","templated":true}]}}