{"id":36776,"date":"2023-12-11T13:48:46","date_gmt":"2023-12-11T12:48:46","guid":{"rendered":"https:\/\/audibax.com\/product\/la05-white-2\/"},"modified":"2025-10-17T14:10:17","modified_gmt":"2025-10-17T12:10:17","slug":"la05-white-2","status":"publish","type":"product","link":"https:\/\/audibax.com\/fr\/produit\/la05-white-2\/","title":{"rendered":"LA05 White"},"content":{"rendered":"<p><strong>Audibax LA05 White Ceiling Loudspeaker 5&amp;quot ; 15w<\/strong><\/p>\n<p><strong>L&rsquo;Audibax LA05 in-ceiling speaker<\/strong><\/p>\n<p><strong>Audibax LA05 est un haut-parleur rond passif pour montage au plafond compos\u00e9 d&rsquo;un woofer de 5 pouces.L&rsquo;Audibax LA05<\/strong> est un haut-parleur de plafond passif rond pour montage unidirectionnel au plafond, compos\u00e9 d&rsquo;un woofer de 5 pouces. Elle offre un son puissant et correspond \u00e0 la s\u00e9rie d&rsquo;enceintes bas de gamme 8 ohms. Ce haut-parleur se distingue par son syst\u00e8me de montage simple et son installation rapide et facile. Si vous souhaitez obtenir un bon syst\u00e8me de sonorisation pour vos locaux au meilleur prix, qui soit \u00e0 la fois discret et \u00e9l\u00e9gant, l&rsquo;enceinte Audibax LA05 est votre option !<\/p>\n<h2>Caract\u00e9ristiques techniques<\/h2>\n<ul>\n<li>Diam\u00e8tre ext\u00e9rieur : 17.2 cm<\/li>\n<li>Diam\u00e8tre de montage : \u00f8150mm<\/li>\n<li>Profondeur : 6.5 cm<\/li>\n<li>Taille du woofer : 5&Prime;<\/li>\n<li>Imp\u00e9dance : 8 ohm<\/li>\n<li>Puissance : 15W<\/li>\n<li>SPL : 91<\/li>\n<li>Fr\u00e9quence : 150HZ-20KHZ<\/li>\n<li>Mat\u00e9riau de la grille : M\u00e9tal<\/li>\n<\/ul>\n","protected":false},"excerpt":{"rendered":"<p>Haut-parleur de plafond 5&amp;quot ; Audibax<\/p>\n<p>Audibax<\/p>\n","protected":false},"featured_media":17283,"comment_status":"open","ping_status":"closed","template":"","meta":{"_acf_changed":false},"product_cat":[409],"product_tag":[],"class_list":{"0":"post-36776","1":"product","2":"type-product","3":"status-publish","4":"has-post-thumbnail","6":"product_cat-haut-parleurs-au-plafond","8":"first","9":"instock","10":"shipping-taxable","11":"product-type-simple"},"acf":[],"yoast_head":"<!-- This site is optimized with the Yoast SEO plugin v27.0 - https:\/\/yoast.com\/product\/yoast-seo-wordpress\/ -->\n<title>LA05 White - Audibax<\/title>\n<meta name=\"robots\" content=\"index, follow, max-snippet:-1, max-image-preview:large, max-video-preview:-1\" \/>\n<link rel=\"canonical\" href=\"https:\/\/audibax.com\/fr\/produit\/la05-white-2\/\" \/>\n<meta property=\"og:locale\" content=\"fr_FR\" \/>\n<meta property=\"og:type\" content=\"article\" \/>\n<meta property=\"og:title\" content=\"LA05 White - Audibax\" \/>\n<meta property=\"og:description\" content=\"Haut-parleur de plafond 5&amp;quot ; Audibax  Audibax\" \/>\n<meta property=\"og:url\" content=\"https:\/\/audibax.com\/fr\/produit\/la05-white-2\/\" \/>\n<meta property=\"og:site_name\" content=\"Audibax\" \/>\n<meta property=\"article:modified_time\" content=\"2025-10-17T12:10:17+00:00\" \/>\n<meta property=\"og:image\" content=\"https:\/\/audibax.com\/wp-content\/uploads\/2023\/12\/audibax-la-05.jpg\" \/>\n\t<meta property=\"og:image:width\" content=\"1000\" \/>\n\t<meta property=\"og:image:height\" content=\"500\" \/>\n\t<meta property=\"og:image:type\" content=\"image\/jpeg\" \/>\n<meta name=\"twitter:card\" content=\"summary_large_image\" \/>\n<meta name=\"twitter:label1\" content=\"Dur\u00e9e de lecture estim\u00e9e\" \/>\n\t<meta name=\"twitter:data1\" content=\"1 minute\" \/>\n<script type=\"application\/ld+json\" class=\"yoast-schema-graph\">{\"@context\":\"https:\/\/schema.org\",\"@graph\":[{\"@type\":\"WebPage\",\"@id\":\"https:\/\/audibax.com\/fr\/produit\/la05-white-2\/\",\"url\":\"https:\/\/audibax.com\/fr\/produit\/la05-white-2\/\",\"name\":\"LA05 White - Audibax\",\"isPartOf\":{\"@id\":\"https:\/\/audibax.com\/fr\/#website\"},\"primaryImageOfPage\":{\"@id\":\"https:\/\/audibax.com\/fr\/produit\/la05-white-2\/#primaryimage\"},\"image\":{\"@id\":\"https:\/\/audibax.com\/fr\/produit\/la05-white-2\/#primaryimage\"},\"thumbnailUrl\":\"https:\/\/audibax.com\/wp-content\/uploads\/2023\/12\/audibax-la-05.jpg\",\"datePublished\":\"2023-12-11T12:48:46+00:00\",\"dateModified\":\"2025-10-17T12:10:17+00:00\",\"breadcrumb\":{\"@id\":\"https:\/\/audibax.com\/fr\/produit\/la05-white-2\/#breadcrumb\"},\"inLanguage\":\"fr-FR\",\"potentialAction\":[{\"@type\":\"ReadAction\",\"target\":[\"https:\/\/audibax.com\/fr\/produit\/la05-white-2\/\"]}]},{\"@type\":\"ImageObject\",\"inLanguage\":\"fr-FR\",\"@id\":\"https:\/\/audibax.com\/fr\/produit\/la05-white-2\/#primaryimage\",\"url\":\"https:\/\/audibax.com\/wp-content\/uploads\/2023\/12\/audibax-la-05.jpg\",\"contentUrl\":\"https:\/\/audibax.com\/wp-content\/uploads\/2023\/12\/audibax-la-05.jpg\",\"width\":1000,\"height\":500},{\"@type\":\"BreadcrumbList\",\"@id\":\"https:\/\/audibax.com\/fr\/produit\/la05-white-2\/#breadcrumb\",\"itemListElement\":[{\"@type\":\"ListItem\",\"position\":1,\"name\":\"Portada\",\"item\":\"https:\/\/audibax.com\/fr\/\"},{\"@type\":\"ListItem\",\"position\":2,\"name\":\"Produits\",\"item\":\"https:\/\/audibax.com\/fr\/shop\/\"},{\"@type\":\"ListItem\",\"position\":3,\"name\":\"LA05 White\"}]},{\"@type\":\"WebSite\",\"@id\":\"https:\/\/audibax.com\/fr\/#website\",\"url\":\"https:\/\/audibax.com\/fr\/\",\"name\":\"Audibax\",\"description\":\"\",\"publisher\":{\"@id\":\"https:\/\/audibax.com\/fr\/#organization\"},\"potentialAction\":[{\"@type\":\"SearchAction\",\"target\":{\"@type\":\"EntryPoint\",\"urlTemplate\":\"https:\/\/audibax.com\/fr\/?s={search_term_string}\"},\"query-input\":{\"@type\":\"PropertyValueSpecification\",\"valueRequired\":true,\"valueName\":\"search_term_string\"}}],\"inLanguage\":\"fr-FR\"},{\"@type\":\"Organization\",\"@id\":\"https:\/\/audibax.com\/fr\/#organization\",\"name\":\"Audibax\",\"url\":\"https:\/\/audibax.com\/fr\/\",\"logo\":{\"@type\":\"ImageObject\",\"inLanguage\":\"fr-FR\",\"@id\":\"https:\/\/audibax.com\/fr\/#\/schema\/logo\/image\/\",\"url\":\"https:\/\/audibax.com\/wp-content\/uploads\/2023\/09\/logo-Audibax-BLANCO-SVG-1.svg\",\"contentUrl\":\"https:\/\/audibax.com\/wp-content\/uploads\/2023\/09\/logo-Audibax-BLANCO-SVG-1.svg\",\"caption\":\"Audibax\"},\"image\":{\"@id\":\"https:\/\/audibax.com\/fr\/#\/schema\/logo\/image\/\"}}]}<\/script>\n<!-- \/ Yoast SEO plugin. -->","yoast_head_json":{"title":"LA05 White - Audibax","robots":{"index":"index","follow":"follow","max-snippet":"max-snippet:-1","max-image-preview":"max-image-preview:large","max-video-preview":"max-video-preview:-1"},"canonical":"https:\/\/audibax.com\/fr\/produit\/la05-white-2\/","og_locale":"fr_FR","og_type":"article","og_title":"LA05 White - Audibax","og_description":"Haut-parleur de plafond 5&amp;quot ; Audibax  Audibax","og_url":"https:\/\/audibax.com\/fr\/produit\/la05-white-2\/","og_site_name":"Audibax","article_modified_time":"2025-10-17T12:10:17+00:00","og_image":[{"width":1000,"height":500,"url":"https:\/\/audibax.com\/wp-content\/uploads\/2023\/12\/audibax-la-05.jpg","type":"image\/jpeg"}],"twitter_card":"summary_large_image","twitter_misc":{"Dur\u00e9e de lecture estim\u00e9e":"1 minute"},"schema":{"@context":"https:\/\/schema.org","@graph":[{"@type":"WebPage","@id":"https:\/\/audibax.com\/fr\/produit\/la05-white-2\/","url":"https:\/\/audibax.com\/fr\/produit\/la05-white-2\/","name":"LA05 White - Audibax","isPartOf":{"@id":"https:\/\/audibax.com\/fr\/#website"},"primaryImageOfPage":{"@id":"https:\/\/audibax.com\/fr\/produit\/la05-white-2\/#primaryimage"},"image":{"@id":"https:\/\/audibax.com\/fr\/produit\/la05-white-2\/#primaryimage"},"thumbnailUrl":"https:\/\/audibax.com\/wp-content\/uploads\/2023\/12\/audibax-la-05.jpg","datePublished":"2023-12-11T12:48:46+00:00","dateModified":"2025-10-17T12:10:17+00:00","breadcrumb":{"@id":"https:\/\/audibax.com\/fr\/produit\/la05-white-2\/#breadcrumb"},"inLanguage":"fr-FR","potentialAction":[{"@type":"ReadAction","target":["https:\/\/audibax.com\/fr\/produit\/la05-white-2\/"]}]},{"@type":"ImageObject","inLanguage":"fr-FR","@id":"https:\/\/audibax.com\/fr\/produit\/la05-white-2\/#primaryimage","url":"https:\/\/audibax.com\/wp-content\/uploads\/2023\/12\/audibax-la-05.jpg","contentUrl":"https:\/\/audibax.com\/wp-content\/uploads\/2023\/12\/audibax-la-05.jpg","width":1000,"height":500},{"@type":"BreadcrumbList","@id":"https:\/\/audibax.com\/fr\/produit\/la05-white-2\/#breadcrumb","itemListElement":[{"@type":"ListItem","position":1,"name":"Portada","item":"https:\/\/audibax.com\/fr\/"},{"@type":"ListItem","position":2,"name":"Produits","item":"https:\/\/audibax.com\/fr\/shop\/"},{"@type":"ListItem","position":3,"name":"LA05 White"}]},{"@type":"WebSite","@id":"https:\/\/audibax.com\/fr\/#website","url":"https:\/\/audibax.com\/fr\/","name":"Audibax","description":"","publisher":{"@id":"https:\/\/audibax.com\/fr\/#organization"},"potentialAction":[{"@type":"SearchAction","target":{"@type":"EntryPoint","urlTemplate":"https:\/\/audibax.com\/fr\/?s={search_term_string}"},"query-input":{"@type":"PropertyValueSpecification","valueRequired":true,"valueName":"search_term_string"}}],"inLanguage":"fr-FR"},{"@type":"Organization","@id":"https:\/\/audibax.com\/fr\/#organization","name":"Audibax","url":"https:\/\/audibax.com\/fr\/","logo":{"@type":"ImageObject","inLanguage":"fr-FR","@id":"https:\/\/audibax.com\/fr\/#\/schema\/logo\/image\/","url":"https:\/\/audibax.com\/wp-content\/uploads\/2023\/09\/logo-Audibax-BLANCO-SVG-1.svg","contentUrl":"https:\/\/audibax.com\/wp-content\/uploads\/2023\/09\/logo-Audibax-BLANCO-SVG-1.svg","caption":"Audibax"},"image":{"@id":"https:\/\/audibax.com\/fr\/#\/schema\/logo\/image\/"}}]}},"_links":{"self":[{"href":"https:\/\/audibax.com\/fr\/wp-json\/wp\/v2\/product\/36776","targetHints":{"allow":["GET"]}}],"collection":[{"href":"https:\/\/audibax.com\/fr\/wp-json\/wp\/v2\/product"}],"about":[{"href":"https:\/\/audibax.com\/fr\/wp-json\/wp\/v2\/types\/product"}],"replies":[{"embeddable":true,"href":"https:\/\/audibax.com\/fr\/wp-json\/wp\/v2\/comments?post=36776"}],"wp:featuredmedia":[{"embeddable":true,"href":"https:\/\/audibax.com\/fr\/wp-json\/wp\/v2\/media\/17283"}],"wp:attachment":[{"href":"https:\/\/audibax.com\/fr\/wp-json\/wp\/v2\/media?parent=36776"}],"wp:term":[{"taxonomy":"product_cat","embeddable":true,"href":"https:\/\/audibax.com\/fr\/wp-json\/wp\/v2\/product_cat?post=36776"},{"taxonomy":"product_tag","embeddable":true,"href":"https:\/\/audibax.com\/fr\/wp-json\/wp\/v2\/product_tag?post=36776"}],"curies":[{"name":"wp","href":"https:\/\/api.w.org\/{rel}","templated":true}]}}