{"id":36775,"date":"2023-12-11T13:48:44","date_gmt":"2023-12-11T12:48:44","guid":{"rendered":"https:\/\/audibax.com\/product\/ga05t-white-2\/"},"modified":"2023-12-27T11:59:45","modified_gmt":"2023-12-27T10:59:45","slug":"ga05t-white-2","status":"publish","type":"product","link":"https:\/\/audibax.com\/fr\/produit\/ga05t-white-2\/","title":{"rendered":"GA05T White"},"content":{"rendered":"<p><strong>&iexcl;L&rsquo;Audibax GA05-T<\/strong>&nbsp;est votre haut-parleur ! Avec un design discret et \u00e9l\u00e9gant, il appartient \u00e0 la s\u00e9rie des enceintes line array 100V de haute qualit\u00e9. Il s&rsquo;agit d&rsquo;un haut-parleur passif encastr\u00e9 dans le plafond, compos\u00e9 d&rsquo;un woofer de 5 pouces et d&rsquo;un tweeter de 1,3 cm. Elle offre un son puissant de haute qualit\u00e9 et se caract\u00e9rise par un syst\u00e8me d&rsquo;installation rapide et facile. Achetez l&rsquo;Audibax GA05-T \u00e0 un prix avantageux et installez un bon syst\u00e8me de sonorisation dans vos locaux !<\/p>\n<p>&nbsp;<\/p>\n<h2>Caract\u00e9ristiques techniques<\/h2>\n<p>&nbsp;<\/p>\n<ul>\n<li>Diam\u00e8tre ext\u00e9rieur : 20.3 cm<\/li>\n<li>Diam\u00e8tre de montage:&nbsp;&oslash;168mm<\/li>\n<li>Profondeur : 8 cm<\/li>\n<li>Taille du woofer : 5&quot;<\/li>\n<li>Taille du caisson de basse : 1.3cm<\/li>\n<li>Imp\u00e9dance : 8 ohm<\/li>\n<li>Puissance : 1.5W \/ 3W \/ 6W<\/li>\n<li>SPL : 89<\/li>\n<li>Fr\u00e9quence : 80HZ-20KHZ<\/li>\n<li>Mat\u00e9riau : ABS<\/li>\n<li>Grille : M\u00e9tal<\/li>\n<li>Diam\u00e8tre de montage : &oslash;168mm<\/li>\n<\/ul>\n<\/ul>\n","protected":false},"excerpt":{"rendered":"<ul>\n<li>Diam\u00e8tre ext\u00e9rieur : 20.3 cm<\/li>\n<li>Profondeur : 8 cm<\/li>\n<li><strong>Taille du woofer : 5&quot;<\/strong><\/li>\n<li>Taille du tweeter : 1.3cm<\/li>\n<li><strong>Puissance : 1.5W \/ 3W \/ 6W<\/strong><\/li>\n<\/ul>\n<\/ul>\n","protected":false},"featured_media":17193,"comment_status":"open","ping_status":"closed","template":"","meta":{"_acf_changed":false},"product_cat":[409],"product_tag":[],"class_list":{"0":"post-36775","1":"product","2":"type-product","3":"status-publish","4":"has-post-thumbnail","6":"product_cat-haut-parleurs-au-plafond","8":"first","9":"instock","10":"shipping-taxable","11":"product-type-simple"},"acf":[],"yoast_head":"<!-- This site is optimized with the Yoast SEO plugin v27.0 - https:\/\/yoast.com\/product\/yoast-seo-wordpress\/ -->\n<title>GA05T White - Audibax<\/title>\n<meta name=\"robots\" content=\"index, follow, max-snippet:-1, max-image-preview:large, max-video-preview:-1\" \/>\n<link rel=\"canonical\" href=\"https:\/\/audibax.com\/fr\/produit\/ga05t-white-2\/\" \/>\n<meta property=\"og:locale\" content=\"fr_FR\" \/>\n<meta property=\"og:type\" content=\"article\" \/>\n<meta property=\"og:title\" content=\"GA05T White - Audibax\" \/>\n<meta property=\"og:description\" content=\"Diam\u00e8tre ext\u00e9rieur : 20.3 cm Profondeur : 8 cm Taille du woofer : 5&quot; Taille du tweeter : 1.3cm Puissance : 1.5W \/ 3W \/ 6W\" \/>\n<meta property=\"og:url\" content=\"https:\/\/audibax.com\/fr\/produit\/ga05t-white-2\/\" \/>\n<meta property=\"og:site_name\" content=\"Audibax\" \/>\n<meta property=\"article:modified_time\" content=\"2023-12-27T10:59:45+00:00\" \/>\n<meta name=\"twitter:card\" content=\"summary_large_image\" \/>\n<meta name=\"twitter:label1\" content=\"Dur\u00e9e de lecture estim\u00e9e\" \/>\n\t<meta name=\"twitter:data1\" content=\"1 minute\" \/>\n<script type=\"application\/ld+json\" class=\"yoast-schema-graph\">{\"@context\":\"https:\/\/schema.org\",\"@graph\":[{\"@type\":\"WebPage\",\"@id\":\"https:\/\/audibax.com\/fr\/produit\/ga05t-white-2\/\",\"url\":\"https:\/\/audibax.com\/fr\/produit\/ga05t-white-2\/\",\"name\":\"GA05T White - Audibax\",\"isPartOf\":{\"@id\":\"https:\/\/audibax.com\/fr\/#website\"},\"primaryImageOfPage\":{\"@id\":\"https:\/\/audibax.com\/fr\/produit\/ga05t-white-2\/#primaryimage\"},\"image\":{\"@id\":\"https:\/\/audibax.com\/fr\/produit\/ga05t-white-2\/#primaryimage\"},\"thumbnailUrl\":\"https:\/\/audibax.com\/wp-content\/uploads\/2023\/12\/audibax-ga05-t.jpg\",\"datePublished\":\"2023-12-11T12:48:44+00:00\",\"dateModified\":\"2023-12-27T10:59:45+00:00\",\"breadcrumb\":{\"@id\":\"https:\/\/audibax.com\/fr\/produit\/ga05t-white-2\/#breadcrumb\"},\"inLanguage\":\"fr-FR\",\"potentialAction\":[{\"@type\":\"ReadAction\",\"target\":[\"https:\/\/audibax.com\/fr\/produit\/ga05t-white-2\/\"]}]},{\"@type\":\"ImageObject\",\"inLanguage\":\"fr-FR\",\"@id\":\"https:\/\/audibax.com\/fr\/produit\/ga05t-white-2\/#primaryimage\",\"url\":\"https:\/\/audibax.com\/wp-content\/uploads\/2023\/12\/audibax-ga05-t.jpg\",\"contentUrl\":\"https:\/\/audibax.com\/wp-content\/uploads\/2023\/12\/audibax-ga05-t.jpg\",\"width\":1000,\"height\":500},{\"@type\":\"BreadcrumbList\",\"@id\":\"https:\/\/audibax.com\/fr\/produit\/ga05t-white-2\/#breadcrumb\",\"itemListElement\":[{\"@type\":\"ListItem\",\"position\":1,\"name\":\"Portada\",\"item\":\"https:\/\/audibax.com\/fr\/\"},{\"@type\":\"ListItem\",\"position\":2,\"name\":\"Produits\",\"item\":\"https:\/\/audibax.com\/fr\/shop\/\"},{\"@type\":\"ListItem\",\"position\":3,\"name\":\"GA05T White\"}]},{\"@type\":\"WebSite\",\"@id\":\"https:\/\/audibax.com\/fr\/#website\",\"url\":\"https:\/\/audibax.com\/fr\/\",\"name\":\"Audibax\",\"description\":\"\",\"publisher\":{\"@id\":\"https:\/\/audibax.com\/fr\/#organization\"},\"potentialAction\":[{\"@type\":\"SearchAction\",\"target\":{\"@type\":\"EntryPoint\",\"urlTemplate\":\"https:\/\/audibax.com\/fr\/?s={search_term_string}\"},\"query-input\":{\"@type\":\"PropertyValueSpecification\",\"valueRequired\":true,\"valueName\":\"search_term_string\"}}],\"inLanguage\":\"fr-FR\"},{\"@type\":\"Organization\",\"@id\":\"https:\/\/audibax.com\/fr\/#organization\",\"name\":\"Audibax\",\"url\":\"https:\/\/audibax.com\/fr\/\",\"logo\":{\"@type\":\"ImageObject\",\"inLanguage\":\"fr-FR\",\"@id\":\"https:\/\/audibax.com\/fr\/#\/schema\/logo\/image\/\",\"url\":\"https:\/\/audibax.com\/wp-content\/uploads\/2023\/09\/logo-Audibax-BLANCO-SVG-1.svg\",\"contentUrl\":\"https:\/\/audibax.com\/wp-content\/uploads\/2023\/09\/logo-Audibax-BLANCO-SVG-1.svg\",\"caption\":\"Audibax\"},\"image\":{\"@id\":\"https:\/\/audibax.com\/fr\/#\/schema\/logo\/image\/\"}}]}<\/script>\n<!-- \/ Yoast SEO plugin. -->","yoast_head_json":{"title":"GA05T White - Audibax","robots":{"index":"index","follow":"follow","max-snippet":"max-snippet:-1","max-image-preview":"max-image-preview:large","max-video-preview":"max-video-preview:-1"},"canonical":"https:\/\/audibax.com\/fr\/produit\/ga05t-white-2\/","og_locale":"fr_FR","og_type":"article","og_title":"GA05T White - Audibax","og_description":"Diam\u00e8tre ext\u00e9rieur : 20.3 cm Profondeur : 8 cm Taille du woofer : 5&quot; Taille du tweeter : 1.3cm Puissance : 1.5W \/ 3W \/ 6W","og_url":"https:\/\/audibax.com\/fr\/produit\/ga05t-white-2\/","og_site_name":"Audibax","article_modified_time":"2023-12-27T10:59:45+00:00","twitter_card":"summary_large_image","twitter_misc":{"Dur\u00e9e de lecture estim\u00e9e":"1 minute"},"schema":{"@context":"https:\/\/schema.org","@graph":[{"@type":"WebPage","@id":"https:\/\/audibax.com\/fr\/produit\/ga05t-white-2\/","url":"https:\/\/audibax.com\/fr\/produit\/ga05t-white-2\/","name":"GA05T White - Audibax","isPartOf":{"@id":"https:\/\/audibax.com\/fr\/#website"},"primaryImageOfPage":{"@id":"https:\/\/audibax.com\/fr\/produit\/ga05t-white-2\/#primaryimage"},"image":{"@id":"https:\/\/audibax.com\/fr\/produit\/ga05t-white-2\/#primaryimage"},"thumbnailUrl":"https:\/\/audibax.com\/wp-content\/uploads\/2023\/12\/audibax-ga05-t.jpg","datePublished":"2023-12-11T12:48:44+00:00","dateModified":"2023-12-27T10:59:45+00:00","breadcrumb":{"@id":"https:\/\/audibax.com\/fr\/produit\/ga05t-white-2\/#breadcrumb"},"inLanguage":"fr-FR","potentialAction":[{"@type":"ReadAction","target":["https:\/\/audibax.com\/fr\/produit\/ga05t-white-2\/"]}]},{"@type":"ImageObject","inLanguage":"fr-FR","@id":"https:\/\/audibax.com\/fr\/produit\/ga05t-white-2\/#primaryimage","url":"https:\/\/audibax.com\/wp-content\/uploads\/2023\/12\/audibax-ga05-t.jpg","contentUrl":"https:\/\/audibax.com\/wp-content\/uploads\/2023\/12\/audibax-ga05-t.jpg","width":1000,"height":500},{"@type":"BreadcrumbList","@id":"https:\/\/audibax.com\/fr\/produit\/ga05t-white-2\/#breadcrumb","itemListElement":[{"@type":"ListItem","position":1,"name":"Portada","item":"https:\/\/audibax.com\/fr\/"},{"@type":"ListItem","position":2,"name":"Produits","item":"https:\/\/audibax.com\/fr\/shop\/"},{"@type":"ListItem","position":3,"name":"GA05T White"}]},{"@type":"WebSite","@id":"https:\/\/audibax.com\/fr\/#website","url":"https:\/\/audibax.com\/fr\/","name":"Audibax","description":"","publisher":{"@id":"https:\/\/audibax.com\/fr\/#organization"},"potentialAction":[{"@type":"SearchAction","target":{"@type":"EntryPoint","urlTemplate":"https:\/\/audibax.com\/fr\/?s={search_term_string}"},"query-input":{"@type":"PropertyValueSpecification","valueRequired":true,"valueName":"search_term_string"}}],"inLanguage":"fr-FR"},{"@type":"Organization","@id":"https:\/\/audibax.com\/fr\/#organization","name":"Audibax","url":"https:\/\/audibax.com\/fr\/","logo":{"@type":"ImageObject","inLanguage":"fr-FR","@id":"https:\/\/audibax.com\/fr\/#\/schema\/logo\/image\/","url":"https:\/\/audibax.com\/wp-content\/uploads\/2023\/09\/logo-Audibax-BLANCO-SVG-1.svg","contentUrl":"https:\/\/audibax.com\/wp-content\/uploads\/2023\/09\/logo-Audibax-BLANCO-SVG-1.svg","caption":"Audibax"},"image":{"@id":"https:\/\/audibax.com\/fr\/#\/schema\/logo\/image\/"}}]}},"_links":{"self":[{"href":"https:\/\/audibax.com\/fr\/wp-json\/wp\/v2\/product\/36775","targetHints":{"allow":["GET"]}}],"collection":[{"href":"https:\/\/audibax.com\/fr\/wp-json\/wp\/v2\/product"}],"about":[{"href":"https:\/\/audibax.com\/fr\/wp-json\/wp\/v2\/types\/product"}],"replies":[{"embeddable":true,"href":"https:\/\/audibax.com\/fr\/wp-json\/wp\/v2\/comments?post=36775"}],"wp:featuredmedia":[{"embeddable":true,"href":"https:\/\/audibax.com\/fr\/wp-json\/wp\/v2\/media\/17193"}],"wp:attachment":[{"href":"https:\/\/audibax.com\/fr\/wp-json\/wp\/v2\/media?parent=36775"}],"wp:term":[{"taxonomy":"product_cat","embeddable":true,"href":"https:\/\/audibax.com\/fr\/wp-json\/wp\/v2\/product_cat?post=36775"},{"taxonomy":"product_tag","embeddable":true,"href":"https:\/\/audibax.com\/fr\/wp-json\/wp\/v2\/product_tag?post=36775"}],"curies":[{"name":"wp","href":"https:\/\/api.w.org\/{rel}","templated":true}]}}