{"id":36774,"date":"2023-12-11T13:48:43","date_gmt":"2023-12-11T12:48:43","guid":{"rendered":"https:\/\/audibax.com\/product\/cm408l-bt-white-2\/"},"modified":"2023-12-27T11:59:45","modified_gmt":"2023-12-27T10:59:45","slug":"cm408l-bt-white-2","status":"publish","type":"product","link":"https:\/\/audibax.com\/fr\/produit\/cm408l-bt-white-2\/","title":{"rendered":"CM408L BT White"},"content":{"rendered":"<p><strong>L&rsquo;Audibax CM408L-BT<\/strong>&nbsp;est un pack de haut-parleurs d&rsquo;installation comprenant un actif et un passif.<br \/>Les deux disposent d&rsquo;un woofer de 5 pouces et d&rsquo;un tweeter simple de 1,3 cm. <br \/>Il s&rsquo;agit d&rsquo;une enceinte ronde pour montage au plafond qui d\u00e9livre un son puissant et de haute qualit\u00e9.<br \/> Gr\u00e2ce \u00e0 son design discret et \u00e9l\u00e9gant, il est id\u00e9al pour une installation dans les maisons, les restaurants, les h\u00f4tels, les salles de classe, les locaux commerciaux, les th\u00e9\u00e2tres.<br \/> Donc, si vous souhaitez am\u00e9liorer votre syst\u00e8me audio, vous avez ici la solution !<\/p>\n<p><span style=\"font-size:16px\">T&eacute;c Sp\u00e9cifications techniques Haut-parleurs de plafond Bluetooth<\/span><\/p>\n<ul>\n<li>\n<li>Diam\u00e8tre ext\u00e9rieur : 17cm<\/li>\n<li>Diam\u00e8tre de montage : 15cm<\/li>\n<li>Profondeur : 8.5 cm<\/li>\n<li>Taille&ntilde;o Woofer : 5&#038;quot ; x 2<\/li>\n<li>Taille&ntilde;o Tweeter : 1.3 cm<\/li>\n<li>Imp\u00e9dance : 8 ohm<\/li>\n<li>Puissance : 2 x 20W<\/li>\n<li>SPL : 90<\/li>\n<li>Fr\u00e9quence : 150HZ-20KHZ<\/li>\n<li>Mat\u00e9riau : ABS<\/li>\n<li>Mat\u00e9riau de la grille : M\u00e9tal<\/li>\n<li>Bluetooth : Oui<\/li>\n<\/ul>\n<p>&nbsp;<\/p>\n<p>.<\/p>\n","protected":false},"excerpt":{"rendered":"<ul>\n<li>Diam\u00e8tre ext\u00e9rieur : 17 cm<\/li>\n<li>Profondeur : 8.5 cm<\/li>\n<li>Taille&ntilde;o Woofer : 5&#038;quot ; x 2<\/li>\n<li>Taille&ntilde;o Tweeter : 1.3 cm<\/li>\n<li>Puissance 2 x 20w<\/li>\n<li>Fourni par paire<\/li>\n<\/ul>\n<\/ul>\n","protected":false},"featured_media":16461,"comment_status":"open","ping_status":"closed","template":"","meta":{"_acf_changed":false},"product_cat":[409,407],"product_tag":[],"class_list":{"0":"post-36774","1":"product","2":"type-product","3":"status-publish","4":"has-post-thumbnail","6":"product_cat-haut-parleurs-au-plafond","7":"product_cat-haut-parleurs-bluetooth","9":"first","10":"instock","11":"shipping-taxable","12":"product-type-simple"},"acf":[],"yoast_head":"<!-- This site is optimized with the Yoast SEO plugin v27.0 - https:\/\/yoast.com\/product\/yoast-seo-wordpress\/ -->\n<title>CM408L BT White - Audibax<\/title>\n<meta name=\"robots\" content=\"index, follow, max-snippet:-1, max-image-preview:large, max-video-preview:-1\" \/>\n<link rel=\"canonical\" href=\"https:\/\/audibax.com\/fr\/produit\/cm408l-bt-white-2\/\" \/>\n<meta property=\"og:locale\" content=\"fr_FR\" \/>\n<meta property=\"og:type\" content=\"article\" \/>\n<meta property=\"og:title\" content=\"CM408L BT White - Audibax\" \/>\n<meta property=\"og:description\" content=\"Diam\u00e8tre ext\u00e9rieur : 17 cm Profondeur : 8.5 cm Taille&ntilde;o Woofer : 5&amp;quot ; x 2 Taille&ntilde;o Tweeter : 1.3 cm Puissance 2 x 20w Fourni par paire\" \/>\n<meta property=\"og:url\" content=\"https:\/\/audibax.com\/fr\/produit\/cm408l-bt-white-2\/\" \/>\n<meta property=\"og:site_name\" content=\"Audibax\" \/>\n<meta property=\"article:modified_time\" content=\"2023-12-27T10:59:45+00:00\" \/>\n<meta property=\"og:image\" content=\"https:\/\/audibax.com\/wp-content\/uploads\/2023\/12\/altavoces-blancos-bluetooth-para-techo.jpg\" \/>\n\t<meta property=\"og:image:width\" content=\"1000\" \/>\n\t<meta property=\"og:image:height\" content=\"500\" \/>\n\t<meta property=\"og:image:type\" content=\"image\/jpeg\" \/>\n<meta name=\"twitter:card\" content=\"summary_large_image\" \/>\n<meta name=\"twitter:label1\" content=\"Dur\u00e9e de lecture estim\u00e9e\" \/>\n\t<meta name=\"twitter:data1\" content=\"1 minute\" \/>\n<script type=\"application\/ld+json\" class=\"yoast-schema-graph\">{\"@context\":\"https:\/\/schema.org\",\"@graph\":[{\"@type\":\"WebPage\",\"@id\":\"https:\/\/audibax.com\/fr\/produit\/cm408l-bt-white-2\/\",\"url\":\"https:\/\/audibax.com\/fr\/produit\/cm408l-bt-white-2\/\",\"name\":\"CM408L BT White - Audibax\",\"isPartOf\":{\"@id\":\"https:\/\/audibax.com\/fr\/#website\"},\"primaryImageOfPage\":{\"@id\":\"https:\/\/audibax.com\/fr\/produit\/cm408l-bt-white-2\/#primaryimage\"},\"image\":{\"@id\":\"https:\/\/audibax.com\/fr\/produit\/cm408l-bt-white-2\/#primaryimage\"},\"thumbnailUrl\":\"https:\/\/audibax.com\/wp-content\/uploads\/2023\/12\/altavoces-blancos-bluetooth-para-techo.jpg\",\"datePublished\":\"2023-12-11T12:48:43+00:00\",\"dateModified\":\"2023-12-27T10:59:45+00:00\",\"breadcrumb\":{\"@id\":\"https:\/\/audibax.com\/fr\/produit\/cm408l-bt-white-2\/#breadcrumb\"},\"inLanguage\":\"fr-FR\",\"potentialAction\":[{\"@type\":\"ReadAction\",\"target\":[\"https:\/\/audibax.com\/fr\/produit\/cm408l-bt-white-2\/\"]}]},{\"@type\":\"ImageObject\",\"inLanguage\":\"fr-FR\",\"@id\":\"https:\/\/audibax.com\/fr\/produit\/cm408l-bt-white-2\/#primaryimage\",\"url\":\"https:\/\/audibax.com\/wp-content\/uploads\/2023\/12\/altavoces-blancos-bluetooth-para-techo.jpg\",\"contentUrl\":\"https:\/\/audibax.com\/wp-content\/uploads\/2023\/12\/altavoces-blancos-bluetooth-para-techo.jpg\",\"width\":1000,\"height\":500},{\"@type\":\"BreadcrumbList\",\"@id\":\"https:\/\/audibax.com\/fr\/produit\/cm408l-bt-white-2\/#breadcrumb\",\"itemListElement\":[{\"@type\":\"ListItem\",\"position\":1,\"name\":\"Portada\",\"item\":\"https:\/\/audibax.com\/fr\/\"},{\"@type\":\"ListItem\",\"position\":2,\"name\":\"Produits\",\"item\":\"https:\/\/audibax.com\/fr\/shop\/\"},{\"@type\":\"ListItem\",\"position\":3,\"name\":\"CM408L BT White\"}]},{\"@type\":\"WebSite\",\"@id\":\"https:\/\/audibax.com\/fr\/#website\",\"url\":\"https:\/\/audibax.com\/fr\/\",\"name\":\"Audibax\",\"description\":\"\",\"publisher\":{\"@id\":\"https:\/\/audibax.com\/fr\/#organization\"},\"potentialAction\":[{\"@type\":\"SearchAction\",\"target\":{\"@type\":\"EntryPoint\",\"urlTemplate\":\"https:\/\/audibax.com\/fr\/?s={search_term_string}\"},\"query-input\":{\"@type\":\"PropertyValueSpecification\",\"valueRequired\":true,\"valueName\":\"search_term_string\"}}],\"inLanguage\":\"fr-FR\"},{\"@type\":\"Organization\",\"@id\":\"https:\/\/audibax.com\/fr\/#organization\",\"name\":\"Audibax\",\"url\":\"https:\/\/audibax.com\/fr\/\",\"logo\":{\"@type\":\"ImageObject\",\"inLanguage\":\"fr-FR\",\"@id\":\"https:\/\/audibax.com\/fr\/#\/schema\/logo\/image\/\",\"url\":\"https:\/\/audibax.com\/wp-content\/uploads\/2023\/09\/logo-Audibax-BLANCO-SVG-1.svg\",\"contentUrl\":\"https:\/\/audibax.com\/wp-content\/uploads\/2023\/09\/logo-Audibax-BLANCO-SVG-1.svg\",\"caption\":\"Audibax\"},\"image\":{\"@id\":\"https:\/\/audibax.com\/fr\/#\/schema\/logo\/image\/\"}}]}<\/script>\n<!-- \/ Yoast SEO plugin. -->","yoast_head_json":{"title":"CM408L BT White - Audibax","robots":{"index":"index","follow":"follow","max-snippet":"max-snippet:-1","max-image-preview":"max-image-preview:large","max-video-preview":"max-video-preview:-1"},"canonical":"https:\/\/audibax.com\/fr\/produit\/cm408l-bt-white-2\/","og_locale":"fr_FR","og_type":"article","og_title":"CM408L BT White - Audibax","og_description":"Diam\u00e8tre ext\u00e9rieur : 17 cm Profondeur : 8.5 cm Taille&ntilde;o Woofer : 5&quot ; x 2 Taille&ntilde;o Tweeter : 1.3 cm Puissance 2 x 20w Fourni par paire","og_url":"https:\/\/audibax.com\/fr\/produit\/cm408l-bt-white-2\/","og_site_name":"Audibax","article_modified_time":"2023-12-27T10:59:45+00:00","og_image":[{"width":1000,"height":500,"url":"https:\/\/audibax.com\/wp-content\/uploads\/2023\/12\/altavoces-blancos-bluetooth-para-techo.jpg","type":"image\/jpeg"}],"twitter_card":"summary_large_image","twitter_misc":{"Dur\u00e9e de lecture estim\u00e9e":"1 minute"},"schema":{"@context":"https:\/\/schema.org","@graph":[{"@type":"WebPage","@id":"https:\/\/audibax.com\/fr\/produit\/cm408l-bt-white-2\/","url":"https:\/\/audibax.com\/fr\/produit\/cm408l-bt-white-2\/","name":"CM408L BT White - Audibax","isPartOf":{"@id":"https:\/\/audibax.com\/fr\/#website"},"primaryImageOfPage":{"@id":"https:\/\/audibax.com\/fr\/produit\/cm408l-bt-white-2\/#primaryimage"},"image":{"@id":"https:\/\/audibax.com\/fr\/produit\/cm408l-bt-white-2\/#primaryimage"},"thumbnailUrl":"https:\/\/audibax.com\/wp-content\/uploads\/2023\/12\/altavoces-blancos-bluetooth-para-techo.jpg","datePublished":"2023-12-11T12:48:43+00:00","dateModified":"2023-12-27T10:59:45+00:00","breadcrumb":{"@id":"https:\/\/audibax.com\/fr\/produit\/cm408l-bt-white-2\/#breadcrumb"},"inLanguage":"fr-FR","potentialAction":[{"@type":"ReadAction","target":["https:\/\/audibax.com\/fr\/produit\/cm408l-bt-white-2\/"]}]},{"@type":"ImageObject","inLanguage":"fr-FR","@id":"https:\/\/audibax.com\/fr\/produit\/cm408l-bt-white-2\/#primaryimage","url":"https:\/\/audibax.com\/wp-content\/uploads\/2023\/12\/altavoces-blancos-bluetooth-para-techo.jpg","contentUrl":"https:\/\/audibax.com\/wp-content\/uploads\/2023\/12\/altavoces-blancos-bluetooth-para-techo.jpg","width":1000,"height":500},{"@type":"BreadcrumbList","@id":"https:\/\/audibax.com\/fr\/produit\/cm408l-bt-white-2\/#breadcrumb","itemListElement":[{"@type":"ListItem","position":1,"name":"Portada","item":"https:\/\/audibax.com\/fr\/"},{"@type":"ListItem","position":2,"name":"Produits","item":"https:\/\/audibax.com\/fr\/shop\/"},{"@type":"ListItem","position":3,"name":"CM408L BT White"}]},{"@type":"WebSite","@id":"https:\/\/audibax.com\/fr\/#website","url":"https:\/\/audibax.com\/fr\/","name":"Audibax","description":"","publisher":{"@id":"https:\/\/audibax.com\/fr\/#organization"},"potentialAction":[{"@type":"SearchAction","target":{"@type":"EntryPoint","urlTemplate":"https:\/\/audibax.com\/fr\/?s={search_term_string}"},"query-input":{"@type":"PropertyValueSpecification","valueRequired":true,"valueName":"search_term_string"}}],"inLanguage":"fr-FR"},{"@type":"Organization","@id":"https:\/\/audibax.com\/fr\/#organization","name":"Audibax","url":"https:\/\/audibax.com\/fr\/","logo":{"@type":"ImageObject","inLanguage":"fr-FR","@id":"https:\/\/audibax.com\/fr\/#\/schema\/logo\/image\/","url":"https:\/\/audibax.com\/wp-content\/uploads\/2023\/09\/logo-Audibax-BLANCO-SVG-1.svg","contentUrl":"https:\/\/audibax.com\/wp-content\/uploads\/2023\/09\/logo-Audibax-BLANCO-SVG-1.svg","caption":"Audibax"},"image":{"@id":"https:\/\/audibax.com\/fr\/#\/schema\/logo\/image\/"}}]}},"_links":{"self":[{"href":"https:\/\/audibax.com\/fr\/wp-json\/wp\/v2\/product\/36774","targetHints":{"allow":["GET"]}}],"collection":[{"href":"https:\/\/audibax.com\/fr\/wp-json\/wp\/v2\/product"}],"about":[{"href":"https:\/\/audibax.com\/fr\/wp-json\/wp\/v2\/types\/product"}],"replies":[{"embeddable":true,"href":"https:\/\/audibax.com\/fr\/wp-json\/wp\/v2\/comments?post=36774"}],"wp:featuredmedia":[{"embeddable":true,"href":"https:\/\/audibax.com\/fr\/wp-json\/wp\/v2\/media\/16461"}],"wp:attachment":[{"href":"https:\/\/audibax.com\/fr\/wp-json\/wp\/v2\/media?parent=36774"}],"wp:term":[{"taxonomy":"product_cat","embeddable":true,"href":"https:\/\/audibax.com\/fr\/wp-json\/wp\/v2\/product_cat?post=36774"},{"taxonomy":"product_tag","embeddable":true,"href":"https:\/\/audibax.com\/fr\/wp-json\/wp\/v2\/product_tag?post=36774"}],"curies":[{"name":"wp","href":"https:\/\/api.w.org\/{rel}","templated":true}]}}