{"id":36773,"date":"2023-12-11T13:48:38","date_gmt":"2023-12-11T12:48:38","guid":{"rendered":"https:\/\/audibax.com\/product\/ka08-white-2\/"},"modified":"2023-12-27T11:59:40","modified_gmt":"2023-12-27T10:59:40","slug":"ka08-white-2","status":"publish","type":"product","link":"https:\/\/audibax.com\/fr\/produit\/ka08-white-2\/","title":{"rendered":"KA08 White"},"content":{"rendered":"<\/p>\n<p><strong>Enceinte de plafond KA08 White 8&#038;quot ; 70W&nbsp;<\/strong><\/strong><\/p>\n<p>La<strong>Audibax KA08<\/strong><\/p>\n<p>Audibax KA08<\/strong> est une enceinte de plafond passive de forme arrondie.\/Il s&rsquo;agit d&rsquo;une enceinte de plafond passive ronde, compos\u00e9e d&rsquo;un woofer de 8 pouces et d&rsquo;un tweeter de 2.5cm. Elle d\u00e9livre un son puissant et correspond \u00e0 la s\u00e9rie de haute qualit\u00e9. Le KA08 se distingue par son syst\u00e8me de montage simple et son installation rapide et facile. Gr\u00e2ce \u00e0 son design discret et \u00e9l\u00e9gant, c&rsquo;est le choix id\u00e9al pour une installation dans divers endroits, tels que les restaurants, les h\u00f4tels, les salles de classe, les centres commerciaux, les th\u00e9\u00e2tres, etc.<\/p>\n<\/p>\n<h2>Sp\u00e9cifications techniques<\/h2>\n<ul>\n<li>Diam\u00e8tre ext\u00e9rieur : 28 cm<\/li>\n<li>Diam\u00e8tre de montage:&nbsp;&oslash;25cm<\/li>\n<li>Profondeur : 9.2 cm<\/li>\n<li>Taille du woofer : 8&quot;<\/li>\n<li>Taille du tweeter : 2.5 cm<\/li>\n<li>Imp\u00e9dance : 8 ohm<\/li>\n<li>Puissance : 70W<\/li>\n<li>SPL : 88<\/li>\n<li>Fr\u00e9quence : 50HZ-20KHZ<\/li>\n<li>Mat\u00e9riau : ABS<\/li>\n<li>Grille : M\u00e9tal<\/li>\n<\/ul>\n","protected":false},"excerpt":{"rendered":"<\/p>\n<p>Enceinte de plafond en Kevlar 8&#038;quot ; Kevlar<\/p>\n<p class=\"spip\">Kevlar<\/p>\n","protected":false},"featured_media":17256,"comment_status":"open","ping_status":"closed","template":"","meta":{"_acf_changed":false},"product_cat":[409],"product_tag":[],"class_list":{"0":"post-36773","1":"product","2":"type-product","3":"status-publish","4":"has-post-thumbnail","6":"product_cat-haut-parleurs-au-plafond","8":"first","9":"instock","10":"shipping-taxable","11":"product-type-simple"},"acf":[],"yoast_head":"<!-- This site is optimized with the Yoast SEO plugin v27.0 - https:\/\/yoast.com\/product\/yoast-seo-wordpress\/ -->\n<title>KA08 White - Audibax<\/title>\n<meta name=\"robots\" content=\"index, follow, max-snippet:-1, max-image-preview:large, max-video-preview:-1\" \/>\n<link rel=\"canonical\" href=\"https:\/\/audibax.com\/fr\/produit\/ka08-white-2\/\" \/>\n<meta property=\"og:locale\" content=\"fr_FR\" \/>\n<meta property=\"og:type\" content=\"article\" \/>\n<meta property=\"og:title\" content=\"KA08 White - Audibax\" \/>\n<meta property=\"og:description\" content=\"Enceinte de plafond en Kevlar 8&amp;quot ; Kevlar Kevlar\" \/>\n<meta property=\"og:url\" content=\"https:\/\/audibax.com\/fr\/produit\/ka08-white-2\/\" \/>\n<meta property=\"og:site_name\" content=\"Audibax\" \/>\n<meta property=\"article:modified_time\" content=\"2023-12-27T10:59:40+00:00\" \/>\n<meta name=\"twitter:card\" content=\"summary_large_image\" \/>\n<meta name=\"twitter:label1\" content=\"Dur\u00e9e de lecture estim\u00e9e\" \/>\n\t<meta name=\"twitter:data1\" content=\"1 minute\" \/>\n<script type=\"application\/ld+json\" class=\"yoast-schema-graph\">{\"@context\":\"https:\/\/schema.org\",\"@graph\":[{\"@type\":\"WebPage\",\"@id\":\"https:\/\/audibax.com\/fr\/produit\/ka08-white-2\/\",\"url\":\"https:\/\/audibax.com\/fr\/produit\/ka08-white-2\/\",\"name\":\"KA08 White - Audibax\",\"isPartOf\":{\"@id\":\"https:\/\/audibax.com\/fr\/#website\"},\"primaryImageOfPage\":{\"@id\":\"https:\/\/audibax.com\/fr\/produit\/ka08-white-2\/#primaryimage\"},\"image\":{\"@id\":\"https:\/\/audibax.com\/fr\/produit\/ka08-white-2\/#primaryimage\"},\"thumbnailUrl\":\"https:\/\/audibax.com\/wp-content\/uploads\/2023\/12\/audibax-ka08.jpg\",\"datePublished\":\"2023-12-11T12:48:38+00:00\",\"dateModified\":\"2023-12-27T10:59:40+00:00\",\"breadcrumb\":{\"@id\":\"https:\/\/audibax.com\/fr\/produit\/ka08-white-2\/#breadcrumb\"},\"inLanguage\":\"fr-FR\",\"potentialAction\":[{\"@type\":\"ReadAction\",\"target\":[\"https:\/\/audibax.com\/fr\/produit\/ka08-white-2\/\"]}]},{\"@type\":\"ImageObject\",\"inLanguage\":\"fr-FR\",\"@id\":\"https:\/\/audibax.com\/fr\/produit\/ka08-white-2\/#primaryimage\",\"url\":\"https:\/\/audibax.com\/wp-content\/uploads\/2023\/12\/audibax-ka08.jpg\",\"contentUrl\":\"https:\/\/audibax.com\/wp-content\/uploads\/2023\/12\/audibax-ka08.jpg\",\"width\":1000,\"height\":500},{\"@type\":\"BreadcrumbList\",\"@id\":\"https:\/\/audibax.com\/fr\/produit\/ka08-white-2\/#breadcrumb\",\"itemListElement\":[{\"@type\":\"ListItem\",\"position\":1,\"name\":\"Portada\",\"item\":\"https:\/\/audibax.com\/fr\/\"},{\"@type\":\"ListItem\",\"position\":2,\"name\":\"Produits\",\"item\":\"https:\/\/audibax.com\/fr\/shop\/\"},{\"@type\":\"ListItem\",\"position\":3,\"name\":\"KA08 White\"}]},{\"@type\":\"WebSite\",\"@id\":\"https:\/\/audibax.com\/fr\/#website\",\"url\":\"https:\/\/audibax.com\/fr\/\",\"name\":\"Audibax\",\"description\":\"\",\"publisher\":{\"@id\":\"https:\/\/audibax.com\/fr\/#organization\"},\"potentialAction\":[{\"@type\":\"SearchAction\",\"target\":{\"@type\":\"EntryPoint\",\"urlTemplate\":\"https:\/\/audibax.com\/fr\/?s={search_term_string}\"},\"query-input\":{\"@type\":\"PropertyValueSpecification\",\"valueRequired\":true,\"valueName\":\"search_term_string\"}}],\"inLanguage\":\"fr-FR\"},{\"@type\":\"Organization\",\"@id\":\"https:\/\/audibax.com\/fr\/#organization\",\"name\":\"Audibax\",\"url\":\"https:\/\/audibax.com\/fr\/\",\"logo\":{\"@type\":\"ImageObject\",\"inLanguage\":\"fr-FR\",\"@id\":\"https:\/\/audibax.com\/fr\/#\/schema\/logo\/image\/\",\"url\":\"https:\/\/audibax.com\/wp-content\/uploads\/2023\/09\/logo-Audibax-BLANCO-SVG-1.svg\",\"contentUrl\":\"https:\/\/audibax.com\/wp-content\/uploads\/2023\/09\/logo-Audibax-BLANCO-SVG-1.svg\",\"caption\":\"Audibax\"},\"image\":{\"@id\":\"https:\/\/audibax.com\/fr\/#\/schema\/logo\/image\/\"}}]}<\/script>\n<!-- \/ Yoast SEO plugin. -->","yoast_head_json":{"title":"KA08 White - Audibax","robots":{"index":"index","follow":"follow","max-snippet":"max-snippet:-1","max-image-preview":"max-image-preview:large","max-video-preview":"max-video-preview:-1"},"canonical":"https:\/\/audibax.com\/fr\/produit\/ka08-white-2\/","og_locale":"fr_FR","og_type":"article","og_title":"KA08 White - Audibax","og_description":"Enceinte de plafond en Kevlar 8&quot ; Kevlar Kevlar","og_url":"https:\/\/audibax.com\/fr\/produit\/ka08-white-2\/","og_site_name":"Audibax","article_modified_time":"2023-12-27T10:59:40+00:00","twitter_card":"summary_large_image","twitter_misc":{"Dur\u00e9e de lecture estim\u00e9e":"1 minute"},"schema":{"@context":"https:\/\/schema.org","@graph":[{"@type":"WebPage","@id":"https:\/\/audibax.com\/fr\/produit\/ka08-white-2\/","url":"https:\/\/audibax.com\/fr\/produit\/ka08-white-2\/","name":"KA08 White - Audibax","isPartOf":{"@id":"https:\/\/audibax.com\/fr\/#website"},"primaryImageOfPage":{"@id":"https:\/\/audibax.com\/fr\/produit\/ka08-white-2\/#primaryimage"},"image":{"@id":"https:\/\/audibax.com\/fr\/produit\/ka08-white-2\/#primaryimage"},"thumbnailUrl":"https:\/\/audibax.com\/wp-content\/uploads\/2023\/12\/audibax-ka08.jpg","datePublished":"2023-12-11T12:48:38+00:00","dateModified":"2023-12-27T10:59:40+00:00","breadcrumb":{"@id":"https:\/\/audibax.com\/fr\/produit\/ka08-white-2\/#breadcrumb"},"inLanguage":"fr-FR","potentialAction":[{"@type":"ReadAction","target":["https:\/\/audibax.com\/fr\/produit\/ka08-white-2\/"]}]},{"@type":"ImageObject","inLanguage":"fr-FR","@id":"https:\/\/audibax.com\/fr\/produit\/ka08-white-2\/#primaryimage","url":"https:\/\/audibax.com\/wp-content\/uploads\/2023\/12\/audibax-ka08.jpg","contentUrl":"https:\/\/audibax.com\/wp-content\/uploads\/2023\/12\/audibax-ka08.jpg","width":1000,"height":500},{"@type":"BreadcrumbList","@id":"https:\/\/audibax.com\/fr\/produit\/ka08-white-2\/#breadcrumb","itemListElement":[{"@type":"ListItem","position":1,"name":"Portada","item":"https:\/\/audibax.com\/fr\/"},{"@type":"ListItem","position":2,"name":"Produits","item":"https:\/\/audibax.com\/fr\/shop\/"},{"@type":"ListItem","position":3,"name":"KA08 White"}]},{"@type":"WebSite","@id":"https:\/\/audibax.com\/fr\/#website","url":"https:\/\/audibax.com\/fr\/","name":"Audibax","description":"","publisher":{"@id":"https:\/\/audibax.com\/fr\/#organization"},"potentialAction":[{"@type":"SearchAction","target":{"@type":"EntryPoint","urlTemplate":"https:\/\/audibax.com\/fr\/?s={search_term_string}"},"query-input":{"@type":"PropertyValueSpecification","valueRequired":true,"valueName":"search_term_string"}}],"inLanguage":"fr-FR"},{"@type":"Organization","@id":"https:\/\/audibax.com\/fr\/#organization","name":"Audibax","url":"https:\/\/audibax.com\/fr\/","logo":{"@type":"ImageObject","inLanguage":"fr-FR","@id":"https:\/\/audibax.com\/fr\/#\/schema\/logo\/image\/","url":"https:\/\/audibax.com\/wp-content\/uploads\/2023\/09\/logo-Audibax-BLANCO-SVG-1.svg","contentUrl":"https:\/\/audibax.com\/wp-content\/uploads\/2023\/09\/logo-Audibax-BLANCO-SVG-1.svg","caption":"Audibax"},"image":{"@id":"https:\/\/audibax.com\/fr\/#\/schema\/logo\/image\/"}}]}},"_links":{"self":[{"href":"https:\/\/audibax.com\/fr\/wp-json\/wp\/v2\/product\/36773","targetHints":{"allow":["GET"]}}],"collection":[{"href":"https:\/\/audibax.com\/fr\/wp-json\/wp\/v2\/product"}],"about":[{"href":"https:\/\/audibax.com\/fr\/wp-json\/wp\/v2\/types\/product"}],"replies":[{"embeddable":true,"href":"https:\/\/audibax.com\/fr\/wp-json\/wp\/v2\/comments?post=36773"}],"wp:featuredmedia":[{"embeddable":true,"href":"https:\/\/audibax.com\/fr\/wp-json\/wp\/v2\/media\/17256"}],"wp:attachment":[{"href":"https:\/\/audibax.com\/fr\/wp-json\/wp\/v2\/media?parent=36773"}],"wp:term":[{"taxonomy":"product_cat","embeddable":true,"href":"https:\/\/audibax.com\/fr\/wp-json\/wp\/v2\/product_cat?post=36773"},{"taxonomy":"product_tag","embeddable":true,"href":"https:\/\/audibax.com\/fr\/wp-json\/wp\/v2\/product_tag?post=36773"}],"curies":[{"name":"wp","href":"https:\/\/api.w.org\/{rel}","templated":true}]}}