{"id":36771,"date":"2023-12-11T13:48:34","date_gmt":"2023-12-11T12:48:34","guid":{"rendered":"https:\/\/audibax.com\/product\/cm408-bt4-white-2\/"},"modified":"2023-12-27T11:59:39","modified_gmt":"2023-12-27T10:59:39","slug":"cm408-bt4-white-2","status":"publish","type":"product","link":"https:\/\/audibax.com\/fr\/produit\/cm408-bt4-white-2\/","title":{"rendered":"CM408 BT4 White"},"content":{"rendered":"<p>Le<strong>CM408-BT<\/strong>&nbsp;est dot\u00e9 d&rsquo;un design \u00e9l\u00e9gant et uniforme qui en fait le choix id\u00e9al pour les syst\u00e8mes de renforcement du son. Il s&rsquo;agit d&rsquo;un haut-parleur encastr\u00e9 rond livr\u00e9 par paire (un haut-parleur actif et un haut-parleur passif), avec un woofer de 5 pouces et un tweeter \u00e0 deux voies de 1,3 cm.<\/p>\n<p>Le haut-parleur d\u00e9livre un son puissant et de haute qualit\u00e9. Le CM408-BT se distingue par son syst\u00e8me de montage simple et son installation rapide et facile, car il dispose d&rsquo;une <strong>image<\/strong> int\u00e9gr\u00e9e dans son diam\u00e8tre pour faciliter le montage de la grille. Gr\u00e2ce \u00e0 son design discret et \u00e9l\u00e9gant, il est id\u00e9al pour une installation dans les restaurants, les h\u00f4tels, les salles de classe, les locaux commerciaux, les th\u00e9\u00e2tres et de nombreux autres endroits. Ces enceintes peuvent \u00eatre utilis\u00e9es comme 3 (enceintes passives) + 1 (enceinte active). Une paire de CM408-BT4 + 2 Audibax GA-04. Ce qui en fait un syst\u00e8me de 4 haut-parleurs pouvant fonctionner en m\u00eame temps.<\/p>\n<p>&nbsp;<\/p>\n<h2>Caract\u00e9ristiques techniques<\/h2>\n<p>&nbsp;<\/p>\n<ul>\n<li>Diam\u00e8tre ext\u00e9rieur : 17 cm<\/li>\n<li>Diam\u00e8tre de montage : 14 cm.<\/li>\n<li>Profondeur : 7.5 cm<\/li>\n<li>Taille du woofer : 5&quot;<\/li>\n<li>Taille du tweeter : 1.3 cm<\/li>\n<li>Imp\u00e9dance : 8 ohm<\/li>\n<li>Puissance : 2 x 30w RMS<\/li>\n<li>SPL : 88<\/li>\n<li>Fr\u00e9quence : 80HZ-20KHZ<\/li>\n<li>Mat\u00e9riau : ABS<\/li>\n<li>Mat\u00e9riau de la grille : M\u00e9tal<\/li>\n<li>Bluetooth : Oui (pas de mot de passe<\/li>\n<\/ul>\n<\/ul>\n<\/ul>\n","protected":false},"excerpt":{"rendered":"<ul>\n<li><strong>Grille magn\u00e9tique<\/strong><\/strong><\/li>\n<li>Woofer Size : 5 Inch<\/li>\n<li>Tweeter Size : 1.3 cm<\/li>\n<li>Imp\u00e9dance : 8 ohm<\/li>\n<li>Puissance : 2 x 30w RMS<\/li>\n<li>Vendu par paire<\/li>\n<\/ul>\n","protected":false},"featured_media":17037,"comment_status":"open","ping_status":"closed","template":"","meta":{"_acf_changed":false},"product_cat":[409,407],"product_tag":[],"class_list":{"0":"post-36771","1":"product","2":"type-product","3":"status-publish","4":"has-post-thumbnail","6":"product_cat-haut-parleurs-au-plafond","7":"product_cat-haut-parleurs-bluetooth","9":"first","10":"instock","11":"shipping-taxable","12":"product-type-simple"},"acf":[],"yoast_head":"<!-- This site is optimized with the Yoast SEO plugin v27.0 - https:\/\/yoast.com\/product\/yoast-seo-wordpress\/ -->\n<title>CM408 BT4 White - Audibax<\/title>\n<meta name=\"robots\" content=\"index, follow, max-snippet:-1, max-image-preview:large, max-video-preview:-1\" \/>\n<link rel=\"canonical\" href=\"https:\/\/audibax.com\/fr\/produit\/cm408-bt4-white-2\/\" \/>\n<meta property=\"og:locale\" content=\"fr_FR\" \/>\n<meta property=\"og:type\" content=\"article\" \/>\n<meta property=\"og:title\" content=\"CM408 BT4 White - Audibax\" \/>\n<meta property=\"og:description\" content=\"Grille magn\u00e9tique Woofer Size : 5 Inch Tweeter Size : 1.3 cm Imp\u00e9dance : 8 ohm Puissance : 2 x 30w RMS Vendu par paire\" \/>\n<meta property=\"og:url\" content=\"https:\/\/audibax.com\/fr\/produit\/cm408-bt4-white-2\/\" \/>\n<meta property=\"og:site_name\" content=\"Audibax\" \/>\n<meta property=\"article:modified_time\" content=\"2023-12-27T10:59:39+00:00\" \/>\n<meta property=\"og:image\" content=\"https:\/\/audibax.com\/wp-content\/uploads\/2023\/12\/audibax-cm508-bt.jpg\" \/>\n\t<meta property=\"og:image:width\" content=\"1000\" \/>\n\t<meta property=\"og:image:height\" content=\"500\" \/>\n\t<meta property=\"og:image:type\" content=\"image\/jpeg\" \/>\n<meta name=\"twitter:card\" content=\"summary_large_image\" \/>\n<meta name=\"twitter:label1\" content=\"Dur\u00e9e de lecture estim\u00e9e\" \/>\n\t<meta name=\"twitter:data1\" content=\"1 minute\" \/>\n<script type=\"application\/ld+json\" class=\"yoast-schema-graph\">{\"@context\":\"https:\/\/schema.org\",\"@graph\":[{\"@type\":\"WebPage\",\"@id\":\"https:\/\/audibax.com\/fr\/produit\/cm408-bt4-white-2\/\",\"url\":\"https:\/\/audibax.com\/fr\/produit\/cm408-bt4-white-2\/\",\"name\":\"CM408 BT4 White - Audibax\",\"isPartOf\":{\"@id\":\"https:\/\/audibax.com\/fr\/#website\"},\"primaryImageOfPage\":{\"@id\":\"https:\/\/audibax.com\/fr\/produit\/cm408-bt4-white-2\/#primaryimage\"},\"image\":{\"@id\":\"https:\/\/audibax.com\/fr\/produit\/cm408-bt4-white-2\/#primaryimage\"},\"thumbnailUrl\":\"https:\/\/audibax.com\/wp-content\/uploads\/2023\/12\/audibax-cm508-bt.jpg\",\"datePublished\":\"2023-12-11T12:48:34+00:00\",\"dateModified\":\"2023-12-27T10:59:39+00:00\",\"breadcrumb\":{\"@id\":\"https:\/\/audibax.com\/fr\/produit\/cm408-bt4-white-2\/#breadcrumb\"},\"inLanguage\":\"fr-FR\",\"potentialAction\":[{\"@type\":\"ReadAction\",\"target\":[\"https:\/\/audibax.com\/fr\/produit\/cm408-bt4-white-2\/\"]}]},{\"@type\":\"ImageObject\",\"inLanguage\":\"fr-FR\",\"@id\":\"https:\/\/audibax.com\/fr\/produit\/cm408-bt4-white-2\/#primaryimage\",\"url\":\"https:\/\/audibax.com\/wp-content\/uploads\/2023\/12\/audibax-cm508-bt.jpg\",\"contentUrl\":\"https:\/\/audibax.com\/wp-content\/uploads\/2023\/12\/audibax-cm508-bt.jpg\",\"width\":1000,\"height\":500},{\"@type\":\"BreadcrumbList\",\"@id\":\"https:\/\/audibax.com\/fr\/produit\/cm408-bt4-white-2\/#breadcrumb\",\"itemListElement\":[{\"@type\":\"ListItem\",\"position\":1,\"name\":\"Portada\",\"item\":\"https:\/\/audibax.com\/fr\/\"},{\"@type\":\"ListItem\",\"position\":2,\"name\":\"Produits\",\"item\":\"https:\/\/audibax.com\/fr\/shop\/\"},{\"@type\":\"ListItem\",\"position\":3,\"name\":\"CM408 BT4 White\"}]},{\"@type\":\"WebSite\",\"@id\":\"https:\/\/audibax.com\/fr\/#website\",\"url\":\"https:\/\/audibax.com\/fr\/\",\"name\":\"Audibax\",\"description\":\"\",\"publisher\":{\"@id\":\"https:\/\/audibax.com\/fr\/#organization\"},\"potentialAction\":[{\"@type\":\"SearchAction\",\"target\":{\"@type\":\"EntryPoint\",\"urlTemplate\":\"https:\/\/audibax.com\/fr\/?s={search_term_string}\"},\"query-input\":{\"@type\":\"PropertyValueSpecification\",\"valueRequired\":true,\"valueName\":\"search_term_string\"}}],\"inLanguage\":\"fr-FR\"},{\"@type\":\"Organization\",\"@id\":\"https:\/\/audibax.com\/fr\/#organization\",\"name\":\"Audibax\",\"url\":\"https:\/\/audibax.com\/fr\/\",\"logo\":{\"@type\":\"ImageObject\",\"inLanguage\":\"fr-FR\",\"@id\":\"https:\/\/audibax.com\/fr\/#\/schema\/logo\/image\/\",\"url\":\"https:\/\/audibax.com\/wp-content\/uploads\/2023\/09\/logo-Audibax-BLANCO-SVG-1.svg\",\"contentUrl\":\"https:\/\/audibax.com\/wp-content\/uploads\/2023\/09\/logo-Audibax-BLANCO-SVG-1.svg\",\"caption\":\"Audibax\"},\"image\":{\"@id\":\"https:\/\/audibax.com\/fr\/#\/schema\/logo\/image\/\"}}]}<\/script>\n<!-- \/ Yoast SEO plugin. -->","yoast_head_json":{"title":"CM408 BT4 White - Audibax","robots":{"index":"index","follow":"follow","max-snippet":"max-snippet:-1","max-image-preview":"max-image-preview:large","max-video-preview":"max-video-preview:-1"},"canonical":"https:\/\/audibax.com\/fr\/produit\/cm408-bt4-white-2\/","og_locale":"fr_FR","og_type":"article","og_title":"CM408 BT4 White - Audibax","og_description":"Grille magn\u00e9tique Woofer Size : 5 Inch Tweeter Size : 1.3 cm Imp\u00e9dance : 8 ohm Puissance : 2 x 30w RMS Vendu par paire","og_url":"https:\/\/audibax.com\/fr\/produit\/cm408-bt4-white-2\/","og_site_name":"Audibax","article_modified_time":"2023-12-27T10:59:39+00:00","og_image":[{"width":1000,"height":500,"url":"https:\/\/audibax.com\/wp-content\/uploads\/2023\/12\/audibax-cm508-bt.jpg","type":"image\/jpeg"}],"twitter_card":"summary_large_image","twitter_misc":{"Dur\u00e9e de lecture estim\u00e9e":"1 minute"},"schema":{"@context":"https:\/\/schema.org","@graph":[{"@type":"WebPage","@id":"https:\/\/audibax.com\/fr\/produit\/cm408-bt4-white-2\/","url":"https:\/\/audibax.com\/fr\/produit\/cm408-bt4-white-2\/","name":"CM408 BT4 White - Audibax","isPartOf":{"@id":"https:\/\/audibax.com\/fr\/#website"},"primaryImageOfPage":{"@id":"https:\/\/audibax.com\/fr\/produit\/cm408-bt4-white-2\/#primaryimage"},"image":{"@id":"https:\/\/audibax.com\/fr\/produit\/cm408-bt4-white-2\/#primaryimage"},"thumbnailUrl":"https:\/\/audibax.com\/wp-content\/uploads\/2023\/12\/audibax-cm508-bt.jpg","datePublished":"2023-12-11T12:48:34+00:00","dateModified":"2023-12-27T10:59:39+00:00","breadcrumb":{"@id":"https:\/\/audibax.com\/fr\/produit\/cm408-bt4-white-2\/#breadcrumb"},"inLanguage":"fr-FR","potentialAction":[{"@type":"ReadAction","target":["https:\/\/audibax.com\/fr\/produit\/cm408-bt4-white-2\/"]}]},{"@type":"ImageObject","inLanguage":"fr-FR","@id":"https:\/\/audibax.com\/fr\/produit\/cm408-bt4-white-2\/#primaryimage","url":"https:\/\/audibax.com\/wp-content\/uploads\/2023\/12\/audibax-cm508-bt.jpg","contentUrl":"https:\/\/audibax.com\/wp-content\/uploads\/2023\/12\/audibax-cm508-bt.jpg","width":1000,"height":500},{"@type":"BreadcrumbList","@id":"https:\/\/audibax.com\/fr\/produit\/cm408-bt4-white-2\/#breadcrumb","itemListElement":[{"@type":"ListItem","position":1,"name":"Portada","item":"https:\/\/audibax.com\/fr\/"},{"@type":"ListItem","position":2,"name":"Produits","item":"https:\/\/audibax.com\/fr\/shop\/"},{"@type":"ListItem","position":3,"name":"CM408 BT4 White"}]},{"@type":"WebSite","@id":"https:\/\/audibax.com\/fr\/#website","url":"https:\/\/audibax.com\/fr\/","name":"Audibax","description":"","publisher":{"@id":"https:\/\/audibax.com\/fr\/#organization"},"potentialAction":[{"@type":"SearchAction","target":{"@type":"EntryPoint","urlTemplate":"https:\/\/audibax.com\/fr\/?s={search_term_string}"},"query-input":{"@type":"PropertyValueSpecification","valueRequired":true,"valueName":"search_term_string"}}],"inLanguage":"fr-FR"},{"@type":"Organization","@id":"https:\/\/audibax.com\/fr\/#organization","name":"Audibax","url":"https:\/\/audibax.com\/fr\/","logo":{"@type":"ImageObject","inLanguage":"fr-FR","@id":"https:\/\/audibax.com\/fr\/#\/schema\/logo\/image\/","url":"https:\/\/audibax.com\/wp-content\/uploads\/2023\/09\/logo-Audibax-BLANCO-SVG-1.svg","contentUrl":"https:\/\/audibax.com\/wp-content\/uploads\/2023\/09\/logo-Audibax-BLANCO-SVG-1.svg","caption":"Audibax"},"image":{"@id":"https:\/\/audibax.com\/fr\/#\/schema\/logo\/image\/"}}]}},"_links":{"self":[{"href":"https:\/\/audibax.com\/fr\/wp-json\/wp\/v2\/product\/36771","targetHints":{"allow":["GET"]}}],"collection":[{"href":"https:\/\/audibax.com\/fr\/wp-json\/wp\/v2\/product"}],"about":[{"href":"https:\/\/audibax.com\/fr\/wp-json\/wp\/v2\/types\/product"}],"replies":[{"embeddable":true,"href":"https:\/\/audibax.com\/fr\/wp-json\/wp\/v2\/comments?post=36771"}],"wp:featuredmedia":[{"embeddable":true,"href":"https:\/\/audibax.com\/fr\/wp-json\/wp\/v2\/media\/17037"}],"wp:attachment":[{"href":"https:\/\/audibax.com\/fr\/wp-json\/wp\/v2\/media?parent=36771"}],"wp:term":[{"taxonomy":"product_cat","embeddable":true,"href":"https:\/\/audibax.com\/fr\/wp-json\/wp\/v2\/product_cat?post=36771"},{"taxonomy":"product_tag","embeddable":true,"href":"https:\/\/audibax.com\/fr\/wp-json\/wp\/v2\/product_tag?post=36771"}],"curies":[{"name":"wp","href":"https:\/\/api.w.org\/{rel}","templated":true}]}}