{"id":36740,"date":"2023-12-11T13:46:06","date_gmt":"2023-12-11T12:46:06","guid":{"rendered":"https:\/\/audibax.com\/product\/202-go-black-2\/"},"modified":"2023-12-27T11:58:59","modified_gmt":"2023-12-27T10:58:59","slug":"202-go-black-2","status":"publish","type":"product","link":"https:\/\/audibax.com\/fr\/produit\/202-go-black-2\/","title":{"rendered":"202 Go Black"},"content":{"rendered":"<\/p>\n<p><strong>Audibax 202 Go<\/strong> est une console de mixage analogique avec une entr\u00e9e micro et une interface USB.<\/p>\n<ul>\n<li>1 voie mono avec combo XLR \/ 6,3 mm (micro\/ligne)<\/li>\n<li>Treble-Bass-Panorama<\/li>\n<li>Contr\u00f4le du gain et de la cr\u00eate\n<li>\n<li>1 voie mono avec combo XLR \/ 6,3 mm (micro\/ligne)<\/li>\n<li>Contr\u00f4le de la cr\u00eate et du gain\n<li>\n<li>1 voie mono avec combo XLR \/ 6,3 mm.<\/li>\n<li>Inclut une alimentation fant\u00f4me 48 V<\/li>\n<li>Sortie casque jack 3,5 mm<\/li>\n<li>Entr\u00e9e micro jack 3,5 mm<\/li>\n<li>Entr\u00e9e micro jack 3,5 mm<\/li>\n<li>Sortie alimentation fant\u00f4me 1,5 mm<\/li>\n<li>Sortie alimentation fant\u00f4me 3,5 mm<\/li>\n<li>Sortie alimentation fant\u00f4me 3,5 mm<\/li>\n<li>Sortie alimentation fant\u00f4me 3,5 mm<\/li>\n<li>Sortie alimentation fant\u00f4me 2,5 mm<\/li>\n<li>Sortie alimentation fant\u00f4me 2,5 mm<\/li>\n<li>Sortie alimentation fant\u00f4me 2,5 mm<\/li>\n<li>Sortie alimentation fant\u00f4me 2,5 mm<\/li>\n<li>Sortie alimentation fant\u00f4me 2,5 mm\n<li>\n<li>1 sortie st\u00e9r\u00e9o RCA<\/li>\n<li>interface audio USB<\/li>\n<li>alimentation USB<\/li>\n<li>R\u00e9ponse en fr\u00e9quence : 20 Hz &#8211; 22 kHz<\/li>\n<li>Rapport signal\/bruit : 80 dB<\/li>\n<li>Dimensions : 100 x 40 x 40 x 135 mm<\/li>\n<li>Poids : 430 g<\/li>\n<\/ul>\n<\/ul>\n<\/ul>\n","protected":false},"excerpt":{"rendered":"<ul>\n<li>1 canal mono avec combo XLR \/ 6,3 mm (micro\/ligne)<\/li>\n<li>Treble-Bass-Panorama<\/li>\n<li>PanoramaContr\u00f4le du gain et des cr\u00eates<\/li>\n<li>\u00c9galiseur 2 bandes<\/li>\n<li>1 canal st\u00e9r\u00e9o avec RCA (ligne)<\/li>\n<\/ul>\n<li> <\/ul>\n<\/ul>\n<\/ul>\n","protected":false},"featured_media":16736,"comment_status":"open","ping_status":"closed","template":"","meta":{"_acf_changed":false},"product_cat":[402],"product_tag":[],"class_list":{"0":"post-36740","1":"product","2":"type-product","3":"status-publish","4":"has-post-thumbnail","6":"product_cat-mixers-fr","8":"first","9":"instock","10":"shipping-taxable","11":"product-type-simple"},"acf":[],"yoast_head":"<!-- This site is optimized with the Yoast SEO plugin v27.0 - https:\/\/yoast.com\/product\/yoast-seo-wordpress\/ -->\n<title>202 Go Black - Audibax<\/title>\n<meta name=\"robots\" content=\"index, follow, max-snippet:-1, max-image-preview:large, max-video-preview:-1\" \/>\n<link rel=\"canonical\" href=\"https:\/\/audibax.com\/fr\/produit\/202-go-black-2\/\" \/>\n<meta property=\"og:locale\" content=\"fr_FR\" \/>\n<meta property=\"og:type\" content=\"article\" \/>\n<meta property=\"og:title\" content=\"202 Go Black - Audibax\" \/>\n<meta property=\"og:description\" content=\"1 canal mono avec combo XLR \/ 6,3 mm (micro\/ligne) Treble-Bass-Panorama PanoramaContr\u00f4le du gain et des cr\u00eates \u00c9galiseur 2 bandes 1 canal st\u00e9r\u00e9o avec RCA (ligne)\" \/>\n<meta property=\"og:url\" content=\"https:\/\/audibax.com\/fr\/produit\/202-go-black-2\/\" \/>\n<meta property=\"og:site_name\" content=\"Audibax\" \/>\n<meta property=\"article:modified_time\" content=\"2023-12-27T10:58:59+00:00\" \/>\n<meta name=\"twitter:card\" content=\"summary_large_image\" \/>\n<meta name=\"twitter:label1\" content=\"Dur\u00e9e de lecture estim\u00e9e\" \/>\n\t<meta name=\"twitter:data1\" content=\"1 minute\" \/>\n<script type=\"application\/ld+json\" class=\"yoast-schema-graph\">{\"@context\":\"https:\/\/schema.org\",\"@graph\":[{\"@type\":\"WebPage\",\"@id\":\"https:\/\/audibax.com\/fr\/produit\/202-go-black-2\/\",\"url\":\"https:\/\/audibax.com\/fr\/produit\/202-go-black-2\/\",\"name\":\"202 Go Black - Audibax\",\"isPartOf\":{\"@id\":\"https:\/\/audibax.com\/fr\/#website\"},\"primaryImageOfPage\":{\"@id\":\"https:\/\/audibax.com\/fr\/produit\/202-go-black-2\/#primaryimage\"},\"image\":{\"@id\":\"https:\/\/audibax.com\/fr\/produit\/202-go-black-2\/#primaryimage\"},\"thumbnailUrl\":\"https:\/\/audibax.com\/wp-content\/uploads\/2023\/12\/audibax-202-go.jpg\",\"datePublished\":\"2023-12-11T12:46:06+00:00\",\"dateModified\":\"2023-12-27T10:58:59+00:00\",\"breadcrumb\":{\"@id\":\"https:\/\/audibax.com\/fr\/produit\/202-go-black-2\/#breadcrumb\"},\"inLanguage\":\"fr-FR\",\"potentialAction\":[{\"@type\":\"ReadAction\",\"target\":[\"https:\/\/audibax.com\/fr\/produit\/202-go-black-2\/\"]}]},{\"@type\":\"ImageObject\",\"inLanguage\":\"fr-FR\",\"@id\":\"https:\/\/audibax.com\/fr\/produit\/202-go-black-2\/#primaryimage\",\"url\":\"https:\/\/audibax.com\/wp-content\/uploads\/2023\/12\/audibax-202-go.jpg\",\"contentUrl\":\"https:\/\/audibax.com\/wp-content\/uploads\/2023\/12\/audibax-202-go.jpg\",\"width\":1166,\"height\":1500},{\"@type\":\"BreadcrumbList\",\"@id\":\"https:\/\/audibax.com\/fr\/produit\/202-go-black-2\/#breadcrumb\",\"itemListElement\":[{\"@type\":\"ListItem\",\"position\":1,\"name\":\"Portada\",\"item\":\"https:\/\/audibax.com\/fr\/\"},{\"@type\":\"ListItem\",\"position\":2,\"name\":\"Produits\",\"item\":\"https:\/\/audibax.com\/fr\/shop\/\"},{\"@type\":\"ListItem\",\"position\":3,\"name\":\"202 Go Black\"}]},{\"@type\":\"WebSite\",\"@id\":\"https:\/\/audibax.com\/fr\/#website\",\"url\":\"https:\/\/audibax.com\/fr\/\",\"name\":\"Audibax\",\"description\":\"\",\"publisher\":{\"@id\":\"https:\/\/audibax.com\/fr\/#organization\"},\"potentialAction\":[{\"@type\":\"SearchAction\",\"target\":{\"@type\":\"EntryPoint\",\"urlTemplate\":\"https:\/\/audibax.com\/fr\/?s={search_term_string}\"},\"query-input\":{\"@type\":\"PropertyValueSpecification\",\"valueRequired\":true,\"valueName\":\"search_term_string\"}}],\"inLanguage\":\"fr-FR\"},{\"@type\":\"Organization\",\"@id\":\"https:\/\/audibax.com\/fr\/#organization\",\"name\":\"Audibax\",\"url\":\"https:\/\/audibax.com\/fr\/\",\"logo\":{\"@type\":\"ImageObject\",\"inLanguage\":\"fr-FR\",\"@id\":\"https:\/\/audibax.com\/fr\/#\/schema\/logo\/image\/\",\"url\":\"https:\/\/audibax.com\/wp-content\/uploads\/2023\/09\/logo-Audibax-BLANCO-SVG-1.svg\",\"contentUrl\":\"https:\/\/audibax.com\/wp-content\/uploads\/2023\/09\/logo-Audibax-BLANCO-SVG-1.svg\",\"caption\":\"Audibax\"},\"image\":{\"@id\":\"https:\/\/audibax.com\/fr\/#\/schema\/logo\/image\/\"}}]}<\/script>\n<!-- \/ Yoast SEO plugin. -->","yoast_head_json":{"title":"202 Go Black - Audibax","robots":{"index":"index","follow":"follow","max-snippet":"max-snippet:-1","max-image-preview":"max-image-preview:large","max-video-preview":"max-video-preview:-1"},"canonical":"https:\/\/audibax.com\/fr\/produit\/202-go-black-2\/","og_locale":"fr_FR","og_type":"article","og_title":"202 Go Black - Audibax","og_description":"1 canal mono avec combo XLR \/ 6,3 mm (micro\/ligne) Treble-Bass-Panorama PanoramaContr\u00f4le du gain et des cr\u00eates \u00c9galiseur 2 bandes 1 canal st\u00e9r\u00e9o avec RCA (ligne)","og_url":"https:\/\/audibax.com\/fr\/produit\/202-go-black-2\/","og_site_name":"Audibax","article_modified_time":"2023-12-27T10:58:59+00:00","twitter_card":"summary_large_image","twitter_misc":{"Dur\u00e9e de lecture estim\u00e9e":"1 minute"},"schema":{"@context":"https:\/\/schema.org","@graph":[{"@type":"WebPage","@id":"https:\/\/audibax.com\/fr\/produit\/202-go-black-2\/","url":"https:\/\/audibax.com\/fr\/produit\/202-go-black-2\/","name":"202 Go Black - Audibax","isPartOf":{"@id":"https:\/\/audibax.com\/fr\/#website"},"primaryImageOfPage":{"@id":"https:\/\/audibax.com\/fr\/produit\/202-go-black-2\/#primaryimage"},"image":{"@id":"https:\/\/audibax.com\/fr\/produit\/202-go-black-2\/#primaryimage"},"thumbnailUrl":"https:\/\/audibax.com\/wp-content\/uploads\/2023\/12\/audibax-202-go.jpg","datePublished":"2023-12-11T12:46:06+00:00","dateModified":"2023-12-27T10:58:59+00:00","breadcrumb":{"@id":"https:\/\/audibax.com\/fr\/produit\/202-go-black-2\/#breadcrumb"},"inLanguage":"fr-FR","potentialAction":[{"@type":"ReadAction","target":["https:\/\/audibax.com\/fr\/produit\/202-go-black-2\/"]}]},{"@type":"ImageObject","inLanguage":"fr-FR","@id":"https:\/\/audibax.com\/fr\/produit\/202-go-black-2\/#primaryimage","url":"https:\/\/audibax.com\/wp-content\/uploads\/2023\/12\/audibax-202-go.jpg","contentUrl":"https:\/\/audibax.com\/wp-content\/uploads\/2023\/12\/audibax-202-go.jpg","width":1166,"height":1500},{"@type":"BreadcrumbList","@id":"https:\/\/audibax.com\/fr\/produit\/202-go-black-2\/#breadcrumb","itemListElement":[{"@type":"ListItem","position":1,"name":"Portada","item":"https:\/\/audibax.com\/fr\/"},{"@type":"ListItem","position":2,"name":"Produits","item":"https:\/\/audibax.com\/fr\/shop\/"},{"@type":"ListItem","position":3,"name":"202 Go Black"}]},{"@type":"WebSite","@id":"https:\/\/audibax.com\/fr\/#website","url":"https:\/\/audibax.com\/fr\/","name":"Audibax","description":"","publisher":{"@id":"https:\/\/audibax.com\/fr\/#organization"},"potentialAction":[{"@type":"SearchAction","target":{"@type":"EntryPoint","urlTemplate":"https:\/\/audibax.com\/fr\/?s={search_term_string}"},"query-input":{"@type":"PropertyValueSpecification","valueRequired":true,"valueName":"search_term_string"}}],"inLanguage":"fr-FR"},{"@type":"Organization","@id":"https:\/\/audibax.com\/fr\/#organization","name":"Audibax","url":"https:\/\/audibax.com\/fr\/","logo":{"@type":"ImageObject","inLanguage":"fr-FR","@id":"https:\/\/audibax.com\/fr\/#\/schema\/logo\/image\/","url":"https:\/\/audibax.com\/wp-content\/uploads\/2023\/09\/logo-Audibax-BLANCO-SVG-1.svg","contentUrl":"https:\/\/audibax.com\/wp-content\/uploads\/2023\/09\/logo-Audibax-BLANCO-SVG-1.svg","caption":"Audibax"},"image":{"@id":"https:\/\/audibax.com\/fr\/#\/schema\/logo\/image\/"}}]}},"_links":{"self":[{"href":"https:\/\/audibax.com\/fr\/wp-json\/wp\/v2\/product\/36740","targetHints":{"allow":["GET"]}}],"collection":[{"href":"https:\/\/audibax.com\/fr\/wp-json\/wp\/v2\/product"}],"about":[{"href":"https:\/\/audibax.com\/fr\/wp-json\/wp\/v2\/types\/product"}],"replies":[{"embeddable":true,"href":"https:\/\/audibax.com\/fr\/wp-json\/wp\/v2\/comments?post=36740"}],"wp:featuredmedia":[{"embeddable":true,"href":"https:\/\/audibax.com\/fr\/wp-json\/wp\/v2\/media\/16736"}],"wp:attachment":[{"href":"https:\/\/audibax.com\/fr\/wp-json\/wp\/v2\/media?parent=36740"}],"wp:term":[{"taxonomy":"product_cat","embeddable":true,"href":"https:\/\/audibax.com\/fr\/wp-json\/wp\/v2\/product_cat?post=36740"},{"taxonomy":"product_tag","embeddable":true,"href":"https:\/\/audibax.com\/fr\/wp-json\/wp\/v2\/product_tag?post=36740"}],"curies":[{"name":"wp","href":"https:\/\/api.w.org\/{rel}","templated":true}]}}