{"id":36739,"date":"2023-12-11T13:46:03","date_gmt":"2023-12-11T12:46:03","guid":{"rendered":"https:\/\/audibax.com\/product\/1202-fx-usb-black-2\/"},"modified":"2023-12-27T11:58:58","modified_gmt":"2023-12-27T10:58:58","slug":"1202-fx-usb-black-2","status":"publish","type":"product","link":"https:\/\/audibax.com\/fr\/produit\/1202-fx-usb-black-2\/","title":{"rendered":"1202 FX USB Black"},"content":{"rendered":"<\/p>\n<p><strong>Audibax 1202 FX USB<\/strong>. Console de mixage analogique 12 canaux et interface audio USB avec processeur d&rsquo;effets int\u00e9gr\u00e9. <\/p>\n<ul>\n<li>Console de mixage analogique 12 canaux.<\/li>\n<li>Avec processeur d&rsquo;effets int\u00e9gr\u00e9<\/li>\n<li>Interface audio USB<\/li>\n<li>4 entr\u00e9es micro avec alimentation fant\u00f4me.2 prises<\/li>\n<li>Entr\u00e9e suppl\u00e9mentaire via RCA (entr\u00e9e\/sortie 2 pistes)<\/li>\n<li>Entr\u00e9e salaire via RCA (entr\u00e9e\/sortie 2 pistes)<\/li>\n<li>Sortie salaire via RCA (entr\u00e9e\/sortie 2 pistes)<\/li>\n<li>Sortie salaire via RCA (entr\u00e9e\/sortie 2 pistes)<\/li>\n<li>Sortie salaire via RCA (entr\u00e9e\/sortie 2 pistes).\n<li>\n<li>Sortie casque r\u00e9glable ind\u00e9pendamment<\/li>\n<li>Alimentation externe<\/li>\n<\/ul>\n<li> <\/ul>\n<li>Alimentation \u00e9lectrique<br \/>\n","protected":false},"excerpt":{"rendered":"<ul>\n<li>Console de mixage analogique \u00e0 12 canaux.<\/li>\n<li>Avec processeur d&rsquo;effets int\u00e9gr\u00e9<\/li>\n<li>Interface audio USB<\/li>\n<li>4 entr\u00e9es micro avec alimentation fant\u00f4me commutable<\/li>\n<li>4 entr\u00e9es micro avec alimentation fant\u00f4me<\/li>\n<li>Alimentation fant\u00f4me commutable.alimentation fant\u00f4me commutable<\/li>\n<li>\u00c9qualiseur 3 bandes et balance<\/li>\n<\/ul>\n<li>Analyseur<\/li>\n<\/ul>\n<li>Analyseur et balance<\/li>\n<\/ul>\n<ul>\n<ul>\n<ul><\/ul>\n<ul>\n<ul>\n<ul>\n<ul>\n<ul>\n<ul>\n<ul>\n<ul>\n<ul>\n<ul>\n<ul>\n<ul>\n<ul>\n<ul>\n<ul>\n<ul>.<\/p>\n","protected":false},"featured_media":16760,"comment_status":"open","ping_status":"closed","template":"","meta":{"_acf_changed":false},"product_cat":[402],"product_tag":[],"class_list":{"0":"post-36739","1":"product","2":"type-product","3":"status-publish","4":"has-post-thumbnail","6":"product_cat-mixers-fr","8":"first","9":"instock","10":"shipping-taxable","11":"product-type-simple"},"acf":[],"yoast_head":"<!-- This site is optimized with the Yoast SEO plugin v27.0 - https:\/\/yoast.com\/product\/yoast-seo-wordpress\/ -->\n<title>1202 FX USB Black - Audibax<\/title>\n<meta name=\"robots\" content=\"index, follow, max-snippet:-1, max-image-preview:large, max-video-preview:-1\" \/>\n<link rel=\"canonical\" href=\"https:\/\/audibax.com\/fr\/produit\/1202-fx-usb-black-2\/\" \/>\n<meta property=\"og:locale\" content=\"fr_FR\" \/>\n<meta property=\"og:type\" content=\"article\" \/>\n<meta property=\"og:title\" content=\"1202 FX USB Black - Audibax\" \/>\n<meta property=\"og:description\" content=\"Console de mixage analogique \u00e0 12 canaux. Avec processeur d&#039;effets int\u00e9gr\u00e9 Interface audio USB 4 entr\u00e9es micro avec alimentation fant\u00f4me commutable 4 entr\u00e9es micro avec alimentation fant\u00f4me Alimentation fant\u00f4me commutable.alimentation fant\u00f4me commutable \u00c9qualiseur 3 bandes et balance Analyseur Analyseur et balance          .\" \/>\n<meta property=\"og:url\" content=\"https:\/\/audibax.com\/fr\/produit\/1202-fx-usb-black-2\/\" \/>\n<meta property=\"og:site_name\" content=\"Audibax\" \/>\n<meta property=\"article:modified_time\" content=\"2023-12-27T10:58:58+00:00\" \/>\n<meta name=\"twitter:card\" content=\"summary_large_image\" \/>\n<script type=\"application\/ld+json\" class=\"yoast-schema-graph\">{\"@context\":\"https:\/\/schema.org\",\"@graph\":[{\"@type\":\"WebPage\",\"@id\":\"https:\/\/audibax.com\/fr\/produit\/1202-fx-usb-black-2\/\",\"url\":\"https:\/\/audibax.com\/fr\/produit\/1202-fx-usb-black-2\/\",\"name\":\"1202 FX USB Black - Audibax\",\"isPartOf\":{\"@id\":\"https:\/\/audibax.com\/fr\/#website\"},\"primaryImageOfPage\":{\"@id\":\"https:\/\/audibax.com\/fr\/produit\/1202-fx-usb-black-2\/#primaryimage\"},\"image\":{\"@id\":\"https:\/\/audibax.com\/fr\/produit\/1202-fx-usb-black-2\/#primaryimage\"},\"thumbnailUrl\":\"https:\/\/audibax.com\/wp-content\/uploads\/2023\/12\/audibax-1202-fx-usb-mesa-mezclas.jpg\",\"datePublished\":\"2023-12-11T12:46:03+00:00\",\"dateModified\":\"2023-12-27T10:58:58+00:00\",\"breadcrumb\":{\"@id\":\"https:\/\/audibax.com\/fr\/produit\/1202-fx-usb-black-2\/#breadcrumb\"},\"inLanguage\":\"fr-FR\",\"potentialAction\":[{\"@type\":\"ReadAction\",\"target\":[\"https:\/\/audibax.com\/fr\/produit\/1202-fx-usb-black-2\/\"]}]},{\"@type\":\"ImageObject\",\"inLanguage\":\"fr-FR\",\"@id\":\"https:\/\/audibax.com\/fr\/produit\/1202-fx-usb-black-2\/#primaryimage\",\"url\":\"https:\/\/audibax.com\/wp-content\/uploads\/2023\/12\/audibax-1202-fx-usb-mesa-mezclas.jpg\",\"contentUrl\":\"https:\/\/audibax.com\/wp-content\/uploads\/2023\/12\/audibax-1202-fx-usb-mesa-mezclas.jpg\",\"width\":1500,\"height\":1291},{\"@type\":\"BreadcrumbList\",\"@id\":\"https:\/\/audibax.com\/fr\/produit\/1202-fx-usb-black-2\/#breadcrumb\",\"itemListElement\":[{\"@type\":\"ListItem\",\"position\":1,\"name\":\"Portada\",\"item\":\"https:\/\/audibax.com\/fr\/\"},{\"@type\":\"ListItem\",\"position\":2,\"name\":\"Produits\",\"item\":\"https:\/\/audibax.com\/fr\/shop\/\"},{\"@type\":\"ListItem\",\"position\":3,\"name\":\"1202 FX USB Black\"}]},{\"@type\":\"WebSite\",\"@id\":\"https:\/\/audibax.com\/fr\/#website\",\"url\":\"https:\/\/audibax.com\/fr\/\",\"name\":\"Audibax\",\"description\":\"\",\"publisher\":{\"@id\":\"https:\/\/audibax.com\/fr\/#organization\"},\"potentialAction\":[{\"@type\":\"SearchAction\",\"target\":{\"@type\":\"EntryPoint\",\"urlTemplate\":\"https:\/\/audibax.com\/fr\/?s={search_term_string}\"},\"query-input\":{\"@type\":\"PropertyValueSpecification\",\"valueRequired\":true,\"valueName\":\"search_term_string\"}}],\"inLanguage\":\"fr-FR\"},{\"@type\":\"Organization\",\"@id\":\"https:\/\/audibax.com\/fr\/#organization\",\"name\":\"Audibax\",\"url\":\"https:\/\/audibax.com\/fr\/\",\"logo\":{\"@type\":\"ImageObject\",\"inLanguage\":\"fr-FR\",\"@id\":\"https:\/\/audibax.com\/fr\/#\/schema\/logo\/image\/\",\"url\":\"https:\/\/audibax.com\/wp-content\/uploads\/2023\/09\/logo-Audibax-BLANCO-SVG-1.svg\",\"contentUrl\":\"https:\/\/audibax.com\/wp-content\/uploads\/2023\/09\/logo-Audibax-BLANCO-SVG-1.svg\",\"caption\":\"Audibax\"},\"image\":{\"@id\":\"https:\/\/audibax.com\/fr\/#\/schema\/logo\/image\/\"}}]}<\/script>\n<!-- \/ Yoast SEO plugin. -->","yoast_head_json":{"title":"1202 FX USB Black - Audibax","robots":{"index":"index","follow":"follow","max-snippet":"max-snippet:-1","max-image-preview":"max-image-preview:large","max-video-preview":"max-video-preview:-1"},"canonical":"https:\/\/audibax.com\/fr\/produit\/1202-fx-usb-black-2\/","og_locale":"fr_FR","og_type":"article","og_title":"1202 FX USB Black - Audibax","og_description":"Console de mixage analogique \u00e0 12 canaux. Avec processeur d'effets int\u00e9gr\u00e9 Interface audio USB 4 entr\u00e9es micro avec alimentation fant\u00f4me commutable 4 entr\u00e9es micro avec alimentation fant\u00f4me Alimentation fant\u00f4me commutable.alimentation fant\u00f4me commutable \u00c9qualiseur 3 bandes et balance Analyseur Analyseur et balance          .","og_url":"https:\/\/audibax.com\/fr\/produit\/1202-fx-usb-black-2\/","og_site_name":"Audibax","article_modified_time":"2023-12-27T10:58:58+00:00","twitter_card":"summary_large_image","schema":{"@context":"https:\/\/schema.org","@graph":[{"@type":"WebPage","@id":"https:\/\/audibax.com\/fr\/produit\/1202-fx-usb-black-2\/","url":"https:\/\/audibax.com\/fr\/produit\/1202-fx-usb-black-2\/","name":"1202 FX USB Black - Audibax","isPartOf":{"@id":"https:\/\/audibax.com\/fr\/#website"},"primaryImageOfPage":{"@id":"https:\/\/audibax.com\/fr\/produit\/1202-fx-usb-black-2\/#primaryimage"},"image":{"@id":"https:\/\/audibax.com\/fr\/produit\/1202-fx-usb-black-2\/#primaryimage"},"thumbnailUrl":"https:\/\/audibax.com\/wp-content\/uploads\/2023\/12\/audibax-1202-fx-usb-mesa-mezclas.jpg","datePublished":"2023-12-11T12:46:03+00:00","dateModified":"2023-12-27T10:58:58+00:00","breadcrumb":{"@id":"https:\/\/audibax.com\/fr\/produit\/1202-fx-usb-black-2\/#breadcrumb"},"inLanguage":"fr-FR","potentialAction":[{"@type":"ReadAction","target":["https:\/\/audibax.com\/fr\/produit\/1202-fx-usb-black-2\/"]}]},{"@type":"ImageObject","inLanguage":"fr-FR","@id":"https:\/\/audibax.com\/fr\/produit\/1202-fx-usb-black-2\/#primaryimage","url":"https:\/\/audibax.com\/wp-content\/uploads\/2023\/12\/audibax-1202-fx-usb-mesa-mezclas.jpg","contentUrl":"https:\/\/audibax.com\/wp-content\/uploads\/2023\/12\/audibax-1202-fx-usb-mesa-mezclas.jpg","width":1500,"height":1291},{"@type":"BreadcrumbList","@id":"https:\/\/audibax.com\/fr\/produit\/1202-fx-usb-black-2\/#breadcrumb","itemListElement":[{"@type":"ListItem","position":1,"name":"Portada","item":"https:\/\/audibax.com\/fr\/"},{"@type":"ListItem","position":2,"name":"Produits","item":"https:\/\/audibax.com\/fr\/shop\/"},{"@type":"ListItem","position":3,"name":"1202 FX USB Black"}]},{"@type":"WebSite","@id":"https:\/\/audibax.com\/fr\/#website","url":"https:\/\/audibax.com\/fr\/","name":"Audibax","description":"","publisher":{"@id":"https:\/\/audibax.com\/fr\/#organization"},"potentialAction":[{"@type":"SearchAction","target":{"@type":"EntryPoint","urlTemplate":"https:\/\/audibax.com\/fr\/?s={search_term_string}"},"query-input":{"@type":"PropertyValueSpecification","valueRequired":true,"valueName":"search_term_string"}}],"inLanguage":"fr-FR"},{"@type":"Organization","@id":"https:\/\/audibax.com\/fr\/#organization","name":"Audibax","url":"https:\/\/audibax.com\/fr\/","logo":{"@type":"ImageObject","inLanguage":"fr-FR","@id":"https:\/\/audibax.com\/fr\/#\/schema\/logo\/image\/","url":"https:\/\/audibax.com\/wp-content\/uploads\/2023\/09\/logo-Audibax-BLANCO-SVG-1.svg","contentUrl":"https:\/\/audibax.com\/wp-content\/uploads\/2023\/09\/logo-Audibax-BLANCO-SVG-1.svg","caption":"Audibax"},"image":{"@id":"https:\/\/audibax.com\/fr\/#\/schema\/logo\/image\/"}}]}},"_links":{"self":[{"href":"https:\/\/audibax.com\/fr\/wp-json\/wp\/v2\/product\/36739","targetHints":{"allow":["GET"]}}],"collection":[{"href":"https:\/\/audibax.com\/fr\/wp-json\/wp\/v2\/product"}],"about":[{"href":"https:\/\/audibax.com\/fr\/wp-json\/wp\/v2\/types\/product"}],"replies":[{"embeddable":true,"href":"https:\/\/audibax.com\/fr\/wp-json\/wp\/v2\/comments?post=36739"}],"wp:featuredmedia":[{"embeddable":true,"href":"https:\/\/audibax.com\/fr\/wp-json\/wp\/v2\/media\/16760"}],"wp:attachment":[{"href":"https:\/\/audibax.com\/fr\/wp-json\/wp\/v2\/media?parent=36739"}],"wp:term":[{"taxonomy":"product_cat","embeddable":true,"href":"https:\/\/audibax.com\/fr\/wp-json\/wp\/v2\/product_cat?post=36739"},{"taxonomy":"product_tag","embeddable":true,"href":"https:\/\/audibax.com\/fr\/wp-json\/wp\/v2\/product_tag?post=36739"}],"curies":[{"name":"wp","href":"https:\/\/api.w.org\/{rel}","templated":true}]}}