{"id":36732,"date":"2023-12-11T13:45:34","date_gmt":"2023-12-11T12:45:34","guid":{"rendered":"https:\/\/audibax.com\/product\/mg04-usb-black-2\/"},"modified":"2023-12-27T11:58:50","modified_gmt":"2023-12-27T10:58:50","slug":"mg04-usb-black-2","status":"publish","type":"product","link":"https:\/\/audibax.com\/fr\/produit\/mg04-usb-black-2\/","title":{"rendered":"MG04 USB Black"},"content":{"rendered":"<\/p>\n<p>Audibax MG04 USB, Table de mixage avec 4 canaux <strong>Bluetooth<\/strong>, MP3 , <strong>USB Rec et EFFECTS.<\/strong><\/p>\n<p>Audibax MG04-USB est une table de mixage avec <strong>connexion Bluetooth<\/strong>, <strong>Bluetooth<\/strong>, <strong>Musique et MP3<\/strong>, <strong>Bluetooth<\/strong>, <strong>Music Rec et EFFECTS<\/strong>.strong>Lecture MP3<\/strong>, avec commandes rotatives pr\u00e9cises et <strong>carte son interne (non compatible avec MacOS).<\/strong><\/p>\n<p>La table de mixage MG04-USB d&rsquo;Audibax<\/strong> dispose de 4 canaux r\u00e9partis en 2 entr\u00e9es MIC\/LINE, 1 entr\u00e9e LINE st\u00e9r\u00e9o, 1 entr\u00e9e MP3, 1 entr\u00e9e MP3, 1 entr\u00e9e MP3 et 1 entr\u00e9e MP3 ;<\/p>\n<p>Parmi ses vertus remarquables, on trouve le <strong>DSP Multi-effects<\/strong> avec indicateur LED et <strong>l&rsquo;entr\u00e9e USB (lecteur \/ enregistreur).<\/strong><\/p>\n<p> <strong>Caract\u00e9ristiques techniques Audibax MG04-USB<\/strong><\/strong><\/p>\n<ul>\n<li>Nr.nombre d&rsquo;entr\u00e9es 4 canaux<\/li>\n<li><strong>Connexion par Bluetooth<\/strong> d&rsquo;un t\u00e9l\u00e9phone portable ou de tout autre appareil.<\/li>\n<li><strong>Lecture MP3<\/strong> avec la connexion de <strong>Pendrive<\/strong> ou de tout ordinateur.<\/strong><\/strong><\/li>\n<li><strong>Connexion USB pour l&rsquo;enregistrement<\/strong> sur cl\u00e9 USB et ordinateur<\/li>\n<li>\n<li>\n<li>\n<li><strong>Alimentation \u00e9lectrique<\/strong>.li> <strong>Processeur multi-effets DSP<\/strong> 16 bits avec indicateur d&rsquo;affichage<\/li>\n<li>Indicateur LED pour les cr\u00eates sur tous les canaux.<\/li>\n<li>Contr\u00f4les rotatifs de haute pr\u00e9cision et r\u00e9sistance<\/li>\n<li>Contr\u00f4les des graves, des m\u00e9diums et des aigus.<\/li>\n<li><strong>Alimentation fant\u00f4me<\/strong> 48 Volts par canal d&rsquo;entr\u00e9e<\/li>\n<\/ul>\n<\/ul>\n<p><strong>Audibax MG04-US entr\u00e9es<\/strong> <\/p>\n<li><\/ul>\n<p><strong>Audibax MG04-US entr\u00e9es.Entr\u00e9es Audibax MG04-USB<\/strong><\/strong><\/p>\n<ul>\n<ul>\n<li>2 entr\u00e9es Mono MIC\/LINE<\/li>\n<li>1 entr\u00e9e st\u00e9r\u00e9o LINE<\/li>\n<li>1 entr\u00e9e USB Player\/Line<\/li>\n<li>1 entr\u00e9e USB Player\/Recorder<\/li>\n<li>1 entr\u00e9e USB Player\/Recorder<\/li>\n<li>1 entr\u00e9e USB Player\/Recorder<\/li>\n<li>1 entr\u00e9e USB Player\/Recorder.li>1 Entr\u00e9e lecteur\/enregistreur USB<\/li>\n<\/ul>\n<p><strong>Audibax MG04-USB Sorties<\/strong><\/p>\n<ul>\n<ul>\n<li>1 Sortie Master Est&eacute;reo<\/li>\n<li>1 Entr\u00e9e Master Est&eacute;reo<\/li>\n<ul>\n<ul>\n<li>1 Master L&eacute;e.<\/li>\n<li>1 Sortie retour<\/li>\n<li>1 Sortie casque<\/li>\n<li>1 Sortie st\u00e9r\u00e9o pour moniteurs.<\/li>\n<\/ul>\n<p>&nbsp;<\/p>\n<p><img decoding=\"async\" alt=\"\" src=\"\/crm\/documents\/fckeditor\/image\/Audibax-MG04-Mixer-bluetooth-usb-phanttom.jpg\" style=\"height:1000px ; width:917px\" \/><\/p>\n<p>.<\/p>\n","protected":false},"excerpt":{"rendered":"<\/p>\n<p>Table de mixage Bluetooth Audibax<\/p>\n<p>La table de mixage Bluetooth<\/p>\n","protected":false},"featured_media":17306,"comment_status":"open","ping_status":"closed","template":"","meta":{"_acf_changed":false},"product_cat":[402],"product_tag":[],"class_list":{"0":"post-36732","1":"product","2":"type-product","3":"status-publish","4":"has-post-thumbnail","6":"product_cat-mixers-fr","8":"first","9":"instock","10":"shipping-taxable","11":"product-type-simple"},"acf":[],"yoast_head":"<!-- This site is optimized with the Yoast SEO plugin v27.0 - https:\/\/yoast.com\/product\/yoast-seo-wordpress\/ -->\n<title>MG04 USB Black - Audibax<\/title>\n<meta name=\"robots\" content=\"index, follow, max-snippet:-1, max-image-preview:large, max-video-preview:-1\" \/>\n<link rel=\"canonical\" href=\"https:\/\/audibax.com\/fr\/produit\/mg04-usb-black-2\/\" \/>\n<meta property=\"og:locale\" content=\"fr_FR\" \/>\n<meta property=\"og:type\" content=\"article\" \/>\n<meta property=\"og:title\" content=\"MG04 USB Black - Audibax\" \/>\n<meta property=\"og:description\" content=\"Table de mixage Bluetooth Audibax La table de mixage Bluetooth\" \/>\n<meta property=\"og:url\" content=\"https:\/\/audibax.com\/fr\/produit\/mg04-usb-black-2\/\" \/>\n<meta property=\"og:site_name\" content=\"Audibax\" \/>\n<meta property=\"article:modified_time\" content=\"2023-12-27T10:58:50+00:00\" \/>\n<meta name=\"twitter:card\" content=\"summary_large_image\" \/>\n<meta name=\"twitter:label1\" content=\"Dur\u00e9e de lecture estim\u00e9e\" \/>\n\t<meta name=\"twitter:data1\" content=\"1 minute\" \/>\n<script type=\"application\/ld+json\" class=\"yoast-schema-graph\">{\"@context\":\"https:\/\/schema.org\",\"@graph\":[{\"@type\":\"WebPage\",\"@id\":\"https:\/\/audibax.com\/fr\/produit\/mg04-usb-black-2\/\",\"url\":\"https:\/\/audibax.com\/fr\/produit\/mg04-usb-black-2\/\",\"name\":\"MG04 USB Black - Audibax\",\"isPartOf\":{\"@id\":\"https:\/\/audibax.com\/fr\/#website\"},\"primaryImageOfPage\":{\"@id\":\"https:\/\/audibax.com\/fr\/produit\/mg04-usb-black-2\/#primaryimage\"},\"image\":{\"@id\":\"https:\/\/audibax.com\/fr\/produit\/mg04-usb-black-2\/#primaryimage\"},\"thumbnailUrl\":\"https:\/\/audibax.com\/wp-content\/uploads\/2023\/12\/audibax-mg04-usb-mezcladora-con-bluetooth-mp3-4-canales.jpg\",\"datePublished\":\"2023-12-11T12:45:34+00:00\",\"dateModified\":\"2023-12-27T10:58:50+00:00\",\"breadcrumb\":{\"@id\":\"https:\/\/audibax.com\/fr\/produit\/mg04-usb-black-2\/#breadcrumb\"},\"inLanguage\":\"fr-FR\",\"potentialAction\":[{\"@type\":\"ReadAction\",\"target\":[\"https:\/\/audibax.com\/fr\/produit\/mg04-usb-black-2\/\"]}]},{\"@type\":\"ImageObject\",\"inLanguage\":\"fr-FR\",\"@id\":\"https:\/\/audibax.com\/fr\/produit\/mg04-usb-black-2\/#primaryimage\",\"url\":\"https:\/\/audibax.com\/wp-content\/uploads\/2023\/12\/audibax-mg04-usb-mezcladora-con-bluetooth-mp3-4-canales.jpg\",\"contentUrl\":\"https:\/\/audibax.com\/wp-content\/uploads\/2023\/12\/audibax-mg04-usb-mezcladora-con-bluetooth-mp3-4-canales.jpg\",\"width\":900,\"height\":1000},{\"@type\":\"BreadcrumbList\",\"@id\":\"https:\/\/audibax.com\/fr\/produit\/mg04-usb-black-2\/#breadcrumb\",\"itemListElement\":[{\"@type\":\"ListItem\",\"position\":1,\"name\":\"Portada\",\"item\":\"https:\/\/audibax.com\/fr\/\"},{\"@type\":\"ListItem\",\"position\":2,\"name\":\"Produits\",\"item\":\"https:\/\/audibax.com\/fr\/shop\/\"},{\"@type\":\"ListItem\",\"position\":3,\"name\":\"MG04 USB Black\"}]},{\"@type\":\"WebSite\",\"@id\":\"https:\/\/audibax.com\/fr\/#website\",\"url\":\"https:\/\/audibax.com\/fr\/\",\"name\":\"Audibax\",\"description\":\"\",\"publisher\":{\"@id\":\"https:\/\/audibax.com\/fr\/#organization\"},\"potentialAction\":[{\"@type\":\"SearchAction\",\"target\":{\"@type\":\"EntryPoint\",\"urlTemplate\":\"https:\/\/audibax.com\/fr\/?s={search_term_string}\"},\"query-input\":{\"@type\":\"PropertyValueSpecification\",\"valueRequired\":true,\"valueName\":\"search_term_string\"}}],\"inLanguage\":\"fr-FR\"},{\"@type\":\"Organization\",\"@id\":\"https:\/\/audibax.com\/fr\/#organization\",\"name\":\"Audibax\",\"url\":\"https:\/\/audibax.com\/fr\/\",\"logo\":{\"@type\":\"ImageObject\",\"inLanguage\":\"fr-FR\",\"@id\":\"https:\/\/audibax.com\/fr\/#\/schema\/logo\/image\/\",\"url\":\"https:\/\/audibax.com\/wp-content\/uploads\/2023\/09\/logo-Audibax-BLANCO-SVG-1.svg\",\"contentUrl\":\"https:\/\/audibax.com\/wp-content\/uploads\/2023\/09\/logo-Audibax-BLANCO-SVG-1.svg\",\"caption\":\"Audibax\"},\"image\":{\"@id\":\"https:\/\/audibax.com\/fr\/#\/schema\/logo\/image\/\"}}]}<\/script>\n<!-- \/ Yoast SEO plugin. -->","yoast_head_json":{"title":"MG04 USB Black - Audibax","robots":{"index":"index","follow":"follow","max-snippet":"max-snippet:-1","max-image-preview":"max-image-preview:large","max-video-preview":"max-video-preview:-1"},"canonical":"https:\/\/audibax.com\/fr\/produit\/mg04-usb-black-2\/","og_locale":"fr_FR","og_type":"article","og_title":"MG04 USB Black - Audibax","og_description":"Table de mixage Bluetooth Audibax La table de mixage Bluetooth","og_url":"https:\/\/audibax.com\/fr\/produit\/mg04-usb-black-2\/","og_site_name":"Audibax","article_modified_time":"2023-12-27T10:58:50+00:00","twitter_card":"summary_large_image","twitter_misc":{"Dur\u00e9e de lecture estim\u00e9e":"1 minute"},"schema":{"@context":"https:\/\/schema.org","@graph":[{"@type":"WebPage","@id":"https:\/\/audibax.com\/fr\/produit\/mg04-usb-black-2\/","url":"https:\/\/audibax.com\/fr\/produit\/mg04-usb-black-2\/","name":"MG04 USB Black - Audibax","isPartOf":{"@id":"https:\/\/audibax.com\/fr\/#website"},"primaryImageOfPage":{"@id":"https:\/\/audibax.com\/fr\/produit\/mg04-usb-black-2\/#primaryimage"},"image":{"@id":"https:\/\/audibax.com\/fr\/produit\/mg04-usb-black-2\/#primaryimage"},"thumbnailUrl":"https:\/\/audibax.com\/wp-content\/uploads\/2023\/12\/audibax-mg04-usb-mezcladora-con-bluetooth-mp3-4-canales.jpg","datePublished":"2023-12-11T12:45:34+00:00","dateModified":"2023-12-27T10:58:50+00:00","breadcrumb":{"@id":"https:\/\/audibax.com\/fr\/produit\/mg04-usb-black-2\/#breadcrumb"},"inLanguage":"fr-FR","potentialAction":[{"@type":"ReadAction","target":["https:\/\/audibax.com\/fr\/produit\/mg04-usb-black-2\/"]}]},{"@type":"ImageObject","inLanguage":"fr-FR","@id":"https:\/\/audibax.com\/fr\/produit\/mg04-usb-black-2\/#primaryimage","url":"https:\/\/audibax.com\/wp-content\/uploads\/2023\/12\/audibax-mg04-usb-mezcladora-con-bluetooth-mp3-4-canales.jpg","contentUrl":"https:\/\/audibax.com\/wp-content\/uploads\/2023\/12\/audibax-mg04-usb-mezcladora-con-bluetooth-mp3-4-canales.jpg","width":900,"height":1000},{"@type":"BreadcrumbList","@id":"https:\/\/audibax.com\/fr\/produit\/mg04-usb-black-2\/#breadcrumb","itemListElement":[{"@type":"ListItem","position":1,"name":"Portada","item":"https:\/\/audibax.com\/fr\/"},{"@type":"ListItem","position":2,"name":"Produits","item":"https:\/\/audibax.com\/fr\/shop\/"},{"@type":"ListItem","position":3,"name":"MG04 USB Black"}]},{"@type":"WebSite","@id":"https:\/\/audibax.com\/fr\/#website","url":"https:\/\/audibax.com\/fr\/","name":"Audibax","description":"","publisher":{"@id":"https:\/\/audibax.com\/fr\/#organization"},"potentialAction":[{"@type":"SearchAction","target":{"@type":"EntryPoint","urlTemplate":"https:\/\/audibax.com\/fr\/?s={search_term_string}"},"query-input":{"@type":"PropertyValueSpecification","valueRequired":true,"valueName":"search_term_string"}}],"inLanguage":"fr-FR"},{"@type":"Organization","@id":"https:\/\/audibax.com\/fr\/#organization","name":"Audibax","url":"https:\/\/audibax.com\/fr\/","logo":{"@type":"ImageObject","inLanguage":"fr-FR","@id":"https:\/\/audibax.com\/fr\/#\/schema\/logo\/image\/","url":"https:\/\/audibax.com\/wp-content\/uploads\/2023\/09\/logo-Audibax-BLANCO-SVG-1.svg","contentUrl":"https:\/\/audibax.com\/wp-content\/uploads\/2023\/09\/logo-Audibax-BLANCO-SVG-1.svg","caption":"Audibax"},"image":{"@id":"https:\/\/audibax.com\/fr\/#\/schema\/logo\/image\/"}}]}},"_links":{"self":[{"href":"https:\/\/audibax.com\/fr\/wp-json\/wp\/v2\/product\/36732","targetHints":{"allow":["GET"]}}],"collection":[{"href":"https:\/\/audibax.com\/fr\/wp-json\/wp\/v2\/product"}],"about":[{"href":"https:\/\/audibax.com\/fr\/wp-json\/wp\/v2\/types\/product"}],"replies":[{"embeddable":true,"href":"https:\/\/audibax.com\/fr\/wp-json\/wp\/v2\/comments?post=36732"}],"wp:featuredmedia":[{"embeddable":true,"href":"https:\/\/audibax.com\/fr\/wp-json\/wp\/v2\/media\/17306"}],"wp:attachment":[{"href":"https:\/\/audibax.com\/fr\/wp-json\/wp\/v2\/media?parent=36732"}],"wp:term":[{"taxonomy":"product_cat","embeddable":true,"href":"https:\/\/audibax.com\/fr\/wp-json\/wp\/v2\/product_cat?post=36732"},{"taxonomy":"product_tag","embeddable":true,"href":"https:\/\/audibax.com\/fr\/wp-json\/wp\/v2\/product_tag?post=36732"}],"curies":[{"name":"wp","href":"https:\/\/api.w.org\/{rel}","templated":true}]}}