{"id":36731,"date":"2023-12-11T13:45:31","date_gmt":"2023-12-11T12:45:31","guid":{"rendered":"https:\/\/audibax.com\/product\/mg06-usb-black-2\/"},"modified":"2023-12-27T11:58:50","modified_gmt":"2023-12-27T10:58:50","slug":"mg06-usb-black-2","status":"publish","type":"product","link":"https:\/\/audibax.com\/fr\/produit\/mg06-usb-black-2\/","title":{"rendered":"MG06 USB Black"},"content":{"rendered":"<\/p>\n<p>Audibax MG06 USB, table de mixage 6 canaux avec <strong>Bluetooth<\/strong>, MP3 ,<strong>USB Rec and EFFECTS<\/strong><\/p>\n<p>Audibax MG06-USB est une table de mixage avec <strong>Bluetooth<\/strong>, <strong>Lecture MP3<\/strong>, commandes rotatives <strong>Bluetooth<\/strong> et <strong>Contr\u00f4les des haut-parleurs<\/strong>.Connexion Bluetooth<\/strong>, <strong>lecture MP3<\/strong>, avec commandes rotatives pr\u00e9cises et <strong>carte son interne<\/strong> (non compatible avec MacOS).<\/strong><\/strong><\/p>\n<p>La table de mixage MG06-USB d&rsquo;Audibax<\/strong> dispose de 6 canaux r\u00e9partis en 4 entr\u00e9es MIC\/LINE, 1 entr\u00e9e LINE st\u00e9r\u00e9o, 1 entr\u00e9e MP3, 1 entr\u00e9e MP3, 1 entr\u00e9e MP3 et 1 entr\u00e9e MP3 ;<\/p>\n<p>Parmi ses vertus remarquables, on trouve le <strong>DSP Multi-effects<\/strong> avec indicateur Led et <strong>l&rsquo;entr\u00e9e USB (lecteur \/ enregistreur).<\/strong><\/strong><\/p>\n<p> <strong>Caract\u00e9ristiques techniques Audibax MG06-USB<\/strong><\/strong><\/p>\n<ul>\n<li>Nr.nombre d&rsquo;entr\u00e9es 6 canaux<\/li>\n<li><strong>Connexion par Bluetooth<\/strong> d&rsquo;un t\u00e9l\u00e9phone portable ou de tout autre appareil.<\/li>\n<li><strong>Lecture MP3<\/strong> avec la connexion de <strong>Pendrive<\/strong> ou de tout ordinateur.<\/strong><\/strong><\/li>\n<li><strong>Connexion USB pour l&rsquo;enregistrement<\/strong> sur cl\u00e9 USB et ordinateur<\/li>\n<li>\n<li>\n<li>\n<li><strong>Alimentation \u00e9lectrique<\/strong>.li> <strong>Processeur multi-effets DSP<\/strong> 16 bits avec indicateur d&rsquo;affichage<\/li>\n<li>Indicateur LED pour les cr\u00eates sur tous les canaux.<\/li>\n<li>Contr\u00f4les rotatifs de grande pr\u00e9cision et r\u00e9sistance<\/li>\n<li>Contr\u00f4les des graves, des m\u00e9diums et des aigus.<\/li>\n<li><strong>Alimentation fant\u00f4me<\/strong> 48 Volts ind\u00e9pendante par canal<\/li>\n<\/ul>\n<p><strong>Audibax MG06-US entr\u00e9es.Entr\u00e9es Audibax MG06-USB<\/strong><\/strong><\/p>\n<ul>\n<ul>\n<li>4 entr\u00e9es Mono MIC\/LINE<\/li>\n<li>1 entr\u00e9e Ligne St\u00e9r\u00e9o<\/li>\n<li>1 entr\u00e9e Ligne St\u00e9r\u00e9o<\/li>\n<ul>\n<li>1 lecteur\/enregistreur USB<\/li>\n<ul>\n<ul>1 lecteur\/enregistreur USB.li>1 Entr\u00e9e lecteur\/enregistreur USB<\/li>\n<\/ul>\n<p><strong>Audibax MG06-USB Sorties<\/strong><\/p>\n<ul>\n<ul>\n<li>1 Sortie Est&eacute;reo Master<\/li>\n<li>1 Sortie Est&eacute;reo Master<\/li>\n<ul>\n<ul>\n<li>1 Sortie St\u00e9r\u00e9o Master.<\/li>\n<li>1 Sortie retour<\/li>\n<li>1 Sortie casque<\/li>\n<li>1 Sortie st\u00e9r\u00e9o pour moniteurs.<\/li>\n<\/ul>\n<p>&nbsp;<\/p>\n<p>.<\/p>\n","protected":false},"excerpt":{"rendered":"<ul>\n<li>Mixeur<\/li>\n<li>Nombre de canaux : 6<\/li>\n<li>Lecture MP3<\/li>\n<li>Connexion USB<\/li>\n<li>Mixeur<\/li>\n<li>Processeur DSP multi-effets<\/li>\n<li>Panneau de mixage<\/li>\n<li>Console de mixage<\/li>\n<li>Console de mixage.li>Processeur DSP multi-effets<\/li>\n<li>Connexion Bluetooth<\/li>\n<\/ul>\n<\/ul>\n<li>Connexion Bluetooth<\/li>\n<\/ul>\n<\/ul>\n<\/ul>\n<li>Processeur DSP multi-effets<br \/>\n","protected":false},"featured_media":17313,"comment_status":"open","ping_status":"closed","template":"","meta":{"_acf_changed":false},"product_cat":[402],"product_tag":[],"class_list":{"0":"post-36731","1":"product","2":"type-product","3":"status-publish","4":"has-post-thumbnail","6":"product_cat-mixers-fr","8":"first","9":"instock","10":"shipping-taxable","11":"product-type-simple"},"acf":[],"yoast_head":"<!-- This site is optimized with the Yoast SEO plugin v27.0 - https:\/\/yoast.com\/product\/yoast-seo-wordpress\/ -->\n<title>MG06 USB Black - Audibax<\/title>\n<meta name=\"robots\" content=\"index, follow, max-snippet:-1, max-image-preview:large, max-video-preview:-1\" \/>\n<link rel=\"canonical\" href=\"https:\/\/audibax.com\/fr\/produit\/mg06-usb-black-2\/\" \/>\n<meta property=\"og:locale\" content=\"fr_FR\" \/>\n<meta property=\"og:type\" content=\"article\" \/>\n<meta property=\"og:title\" content=\"MG06 USB Black - Audibax\" \/>\n<meta property=\"og:description\" content=\"Mixeur Nombre de canaux : 6 Lecture MP3 Connexion USB Mixeur Processeur DSP multi-effets Panneau de mixage Console de mixage Console de mixage.li&gt;Processeur DSP multi-effets Connexion Bluetooth  Connexion Bluetooth  Processeur DSP multi-effets\" \/>\n<meta property=\"og:url\" content=\"https:\/\/audibax.com\/fr\/produit\/mg06-usb-black-2\/\" \/>\n<meta property=\"og:site_name\" content=\"Audibax\" \/>\n<meta property=\"article:modified_time\" content=\"2023-12-27T10:58:50+00:00\" \/>\n<meta property=\"og:image\" content=\"https:\/\/audibax.com\/wp-content\/uploads\/2023\/12\/audibax-mg-06-usb-mesa.jpg\" \/>\n\t<meta property=\"og:image:width\" content=\"1000\" \/>\n\t<meta property=\"og:image:height\" content=\"500\" \/>\n\t<meta property=\"og:image:type\" content=\"image\/jpeg\" \/>\n<meta name=\"twitter:card\" content=\"summary_large_image\" \/>\n<meta name=\"twitter:label1\" content=\"Dur\u00e9e de lecture estim\u00e9e\" \/>\n\t<meta name=\"twitter:data1\" content=\"1 minute\" \/>\n<script type=\"application\/ld+json\" class=\"yoast-schema-graph\">{\"@context\":\"https:\/\/schema.org\",\"@graph\":[{\"@type\":\"WebPage\",\"@id\":\"https:\/\/audibax.com\/fr\/produit\/mg06-usb-black-2\/\",\"url\":\"https:\/\/audibax.com\/fr\/produit\/mg06-usb-black-2\/\",\"name\":\"MG06 USB Black - Audibax\",\"isPartOf\":{\"@id\":\"https:\/\/audibax.com\/fr\/#website\"},\"primaryImageOfPage\":{\"@id\":\"https:\/\/audibax.com\/fr\/produit\/mg06-usb-black-2\/#primaryimage\"},\"image\":{\"@id\":\"https:\/\/audibax.com\/fr\/produit\/mg06-usb-black-2\/#primaryimage\"},\"thumbnailUrl\":\"https:\/\/audibax.com\/wp-content\/uploads\/2023\/12\/audibax-mg-06-usb-mesa.jpg\",\"datePublished\":\"2023-12-11T12:45:31+00:00\",\"dateModified\":\"2023-12-27T10:58:50+00:00\",\"breadcrumb\":{\"@id\":\"https:\/\/audibax.com\/fr\/produit\/mg06-usb-black-2\/#breadcrumb\"},\"inLanguage\":\"fr-FR\",\"potentialAction\":[{\"@type\":\"ReadAction\",\"target\":[\"https:\/\/audibax.com\/fr\/produit\/mg06-usb-black-2\/\"]}]},{\"@type\":\"ImageObject\",\"inLanguage\":\"fr-FR\",\"@id\":\"https:\/\/audibax.com\/fr\/produit\/mg06-usb-black-2\/#primaryimage\",\"url\":\"https:\/\/audibax.com\/wp-content\/uploads\/2023\/12\/audibax-mg-06-usb-mesa.jpg\",\"contentUrl\":\"https:\/\/audibax.com\/wp-content\/uploads\/2023\/12\/audibax-mg-06-usb-mesa.jpg\",\"width\":1000,\"height\":500},{\"@type\":\"BreadcrumbList\",\"@id\":\"https:\/\/audibax.com\/fr\/produit\/mg06-usb-black-2\/#breadcrumb\",\"itemListElement\":[{\"@type\":\"ListItem\",\"position\":1,\"name\":\"Portada\",\"item\":\"https:\/\/audibax.com\/fr\/\"},{\"@type\":\"ListItem\",\"position\":2,\"name\":\"Produits\",\"item\":\"https:\/\/audibax.com\/fr\/shop\/\"},{\"@type\":\"ListItem\",\"position\":3,\"name\":\"MG06 USB Black\"}]},{\"@type\":\"WebSite\",\"@id\":\"https:\/\/audibax.com\/fr\/#website\",\"url\":\"https:\/\/audibax.com\/fr\/\",\"name\":\"Audibax\",\"description\":\"\",\"publisher\":{\"@id\":\"https:\/\/audibax.com\/fr\/#organization\"},\"potentialAction\":[{\"@type\":\"SearchAction\",\"target\":{\"@type\":\"EntryPoint\",\"urlTemplate\":\"https:\/\/audibax.com\/fr\/?s={search_term_string}\"},\"query-input\":{\"@type\":\"PropertyValueSpecification\",\"valueRequired\":true,\"valueName\":\"search_term_string\"}}],\"inLanguage\":\"fr-FR\"},{\"@type\":\"Organization\",\"@id\":\"https:\/\/audibax.com\/fr\/#organization\",\"name\":\"Audibax\",\"url\":\"https:\/\/audibax.com\/fr\/\",\"logo\":{\"@type\":\"ImageObject\",\"inLanguage\":\"fr-FR\",\"@id\":\"https:\/\/audibax.com\/fr\/#\/schema\/logo\/image\/\",\"url\":\"https:\/\/audibax.com\/wp-content\/uploads\/2023\/09\/logo-Audibax-BLANCO-SVG-1.svg\",\"contentUrl\":\"https:\/\/audibax.com\/wp-content\/uploads\/2023\/09\/logo-Audibax-BLANCO-SVG-1.svg\",\"caption\":\"Audibax\"},\"image\":{\"@id\":\"https:\/\/audibax.com\/fr\/#\/schema\/logo\/image\/\"}}]}<\/script>\n<!-- \/ Yoast SEO plugin. -->","yoast_head_json":{"title":"MG06 USB Black - Audibax","robots":{"index":"index","follow":"follow","max-snippet":"max-snippet:-1","max-image-preview":"max-image-preview:large","max-video-preview":"max-video-preview:-1"},"canonical":"https:\/\/audibax.com\/fr\/produit\/mg06-usb-black-2\/","og_locale":"fr_FR","og_type":"article","og_title":"MG06 USB Black - Audibax","og_description":"Mixeur Nombre de canaux : 6 Lecture MP3 Connexion USB Mixeur Processeur DSP multi-effets Panneau de mixage Console de mixage Console de mixage.li>Processeur DSP multi-effets Connexion Bluetooth  Connexion Bluetooth  Processeur DSP multi-effets","og_url":"https:\/\/audibax.com\/fr\/produit\/mg06-usb-black-2\/","og_site_name":"Audibax","article_modified_time":"2023-12-27T10:58:50+00:00","og_image":[{"width":1000,"height":500,"url":"https:\/\/audibax.com\/wp-content\/uploads\/2023\/12\/audibax-mg-06-usb-mesa.jpg","type":"image\/jpeg"}],"twitter_card":"summary_large_image","twitter_misc":{"Dur\u00e9e de lecture estim\u00e9e":"1 minute"},"schema":{"@context":"https:\/\/schema.org","@graph":[{"@type":"WebPage","@id":"https:\/\/audibax.com\/fr\/produit\/mg06-usb-black-2\/","url":"https:\/\/audibax.com\/fr\/produit\/mg06-usb-black-2\/","name":"MG06 USB Black - Audibax","isPartOf":{"@id":"https:\/\/audibax.com\/fr\/#website"},"primaryImageOfPage":{"@id":"https:\/\/audibax.com\/fr\/produit\/mg06-usb-black-2\/#primaryimage"},"image":{"@id":"https:\/\/audibax.com\/fr\/produit\/mg06-usb-black-2\/#primaryimage"},"thumbnailUrl":"https:\/\/audibax.com\/wp-content\/uploads\/2023\/12\/audibax-mg-06-usb-mesa.jpg","datePublished":"2023-12-11T12:45:31+00:00","dateModified":"2023-12-27T10:58:50+00:00","breadcrumb":{"@id":"https:\/\/audibax.com\/fr\/produit\/mg06-usb-black-2\/#breadcrumb"},"inLanguage":"fr-FR","potentialAction":[{"@type":"ReadAction","target":["https:\/\/audibax.com\/fr\/produit\/mg06-usb-black-2\/"]}]},{"@type":"ImageObject","inLanguage":"fr-FR","@id":"https:\/\/audibax.com\/fr\/produit\/mg06-usb-black-2\/#primaryimage","url":"https:\/\/audibax.com\/wp-content\/uploads\/2023\/12\/audibax-mg-06-usb-mesa.jpg","contentUrl":"https:\/\/audibax.com\/wp-content\/uploads\/2023\/12\/audibax-mg-06-usb-mesa.jpg","width":1000,"height":500},{"@type":"BreadcrumbList","@id":"https:\/\/audibax.com\/fr\/produit\/mg06-usb-black-2\/#breadcrumb","itemListElement":[{"@type":"ListItem","position":1,"name":"Portada","item":"https:\/\/audibax.com\/fr\/"},{"@type":"ListItem","position":2,"name":"Produits","item":"https:\/\/audibax.com\/fr\/shop\/"},{"@type":"ListItem","position":3,"name":"MG06 USB Black"}]},{"@type":"WebSite","@id":"https:\/\/audibax.com\/fr\/#website","url":"https:\/\/audibax.com\/fr\/","name":"Audibax","description":"","publisher":{"@id":"https:\/\/audibax.com\/fr\/#organization"},"potentialAction":[{"@type":"SearchAction","target":{"@type":"EntryPoint","urlTemplate":"https:\/\/audibax.com\/fr\/?s={search_term_string}"},"query-input":{"@type":"PropertyValueSpecification","valueRequired":true,"valueName":"search_term_string"}}],"inLanguage":"fr-FR"},{"@type":"Organization","@id":"https:\/\/audibax.com\/fr\/#organization","name":"Audibax","url":"https:\/\/audibax.com\/fr\/","logo":{"@type":"ImageObject","inLanguage":"fr-FR","@id":"https:\/\/audibax.com\/fr\/#\/schema\/logo\/image\/","url":"https:\/\/audibax.com\/wp-content\/uploads\/2023\/09\/logo-Audibax-BLANCO-SVG-1.svg","contentUrl":"https:\/\/audibax.com\/wp-content\/uploads\/2023\/09\/logo-Audibax-BLANCO-SVG-1.svg","caption":"Audibax"},"image":{"@id":"https:\/\/audibax.com\/fr\/#\/schema\/logo\/image\/"}}]}},"_links":{"self":[{"href":"https:\/\/audibax.com\/fr\/wp-json\/wp\/v2\/product\/36731","targetHints":{"allow":["GET"]}}],"collection":[{"href":"https:\/\/audibax.com\/fr\/wp-json\/wp\/v2\/product"}],"about":[{"href":"https:\/\/audibax.com\/fr\/wp-json\/wp\/v2\/types\/product"}],"replies":[{"embeddable":true,"href":"https:\/\/audibax.com\/fr\/wp-json\/wp\/v2\/comments?post=36731"}],"wp:featuredmedia":[{"embeddable":true,"href":"https:\/\/audibax.com\/fr\/wp-json\/wp\/v2\/media\/17313"}],"wp:attachment":[{"href":"https:\/\/audibax.com\/fr\/wp-json\/wp\/v2\/media?parent=36731"}],"wp:term":[{"taxonomy":"product_cat","embeddable":true,"href":"https:\/\/audibax.com\/fr\/wp-json\/wp\/v2\/product_cat?post=36731"},{"taxonomy":"product_tag","embeddable":true,"href":"https:\/\/audibax.com\/fr\/wp-json\/wp\/v2\/product_tag?post=36731"}],"curies":[{"name":"wp","href":"https:\/\/api.w.org\/{rel}","templated":true}]}}