{"id":36729,"date":"2023-12-11T13:45:16","date_gmt":"2023-12-11T12:45:16","guid":{"rendered":"https:\/\/audibax.com\/product\/mg05-xu-black-2\/"},"modified":"2025-02-14T09:18:39","modified_gmt":"2025-02-14T08:18:39","slug":"mg05-xu-black-2","status":"publish","type":"product","link":"https:\/\/audibax.com\/fr\/produit\/mg05-xu-black-2\/","title":{"rendered":"MG05 XU Black"},"content":{"rendered":"<p><strong>Audibax MG05 XU<\/strong>, la nouvelle table de mixage Audibax, va encore plus loin dans la fonctionnalit\u00e9 et la polyvalence.<\/p>\n<h2>Mixeur avec connectivit\u00e9 avanc\u00e9e<\/h2>\n<p>&nbsp;<\/p>\n<p>La <strong>Audibax\u00a0MG05 XU<\/strong>\u00a0poss\u00e8de toutes les caract\u00e9ristiques d&rsquo;un mixeur complet<\/p>\n<p>.nbsp;<\/p>\n<p>La <strong>Audibax XU<\/strong> dispose de toutes les connexions n\u00e9cessaires pour vous offrir une flexibilit\u00e9 maximale, que ce soit \u00e0 la maison, dans la salle de r\u00e9p\u00e9tition ou dans une petite salle de spectacle. Ses diff\u00e9rentes entr\u00e9es, dont les entr\u00e9es micro, alimentation fant\u00f4me 48v, instrument et ligne, vous permettent de connecter votre micro, votre guitare ou votre basse, ainsi que votre clavier. De plus, sa sortie casque, avec volume de contr\u00f4le ind\u00e9pendant, vous permet d&rsquo;\u00e9couter votre mixage de la mani\u00e8re la plus pratique possible. Ses d\u00e9parts et retours d&rsquo;effets vous donnent \u00e9galement la possibilit\u00e9 de le connecter \u00e0 un syst\u00e8me multi-effets externe&#8230; juste au cas o\u00f9 le DSP inclus ne vous suffirait pas.<\/p>\n<p>En outre, gr\u00e2ce \u00e0 sa connectivit\u00e9 sans fil, vous pouvez lire de l&rsquo;audio depuis votre smartphone ou votre tablette sans fil.<\/p>\n<p>&nbsp;<\/p>\n<h2>Interface audio USB<\/h2>\n<p>&nbsp;<\/p>\n<p>Cette table de mixage peut fonctionner comme une interface audio, avec des caract\u00e9ristiques qui la distinguent des autres. \u00c9tant <em>conforme \u00e0 la classe<\/em>, vous pouvez la connecter \u00e0 n&rsquo;importe quel syst\u00e8me relativement moderne (Windows 98SE, MacOS 10.5, iOS, Android 5). Cette caract\u00e9ristique, ainsi que la possibilit\u00e9 d&rsquo;\u00eatre aliment\u00e9 par la prise USB 5v (\u00e0 partir d&rsquo;une <em>powerbank<\/em>, par exemple), en fait un appareil id\u00e9al pour les enregistrements sur le terrain ou comme solution d&rsquo;enregistrement portable.<\/p>\n<p>&nbsp;<\/p>\n<h2>Une praticit\u00e9 sans limites<\/h2>\n<p>&nbsp;<\/p>\n<p>La<\/p>\n<p>Praticit\u00e9 sans limites<\/p>\n<p>La<\/p>\n<p>Praticit\u00e9 sans limites<\/p>\n<p>La<\/p>\n<p>Pratique sans limites.<strong>MG05 XU<\/strong><\/p>\n<p>Le <strong>MG05 XU<\/strong>\u00a0dispose d&rsquo;un avertissement de cr\u00eate sur les canaux du microphone et du microphone. Un vum\u00e8tre complet \u00e0 5 segments par canal facilite le mixage de vos signaux. Il comprend un potentiom\u00e8tre permettant de r\u00e9gler le volume du retour d&rsquo;effets, de sorte que vous n&rsquo;avez pas besoin d&rsquo;occuper un canal sur le bureau, et le canal d&rsquo;instrument peut fonctionner comme un canal de ligne mono. L&rsquo;alimentation 48 V compl\u00e8te la polyvalence de ce nouvel <a href=\"https:\/\/www.madridhifi.com\/m\/audibax\/\">Audibax<\/a>.<\/p>\n<p>&nbsp;<\/p>\n<h2>Sp\u00e9cifications<\/h2>\n<p>&nbsp;<\/p>\n<ul>\n<li>R\u00e9ponse en fr\u00e9quence : 20Hz &#8211; 20KHz \u00b11dB, +4dBu@1KHz<\/li>\n<li>THD : &lt;0&rsquo;5%@+4dBu (20Hz-20Khz)<\/li>\n<\/ul>\n<h3>Canaux d&rsquo;entr\u00e9e<\/h3>\n<ul>\n<li>Mono (Mic\/Line) : 2 (XLR pour micro et jack pour ligne)<\/li>\n<li>St\u00e9r\u00e9o (ligne) : 1<\/li>\n<li>Mono (guitare) : 1<\/li>\n<li>Lecture USB\/Bluetooth : 1<\/li>\n<\/ul>\n<h3>Canaux de sortie<\/h3>\n<ul>\n<li>Monitor L\/R\u00a0Out : 1 (Jack 6&rsquo;35)<\/li>\n<li>Casque : 1 (Jack 6&rsquo;35)<\/li>\n<\/ul>\n<h3>Caract\u00e9ristiques du canal d&rsquo;entr\u00e9e<\/h3>\n<p><u>CH1-CH2 MIC\/LINE<\/u><\/p>\n<p>Gain : -6~+38dB<\/p>\n<p>Diode d&rsquo;alimentation fant\u00f4me<\/p>\n<p>Indicateur de cr\u00eate (s&rsquo;active \u00e0 -3dB de distorsion)<\/p>\n<p>\u00c9galisation \u00e0 2 bandes : 80Hz et 12Khz (\u00b115dB)<\/p>\n<p>Multi-effets, avec potentiom\u00e8tre de niveau sur chaque canal<\/p>\n<p>Power ;indicateurs de niveau et panoramique<br \/>\n<u>CH3 INST\/LINE<\/u><\/p>\n<p>6&rsquo;35 mm jack.<\/p>\n<p>Commutateur d&rsquo;imp\u00e9dance<\/p>\n<p>Indicateur de niveau de puissance<\/p>\n<p>Commutateur de niveau de puissance<\/p>\n<p>Commutateur d&rsquo;imp\u00e9dance.p&gt;<\/p>\n<p><u>CH4-CH5 LINE<\/u><\/p>\n<p>2 jacks 6&rsquo;35 mm.<\/p>\n<p>Alimentation de niveau<\/p>\n<p>&nbsp;<\/p>\n<p><u>USB AUDIO<\/u><\/p>\n<p>Entr\u00e9e et sortie st\u00e9r\u00e9o<\/p>\n<p>USB 2.0 Class Compliant<\/p>\n<p>Fr\u00e9quence d&rsquo;\u00e9chantillonnage : Max. 48Khz<\/p>\n<p>Profondeur de bits : 16<\/p>\n<p>Connecteur de type A<\/p>\n<p>Puissance du niveau de lecture<\/p>\n<p>&amp;nbs.nbsp;<\/p>\n<p><u>NIVEAU M\u00c8TRE<\/u><\/p>\n<p>V-m\u00e8tre \u00e0 5 segments (-10, -3, 0, +3, +3, +6 dBs)<\/p>\n<p><u>Niveau m\u00e8tre (-10, -3, 0, +3, +6 dBs)<\/u><\/p>\n<p><u>Niveau m\u00e8tre.br \/&gt; \u00a0<\/u><\/p>\n<p><u>NIVEAUX D&rsquo;ALIMENTATION<\/u><\/p>\n<p>DC 4&rsquo;8v to 5&rsquo;2v, 1A<br \/>\n<u>CONSOMMATION D&rsquo;\u00c9NERGIE<\/u><\/p>\n<p>Max. 5 W<br \/>\n<u>DIMENSIONS<\/u><\/p>\n<p>210 mm x 180 mm x 50 mm<br \/>\n210 mm x 180 mm x 50 mm<strong>.br \/&gt; \u00a0<\/strong><\/p>\n<p><u>Poids<\/u><\/p>\n<p>1&rsquo;4 Kg<\/p>\n<p><u>1&lt;\/39;4 Kg<\/u><\/p>\n<p>Les dimensions de l&rsquo;appareil sont indiqu\u00e9es dans le tableau ci-dessous.<\/p>\n","protected":false},"excerpt":{"rendered":"<p>Console de mixage avec interface audio USB<\/p>\n<p>Console de mixage avec interface audio USB<\/p>\n","protected":false},"featured_media":17310,"comment_status":"open","ping_status":"closed","template":"","meta":{"_acf_changed":false},"product_cat":[402],"product_tag":[],"class_list":{"0":"post-36729","1":"product","2":"type-product","3":"status-publish","4":"has-post-thumbnail","6":"product_cat-mixers-fr","8":"first","9":"instock","10":"shipping-taxable","11":"product-type-simple"},"acf":[],"yoast_head":"<!-- This site is optimized with the Yoast SEO plugin v27.0 - https:\/\/yoast.com\/product\/yoast-seo-wordpress\/ -->\n<title>MG05 XU Black - Audibax<\/title>\n<meta name=\"robots\" content=\"index, follow, max-snippet:-1, max-image-preview:large, max-video-preview:-1\" \/>\n<link rel=\"canonical\" href=\"https:\/\/audibax.com\/fr\/produit\/mg05-xu-black-2\/\" \/>\n<meta property=\"og:locale\" content=\"fr_FR\" \/>\n<meta property=\"og:type\" content=\"article\" \/>\n<meta property=\"og:title\" content=\"MG05 XU Black - Audibax\" \/>\n<meta property=\"og:description\" content=\"Console de mixage avec interface audio USB  Console de mixage avec interface audio USB\" \/>\n<meta property=\"og:url\" content=\"https:\/\/audibax.com\/fr\/produit\/mg05-xu-black-2\/\" \/>\n<meta property=\"og:site_name\" content=\"Audibax\" \/>\n<meta property=\"article:modified_time\" content=\"2025-02-14T08:18:39+00:00\" \/>\n<meta property=\"og:image\" content=\"https:\/\/audibax.com\/wp-content\/uploads\/2023\/12\/audibax-mg05-xu.jpg\" \/>\n\t<meta property=\"og:image:width\" content=\"1000\" \/>\n\t<meta property=\"og:image:height\" content=\"500\" \/>\n\t<meta property=\"og:image:type\" content=\"image\/jpeg\" \/>\n<meta name=\"twitter:card\" content=\"summary_large_image\" \/>\n<meta name=\"twitter:label1\" content=\"Dur\u00e9e de lecture estim\u00e9e\" \/>\n\t<meta name=\"twitter:data1\" content=\"3 minutes\" \/>\n<script type=\"application\/ld+json\" class=\"yoast-schema-graph\">{\"@context\":\"https:\/\/schema.org\",\"@graph\":[{\"@type\":\"WebPage\",\"@id\":\"https:\/\/audibax.com\/fr\/produit\/mg05-xu-black-2\/\",\"url\":\"https:\/\/audibax.com\/fr\/produit\/mg05-xu-black-2\/\",\"name\":\"MG05 XU Black - Audibax\",\"isPartOf\":{\"@id\":\"https:\/\/audibax.com\/fr\/#website\"},\"primaryImageOfPage\":{\"@id\":\"https:\/\/audibax.com\/fr\/produit\/mg05-xu-black-2\/#primaryimage\"},\"image\":{\"@id\":\"https:\/\/audibax.com\/fr\/produit\/mg05-xu-black-2\/#primaryimage\"},\"thumbnailUrl\":\"https:\/\/audibax.com\/wp-content\/uploads\/2023\/12\/audibax-mg05-xu.jpg\",\"datePublished\":\"2023-12-11T12:45:16+00:00\",\"dateModified\":\"2025-02-14T08:18:39+00:00\",\"breadcrumb\":{\"@id\":\"https:\/\/audibax.com\/fr\/produit\/mg05-xu-black-2\/#breadcrumb\"},\"inLanguage\":\"fr-FR\",\"potentialAction\":[{\"@type\":\"ReadAction\",\"target\":[\"https:\/\/audibax.com\/fr\/produit\/mg05-xu-black-2\/\"]}]},{\"@type\":\"ImageObject\",\"inLanguage\":\"fr-FR\",\"@id\":\"https:\/\/audibax.com\/fr\/produit\/mg05-xu-black-2\/#primaryimage\",\"url\":\"https:\/\/audibax.com\/wp-content\/uploads\/2023\/12\/audibax-mg05-xu.jpg\",\"contentUrl\":\"https:\/\/audibax.com\/wp-content\/uploads\/2023\/12\/audibax-mg05-xu.jpg\",\"width\":1000,\"height\":500},{\"@type\":\"BreadcrumbList\",\"@id\":\"https:\/\/audibax.com\/fr\/produit\/mg05-xu-black-2\/#breadcrumb\",\"itemListElement\":[{\"@type\":\"ListItem\",\"position\":1,\"name\":\"Portada\",\"item\":\"https:\/\/audibax.com\/fr\/\"},{\"@type\":\"ListItem\",\"position\":2,\"name\":\"Produits\",\"item\":\"https:\/\/audibax.com\/fr\/shop\/\"},{\"@type\":\"ListItem\",\"position\":3,\"name\":\"MG05 XU Black\"}]},{\"@type\":\"WebSite\",\"@id\":\"https:\/\/audibax.com\/fr\/#website\",\"url\":\"https:\/\/audibax.com\/fr\/\",\"name\":\"Audibax\",\"description\":\"\",\"publisher\":{\"@id\":\"https:\/\/audibax.com\/fr\/#organization\"},\"potentialAction\":[{\"@type\":\"SearchAction\",\"target\":{\"@type\":\"EntryPoint\",\"urlTemplate\":\"https:\/\/audibax.com\/fr\/?s={search_term_string}\"},\"query-input\":{\"@type\":\"PropertyValueSpecification\",\"valueRequired\":true,\"valueName\":\"search_term_string\"}}],\"inLanguage\":\"fr-FR\"},{\"@type\":\"Organization\",\"@id\":\"https:\/\/audibax.com\/fr\/#organization\",\"name\":\"Audibax\",\"url\":\"https:\/\/audibax.com\/fr\/\",\"logo\":{\"@type\":\"ImageObject\",\"inLanguage\":\"fr-FR\",\"@id\":\"https:\/\/audibax.com\/fr\/#\/schema\/logo\/image\/\",\"url\":\"https:\/\/audibax.com\/wp-content\/uploads\/2023\/09\/logo-Audibax-BLANCO-SVG-1.svg\",\"contentUrl\":\"https:\/\/audibax.com\/wp-content\/uploads\/2023\/09\/logo-Audibax-BLANCO-SVG-1.svg\",\"caption\":\"Audibax\"},\"image\":{\"@id\":\"https:\/\/audibax.com\/fr\/#\/schema\/logo\/image\/\"}}]}<\/script>\n<!-- \/ Yoast SEO plugin. -->","yoast_head_json":{"title":"MG05 XU Black - Audibax","robots":{"index":"index","follow":"follow","max-snippet":"max-snippet:-1","max-image-preview":"max-image-preview:large","max-video-preview":"max-video-preview:-1"},"canonical":"https:\/\/audibax.com\/fr\/produit\/mg05-xu-black-2\/","og_locale":"fr_FR","og_type":"article","og_title":"MG05 XU Black - Audibax","og_description":"Console de mixage avec interface audio USB  Console de mixage avec interface audio USB","og_url":"https:\/\/audibax.com\/fr\/produit\/mg05-xu-black-2\/","og_site_name":"Audibax","article_modified_time":"2025-02-14T08:18:39+00:00","og_image":[{"width":1000,"height":500,"url":"https:\/\/audibax.com\/wp-content\/uploads\/2023\/12\/audibax-mg05-xu.jpg","type":"image\/jpeg"}],"twitter_card":"summary_large_image","twitter_misc":{"Dur\u00e9e de lecture estim\u00e9e":"3 minutes"},"schema":{"@context":"https:\/\/schema.org","@graph":[{"@type":"WebPage","@id":"https:\/\/audibax.com\/fr\/produit\/mg05-xu-black-2\/","url":"https:\/\/audibax.com\/fr\/produit\/mg05-xu-black-2\/","name":"MG05 XU Black - Audibax","isPartOf":{"@id":"https:\/\/audibax.com\/fr\/#website"},"primaryImageOfPage":{"@id":"https:\/\/audibax.com\/fr\/produit\/mg05-xu-black-2\/#primaryimage"},"image":{"@id":"https:\/\/audibax.com\/fr\/produit\/mg05-xu-black-2\/#primaryimage"},"thumbnailUrl":"https:\/\/audibax.com\/wp-content\/uploads\/2023\/12\/audibax-mg05-xu.jpg","datePublished":"2023-12-11T12:45:16+00:00","dateModified":"2025-02-14T08:18:39+00:00","breadcrumb":{"@id":"https:\/\/audibax.com\/fr\/produit\/mg05-xu-black-2\/#breadcrumb"},"inLanguage":"fr-FR","potentialAction":[{"@type":"ReadAction","target":["https:\/\/audibax.com\/fr\/produit\/mg05-xu-black-2\/"]}]},{"@type":"ImageObject","inLanguage":"fr-FR","@id":"https:\/\/audibax.com\/fr\/produit\/mg05-xu-black-2\/#primaryimage","url":"https:\/\/audibax.com\/wp-content\/uploads\/2023\/12\/audibax-mg05-xu.jpg","contentUrl":"https:\/\/audibax.com\/wp-content\/uploads\/2023\/12\/audibax-mg05-xu.jpg","width":1000,"height":500},{"@type":"BreadcrumbList","@id":"https:\/\/audibax.com\/fr\/produit\/mg05-xu-black-2\/#breadcrumb","itemListElement":[{"@type":"ListItem","position":1,"name":"Portada","item":"https:\/\/audibax.com\/fr\/"},{"@type":"ListItem","position":2,"name":"Produits","item":"https:\/\/audibax.com\/fr\/shop\/"},{"@type":"ListItem","position":3,"name":"MG05 XU Black"}]},{"@type":"WebSite","@id":"https:\/\/audibax.com\/fr\/#website","url":"https:\/\/audibax.com\/fr\/","name":"Audibax","description":"","publisher":{"@id":"https:\/\/audibax.com\/fr\/#organization"},"potentialAction":[{"@type":"SearchAction","target":{"@type":"EntryPoint","urlTemplate":"https:\/\/audibax.com\/fr\/?s={search_term_string}"},"query-input":{"@type":"PropertyValueSpecification","valueRequired":true,"valueName":"search_term_string"}}],"inLanguage":"fr-FR"},{"@type":"Organization","@id":"https:\/\/audibax.com\/fr\/#organization","name":"Audibax","url":"https:\/\/audibax.com\/fr\/","logo":{"@type":"ImageObject","inLanguage":"fr-FR","@id":"https:\/\/audibax.com\/fr\/#\/schema\/logo\/image\/","url":"https:\/\/audibax.com\/wp-content\/uploads\/2023\/09\/logo-Audibax-BLANCO-SVG-1.svg","contentUrl":"https:\/\/audibax.com\/wp-content\/uploads\/2023\/09\/logo-Audibax-BLANCO-SVG-1.svg","caption":"Audibax"},"image":{"@id":"https:\/\/audibax.com\/fr\/#\/schema\/logo\/image\/"}}]}},"_links":{"self":[{"href":"https:\/\/audibax.com\/fr\/wp-json\/wp\/v2\/product\/36729","targetHints":{"allow":["GET"]}}],"collection":[{"href":"https:\/\/audibax.com\/fr\/wp-json\/wp\/v2\/product"}],"about":[{"href":"https:\/\/audibax.com\/fr\/wp-json\/wp\/v2\/types\/product"}],"replies":[{"embeddable":true,"href":"https:\/\/audibax.com\/fr\/wp-json\/wp\/v2\/comments?post=36729"}],"wp:featuredmedia":[{"embeddable":true,"href":"https:\/\/audibax.com\/fr\/wp-json\/wp\/v2\/media\/17310"}],"wp:attachment":[{"href":"https:\/\/audibax.com\/fr\/wp-json\/wp\/v2\/media?parent=36729"}],"wp:term":[{"taxonomy":"product_cat","embeddable":true,"href":"https:\/\/audibax.com\/fr\/wp-json\/wp\/v2\/product_cat?post=36729"},{"taxonomy":"product_tag","embeddable":true,"href":"https:\/\/audibax.com\/fr\/wp-json\/wp\/v2\/product_tag?post=36729"}],"curies":[{"name":"wp","href":"https:\/\/api.w.org\/{rel}","templated":true}]}}