{"id":36723,"date":"2023-12-11T13:44:51","date_gmt":"2023-12-11T12:44:51","guid":{"rendered":"https:\/\/audibax.com\/product\/zone-120-bt-black-2\/"},"modified":"2025-10-20T13:57:45","modified_gmt":"2025-10-20T11:57:45","slug":"zone-120-bt-black-2","status":"publish","type":"product","link":"https:\/\/audibax.com\/fr\/produit\/zone-120-bt-black-2\/","title":{"rendered":"Zone 120 BT Black"},"content":{"rendered":"<p><strong>Caract\u00e9ristiques<\/strong><\/p>\n<ul>\n<li style=\"list-style-type: none;\">\n<ul>\n<li style=\"list-style-type: none;\">\n<ul>\n<li>Le <strong>Audibax Zone 120BT<\/strong><\/li>\n<li>Audibax Zone 120BT<\/li>\n<li>est un amplificateur m\u00e9langeur.<strong>Audibax Zone 120BT<\/strong> est un amplificateur m\u00e9langeur, qui offre une solution audio flexible pour contr\u00f4ler de multiples fonctions. Sa facilit\u00e9 d&rsquo;utilisation, son excellente qualit\u00e9 sonore et son design moderne avanc\u00e9 en font un excellent choix pour divers \u00e9tablissements, tels que les restaurants, les h\u00f4tels, les magasins, les entrep\u00f4ts, les bureaux professionnels ou les b\u00e2timents publics.<\/li>\n<li>Notre amplificateur <strong>Zone 120BT<\/strong> est \u00e9quip\u00e9 de 2 entr\u00e9es de niveau ligne asym\u00e9triques qui sont sym\u00e9triques et disposent d&rsquo;un microphone int\u00e9gr\u00e9 ;Notre amplificateur <strong>Zone 120BT<\/strong> est \u00e9quip\u00e9 de 2 entr\u00e9es niveau ligne asym\u00e9trique, 1 entr\u00e9e niveau ligne mono sym\u00e9trique, 2 entr\u00e9es niveau ligne mono sym\u00e9trique avec alimentation fant\u00f4me.<\/li>\n<li>L&rsquo;amplificateur est \u00e9quip\u00e9 d&rsquo;une alimentation fant\u00f4me, de 4 zones de sortie mono 100V \u00e0 haute imp\u00e9dance, d&rsquo;une zone de sortie mono 4 ohms \u00e0 basse imp\u00e9dance, d&rsquo;une sortie de liaison, d&rsquo;une entr\u00e9e de signal t\u00e9l\u00e9phonique, d&rsquo;une entr\u00e9e de signal de sonnerie et d&rsquo;incendie, et d&rsquo;une entr\u00e9e d&rsquo;urgence 100V avec contr\u00f4le 24V.<\/li>\n<li>Comporte un lecteur de musique sans perte avec \u00e9cran, et inclut un tuner FM et Bluetooth.<\/li>\n<\/ul>\n<\/li>\n<\/ul>\n<\/li>\n<\/ul>\n<p><strong>Sp\u00e9cifications<\/strong><\/p>\n<ul>\n<li style=\"list-style-type: none;\">\n<ul>\n<li style=\"list-style-type: none;\">\n<ul>\n<li>R\u00e9ponse en fr\u00e9quence : 20Hz-20KHz<\/li>\n<li>Puissance de sortie RMS : 120W<\/li>\n<li>Alimentation:\u00a0AC230V-240V\/50-60Hz<\/li>\n<li>Rapport signal\/bruit : &gt;90dB<\/li>\n<li>THD+N : &lt;0.5%<\/li>\n<li>R\u00e9jection en mode commun : &lt;0.5%<\/li>\n<li>Diaphon\u00eda : &gt;70dB<\/li>\n<li>Couleur : Noir<\/li>\n<li>Mesures : 484 x 89 x 340 mm<\/li>\n<\/ul>\n<\/li>\n<\/ul>\n<\/li>\n<\/ul>\n<p><strong>Entr\u00e9es<\/strong><\/p>\n<p><u>MiC1-2<\/u><\/p>\n<ul>\n<li style=\"list-style-type: none;\">\n<ul>\n<li style=\"list-style-type: none;\">\n<ul>\n<li>Type : 2x mic\/Une sym\u00e9trique<\/li>\n<li>Sensibilit\u00e9 : -50dB<\/li>\n<li>Connecteurs : 2xXLR\/Jack 6.3mm combinaison<\/li>\n<li>Alimentation Phantonm : 15VDO<\/li>\n<\/ul>\n<\/li>\n<\/ul>\n<\/li>\n<\/ul>\n<p><u>LINE 1\/MIG3<\/u><\/p>\n<ul>\n<li style=\"list-style-type: none;\">\n<ul>\n<li style=\"list-style-type: none;\">\n<ul>\n<li>Type : Ligne \/ micro sym\u00e9trique<\/li>\n<li>Sensibilit\u00e9 : -50dB<\/li>\n<li>Connecteurs : connecteur combo XLBi6.3mm<\/li>\n<li>Priorit\u00e9 : S\u00cd<\/li>\n<\/ul>\n<\/li>\n<\/ul>\n<\/li>\n<\/ul>\n<p><u>LINE2-3<\/u><\/p>\n<ul>\n<li style=\"list-style-type: none;\">\n<ul>\n<li style=\"list-style-type: none;\">\n<ul>\n<li>Type : 2 x audio est\u00e9reo<\/li>\n<li>Sensibilit\u00e9 : -30dB<\/li>\n<li>Connecteurs : 2x RCA<\/li>\n<\/ul>\n<\/li>\n<\/ul>\n<\/li>\n<\/ul>\n<p><u>Chime\/Fire\/TEL<\/u><\/p>\n<ul>\n<li style=\"list-style-type: none;\">\n<ul>\n<li style=\"list-style-type: none;\">\n<ul>\n<li>Type : Entr\u00e9es micro prioritaires<\/li>\n<li>Connecteurs Bornier euro-5.08mm<\/li>\n<\/ul>\n<\/li>\n<\/ul>\n<\/li>\n<\/ul>\n<p><strong>Players<\/strong><\/p>\n<p><u>USB<\/u><\/p>\n<ul>\n<li style=\"list-style-type: none;\">\n<ul>\n<li style=\"list-style-type: none;\">\n<ul>\n<li>Type :\u00a0OTG2 contr\u00f4leur de vitesse complet.0<\/li>\n<li>Connecteurs : USB 2.0 type A<\/li>\n<\/ul>\n<\/li>\n<\/ul>\n<\/li>\n<\/ul>\n<p><u>SD\/MMC<\/u><\/p>\n<ul>\n<li style=\"list-style-type: none;\">\n<ul>\n<li style=\"list-style-type: none;\">\n<ul>\n<li>Connecteurs : Emplacement de carte \u00e0 verrouillage non automatique<\/li>\n<\/ul>\n<\/li>\n<\/ul>\n<\/li>\n<\/ul>\n<p><u>Bluetooth<\/u><\/p>\n<ul>\n<li style=\"list-style-type: none;\">\n<ul>\n<li style=\"list-style-type: none;\">\n<ul>\n<li>Versi\u00f3n : Bluetooth Ver20+EOR<\/li>\n<li>Port\u00e9e maximale : 10m (sans interf\u00e9rence)<\/li>\n<li>Fr\u00e9quence de transmission : 2402-2480MHz<\/li>\n<\/ul>\n<\/li>\n<\/ul>\n<\/li>\n<\/ul>\n<p><u>Formats musicaux :\u00a0<\/u><\/p>\n<ul>\n<li style=\"list-style-type: none;\">\n<ul>\n<li style=\"list-style-type: none;\">\n<ul>\n<li>MP3\/WAW\/WMA\/FLAC&amp;nbsp ;(8\/16\/24bit)<\/li>\n<\/ul>\n<\/li>\n<\/ul>\n<\/li>\n<\/ul>\n<p><u>Syst\u00e8me de fichiers :<\/u><\/p>\n<ul>\n<li style=\"list-style-type: none;\">\n<ul>\n<li style=\"list-style-type: none;\">\n<ul>\n<li>FAT16 ou FAT32<\/li>\n<\/ul>\n<\/li>\n<\/ul>\n<\/li>\n<\/ul>\n<p><u>Section FM<\/u><\/p>\n<ul>\n<li style=\"list-style-type: none;\">\n<ul>\n<li style=\"list-style-type: none;\">\n<ul>\n<li style=\"list-style-type: none;\">\n<ul>\n<li>Tonalit\u00e9 :\u00a087.5MHz \u00e0 107.9MHz<\/li>\n<li>Entr\u00e9e antenne:\u00a075&amp;Omega ; asym\u00e9trique<\/li>\n<\/ul>\n<\/li>\n<\/ul>\n<\/li>\n<\/ul>\n<\/li>\n<\/ul>\n<p><strong>Sorties<\/strong><\/p>\n<ul>\n<li style=\"list-style-type: none;\">\n<ul>\n<li style=\"list-style-type: none;\">\n<ul>\n<li style=\"list-style-type: none;\">\n<ul>\n<li>Basse imp\u00e9dance :\u00a04\u03a9<\/li>\n<li>Imp\u00e9dance \u00e0 tension constante:\u00a084\u03a9-Zone 120BT<\/li>\n<\/ul>\n<\/li>\n<\/ul>\n<\/li>\n<\/ul>\n<\/li>\n<\/ul>\n<p>&nbsp;<\/p>\n<p><strong>Sorties.<\/strong><\/p>\n","protected":false},"excerpt":{"rendered":"<ul>\n<li>Mixeur amplificateur<\/li>\n<li>4 zones de sortie mono 100 V\u00a0haute imp\u00e9dance<\/li>\n<li>Puissance RMS : 120W<\/li>\n<li>USB \/ SD \/ FM \/ lecteurs MP3<\/li>\n<li>Connexion Bluetooth<\/li>\n<\/ul>\n","protected":false},"featured_media":16392,"comment_status":"open","ping_status":"closed","template":"","meta":{"_acf_changed":false},"product_cat":[395,703,393],"product_tag":[],"class_list":{"0":"post-36723","1":"product","2":"type-product","3":"status-publish","4":"has-post-thumbnail","6":"product_cat-amplificateurs","7":"product_cat-amplificateurs-de-mixage-preamps","8":"product_cat-sonorisation","10":"first","11":"instock","12":"shipping-taxable","13":"product-type-simple"},"acf":[],"yoast_head":"<!-- This site is optimized with the Yoast SEO plugin v27.0 - https:\/\/yoast.com\/product\/yoast-seo-wordpress\/ -->\n<title>Zone 120 BT Black - Audibax<\/title>\n<meta name=\"robots\" content=\"index, follow, max-snippet:-1, max-image-preview:large, max-video-preview:-1\" \/>\n<link rel=\"canonical\" href=\"https:\/\/audibax.com\/fr\/produit\/zone-120-bt-black-2\/\" \/>\n<meta property=\"og:locale\" content=\"fr_FR\" \/>\n<meta property=\"og:type\" content=\"article\" \/>\n<meta property=\"og:title\" content=\"Zone 120 BT Black - Audibax\" \/>\n<meta property=\"og:description\" content=\"Mixeur amplificateur  4 zones de sortie mono 100 V\u00a0haute imp\u00e9dance  Puissance RMS : 120W  USB \/ SD \/ FM \/ lecteurs MP3  Connexion Bluetooth\" \/>\n<meta property=\"og:url\" content=\"https:\/\/audibax.com\/fr\/produit\/zone-120-bt-black-2\/\" \/>\n<meta property=\"og:site_name\" content=\"Audibax\" \/>\n<meta property=\"article:modified_time\" content=\"2025-10-20T11:57:45+00:00\" \/>\n<meta property=\"og:image\" content=\"https:\/\/audibax.com\/wp-content\/uploads\/2023\/12\/ZONE-120BT-amplificador-mezclador-encendido.jpg\" \/>\n\t<meta property=\"og:image:width\" content=\"1000\" \/>\n\t<meta property=\"og:image:height\" content=\"500\" \/>\n\t<meta property=\"og:image:type\" content=\"image\/jpeg\" \/>\n<meta name=\"twitter:card\" content=\"summary_large_image\" \/>\n<meta name=\"twitter:label1\" content=\"Dur\u00e9e de lecture estim\u00e9e\" \/>\n\t<meta name=\"twitter:data1\" content=\"2 minutes\" \/>\n<script type=\"application\/ld+json\" class=\"yoast-schema-graph\">{\"@context\":\"https:\/\/schema.org\",\"@graph\":[{\"@type\":\"WebPage\",\"@id\":\"https:\/\/audibax.com\/fr\/produit\/zone-120-bt-black-2\/\",\"url\":\"https:\/\/audibax.com\/fr\/produit\/zone-120-bt-black-2\/\",\"name\":\"Zone 120 BT Black - Audibax\",\"isPartOf\":{\"@id\":\"https:\/\/audibax.com\/fr\/#website\"},\"primaryImageOfPage\":{\"@id\":\"https:\/\/audibax.com\/fr\/produit\/zone-120-bt-black-2\/#primaryimage\"},\"image\":{\"@id\":\"https:\/\/audibax.com\/fr\/produit\/zone-120-bt-black-2\/#primaryimage\"},\"thumbnailUrl\":\"https:\/\/audibax.com\/wp-content\/uploads\/2023\/12\/ZONE-120BT-amplificador-mezclador-encendido.jpg\",\"datePublished\":\"2023-12-11T12:44:51+00:00\",\"dateModified\":\"2025-10-20T11:57:45+00:00\",\"breadcrumb\":{\"@id\":\"https:\/\/audibax.com\/fr\/produit\/zone-120-bt-black-2\/#breadcrumb\"},\"inLanguage\":\"fr-FR\",\"potentialAction\":[{\"@type\":\"ReadAction\",\"target\":[\"https:\/\/audibax.com\/fr\/produit\/zone-120-bt-black-2\/\"]}]},{\"@type\":\"ImageObject\",\"inLanguage\":\"fr-FR\",\"@id\":\"https:\/\/audibax.com\/fr\/produit\/zone-120-bt-black-2\/#primaryimage\",\"url\":\"https:\/\/audibax.com\/wp-content\/uploads\/2023\/12\/ZONE-120BT-amplificador-mezclador-encendido.jpg\",\"contentUrl\":\"https:\/\/audibax.com\/wp-content\/uploads\/2023\/12\/ZONE-120BT-amplificador-mezclador-encendido.jpg\",\"width\":1000,\"height\":500},{\"@type\":\"BreadcrumbList\",\"@id\":\"https:\/\/audibax.com\/fr\/produit\/zone-120-bt-black-2\/#breadcrumb\",\"itemListElement\":[{\"@type\":\"ListItem\",\"position\":1,\"name\":\"Portada\",\"item\":\"https:\/\/audibax.com\/fr\/\"},{\"@type\":\"ListItem\",\"position\":2,\"name\":\"Produits\",\"item\":\"https:\/\/audibax.com\/fr\/shop\/\"},{\"@type\":\"ListItem\",\"position\":3,\"name\":\"Zone 120 BT Black\"}]},{\"@type\":\"WebSite\",\"@id\":\"https:\/\/audibax.com\/fr\/#website\",\"url\":\"https:\/\/audibax.com\/fr\/\",\"name\":\"Audibax\",\"description\":\"\",\"publisher\":{\"@id\":\"https:\/\/audibax.com\/fr\/#organization\"},\"potentialAction\":[{\"@type\":\"SearchAction\",\"target\":{\"@type\":\"EntryPoint\",\"urlTemplate\":\"https:\/\/audibax.com\/fr\/?s={search_term_string}\"},\"query-input\":{\"@type\":\"PropertyValueSpecification\",\"valueRequired\":true,\"valueName\":\"search_term_string\"}}],\"inLanguage\":\"fr-FR\"},{\"@type\":\"Organization\",\"@id\":\"https:\/\/audibax.com\/fr\/#organization\",\"name\":\"Audibax\",\"url\":\"https:\/\/audibax.com\/fr\/\",\"logo\":{\"@type\":\"ImageObject\",\"inLanguage\":\"fr-FR\",\"@id\":\"https:\/\/audibax.com\/fr\/#\/schema\/logo\/image\/\",\"url\":\"https:\/\/audibax.com\/wp-content\/uploads\/2023\/09\/logo-Audibax-BLANCO-SVG-1.svg\",\"contentUrl\":\"https:\/\/audibax.com\/wp-content\/uploads\/2023\/09\/logo-Audibax-BLANCO-SVG-1.svg\",\"caption\":\"Audibax\"},\"image\":{\"@id\":\"https:\/\/audibax.com\/fr\/#\/schema\/logo\/image\/\"}}]}<\/script>\n<!-- \/ Yoast SEO plugin. -->","yoast_head_json":{"title":"Zone 120 BT Black - Audibax","robots":{"index":"index","follow":"follow","max-snippet":"max-snippet:-1","max-image-preview":"max-image-preview:large","max-video-preview":"max-video-preview:-1"},"canonical":"https:\/\/audibax.com\/fr\/produit\/zone-120-bt-black-2\/","og_locale":"fr_FR","og_type":"article","og_title":"Zone 120 BT Black - Audibax","og_description":"Mixeur amplificateur  4 zones de sortie mono 100 V\u00a0haute imp\u00e9dance  Puissance RMS : 120W  USB \/ SD \/ FM \/ lecteurs MP3  Connexion Bluetooth","og_url":"https:\/\/audibax.com\/fr\/produit\/zone-120-bt-black-2\/","og_site_name":"Audibax","article_modified_time":"2025-10-20T11:57:45+00:00","og_image":[{"width":1000,"height":500,"url":"https:\/\/audibax.com\/wp-content\/uploads\/2023\/12\/ZONE-120BT-amplificador-mezclador-encendido.jpg","type":"image\/jpeg"}],"twitter_card":"summary_large_image","twitter_misc":{"Dur\u00e9e de lecture estim\u00e9e":"2 minutes"},"schema":{"@context":"https:\/\/schema.org","@graph":[{"@type":"WebPage","@id":"https:\/\/audibax.com\/fr\/produit\/zone-120-bt-black-2\/","url":"https:\/\/audibax.com\/fr\/produit\/zone-120-bt-black-2\/","name":"Zone 120 BT Black - Audibax","isPartOf":{"@id":"https:\/\/audibax.com\/fr\/#website"},"primaryImageOfPage":{"@id":"https:\/\/audibax.com\/fr\/produit\/zone-120-bt-black-2\/#primaryimage"},"image":{"@id":"https:\/\/audibax.com\/fr\/produit\/zone-120-bt-black-2\/#primaryimage"},"thumbnailUrl":"https:\/\/audibax.com\/wp-content\/uploads\/2023\/12\/ZONE-120BT-amplificador-mezclador-encendido.jpg","datePublished":"2023-12-11T12:44:51+00:00","dateModified":"2025-10-20T11:57:45+00:00","breadcrumb":{"@id":"https:\/\/audibax.com\/fr\/produit\/zone-120-bt-black-2\/#breadcrumb"},"inLanguage":"fr-FR","potentialAction":[{"@type":"ReadAction","target":["https:\/\/audibax.com\/fr\/produit\/zone-120-bt-black-2\/"]}]},{"@type":"ImageObject","inLanguage":"fr-FR","@id":"https:\/\/audibax.com\/fr\/produit\/zone-120-bt-black-2\/#primaryimage","url":"https:\/\/audibax.com\/wp-content\/uploads\/2023\/12\/ZONE-120BT-amplificador-mezclador-encendido.jpg","contentUrl":"https:\/\/audibax.com\/wp-content\/uploads\/2023\/12\/ZONE-120BT-amplificador-mezclador-encendido.jpg","width":1000,"height":500},{"@type":"BreadcrumbList","@id":"https:\/\/audibax.com\/fr\/produit\/zone-120-bt-black-2\/#breadcrumb","itemListElement":[{"@type":"ListItem","position":1,"name":"Portada","item":"https:\/\/audibax.com\/fr\/"},{"@type":"ListItem","position":2,"name":"Produits","item":"https:\/\/audibax.com\/fr\/shop\/"},{"@type":"ListItem","position":3,"name":"Zone 120 BT Black"}]},{"@type":"WebSite","@id":"https:\/\/audibax.com\/fr\/#website","url":"https:\/\/audibax.com\/fr\/","name":"Audibax","description":"","publisher":{"@id":"https:\/\/audibax.com\/fr\/#organization"},"potentialAction":[{"@type":"SearchAction","target":{"@type":"EntryPoint","urlTemplate":"https:\/\/audibax.com\/fr\/?s={search_term_string}"},"query-input":{"@type":"PropertyValueSpecification","valueRequired":true,"valueName":"search_term_string"}}],"inLanguage":"fr-FR"},{"@type":"Organization","@id":"https:\/\/audibax.com\/fr\/#organization","name":"Audibax","url":"https:\/\/audibax.com\/fr\/","logo":{"@type":"ImageObject","inLanguage":"fr-FR","@id":"https:\/\/audibax.com\/fr\/#\/schema\/logo\/image\/","url":"https:\/\/audibax.com\/wp-content\/uploads\/2023\/09\/logo-Audibax-BLANCO-SVG-1.svg","contentUrl":"https:\/\/audibax.com\/wp-content\/uploads\/2023\/09\/logo-Audibax-BLANCO-SVG-1.svg","caption":"Audibax"},"image":{"@id":"https:\/\/audibax.com\/fr\/#\/schema\/logo\/image\/"}}]}},"_links":{"self":[{"href":"https:\/\/audibax.com\/fr\/wp-json\/wp\/v2\/product\/36723","targetHints":{"allow":["GET"]}}],"collection":[{"href":"https:\/\/audibax.com\/fr\/wp-json\/wp\/v2\/product"}],"about":[{"href":"https:\/\/audibax.com\/fr\/wp-json\/wp\/v2\/types\/product"}],"replies":[{"embeddable":true,"href":"https:\/\/audibax.com\/fr\/wp-json\/wp\/v2\/comments?post=36723"}],"wp:featuredmedia":[{"embeddable":true,"href":"https:\/\/audibax.com\/fr\/wp-json\/wp\/v2\/media\/16392"}],"wp:attachment":[{"href":"https:\/\/audibax.com\/fr\/wp-json\/wp\/v2\/media?parent=36723"}],"wp:term":[{"taxonomy":"product_cat","embeddable":true,"href":"https:\/\/audibax.com\/fr\/wp-json\/wp\/v2\/product_cat?post=36723"},{"taxonomy":"product_tag","embeddable":true,"href":"https:\/\/audibax.com\/fr\/wp-json\/wp\/v2\/product_tag?post=36723"}],"curies":[{"name":"wp","href":"https:\/\/api.w.org\/{rel}","templated":true}]}}