{"id":36721,"date":"2023-12-11T13:44:46","date_gmt":"2023-12-11T12:44:46","guid":{"rendered":"https:\/\/audibax.com\/product\/miami-black-2\/"},"modified":"2025-02-21T11:44:38","modified_gmt":"2025-02-21T10:44:38","slug":"miami-black-2","status":"publish","type":"product","link":"https:\/\/audibax.com\/fr\/produit\/miami-black-2\/","title":{"rendered":"Miami"},"content":{"rendered":"<p>Si vous avez de vieux haut-parleurs&amp;hellip ; que vous pensiez jeter, vous avez de la chance.<\/p>\n<p>Avec cet amplificateur de musique Bluetooth 100 + 100w, vous pouvez cr\u00e9er un v\u00e9ritable syst\u00e8me multim\u00e9dia et profiter de votre musique sans fil avec la plus haute qualit\u00e9 \u00e0 travers votre Smartphone ou Tablette.<\/p>\n<p>Si vous avez de la musique sur une cl\u00e9 USB, branchez-la dans l&rsquo;amplificateur et commencez \u00e0 profiter de la musique.<\/p>\n<p>Vous pouvez \u00e9galement mixer de la musique gr\u00e2ce \u00e0 son entr\u00e9e micro avec des commandes d&rsquo;\u00e9cho et de volume ind\u00e9pendantes.<\/p>\n<p><strong>Caract\u00e9ristiques techniques Audibax MIAMI :<\/strong><\/p>\n<ul>\n<li>Amplificateur Hi-Fi avec lecteur MP3 et radio FM<\/li>\n<li>Alimentation Hi-Fi avec lecteur MP3 et radio FM<\/li>\n<li>Alimentation Hi-Fi avec lecteur MP3 et radio FM<\/li>\n<li>Alimentation Hi-Fi.<strong>Bluetooth<\/strong><\/li>\n<li>T\u00e9l\u00e9commande multifonction<\/li>\n<li>Puissance musicale : 100 W + 100 W<\/li>\n<li>Puissance \u00e0 4%u03A9 R.M.S. : 50 W + 50 W<\/li>\n<li>Puissance \u00e0 8%u03A9 R.M.S.: 35 W + 35 W<\/li>\n<li>R\u00e9ponse en fr\u00e9quence 10Hz-50KHz+\/-dB<\/li>\n<li>S\u00e9paration des canaux -60dB<\/li>\n<li>Rapport signal\/bruit : 90-100dB<\/li>\n<li>Entr\u00e9es : AUX (RCA), DVD\/CD (RCA), TV ( RCA) et TUNER (RCA)<\/li>\n<li>2 entr\u00e9es micro (jack 6,35 mm avant) avec contr\u00f4le du volume et effet d&rsquo;\u00e9cho pour le karaok\u00e9<\/li>\n<li>Entr\u00e9e micro (jack 6,35 mm avant) avec contr\u00f4le du volume et effet d&rsquo;\u00e9cho pour le karaok\u00e9<\/li>\n<li>Microphone (jack 6,35 mm avant) avec contr\u00f4le du volume et effet d&rsquo;\u00e9cho pour le karaok\u00e9&lt;<\/li>\n<li>R\u00e9glage des basses et des aigus<\/li>\n<li>Lecteur MP3 avec USB et SD\/MMC<\/li>\n<li>Lecteur de musique avec USB et SD\/MMC<\/li>\n<li>Radio FM avec pr\u00e9r\u00e9glages FMRadio FM avec pr\u00e9s\u00e9lections automatiques<\/li>\n<li>T\u00e9l\u00e9commande IR pour contr\u00f4le MP3 \/ FM<\/li>\n<li>Sortie haut-parleur<\/li>\n<li>Sortie haut-parleur<\/li>\n<li>T\u00e9l\u00e9commande pour contr\u00f4le MP3 \/ FM<\/li>\n<li>T\u00e9l\u00e9commandeli&gt;Sortie haut-parleur avec bornes<\/li>\n<li>Protection C.D.<\/li>\n<li>Tension 220 V.<\/li>\n<li>Dimensions : 29,5 x 24 x 6,6 cm<\/li>\n<li>Poids : 2,9 Kg<\/li>\n<\/ul>\n<p><img decoding=\"async\" style=\"height: 224px; width: 675px;\" src=\"\/crm\/documents\/fckeditor\/image\/MRA-3\/audibax-miami-amplificateur-100w-karaoke.png\" alt=\"\" \/><\/p>\n<p>&nbsp;<\/p>\n<p><span style=\"colour: #696969;\"><strong>Acheter un amplificateur avec entr\u00e9e micro Bluetooth<\/strong><\/span><\/p>\n<p>&nbsp;<\/p>\n<p>&nbsp;<\/p>\n<p>&nbsp;<\/p>\n<p>.<\/p>\n","protected":false},"excerpt":{"rendered":"<ul>\n<li>Amplificateur st\u00e9r\u00e9o HI-FI avec lecteur MP3 et radio FM<\/li>\n<li>Connexion<\/li>\n<li>Bluetooth<\/li>\n<li>T\u00e9l\u00e9commande multifonctions<\/li>\n<li>Puissance musicale :<\/li>\n<li>T\u00e9l\u00e9commande multifonctionsstrong&gt;Bluetooth<\/li>\n<li>T\u00e9l\u00e9commande multifonction<\/li>\n<li>Puissance musicale : 100 W + 100 W<\/li>\n<\/ul>\n","protected":false},"featured_media":17319,"comment_status":"open","ping_status":"closed","template":"","meta":{"_acf_changed":false},"product_cat":[397],"product_tag":[],"class_list":{"0":"post-36721","1":"product","2":"type-product","3":"status-publish","4":"has-post-thumbnail","6":"product_cat-amplificateurs-hifi","8":"first","9":"instock","10":"shipping-taxable","11":"product-type-simple"},"acf":[],"yoast_head":"<!-- This site is optimized with the Yoast SEO plugin v27.0 - https:\/\/yoast.com\/product\/yoast-seo-wordpress\/ -->\n<title>Miami - Audibax<\/title>\n<meta name=\"robots\" content=\"index, follow, max-snippet:-1, max-image-preview:large, max-video-preview:-1\" \/>\n<link rel=\"canonical\" href=\"https:\/\/audibax.com\/fr\/produit\/miami-black-2\/\" \/>\n<meta property=\"og:locale\" content=\"fr_FR\" \/>\n<meta property=\"og:type\" content=\"article\" \/>\n<meta property=\"og:title\" content=\"Miami - Audibax\" \/>\n<meta property=\"og:description\" content=\"Amplificateur st\u00e9r\u00e9o HI-FI avec lecteur MP3 et radio FM  Connexion  Bluetooth  T\u00e9l\u00e9commande multifonctions  Puissance musicale :  T\u00e9l\u00e9commande multifonctionsstrong&gt;Bluetooth  T\u00e9l\u00e9commande multifonction  Puissance musicale : 100 W + 100 W\" \/>\n<meta property=\"og:url\" content=\"https:\/\/audibax.com\/fr\/produit\/miami-black-2\/\" \/>\n<meta property=\"og:site_name\" content=\"Audibax\" \/>\n<meta property=\"article:modified_time\" content=\"2025-02-21T10:44:38+00:00\" \/>\n<meta property=\"og:image\" content=\"https:\/\/audibax.com\/wp-content\/uploads\/2023\/12\/audibax-miami-amplificador-100w-bluetooth-negro-mando.png\" \/>\n\t<meta property=\"og:image:width\" content=\"1000\" \/>\n\t<meta property=\"og:image:height\" content=\"500\" \/>\n\t<meta property=\"og:image:type\" content=\"image\/png\" \/>\n<meta name=\"twitter:card\" content=\"summary_large_image\" \/>\n<meta name=\"twitter:label1\" content=\"Dur\u00e9e de lecture estim\u00e9e\" \/>\n\t<meta name=\"twitter:data1\" content=\"2 minutes\" \/>\n<script type=\"application\/ld+json\" class=\"yoast-schema-graph\">{\"@context\":\"https:\/\/schema.org\",\"@graph\":[{\"@type\":\"WebPage\",\"@id\":\"https:\/\/audibax.com\/fr\/produit\/miami-black-2\/\",\"url\":\"https:\/\/audibax.com\/fr\/produit\/miami-black-2\/\",\"name\":\"Miami - Audibax\",\"isPartOf\":{\"@id\":\"https:\/\/audibax.com\/fr\/#website\"},\"primaryImageOfPage\":{\"@id\":\"https:\/\/audibax.com\/fr\/produit\/miami-black-2\/#primaryimage\"},\"image\":{\"@id\":\"https:\/\/audibax.com\/fr\/produit\/miami-black-2\/#primaryimage\"},\"thumbnailUrl\":\"https:\/\/audibax.com\/wp-content\/uploads\/2023\/12\/audibax-miami-amplificador-100w-bluetooth-negro-mando.png\",\"datePublished\":\"2023-12-11T12:44:46+00:00\",\"dateModified\":\"2025-02-21T10:44:38+00:00\",\"breadcrumb\":{\"@id\":\"https:\/\/audibax.com\/fr\/produit\/miami-black-2\/#breadcrumb\"},\"inLanguage\":\"fr-FR\",\"potentialAction\":[{\"@type\":\"ReadAction\",\"target\":[\"https:\/\/audibax.com\/fr\/produit\/miami-black-2\/\"]}]},{\"@type\":\"ImageObject\",\"inLanguage\":\"fr-FR\",\"@id\":\"https:\/\/audibax.com\/fr\/produit\/miami-black-2\/#primaryimage\",\"url\":\"https:\/\/audibax.com\/wp-content\/uploads\/2023\/12\/audibax-miami-amplificador-100w-bluetooth-negro-mando.png\",\"contentUrl\":\"https:\/\/audibax.com\/wp-content\/uploads\/2023\/12\/audibax-miami-amplificador-100w-bluetooth-negro-mando.png\",\"width\":1000,\"height\":500},{\"@type\":\"BreadcrumbList\",\"@id\":\"https:\/\/audibax.com\/fr\/produit\/miami-black-2\/#breadcrumb\",\"itemListElement\":[{\"@type\":\"ListItem\",\"position\":1,\"name\":\"Portada\",\"item\":\"https:\/\/audibax.com\/fr\/\"},{\"@type\":\"ListItem\",\"position\":2,\"name\":\"Produits\",\"item\":\"https:\/\/audibax.com\/fr\/shop\/\"},{\"@type\":\"ListItem\",\"position\":3,\"name\":\"Miami\"}]},{\"@type\":\"WebSite\",\"@id\":\"https:\/\/audibax.com\/fr\/#website\",\"url\":\"https:\/\/audibax.com\/fr\/\",\"name\":\"Audibax\",\"description\":\"\",\"publisher\":{\"@id\":\"https:\/\/audibax.com\/fr\/#organization\"},\"potentialAction\":[{\"@type\":\"SearchAction\",\"target\":{\"@type\":\"EntryPoint\",\"urlTemplate\":\"https:\/\/audibax.com\/fr\/?s={search_term_string}\"},\"query-input\":{\"@type\":\"PropertyValueSpecification\",\"valueRequired\":true,\"valueName\":\"search_term_string\"}}],\"inLanguage\":\"fr-FR\"},{\"@type\":\"Organization\",\"@id\":\"https:\/\/audibax.com\/fr\/#organization\",\"name\":\"Audibax\",\"url\":\"https:\/\/audibax.com\/fr\/\",\"logo\":{\"@type\":\"ImageObject\",\"inLanguage\":\"fr-FR\",\"@id\":\"https:\/\/audibax.com\/fr\/#\/schema\/logo\/image\/\",\"url\":\"https:\/\/audibax.com\/wp-content\/uploads\/2023\/09\/logo-Audibax-BLANCO-SVG-1.svg\",\"contentUrl\":\"https:\/\/audibax.com\/wp-content\/uploads\/2023\/09\/logo-Audibax-BLANCO-SVG-1.svg\",\"caption\":\"Audibax\"},\"image\":{\"@id\":\"https:\/\/audibax.com\/fr\/#\/schema\/logo\/image\/\"}}]}<\/script>\n<!-- \/ Yoast SEO plugin. -->","yoast_head_json":{"title":"Miami - Audibax","robots":{"index":"index","follow":"follow","max-snippet":"max-snippet:-1","max-image-preview":"max-image-preview:large","max-video-preview":"max-video-preview:-1"},"canonical":"https:\/\/audibax.com\/fr\/produit\/miami-black-2\/","og_locale":"fr_FR","og_type":"article","og_title":"Miami - Audibax","og_description":"Amplificateur st\u00e9r\u00e9o HI-FI avec lecteur MP3 et radio FM  Connexion  Bluetooth  T\u00e9l\u00e9commande multifonctions  Puissance musicale :  T\u00e9l\u00e9commande multifonctionsstrong&gt;Bluetooth  T\u00e9l\u00e9commande multifonction  Puissance musicale : 100 W + 100 W","og_url":"https:\/\/audibax.com\/fr\/produit\/miami-black-2\/","og_site_name":"Audibax","article_modified_time":"2025-02-21T10:44:38+00:00","og_image":[{"width":1000,"height":500,"url":"https:\/\/audibax.com\/wp-content\/uploads\/2023\/12\/audibax-miami-amplificador-100w-bluetooth-negro-mando.png","type":"image\/png"}],"twitter_card":"summary_large_image","twitter_misc":{"Dur\u00e9e de lecture estim\u00e9e":"2 minutes"},"schema":{"@context":"https:\/\/schema.org","@graph":[{"@type":"WebPage","@id":"https:\/\/audibax.com\/fr\/produit\/miami-black-2\/","url":"https:\/\/audibax.com\/fr\/produit\/miami-black-2\/","name":"Miami - Audibax","isPartOf":{"@id":"https:\/\/audibax.com\/fr\/#website"},"primaryImageOfPage":{"@id":"https:\/\/audibax.com\/fr\/produit\/miami-black-2\/#primaryimage"},"image":{"@id":"https:\/\/audibax.com\/fr\/produit\/miami-black-2\/#primaryimage"},"thumbnailUrl":"https:\/\/audibax.com\/wp-content\/uploads\/2023\/12\/audibax-miami-amplificador-100w-bluetooth-negro-mando.png","datePublished":"2023-12-11T12:44:46+00:00","dateModified":"2025-02-21T10:44:38+00:00","breadcrumb":{"@id":"https:\/\/audibax.com\/fr\/produit\/miami-black-2\/#breadcrumb"},"inLanguage":"fr-FR","potentialAction":[{"@type":"ReadAction","target":["https:\/\/audibax.com\/fr\/produit\/miami-black-2\/"]}]},{"@type":"ImageObject","inLanguage":"fr-FR","@id":"https:\/\/audibax.com\/fr\/produit\/miami-black-2\/#primaryimage","url":"https:\/\/audibax.com\/wp-content\/uploads\/2023\/12\/audibax-miami-amplificador-100w-bluetooth-negro-mando.png","contentUrl":"https:\/\/audibax.com\/wp-content\/uploads\/2023\/12\/audibax-miami-amplificador-100w-bluetooth-negro-mando.png","width":1000,"height":500},{"@type":"BreadcrumbList","@id":"https:\/\/audibax.com\/fr\/produit\/miami-black-2\/#breadcrumb","itemListElement":[{"@type":"ListItem","position":1,"name":"Portada","item":"https:\/\/audibax.com\/fr\/"},{"@type":"ListItem","position":2,"name":"Produits","item":"https:\/\/audibax.com\/fr\/shop\/"},{"@type":"ListItem","position":3,"name":"Miami"}]},{"@type":"WebSite","@id":"https:\/\/audibax.com\/fr\/#website","url":"https:\/\/audibax.com\/fr\/","name":"Audibax","description":"","publisher":{"@id":"https:\/\/audibax.com\/fr\/#organization"},"potentialAction":[{"@type":"SearchAction","target":{"@type":"EntryPoint","urlTemplate":"https:\/\/audibax.com\/fr\/?s={search_term_string}"},"query-input":{"@type":"PropertyValueSpecification","valueRequired":true,"valueName":"search_term_string"}}],"inLanguage":"fr-FR"},{"@type":"Organization","@id":"https:\/\/audibax.com\/fr\/#organization","name":"Audibax","url":"https:\/\/audibax.com\/fr\/","logo":{"@type":"ImageObject","inLanguage":"fr-FR","@id":"https:\/\/audibax.com\/fr\/#\/schema\/logo\/image\/","url":"https:\/\/audibax.com\/wp-content\/uploads\/2023\/09\/logo-Audibax-BLANCO-SVG-1.svg","contentUrl":"https:\/\/audibax.com\/wp-content\/uploads\/2023\/09\/logo-Audibax-BLANCO-SVG-1.svg","caption":"Audibax"},"image":{"@id":"https:\/\/audibax.com\/fr\/#\/schema\/logo\/image\/"}}]}},"_links":{"self":[{"href":"https:\/\/audibax.com\/fr\/wp-json\/wp\/v2\/product\/36721","targetHints":{"allow":["GET"]}}],"collection":[{"href":"https:\/\/audibax.com\/fr\/wp-json\/wp\/v2\/product"}],"about":[{"href":"https:\/\/audibax.com\/fr\/wp-json\/wp\/v2\/types\/product"}],"replies":[{"embeddable":true,"href":"https:\/\/audibax.com\/fr\/wp-json\/wp\/v2\/comments?post=36721"}],"wp:featuredmedia":[{"embeddable":true,"href":"https:\/\/audibax.com\/fr\/wp-json\/wp\/v2\/media\/17319"}],"wp:attachment":[{"href":"https:\/\/audibax.com\/fr\/wp-json\/wp\/v2\/media?parent=36721"}],"wp:term":[{"taxonomy":"product_cat","embeddable":true,"href":"https:\/\/audibax.com\/fr\/wp-json\/wp\/v2\/product_cat?post=36721"},{"taxonomy":"product_tag","embeddable":true,"href":"https:\/\/audibax.com\/fr\/wp-json\/wp\/v2\/product_tag?post=36721"}],"curies":[{"name":"wp","href":"https:\/\/api.w.org\/{rel}","templated":true}]}}