{"id":36720,"date":"2023-12-11T13:44:43","date_gmt":"2023-12-11T12:44:43","guid":{"rendered":"https:\/\/audibax.com\/product\/kansas-black-2\/"},"modified":"2024-09-17T12:44:19","modified_gmt":"2024-09-17T10:44:19","slug":"kansas-black-2","status":"publish","type":"product","link":"https:\/\/audibax.com\/fr\/produit\/kansas-black-2\/","title":{"rendered":"Kansas"},"content":{"rendered":"<ul>\n<li>Power 2x 40W m\u00e1x.<\/li>\n<li><strong>Bluetooth<\/strong><\/li>\n<li>Lecture <strong>MP3&amp;nbsp ; \u00a0<\/strong><\/li>\n<li><strong>Affichage multifonctionnel.<\/strong><\/li>\n<li><strong>Port pour carte USB\/MicroSD<\/strong><\/li>\n<li>Imp\u00e9dance : 8-16 Ohms<\/li>\n<li><strong>Radio FM<\/strong> (87.5 &#8211; 108.5 MHz)<\/li>\n<li>Sensibilit\u00e9 d&rsquo;entr\u00e9e : L\u00edline 0~2V \/ 47kohm<\/li>\n<li>Entr\u00e9e RCA st\u00e9r\u00e9o auxiliaire<\/li>\n<li><strong>T\u00e9l\u00e9commande<\/strong>.<\/li>\n<li>Contr\u00f4le ind\u00e9pendant du volume, des basses et des aigus<\/li>\n<\/ul>\n<p><strong>AUTRES CARACT\u00c9RISTIQUES :<\/strong><\/p>\n<ul>\n<li style=\"list-style-type: none;\">\n<ul>\n<li style=\"list-style-type: none;\">\n<ul>\n<li>Tension d&rsquo;entr\u00e9e : 220-240Vac\/50Hz et aussi prise 12Vc-5A<\/li>\n<li>Protection contre les surcharges<\/li>\n<li>Dimensions : 145 x 160 x 160 x 55mm<\/li>\n<li>Poids : 950gr<\/li>\n<li>Couleur : Noir<\/li>\n<\/ul>\n<\/li>\n<\/ul>\n<\/li>\n<\/ul>\n<p>2x 40W HiFi Stereo Amplifier m\u00e1x.,<strong>Connexion Bluetooth<\/strong>, lecteur Mp3, radio FM et emplacement USB\/MicroSD.<\/p>\n<p>Entr\u00e9es USB\/MicroSD int\u00e9gr\u00e9es, protection des enceintes, <strong>T\u00e9l\u00e9commande<\/strong>, etc.<br \/>\nAvec ses contr\u00f4les des basses et des aigus, il vous permettra d&rsquo;avoir une grande qualit\u00e9 sonore et des auditions \u00e0 votre go\u00fbt<br \/>\nIl a \u00e9galement la possibilit\u00e9 d&rsquo;une <strong>alimentation 12 Volts<\/strong><\/p>\n<p>.<\/p>\n","protected":false},"excerpt":{"rendered":"<p><span style=\"colour: #008080;\">40+40W Amplificateur Bluetooth avec Radio<\/span><\/p>\n<p><span class=\"sparadrap\">Amplificateur Bluetooth avec Radio<\/span><\/p>\n<p>&lt;span<\/p>\n","protected":false},"featured_media":17259,"comment_status":"open","ping_status":"closed","template":"","meta":{"_acf_changed":false},"product_cat":[397],"product_tag":[],"class_list":{"0":"post-36720","1":"product","2":"type-product","3":"status-publish","4":"has-post-thumbnail","6":"product_cat-amplificateurs-hifi","8":"first","9":"instock","10":"shipping-taxable","11":"product-type-simple"},"acf":[],"yoast_head":"<!-- This site is optimized with the Yoast SEO plugin v27.0 - https:\/\/yoast.com\/product\/yoast-seo-wordpress\/ -->\n<title>Kansas - Audibax<\/title>\n<meta name=\"robots\" content=\"index, follow, max-snippet:-1, max-image-preview:large, max-video-preview:-1\" \/>\n<link rel=\"canonical\" href=\"https:\/\/audibax.com\/fr\/produit\/kansas-black-2\/\" \/>\n<meta property=\"og:locale\" content=\"fr_FR\" \/>\n<meta property=\"og:type\" content=\"article\" \/>\n<meta property=\"og:title\" content=\"Kansas - Audibax\" \/>\n<meta property=\"og:description\" content=\"40+40W Amplificateur Bluetooth avec Radio  Amplificateur Bluetooth avec Radio  &lt;span\" \/>\n<meta property=\"og:url\" content=\"https:\/\/audibax.com\/fr\/produit\/kansas-black-2\/\" \/>\n<meta property=\"og:site_name\" content=\"Audibax\" \/>\n<meta property=\"article:modified_time\" content=\"2024-09-17T10:44:19+00:00\" \/>\n<meta property=\"og:image\" content=\"https:\/\/audibax.com\/wp-content\/uploads\/2023\/12\/audibax-kansas-oferta-ampli-bluetooth.jpg\" \/>\n\t<meta property=\"og:image:width\" content=\"1000\" \/>\n\t<meta property=\"og:image:height\" content=\"500\" \/>\n\t<meta property=\"og:image:type\" content=\"image\/jpeg\" \/>\n<meta name=\"twitter:card\" content=\"summary_large_image\" \/>\n<meta name=\"twitter:label1\" content=\"Dur\u00e9e de lecture estim\u00e9e\" \/>\n\t<meta name=\"twitter:data1\" content=\"1 minute\" \/>\n<script type=\"application\/ld+json\" class=\"yoast-schema-graph\">{\"@context\":\"https:\/\/schema.org\",\"@graph\":[{\"@type\":\"WebPage\",\"@id\":\"https:\/\/audibax.com\/fr\/produit\/kansas-black-2\/\",\"url\":\"https:\/\/audibax.com\/fr\/produit\/kansas-black-2\/\",\"name\":\"Kansas - Audibax\",\"isPartOf\":{\"@id\":\"https:\/\/audibax.com\/fr\/#website\"},\"primaryImageOfPage\":{\"@id\":\"https:\/\/audibax.com\/fr\/produit\/kansas-black-2\/#primaryimage\"},\"image\":{\"@id\":\"https:\/\/audibax.com\/fr\/produit\/kansas-black-2\/#primaryimage\"},\"thumbnailUrl\":\"https:\/\/audibax.com\/wp-content\/uploads\/2023\/12\/audibax-kansas-oferta-ampli-bluetooth.jpg\",\"datePublished\":\"2023-12-11T12:44:43+00:00\",\"dateModified\":\"2024-09-17T10:44:19+00:00\",\"breadcrumb\":{\"@id\":\"https:\/\/audibax.com\/fr\/produit\/kansas-black-2\/#breadcrumb\"},\"inLanguage\":\"fr-FR\",\"potentialAction\":[{\"@type\":\"ReadAction\",\"target\":[\"https:\/\/audibax.com\/fr\/produit\/kansas-black-2\/\"]}]},{\"@type\":\"ImageObject\",\"inLanguage\":\"fr-FR\",\"@id\":\"https:\/\/audibax.com\/fr\/produit\/kansas-black-2\/#primaryimage\",\"url\":\"https:\/\/audibax.com\/wp-content\/uploads\/2023\/12\/audibax-kansas-oferta-ampli-bluetooth.jpg\",\"contentUrl\":\"https:\/\/audibax.com\/wp-content\/uploads\/2023\/12\/audibax-kansas-oferta-ampli-bluetooth.jpg\",\"width\":1000,\"height\":500},{\"@type\":\"BreadcrumbList\",\"@id\":\"https:\/\/audibax.com\/fr\/produit\/kansas-black-2\/#breadcrumb\",\"itemListElement\":[{\"@type\":\"ListItem\",\"position\":1,\"name\":\"Portada\",\"item\":\"https:\/\/audibax.com\/fr\/\"},{\"@type\":\"ListItem\",\"position\":2,\"name\":\"Produits\",\"item\":\"https:\/\/audibax.com\/fr\/shop\/\"},{\"@type\":\"ListItem\",\"position\":3,\"name\":\"Kansas\"}]},{\"@type\":\"WebSite\",\"@id\":\"https:\/\/audibax.com\/fr\/#website\",\"url\":\"https:\/\/audibax.com\/fr\/\",\"name\":\"Audibax\",\"description\":\"\",\"publisher\":{\"@id\":\"https:\/\/audibax.com\/fr\/#organization\"},\"potentialAction\":[{\"@type\":\"SearchAction\",\"target\":{\"@type\":\"EntryPoint\",\"urlTemplate\":\"https:\/\/audibax.com\/fr\/?s={search_term_string}\"},\"query-input\":{\"@type\":\"PropertyValueSpecification\",\"valueRequired\":true,\"valueName\":\"search_term_string\"}}],\"inLanguage\":\"fr-FR\"},{\"@type\":\"Organization\",\"@id\":\"https:\/\/audibax.com\/fr\/#organization\",\"name\":\"Audibax\",\"url\":\"https:\/\/audibax.com\/fr\/\",\"logo\":{\"@type\":\"ImageObject\",\"inLanguage\":\"fr-FR\",\"@id\":\"https:\/\/audibax.com\/fr\/#\/schema\/logo\/image\/\",\"url\":\"https:\/\/audibax.com\/wp-content\/uploads\/2023\/09\/logo-Audibax-BLANCO-SVG-1.svg\",\"contentUrl\":\"https:\/\/audibax.com\/wp-content\/uploads\/2023\/09\/logo-Audibax-BLANCO-SVG-1.svg\",\"caption\":\"Audibax\"},\"image\":{\"@id\":\"https:\/\/audibax.com\/fr\/#\/schema\/logo\/image\/\"}}]}<\/script>\n<!-- \/ Yoast SEO plugin. -->","yoast_head_json":{"title":"Kansas - Audibax","robots":{"index":"index","follow":"follow","max-snippet":"max-snippet:-1","max-image-preview":"max-image-preview:large","max-video-preview":"max-video-preview:-1"},"canonical":"https:\/\/audibax.com\/fr\/produit\/kansas-black-2\/","og_locale":"fr_FR","og_type":"article","og_title":"Kansas - Audibax","og_description":"40+40W Amplificateur Bluetooth avec Radio  Amplificateur Bluetooth avec Radio  &lt;span","og_url":"https:\/\/audibax.com\/fr\/produit\/kansas-black-2\/","og_site_name":"Audibax","article_modified_time":"2024-09-17T10:44:19+00:00","og_image":[{"width":1000,"height":500,"url":"https:\/\/audibax.com\/wp-content\/uploads\/2023\/12\/audibax-kansas-oferta-ampli-bluetooth.jpg","type":"image\/jpeg"}],"twitter_card":"summary_large_image","twitter_misc":{"Dur\u00e9e de lecture estim\u00e9e":"1 minute"},"schema":{"@context":"https:\/\/schema.org","@graph":[{"@type":"WebPage","@id":"https:\/\/audibax.com\/fr\/produit\/kansas-black-2\/","url":"https:\/\/audibax.com\/fr\/produit\/kansas-black-2\/","name":"Kansas - Audibax","isPartOf":{"@id":"https:\/\/audibax.com\/fr\/#website"},"primaryImageOfPage":{"@id":"https:\/\/audibax.com\/fr\/produit\/kansas-black-2\/#primaryimage"},"image":{"@id":"https:\/\/audibax.com\/fr\/produit\/kansas-black-2\/#primaryimage"},"thumbnailUrl":"https:\/\/audibax.com\/wp-content\/uploads\/2023\/12\/audibax-kansas-oferta-ampli-bluetooth.jpg","datePublished":"2023-12-11T12:44:43+00:00","dateModified":"2024-09-17T10:44:19+00:00","breadcrumb":{"@id":"https:\/\/audibax.com\/fr\/produit\/kansas-black-2\/#breadcrumb"},"inLanguage":"fr-FR","potentialAction":[{"@type":"ReadAction","target":["https:\/\/audibax.com\/fr\/produit\/kansas-black-2\/"]}]},{"@type":"ImageObject","inLanguage":"fr-FR","@id":"https:\/\/audibax.com\/fr\/produit\/kansas-black-2\/#primaryimage","url":"https:\/\/audibax.com\/wp-content\/uploads\/2023\/12\/audibax-kansas-oferta-ampli-bluetooth.jpg","contentUrl":"https:\/\/audibax.com\/wp-content\/uploads\/2023\/12\/audibax-kansas-oferta-ampli-bluetooth.jpg","width":1000,"height":500},{"@type":"BreadcrumbList","@id":"https:\/\/audibax.com\/fr\/produit\/kansas-black-2\/#breadcrumb","itemListElement":[{"@type":"ListItem","position":1,"name":"Portada","item":"https:\/\/audibax.com\/fr\/"},{"@type":"ListItem","position":2,"name":"Produits","item":"https:\/\/audibax.com\/fr\/shop\/"},{"@type":"ListItem","position":3,"name":"Kansas"}]},{"@type":"WebSite","@id":"https:\/\/audibax.com\/fr\/#website","url":"https:\/\/audibax.com\/fr\/","name":"Audibax","description":"","publisher":{"@id":"https:\/\/audibax.com\/fr\/#organization"},"potentialAction":[{"@type":"SearchAction","target":{"@type":"EntryPoint","urlTemplate":"https:\/\/audibax.com\/fr\/?s={search_term_string}"},"query-input":{"@type":"PropertyValueSpecification","valueRequired":true,"valueName":"search_term_string"}}],"inLanguage":"fr-FR"},{"@type":"Organization","@id":"https:\/\/audibax.com\/fr\/#organization","name":"Audibax","url":"https:\/\/audibax.com\/fr\/","logo":{"@type":"ImageObject","inLanguage":"fr-FR","@id":"https:\/\/audibax.com\/fr\/#\/schema\/logo\/image\/","url":"https:\/\/audibax.com\/wp-content\/uploads\/2023\/09\/logo-Audibax-BLANCO-SVG-1.svg","contentUrl":"https:\/\/audibax.com\/wp-content\/uploads\/2023\/09\/logo-Audibax-BLANCO-SVG-1.svg","caption":"Audibax"},"image":{"@id":"https:\/\/audibax.com\/fr\/#\/schema\/logo\/image\/"}}]}},"_links":{"self":[{"href":"https:\/\/audibax.com\/fr\/wp-json\/wp\/v2\/product\/36720","targetHints":{"allow":["GET"]}}],"collection":[{"href":"https:\/\/audibax.com\/fr\/wp-json\/wp\/v2\/product"}],"about":[{"href":"https:\/\/audibax.com\/fr\/wp-json\/wp\/v2\/types\/product"}],"replies":[{"embeddable":true,"href":"https:\/\/audibax.com\/fr\/wp-json\/wp\/v2\/comments?post=36720"}],"wp:featuredmedia":[{"embeddable":true,"href":"https:\/\/audibax.com\/fr\/wp-json\/wp\/v2\/media\/17259"}],"wp:attachment":[{"href":"https:\/\/audibax.com\/fr\/wp-json\/wp\/v2\/media?parent=36720"}],"wp:term":[{"taxonomy":"product_cat","embeddable":true,"href":"https:\/\/audibax.com\/fr\/wp-json\/wp\/v2\/product_cat?post=36720"},{"taxonomy":"product_tag","embeddable":true,"href":"https:\/\/audibax.com\/fr\/wp-json\/wp\/v2\/product_tag?post=36720"}],"curies":[{"name":"wp","href":"https:\/\/api.w.org\/{rel}","templated":true}]}}