{"id":36719,"date":"2023-12-11T13:44:41","date_gmt":"2023-12-11T12:44:41","guid":{"rendered":"https:\/\/audibax.com\/product\/atenas-1500-black-2\/"},"modified":"2023-12-27T11:58:38","modified_gmt":"2023-12-27T10:58:38","slug":"atenas-1500-black-2","status":"publish","type":"product","link":"https:\/\/audibax.com\/fr\/produit\/atenas-1500-black-2\/","title":{"rendered":"Atenas 1500 Black"},"content":{"rendered":"<\/p>\n<p><strong>Audibax Atenas 1500 USB Podcast \/ Recording Microphone<\/strong><\/strong><\/p>\n<p>Le <strong>Audibax Atenas 1500<\/strong> est un microphone USB professionnel de haute qualit\u00e9. Gr\u00e2ce \u00e0 ses options de contr\u00f4le du volume, de monitoring et de sortie casque, il peut \u00e9galement \u00eatre utilis\u00e9 comme interface audio. De plus, il dispose de voyants LED sur la grille qui changent de couleur en fonction de l&rsquo;\u00e9tat du microphone. Le <strong>Atenas 1500<\/strong> est parfait pour l&rsquo;enregistrement de fonctions (voix, guitares, percussions, etc.), le podcasting ou la vid\u00e9oconf\u00e9rence avec des programmes tels que Skype, Zoom, Meets, etc.<\/p>\n<h3>Excellente qualit\u00e9 sonore<\/h3>\n<p>Le <strong>Audibax Atenas 1500<\/strong> offre une qualit\u00e9 sonore incroyable et un rapport de bruit tr\u00e8s faible comparable \u00e0 des microphones plus co\u00fbteux. Il dispose d&rsquo;une plage dynamique de 88Db et d&rsquo;une r\u00e9ponse en fr\u00e9quence de 20Hz \u00e0 20Khz, ce qui en fait le microphone id\u00e9al pour une grande vari\u00e9t\u00e9 d&rsquo;applications.<\/p>\n<h3>Des commandes toujours \u00e0 port\u00e9e de main<\/h3>\n<p>Ce micro offre plusieurs commandes dans son propre bo\u00eetier, ce qui en fait un micro extr\u00eamement facile et pratique \u00e0 utiliser. Vous pourrez acc\u00e9der \u00e0 l&rsquo;option mute, au gain du micro, au volume g\u00e9n\u00e9ral (sortie casque) et m\u00eame au bouton d&rsquo;effet pour contr\u00f4ler la quantit\u00e9 d&rsquo;\u00e9cho ou de r\u00e9verb\u00e9ration que vous souhaitez ajouter \u00e0 votre enregistrement.<\/p>\n<h3>Plug and play<\/h3>\n<p>Le <strong>Atenas 1500<\/strong> <strong>Audibax<\/strong> est un microphone USB Plug and Play compatible avec MacOs et Windows. Avec lui, vous n&rsquo;avez besoin d&rsquo;aucun pilote ou logiciel suppl\u00e9mentaire pour le faire fonctionner. Il suffit de le connecter \u00e0 votre ordinateur \u00e0 l&rsquo;aide du c\u00e2ble USB fourni et vous \u00eates pr\u00eat \u00e0 partir ! <\/p>\n<h3>Sortie casque<\/h3>\n<p>Le <strong>Audibax Atenas 1500<\/strong> dispose d&rsquo;une sortie casque de 3.5 mm situ\u00e9e sur la partie inf\u00e9rieure du micro qui vous permet de vous monitorer ou de vous \u00e9couter sans utiliser de haut-parleurs. Cette sortie, si vous le souhaitez, peut \u00e9galement \u00eatre utilis\u00e9e pour connecter de petits haut-parleurs actifs.<\/p>\n<p>Ce microphone est livr\u00e9 avec un support inclinable qui vous permet d&rsquo;ajuster l&rsquo;angle du microphone comme vous le souhaitez pour obtenir le son parfait ! Il peut \u00e9galement \u00eatre enti\u00e8rement tourn\u00e9 de mani\u00e8re \u00e0 pouvoir \u00eatre pli\u00e9 \u00e0 plat.<\/p>\n<p>Le <strong>Audibax Atenas 1500<\/strong> est dot\u00e9 de voyants lumineux sous la grille qui vous permettent de conna\u00eetre l&rsquo;\u00e9tat du microphone en fonction de sa couleur.<\/p>\n<p>La lumi\u00e8re bleue &#038;gt ; Fonctionnement normal<br \/> La lumi\u00e8re rouge &#038;gt ; Microphone en \u00e9tat de sourdine<\/p>\n<\/p>\n<p>Microphone en \u00e9tat de sourdine<\/p>\n<pp>&nbsp;<\/p>\n<h3>Caract\u00e9ristiques techniques Audibax Atenas 1500 Microphone USB pour Podcast \/ Enregistrement :<\/h3>\n<ul>\n<li>Microphone USB avec sortie casque<\/li>\n<li>Motif : hypercardio\u00efde<\/li>\n<li>Type : Microphone USB \u00e0 grand diaphragme<\/li>\n<li>Contr\u00f4le de gain avant<\/li>\n<li>Contr\u00f4le de volume global avant<\/li>\n<li>3.5mm \u00e0 l&rsquo;avant<\/li>\n<li>Contr\u00f4le du niveau d&rsquo;effet \u00e0 l&rsquo;avant<\/li>\n<li>C&aacute;psula : 16mm<\/li>\n<li>Pied inclinable<\/li>\n<li>Alimentation : USB (DC 5V)<\/li>\n<li>Applications : Enregistrement vocal, streaming, podcasting, vid\u00e9oconf\u00e9rence, interviews<\/li>\n<li>R\u00e9ponse en fr\u00e9quence : 20 HZ-20 KHZ<\/li>\n<li>Sensibilit\u00e9 : 45db + -3db<\/li>\n<li>Niveau de bruit \u00e9quivalent : 66db<\/li>\n<li>Gamme dynamique : 88db<\/li>\n<li>Rapport signal\/bruit : 85db<\/li>\n<li>Compatible avec MacOs et Windows<\/li>\n<li>Contenus : Microphone + support + c\u00e2ble USB<\/li>\n<li>Finition : Noir<\/li>\n<li>Dimensions : 24cm x 10cm x 10cm<\/li>\n<li>Longueur du c\u00e2ble : 180cm<\/li>\n<li>Poids : 435gr<\/li>\n<\/ul>\n","protected":false},"excerpt":{"rendered":"<ul>\n<li>Microphone USB avec sortie casque<\/li>\n<li>Mod\u00e8le : hypercardio\u00efde<\/li>\n<li>Type : Microphone USB \u00e0 grand diaphragme<\/li>\n<li>Contr\u00f4le de gain avant<\/li>\n<li>Finition : Noir<\/li>\n<li>Contenu:&nbsp;microphone, support, c\u00e2ble USB<\/li>\n<\/li>\n<\/ul>\n<\/ul>\n<\/ul>\n","protected":false},"featured_media":16806,"comment_status":"open","ping_status":"closed","template":"","meta":{"_acf_changed":false},"product_cat":[385],"product_tag":[],"class_list":{"0":"post-36719","1":"product","2":"type-product","3":"status-publish","4":"has-post-thumbnail","6":"product_cat-microscope-usb","8":"first","9":"instock","10":"shipping-taxable","11":"product-type-simple"},"acf":[],"yoast_head":"<!-- This site is optimized with the Yoast SEO plugin v27.0 - https:\/\/yoast.com\/product\/yoast-seo-wordpress\/ -->\n<title>Atenas 1500 Black - Audibax<\/title>\n<meta name=\"robots\" content=\"index, follow, max-snippet:-1, max-image-preview:large, max-video-preview:-1\" \/>\n<link rel=\"canonical\" href=\"https:\/\/audibax.com\/fr\/produit\/atenas-1500-black-2\/\" \/>\n<meta property=\"og:locale\" content=\"fr_FR\" \/>\n<meta property=\"og:type\" content=\"article\" \/>\n<meta property=\"og:title\" content=\"Atenas 1500 Black - Audibax\" \/>\n<meta property=\"og:description\" content=\"Microphone USB avec sortie casque Mod\u00e8le : hypercardio\u00efde Type : Microphone USB \u00e0 grand diaphragme Contr\u00f4le de gain avant Finition : Noir Contenu:&nbsp;microphone, support, c\u00e2ble USB\" \/>\n<meta property=\"og:url\" content=\"https:\/\/audibax.com\/fr\/produit\/atenas-1500-black-2\/\" \/>\n<meta property=\"og:site_name\" content=\"Audibax\" \/>\n<meta property=\"article:modified_time\" content=\"2023-12-27T10:58:38+00:00\" \/>\n<meta name=\"twitter:card\" content=\"summary_large_image\" \/>\n<meta name=\"twitter:label1\" content=\"Dur\u00e9e de lecture estim\u00e9e\" \/>\n\t<meta name=\"twitter:data1\" content=\"3 minutes\" \/>\n<script type=\"application\/ld+json\" class=\"yoast-schema-graph\">{\"@context\":\"https:\/\/schema.org\",\"@graph\":[{\"@type\":\"WebPage\",\"@id\":\"https:\/\/audibax.com\/fr\/produit\/atenas-1500-black-2\/\",\"url\":\"https:\/\/audibax.com\/fr\/produit\/atenas-1500-black-2\/\",\"name\":\"Atenas 1500 Black - Audibax\",\"isPartOf\":{\"@id\":\"https:\/\/audibax.com\/fr\/#website\"},\"primaryImageOfPage\":{\"@id\":\"https:\/\/audibax.com\/fr\/produit\/atenas-1500-black-2\/#primaryimage\"},\"image\":{\"@id\":\"https:\/\/audibax.com\/fr\/produit\/atenas-1500-black-2\/#primaryimage\"},\"thumbnailUrl\":\"https:\/\/audibax.com\/wp-content\/uploads\/2023\/12\/Audibax-Atenas-1500-microfono-usb-led-azul.jpg\",\"datePublished\":\"2023-12-11T12:44:41+00:00\",\"dateModified\":\"2023-12-27T10:58:38+00:00\",\"breadcrumb\":{\"@id\":\"https:\/\/audibax.com\/fr\/produit\/atenas-1500-black-2\/#breadcrumb\"},\"inLanguage\":\"fr-FR\",\"potentialAction\":[{\"@type\":\"ReadAction\",\"target\":[\"https:\/\/audibax.com\/fr\/produit\/atenas-1500-black-2\/\"]}]},{\"@type\":\"ImageObject\",\"inLanguage\":\"fr-FR\",\"@id\":\"https:\/\/audibax.com\/fr\/produit\/atenas-1500-black-2\/#primaryimage\",\"url\":\"https:\/\/audibax.com\/wp-content\/uploads\/2023\/12\/Audibax-Atenas-1500-microfono-usb-led-azul.jpg\",\"contentUrl\":\"https:\/\/audibax.com\/wp-content\/uploads\/2023\/12\/Audibax-Atenas-1500-microfono-usb-led-azul.jpg\",\"width\":1000,\"height\":500},{\"@type\":\"BreadcrumbList\",\"@id\":\"https:\/\/audibax.com\/fr\/produit\/atenas-1500-black-2\/#breadcrumb\",\"itemListElement\":[{\"@type\":\"ListItem\",\"position\":1,\"name\":\"Portada\",\"item\":\"https:\/\/audibax.com\/fr\/\"},{\"@type\":\"ListItem\",\"position\":2,\"name\":\"Produits\",\"item\":\"https:\/\/audibax.com\/fr\/shop\/\"},{\"@type\":\"ListItem\",\"position\":3,\"name\":\"Atenas 1500 Black\"}]},{\"@type\":\"WebSite\",\"@id\":\"https:\/\/audibax.com\/fr\/#website\",\"url\":\"https:\/\/audibax.com\/fr\/\",\"name\":\"Audibax\",\"description\":\"\",\"publisher\":{\"@id\":\"https:\/\/audibax.com\/fr\/#organization\"},\"potentialAction\":[{\"@type\":\"SearchAction\",\"target\":{\"@type\":\"EntryPoint\",\"urlTemplate\":\"https:\/\/audibax.com\/fr\/?s={search_term_string}\"},\"query-input\":{\"@type\":\"PropertyValueSpecification\",\"valueRequired\":true,\"valueName\":\"search_term_string\"}}],\"inLanguage\":\"fr-FR\"},{\"@type\":\"Organization\",\"@id\":\"https:\/\/audibax.com\/fr\/#organization\",\"name\":\"Audibax\",\"url\":\"https:\/\/audibax.com\/fr\/\",\"logo\":{\"@type\":\"ImageObject\",\"inLanguage\":\"fr-FR\",\"@id\":\"https:\/\/audibax.com\/fr\/#\/schema\/logo\/image\/\",\"url\":\"https:\/\/audibax.com\/wp-content\/uploads\/2023\/09\/logo-Audibax-BLANCO-SVG-1.svg\",\"contentUrl\":\"https:\/\/audibax.com\/wp-content\/uploads\/2023\/09\/logo-Audibax-BLANCO-SVG-1.svg\",\"caption\":\"Audibax\"},\"image\":{\"@id\":\"https:\/\/audibax.com\/fr\/#\/schema\/logo\/image\/\"}}]}<\/script>\n<!-- \/ Yoast SEO plugin. -->","yoast_head_json":{"title":"Atenas 1500 Black - Audibax","robots":{"index":"index","follow":"follow","max-snippet":"max-snippet:-1","max-image-preview":"max-image-preview:large","max-video-preview":"max-video-preview:-1"},"canonical":"https:\/\/audibax.com\/fr\/produit\/atenas-1500-black-2\/","og_locale":"fr_FR","og_type":"article","og_title":"Atenas 1500 Black - Audibax","og_description":"Microphone USB avec sortie casque Mod\u00e8le : hypercardio\u00efde Type : Microphone USB \u00e0 grand diaphragme Contr\u00f4le de gain avant Finition : Noir Contenu:&nbsp;microphone, support, c\u00e2ble USB","og_url":"https:\/\/audibax.com\/fr\/produit\/atenas-1500-black-2\/","og_site_name":"Audibax","article_modified_time":"2023-12-27T10:58:38+00:00","twitter_card":"summary_large_image","twitter_misc":{"Dur\u00e9e de lecture estim\u00e9e":"3 minutes"},"schema":{"@context":"https:\/\/schema.org","@graph":[{"@type":"WebPage","@id":"https:\/\/audibax.com\/fr\/produit\/atenas-1500-black-2\/","url":"https:\/\/audibax.com\/fr\/produit\/atenas-1500-black-2\/","name":"Atenas 1500 Black - Audibax","isPartOf":{"@id":"https:\/\/audibax.com\/fr\/#website"},"primaryImageOfPage":{"@id":"https:\/\/audibax.com\/fr\/produit\/atenas-1500-black-2\/#primaryimage"},"image":{"@id":"https:\/\/audibax.com\/fr\/produit\/atenas-1500-black-2\/#primaryimage"},"thumbnailUrl":"https:\/\/audibax.com\/wp-content\/uploads\/2023\/12\/Audibax-Atenas-1500-microfono-usb-led-azul.jpg","datePublished":"2023-12-11T12:44:41+00:00","dateModified":"2023-12-27T10:58:38+00:00","breadcrumb":{"@id":"https:\/\/audibax.com\/fr\/produit\/atenas-1500-black-2\/#breadcrumb"},"inLanguage":"fr-FR","potentialAction":[{"@type":"ReadAction","target":["https:\/\/audibax.com\/fr\/produit\/atenas-1500-black-2\/"]}]},{"@type":"ImageObject","inLanguage":"fr-FR","@id":"https:\/\/audibax.com\/fr\/produit\/atenas-1500-black-2\/#primaryimage","url":"https:\/\/audibax.com\/wp-content\/uploads\/2023\/12\/Audibax-Atenas-1500-microfono-usb-led-azul.jpg","contentUrl":"https:\/\/audibax.com\/wp-content\/uploads\/2023\/12\/Audibax-Atenas-1500-microfono-usb-led-azul.jpg","width":1000,"height":500},{"@type":"BreadcrumbList","@id":"https:\/\/audibax.com\/fr\/produit\/atenas-1500-black-2\/#breadcrumb","itemListElement":[{"@type":"ListItem","position":1,"name":"Portada","item":"https:\/\/audibax.com\/fr\/"},{"@type":"ListItem","position":2,"name":"Produits","item":"https:\/\/audibax.com\/fr\/shop\/"},{"@type":"ListItem","position":3,"name":"Atenas 1500 Black"}]},{"@type":"WebSite","@id":"https:\/\/audibax.com\/fr\/#website","url":"https:\/\/audibax.com\/fr\/","name":"Audibax","description":"","publisher":{"@id":"https:\/\/audibax.com\/fr\/#organization"},"potentialAction":[{"@type":"SearchAction","target":{"@type":"EntryPoint","urlTemplate":"https:\/\/audibax.com\/fr\/?s={search_term_string}"},"query-input":{"@type":"PropertyValueSpecification","valueRequired":true,"valueName":"search_term_string"}}],"inLanguage":"fr-FR"},{"@type":"Organization","@id":"https:\/\/audibax.com\/fr\/#organization","name":"Audibax","url":"https:\/\/audibax.com\/fr\/","logo":{"@type":"ImageObject","inLanguage":"fr-FR","@id":"https:\/\/audibax.com\/fr\/#\/schema\/logo\/image\/","url":"https:\/\/audibax.com\/wp-content\/uploads\/2023\/09\/logo-Audibax-BLANCO-SVG-1.svg","contentUrl":"https:\/\/audibax.com\/wp-content\/uploads\/2023\/09\/logo-Audibax-BLANCO-SVG-1.svg","caption":"Audibax"},"image":{"@id":"https:\/\/audibax.com\/fr\/#\/schema\/logo\/image\/"}}]}},"_links":{"self":[{"href":"https:\/\/audibax.com\/fr\/wp-json\/wp\/v2\/product\/36719","targetHints":{"allow":["GET"]}}],"collection":[{"href":"https:\/\/audibax.com\/fr\/wp-json\/wp\/v2\/product"}],"about":[{"href":"https:\/\/audibax.com\/fr\/wp-json\/wp\/v2\/types\/product"}],"replies":[{"embeddable":true,"href":"https:\/\/audibax.com\/fr\/wp-json\/wp\/v2\/comments?post=36719"}],"wp:featuredmedia":[{"embeddable":true,"href":"https:\/\/audibax.com\/fr\/wp-json\/wp\/v2\/media\/16806"}],"wp:attachment":[{"href":"https:\/\/audibax.com\/fr\/wp-json\/wp\/v2\/media?parent=36719"}],"wp:term":[{"taxonomy":"product_cat","embeddable":true,"href":"https:\/\/audibax.com\/fr\/wp-json\/wp\/v2\/product_cat?post=36719"},{"taxonomy":"product_tag","embeddable":true,"href":"https:\/\/audibax.com\/fr\/wp-json\/wp\/v2\/product_tag?post=36719"}],"curies":[{"name":"wp","href":"https:\/\/api.w.org\/{rel}","templated":true}]}}