{"id":36714,"date":"2023-12-27T11:58:32","date_gmt":"2023-12-27T10:58:32","guid":{"rendered":"https:\/\/audibax.com\/product\/london-800-usb-pack-silver-2\/"},"modified":"2023-12-27T11:58:32","modified_gmt":"2023-12-27T10:58:32","slug":"london-800-usb-pack-silver-2","status":"publish","type":"product","link":"https:\/\/audibax.com\/fr\/produit\/london-800-usb-pack-silver-2\/","title":{"rendered":"London 800 USB Pack Silver"},"content":{"rendered":"<\/p>\n<p><strong>Audibax London 800 USB Silver Pack Microphone pour Podcasting \/ Recording \/ Gamers Pack<\/strong><\/strong><\/p>\n<p><strong>Audibax London 800 USB Silver Pack Microphone pour Podcasting \/ Recording \/ Gamers Pack<\/strong><\/p>\n<p>.Le microphone London 800 USB est un <strong>microphone de studio \u00e0 grand diaphragme<\/strong><\/strong>&nbsp;avec directivit\u00e9<\/strong><\/p>\n<p><strong>Microphone London 800 USB<\/strong><\/p>\n<p><strong>Audibax 800 USB microphone<\/strong>.<strong>cardio\u00efde<\/strong> qui offre des performances \u00e9lev\u00e9es gr\u00e2ce \u00e0 son transducteur de 16 mm de haute qualit\u00e9 et une conversion analogique-num\u00e9rique pratiquement sans perte gr\u00e2ce \u00e0 sa connexion directe au port USB.<\/p>\n<p>Parfait comme microphone principal ou d&rsquo;appoint pour les applications studio ou live, r\u00e9ponse en fr\u00e9quence extr\u00eamement lin\u00e9aire et haute r\u00e9solution sonore.<\/p>\n<p>Le London 800 USB est parfait pour une utilisation en home studio, en ext\u00e9rieur, en podcasting et en doublage.<\/strong><\/p>\n<\/p>\n<p><strong>Caract\u00e9ristiques Audibax London 800 USB Studio Microphone<\/strong><\/p>\n<p><strong>Audibax London 800 USB Studio Microphone<\/strong><\/p>\n<p><strong><strong>Caract\u00e9ristiques.<strong><\/p>\n<ul>\n<li>Microphone \u00e0 condensateur \u00e0 large diaphragme<\/li>\n<li>Caacute;psula : Transducteur de 16 mm<\/li>\n<li>Polarisation : Cardio\u00efde<\/li>\n<li>R\u00e9ponse en fr\u00e9quence : 40Hz-20kHz<\/li>\n<li>Sensibilit\u00e9 : -43dB &#038;plusmn ; 2dB (0dB = 1V \/ Pa \u00e0 1kHz)<\/li>\n<li>Imp\u00e9dance de sortie : &lt;2.2 K&#038;Omega ; (\u00e0 1 kHz)<\/li>\n<li>Tension de fonctionnement : 1.5V<\/li>\n<li>Max. SPL : 120dB (\u00e0 1kHz &le;1% T.H.D)<\/li>\n<li>Rapport S&oacute;n S\/N : &ge;66dB<\/li>\n<li>R\u00e9duction de sensibilit\u00e9 : &le;3dB Vs = 1.5V-10V<\/li>\n<li>Courant \u00e9lectrique : 3 mA<\/li>\n<li>S\u00e9rie : Silver Pack<\/li>\n<li>Finition : Argent<\/li>\n<\/ul>\n<p>&nbsp;<\/p>\n<p><strong>Audibax London 800 USB Pack Contents<\/strong><\/p>\n<p><strong>Audibax London 800 USB Pack Contents<\/strong><\/p>\n<p><strong>Audibax London 800 USB Pack<\/strong>.\/strong><\/p>\n<ul>\n<li>1 microphone London 800<\/li>\n<li>1 bonnette en mousse<\/li>\n<li>1 support anti-vibration<\/li>\n<li>1 microphone London 800 USB<\/li>\n<li>1 microphone London 800 USB<\/li>\n<li>1 microphone London 800 USB<\/li>\n<li>1 microphone London 800 USB<\/li>\n<li>1 microphone London 800.li>1 Support anti-vibration (Spider)<\/li>\n<li>1 Support de bureau (tr&iacute;pode)<\/li>\n<li>\n<li>\n<li>1 C\u00e2ble USB (1 m\u00e8tre)<\/li>\n<li>1 C\u00e2ble USB (1 m\u00e8tre)<\/li>\n<li>1 C\u00e2ble USB (1 m\u00e8tre)1 c\u00e2ble USB (1 m\u00e8tre)<\/li>\n<\/ul>\n<p><img decoding=\"async\" alt=\"\" src=\"\/crm\/documents\/fckeditor\/image\/1-MRA\/audibax-microphone-studio-usb.png\" style=\"height:506px ; width:675px\" \/><\/p>\n<p><img decoding=\"async\" alt=\"\" src=\"\/crm\/documents\/fckeditor\/image\/1-MRA\/audibax-microphone-studio-usb.png\" style=\"height:508px ; width:675px\" \/><\/p>\n<\/p>\n<p>&nbsp;<\/p>\n<p>&nbsp;<\/p>\n<p>.<\/p>\n","protected":false},"excerpt":{"rendered":"<ul>\n<li>S\u00e9rie : Silver Pack&nbsp;<\/li>\n<li>Finition : Argent<\/li>\n<li>Microphone \u00e0 condensateur \u00e0 large diaphragme<\/li>\n<li>Caacute;psula : transducteur de 16mm<\/li>\n<li>Polarisation : Cardio\u00efde<\/li>\n<li>R\u00e9ponse en fr\u00e9quence : 40Hz-20kHz<\/li>\n<li>Kit compos\u00e9 de :1 microphone London 800, 1 bonnette anti-vent en mousse, 1 support anti-vibration, 1 support de bureau, 1 c\u00e2ble USB (1 m\u00e8tre)<\/li>\n<\/ul>\n<li> <\/ul>\n<\/ul>\n<\/ul>\n<\/ul>\n<\/ul>\n<\/ul>\n<\/ul>\n<\/ul>\n<\/ul>\n<\/ul>\n<\/ul>\n<\/ul>\n<\/ul>\n<p>.<\/p>\n","protected":false},"featured_media":17297,"comment_status":"open","ping_status":"closed","template":"","meta":{"_acf_changed":false},"product_cat":[385,243],"product_tag":[],"class_list":{"0":"post-36714","1":"product","2":"type-product","3":"status-publish","4":"has-post-thumbnail","6":"product_cat-microscope-usb","7":"product_cat-uncategorized","9":"first","10":"instock","11":"shipping-taxable","12":"product-type-simple"},"acf":[],"yoast_head":"<!-- This site is optimized with the Yoast SEO plugin v27.0 - https:\/\/yoast.com\/product\/yoast-seo-wordpress\/ -->\n<title>London 800 USB Pack Silver - Audibax<\/title>\n<meta name=\"robots\" content=\"index, follow, max-snippet:-1, max-image-preview:large, max-video-preview:-1\" \/>\n<link rel=\"canonical\" href=\"https:\/\/audibax.com\/fr\/produit\/london-800-usb-pack-silver-2\/\" \/>\n<meta property=\"og:locale\" content=\"fr_FR\" \/>\n<meta property=\"og:type\" content=\"article\" \/>\n<meta property=\"og:title\" content=\"London 800 USB Pack Silver - Audibax\" \/>\n<meta property=\"og:description\" content=\"S\u00e9rie : Silver Pack&nbsp; Finition : Argent Microphone \u00e0 condensateur \u00e0 large diaphragme Caacute;psula : transducteur de 16mm Polarisation : Cardio\u00efde R\u00e9ponse en fr\u00e9quence : 40Hz-20kHz Kit compos\u00e9 de :1 microphone London 800, 1 bonnette anti-vent en mousse, 1 support anti-vibration, 1 support de bureau, 1 c\u00e2ble USB (1 m\u00e8tre)        .\" \/>\n<meta property=\"og:url\" content=\"https:\/\/audibax.com\/fr\/produit\/london-800-usb-pack-silver-2\/\" \/>\n<meta property=\"og:site_name\" content=\"Audibax\" \/>\n<meta name=\"twitter:card\" content=\"summary_large_image\" \/>\n<meta name=\"twitter:label1\" content=\"Dur\u00e9e de lecture estim\u00e9e\" \/>\n\t<meta name=\"twitter:data1\" content=\"1 minute\" \/>\n<script type=\"application\/ld+json\" class=\"yoast-schema-graph\">{\"@context\":\"https:\/\/schema.org\",\"@graph\":[{\"@type\":\"WebPage\",\"@id\":\"https:\/\/audibax.com\/fr\/produit\/london-800-usb-pack-silver-2\/\",\"url\":\"https:\/\/audibax.com\/fr\/produit\/london-800-usb-pack-silver-2\/\",\"name\":\"London 800 USB Pack Silver - Audibax\",\"isPartOf\":{\"@id\":\"https:\/\/audibax.com\/fr\/#website\"},\"primaryImageOfPage\":{\"@id\":\"https:\/\/audibax.com\/fr\/produit\/london-800-usb-pack-silver-2\/#primaryimage\"},\"image\":{\"@id\":\"https:\/\/audibax.com\/fr\/produit\/london-800-usb-pack-silver-2\/#primaryimage\"},\"thumbnailUrl\":\"https:\/\/audibax.com\/wp-content\/uploads\/2023\/12\/audibax-london-800-usb-silver-pack.jpg\",\"datePublished\":\"2023-12-27T10:58:32+00:00\",\"breadcrumb\":{\"@id\":\"https:\/\/audibax.com\/fr\/produit\/london-800-usb-pack-silver-2\/#breadcrumb\"},\"inLanguage\":\"fr-FR\",\"potentialAction\":[{\"@type\":\"ReadAction\",\"target\":[\"https:\/\/audibax.com\/fr\/produit\/london-800-usb-pack-silver-2\/\"]}]},{\"@type\":\"ImageObject\",\"inLanguage\":\"fr-FR\",\"@id\":\"https:\/\/audibax.com\/fr\/produit\/london-800-usb-pack-silver-2\/#primaryimage\",\"url\":\"https:\/\/audibax.com\/wp-content\/uploads\/2023\/12\/audibax-london-800-usb-silver-pack.jpg\",\"contentUrl\":\"https:\/\/audibax.com\/wp-content\/uploads\/2023\/12\/audibax-london-800-usb-silver-pack.jpg\",\"width\":1500,\"height\":1061},{\"@type\":\"BreadcrumbList\",\"@id\":\"https:\/\/audibax.com\/fr\/produit\/london-800-usb-pack-silver-2\/#breadcrumb\",\"itemListElement\":[{\"@type\":\"ListItem\",\"position\":1,\"name\":\"Portada\",\"item\":\"https:\/\/audibax.com\/fr\/\"},{\"@type\":\"ListItem\",\"position\":2,\"name\":\"Produits\",\"item\":\"https:\/\/audibax.com\/fr\/shop\/\"},{\"@type\":\"ListItem\",\"position\":3,\"name\":\"London 800 USB Pack Silver\"}]},{\"@type\":\"WebSite\",\"@id\":\"https:\/\/audibax.com\/fr\/#website\",\"url\":\"https:\/\/audibax.com\/fr\/\",\"name\":\"Audibax\",\"description\":\"\",\"publisher\":{\"@id\":\"https:\/\/audibax.com\/fr\/#organization\"},\"potentialAction\":[{\"@type\":\"SearchAction\",\"target\":{\"@type\":\"EntryPoint\",\"urlTemplate\":\"https:\/\/audibax.com\/fr\/?s={search_term_string}\"},\"query-input\":{\"@type\":\"PropertyValueSpecification\",\"valueRequired\":true,\"valueName\":\"search_term_string\"}}],\"inLanguage\":\"fr-FR\"},{\"@type\":\"Organization\",\"@id\":\"https:\/\/audibax.com\/fr\/#organization\",\"name\":\"Audibax\",\"url\":\"https:\/\/audibax.com\/fr\/\",\"logo\":{\"@type\":\"ImageObject\",\"inLanguage\":\"fr-FR\",\"@id\":\"https:\/\/audibax.com\/fr\/#\/schema\/logo\/image\/\",\"url\":\"https:\/\/audibax.com\/wp-content\/uploads\/2023\/09\/logo-Audibax-BLANCO-SVG-1.svg\",\"contentUrl\":\"https:\/\/audibax.com\/wp-content\/uploads\/2023\/09\/logo-Audibax-BLANCO-SVG-1.svg\",\"caption\":\"Audibax\"},\"image\":{\"@id\":\"https:\/\/audibax.com\/fr\/#\/schema\/logo\/image\/\"}}]}<\/script>\n<!-- \/ Yoast SEO plugin. -->","yoast_head_json":{"title":"London 800 USB Pack Silver - Audibax","robots":{"index":"index","follow":"follow","max-snippet":"max-snippet:-1","max-image-preview":"max-image-preview:large","max-video-preview":"max-video-preview:-1"},"canonical":"https:\/\/audibax.com\/fr\/produit\/london-800-usb-pack-silver-2\/","og_locale":"fr_FR","og_type":"article","og_title":"London 800 USB Pack Silver - Audibax","og_description":"S\u00e9rie : Silver Pack&nbsp; Finition : Argent Microphone \u00e0 condensateur \u00e0 large diaphragme Caacute;psula : transducteur de 16mm Polarisation : Cardio\u00efde R\u00e9ponse en fr\u00e9quence : 40Hz-20kHz Kit compos\u00e9 de :1 microphone London 800, 1 bonnette anti-vent en mousse, 1 support anti-vibration, 1 support de bureau, 1 c\u00e2ble USB (1 m\u00e8tre)        .","og_url":"https:\/\/audibax.com\/fr\/produit\/london-800-usb-pack-silver-2\/","og_site_name":"Audibax","twitter_card":"summary_large_image","twitter_misc":{"Dur\u00e9e de lecture estim\u00e9e":"1 minute"},"schema":{"@context":"https:\/\/schema.org","@graph":[{"@type":"WebPage","@id":"https:\/\/audibax.com\/fr\/produit\/london-800-usb-pack-silver-2\/","url":"https:\/\/audibax.com\/fr\/produit\/london-800-usb-pack-silver-2\/","name":"London 800 USB Pack Silver - Audibax","isPartOf":{"@id":"https:\/\/audibax.com\/fr\/#website"},"primaryImageOfPage":{"@id":"https:\/\/audibax.com\/fr\/produit\/london-800-usb-pack-silver-2\/#primaryimage"},"image":{"@id":"https:\/\/audibax.com\/fr\/produit\/london-800-usb-pack-silver-2\/#primaryimage"},"thumbnailUrl":"https:\/\/audibax.com\/wp-content\/uploads\/2023\/12\/audibax-london-800-usb-silver-pack.jpg","datePublished":"2023-12-27T10:58:32+00:00","breadcrumb":{"@id":"https:\/\/audibax.com\/fr\/produit\/london-800-usb-pack-silver-2\/#breadcrumb"},"inLanguage":"fr-FR","potentialAction":[{"@type":"ReadAction","target":["https:\/\/audibax.com\/fr\/produit\/london-800-usb-pack-silver-2\/"]}]},{"@type":"ImageObject","inLanguage":"fr-FR","@id":"https:\/\/audibax.com\/fr\/produit\/london-800-usb-pack-silver-2\/#primaryimage","url":"https:\/\/audibax.com\/wp-content\/uploads\/2023\/12\/audibax-london-800-usb-silver-pack.jpg","contentUrl":"https:\/\/audibax.com\/wp-content\/uploads\/2023\/12\/audibax-london-800-usb-silver-pack.jpg","width":1500,"height":1061},{"@type":"BreadcrumbList","@id":"https:\/\/audibax.com\/fr\/produit\/london-800-usb-pack-silver-2\/#breadcrumb","itemListElement":[{"@type":"ListItem","position":1,"name":"Portada","item":"https:\/\/audibax.com\/fr\/"},{"@type":"ListItem","position":2,"name":"Produits","item":"https:\/\/audibax.com\/fr\/shop\/"},{"@type":"ListItem","position":3,"name":"London 800 USB Pack Silver"}]},{"@type":"WebSite","@id":"https:\/\/audibax.com\/fr\/#website","url":"https:\/\/audibax.com\/fr\/","name":"Audibax","description":"","publisher":{"@id":"https:\/\/audibax.com\/fr\/#organization"},"potentialAction":[{"@type":"SearchAction","target":{"@type":"EntryPoint","urlTemplate":"https:\/\/audibax.com\/fr\/?s={search_term_string}"},"query-input":{"@type":"PropertyValueSpecification","valueRequired":true,"valueName":"search_term_string"}}],"inLanguage":"fr-FR"},{"@type":"Organization","@id":"https:\/\/audibax.com\/fr\/#organization","name":"Audibax","url":"https:\/\/audibax.com\/fr\/","logo":{"@type":"ImageObject","inLanguage":"fr-FR","@id":"https:\/\/audibax.com\/fr\/#\/schema\/logo\/image\/","url":"https:\/\/audibax.com\/wp-content\/uploads\/2023\/09\/logo-Audibax-BLANCO-SVG-1.svg","contentUrl":"https:\/\/audibax.com\/wp-content\/uploads\/2023\/09\/logo-Audibax-BLANCO-SVG-1.svg","caption":"Audibax"},"image":{"@id":"https:\/\/audibax.com\/fr\/#\/schema\/logo\/image\/"}}]}},"_links":{"self":[{"href":"https:\/\/audibax.com\/fr\/wp-json\/wp\/v2\/product\/36714","targetHints":{"allow":["GET"]}}],"collection":[{"href":"https:\/\/audibax.com\/fr\/wp-json\/wp\/v2\/product"}],"about":[{"href":"https:\/\/audibax.com\/fr\/wp-json\/wp\/v2\/types\/product"}],"replies":[{"embeddable":true,"href":"https:\/\/audibax.com\/fr\/wp-json\/wp\/v2\/comments?post=36714"}],"wp:featuredmedia":[{"embeddable":true,"href":"https:\/\/audibax.com\/fr\/wp-json\/wp\/v2\/media\/17297"}],"wp:attachment":[{"href":"https:\/\/audibax.com\/fr\/wp-json\/wp\/v2\/media?parent=36714"}],"wp:term":[{"taxonomy":"product_cat","embeddable":true,"href":"https:\/\/audibax.com\/fr\/wp-json\/wp\/v2\/product_cat?post=36714"},{"taxonomy":"product_tag","embeddable":true,"href":"https:\/\/audibax.com\/fr\/wp-json\/wp\/v2\/product_tag?post=36714"}],"curies":[{"name":"wp","href":"https:\/\/api.w.org\/{rel}","templated":true}]}}