{"id":36709,"date":"2023-12-27T11:58:28","date_gmt":"2023-12-27T10:58:28","guid":{"rendered":"https:\/\/audibax.com\/product\/berlin-1800-pack-black-2\/"},"modified":"2023-12-27T11:58:28","modified_gmt":"2023-12-27T10:58:28","slug":"berlin-1800-pack-black-2","status":"publish","type":"product","link":"https:\/\/audibax.com\/fr\/produit\/berlin-1800-pack-black-2\/","title":{"rendered":"Berlin 1800 Pack Black"},"content":{"rendered":"<\/p>\n<p><strong>Audibax Berlin 1800 Black Pack Large Diaphragm Studio Microphone<\/strong><\/strong><\/p>\n<p>Le microphone Berlin 1800 est un microphone de studio \u00e0 large diaphragme avec une directivit\u00e9.nbsp;<strong>Microphone de studio \u00e0 grand diaphragme<\/strong>&nbsp;avec une directivit\u00e9&nbsp;<strong>cardio\u00efde<\/strong>. Il offre toutes les performances que vous attendez d&rsquo;un microphone \u00e0 condensateur professionnel haut de gamme, avec son transducteur de haute qualit\u00e9 et son connecteur XLR plaqu\u00e9 or.<\/p>\n<p>Parfait comme microphone principal ou d&rsquo;appoint pour les applications en studio ou en direct, r\u00e9ponse en fr\u00e9quence extr\u00eamement lin\u00e9aire et haute r\u00e9solution sonore.<\/p>\n<p>De qualit\u00e9 studio, il est parfait pour une utilisation en home studio, home recording, enregistrement \u00e0 domicile et enregistrement en direct.<\/p>\n<\/p>\n<p><strong>Studios \u00e0 domicile, enregistrement en ext\u00e9rieur, podcasting<\/strong>&nbsp;et&nbsp;<strong>dubbing<\/strong>.<\/p>\n<p> <strong>Caract\u00e9ristiques Audibax Berlin 1800 Studio Microphone<\/strong><\/p>\n<ul>\n<li>Microphone \u00e0 condensateur \u00e0 grand diaphragme.<\/li>\n<li>Cardio\u00efde. <\/li>\n<li>Unidirectionnel<\/li>\n<li>R\u00e9ponse en fr\u00e9quence : 20Hz &#038;ndash ; 20KHz.<\/li>\n<li>Sensibilit\u00e9 : -33 dB.<\/li>\n<li>Imp\u00e9dance de sortie : 200 Ohms<\/li>\n<li>Alimentation:&#038;nbsp ; DC48 Phantom<\/li>\n<li>SPL Max : 135 dB.<\/li>\n<li>Rapport S\/B : 77 dB.<\/li>\n<li>S\u00e9rie : Black Pack<\/li>\n<li>Finition : Noir<\/li>\n<\/ul>\n<p> <strong>Audibax Berlin 1800 Black Pack Contents :<\/strong><\/p>\n<ul>\n<ul>\n<li>1 Microphone Berlin 1800<\/li>\n<li>1 Pare-brise en mousse<\/li>\n<li>1 Support anti-vibration<\/li>\n<li>1 Pied anti-vibration<\/li>\n<li>1 Pack noir.li>1 Support anti-vibration (Spider)<\/li>\n<li>Tr\u00e9pied de bureau<\/li>\n<li>C\u00e2ble XLR-XLR (2.5m)<\/li>\n<li>C\u00e2ble XLR-Mini Jack (2.5m)<\/li>\n<\/ul>\n<\/ul>\n","protected":false},"excerpt":{"rendered":"<ul>\n<li>S\u00e9rie : Black Pack<\/li>\n<li>Finition : Noir<\/li>\n<li>Microphone \u00e0 condensateur \u00e0 grand diaphragme.<\/li>\n<li>Cardio\u00efde<\/li>\n<li>Unidirectionnel<\/li>\n<li>R\u00e9ponse en fr\u00e9quence : 20Hz &#038;ndash ; 20KHz.<\/li>\n<li>Kit compos\u00e9 de:&nbsp;1 microphone Berlin 1800, 1 bonnette anti-vent en mousse, 1 pied anti-vibration (araign\u00e9e), tr\u00e9pied de bureau, c\u00e2ble XLR-XLR (2,5m), c\u00e2ble XLR-Mini Jack (2,5m)<\/li>\n<\/ul>\n<\/ul>\n<\/ul>\n","protected":false},"featured_media":16586,"comment_status":"open","ping_status":"closed","template":"","meta":{"_acf_changed":false},"product_cat":[383,243],"product_tag":[],"class_list":{"0":"post-36709","1":"product","2":"type-product","3":"status-publish","4":"has-post-thumbnail","6":"product_cat-micros-de-studio","7":"product_cat-uncategorized","9":"first","10":"instock","11":"shipping-taxable","12":"product-type-simple"},"acf":[],"yoast_head":"<!-- This site is optimized with the Yoast SEO plugin v27.0 - https:\/\/yoast.com\/product\/yoast-seo-wordpress\/ -->\n<title>Berlin 1800 Pack Black - Audibax<\/title>\n<meta name=\"robots\" content=\"index, follow, max-snippet:-1, max-image-preview:large, max-video-preview:-1\" \/>\n<link rel=\"canonical\" href=\"https:\/\/audibax.com\/fr\/produit\/berlin-1800-pack-black-2\/\" \/>\n<meta property=\"og:locale\" content=\"fr_FR\" \/>\n<meta property=\"og:type\" content=\"article\" \/>\n<meta property=\"og:title\" content=\"Berlin 1800 Pack Black - Audibax\" \/>\n<meta property=\"og:description\" content=\"S\u00e9rie : Black Pack Finition : Noir Microphone \u00e0 condensateur \u00e0 grand diaphragme. Cardio\u00efde Unidirectionnel R\u00e9ponse en fr\u00e9quence : 20Hz &amp;ndash ; 20KHz. Kit compos\u00e9 de:&nbsp;1 microphone Berlin 1800, 1 bonnette anti-vent en mousse, 1 pied anti-vibration (araign\u00e9e), tr\u00e9pied de bureau, c\u00e2ble XLR-XLR (2,5m), c\u00e2ble XLR-Mini Jack (2,5m)\" \/>\n<meta property=\"og:url\" content=\"https:\/\/audibax.com\/fr\/produit\/berlin-1800-pack-black-2\/\" \/>\n<meta property=\"og:site_name\" content=\"Audibax\" \/>\n<meta name=\"twitter:card\" content=\"summary_large_image\" \/>\n<meta name=\"twitter:label1\" content=\"Dur\u00e9e de lecture estim\u00e9e\" \/>\n\t<meta name=\"twitter:data1\" content=\"1 minute\" \/>\n<script type=\"application\/ld+json\" class=\"yoast-schema-graph\">{\"@context\":\"https:\/\/schema.org\",\"@graph\":[{\"@type\":\"WebPage\",\"@id\":\"https:\/\/audibax.com\/fr\/produit\/berlin-1800-pack-black-2\/\",\"url\":\"https:\/\/audibax.com\/fr\/produit\/berlin-1800-pack-black-2\/\",\"name\":\"Berlin 1800 Pack Black - Audibax\",\"isPartOf\":{\"@id\":\"https:\/\/audibax.com\/fr\/#website\"},\"primaryImageOfPage\":{\"@id\":\"https:\/\/audibax.com\/fr\/produit\/berlin-1800-pack-black-2\/#primaryimage\"},\"image\":{\"@id\":\"https:\/\/audibax.com\/fr\/produit\/berlin-1800-pack-black-2\/#primaryimage\"},\"thumbnailUrl\":\"https:\/\/audibax.com\/wp-content\/uploads\/2023\/12\/Audibax_berlin1800_black_pack_oferta.jpg\",\"datePublished\":\"2023-12-27T10:58:28+00:00\",\"breadcrumb\":{\"@id\":\"https:\/\/audibax.com\/fr\/produit\/berlin-1800-pack-black-2\/#breadcrumb\"},\"inLanguage\":\"fr-FR\",\"potentialAction\":[{\"@type\":\"ReadAction\",\"target\":[\"https:\/\/audibax.com\/fr\/produit\/berlin-1800-pack-black-2\/\"]}]},{\"@type\":\"ImageObject\",\"inLanguage\":\"fr-FR\",\"@id\":\"https:\/\/audibax.com\/fr\/produit\/berlin-1800-pack-black-2\/#primaryimage\",\"url\":\"https:\/\/audibax.com\/wp-content\/uploads\/2023\/12\/Audibax_berlin1800_black_pack_oferta.jpg\",\"contentUrl\":\"https:\/\/audibax.com\/wp-content\/uploads\/2023\/12\/Audibax_berlin1800_black_pack_oferta.jpg\",\"width\":1500,\"height\":1061},{\"@type\":\"BreadcrumbList\",\"@id\":\"https:\/\/audibax.com\/fr\/produit\/berlin-1800-pack-black-2\/#breadcrumb\",\"itemListElement\":[{\"@type\":\"ListItem\",\"position\":1,\"name\":\"Portada\",\"item\":\"https:\/\/audibax.com\/fr\/\"},{\"@type\":\"ListItem\",\"position\":2,\"name\":\"Produits\",\"item\":\"https:\/\/audibax.com\/fr\/shop\/\"},{\"@type\":\"ListItem\",\"position\":3,\"name\":\"Berlin 1800 Pack Black\"}]},{\"@type\":\"WebSite\",\"@id\":\"https:\/\/audibax.com\/fr\/#website\",\"url\":\"https:\/\/audibax.com\/fr\/\",\"name\":\"Audibax\",\"description\":\"\",\"publisher\":{\"@id\":\"https:\/\/audibax.com\/fr\/#organization\"},\"potentialAction\":[{\"@type\":\"SearchAction\",\"target\":{\"@type\":\"EntryPoint\",\"urlTemplate\":\"https:\/\/audibax.com\/fr\/?s={search_term_string}\"},\"query-input\":{\"@type\":\"PropertyValueSpecification\",\"valueRequired\":true,\"valueName\":\"search_term_string\"}}],\"inLanguage\":\"fr-FR\"},{\"@type\":\"Organization\",\"@id\":\"https:\/\/audibax.com\/fr\/#organization\",\"name\":\"Audibax\",\"url\":\"https:\/\/audibax.com\/fr\/\",\"logo\":{\"@type\":\"ImageObject\",\"inLanguage\":\"fr-FR\",\"@id\":\"https:\/\/audibax.com\/fr\/#\/schema\/logo\/image\/\",\"url\":\"https:\/\/audibax.com\/wp-content\/uploads\/2023\/09\/logo-Audibax-BLANCO-SVG-1.svg\",\"contentUrl\":\"https:\/\/audibax.com\/wp-content\/uploads\/2023\/09\/logo-Audibax-BLANCO-SVG-1.svg\",\"caption\":\"Audibax\"},\"image\":{\"@id\":\"https:\/\/audibax.com\/fr\/#\/schema\/logo\/image\/\"}}]}<\/script>\n<!-- \/ Yoast SEO plugin. -->","yoast_head_json":{"title":"Berlin 1800 Pack Black - Audibax","robots":{"index":"index","follow":"follow","max-snippet":"max-snippet:-1","max-image-preview":"max-image-preview:large","max-video-preview":"max-video-preview:-1"},"canonical":"https:\/\/audibax.com\/fr\/produit\/berlin-1800-pack-black-2\/","og_locale":"fr_FR","og_type":"article","og_title":"Berlin 1800 Pack Black - Audibax","og_description":"S\u00e9rie : Black Pack Finition : Noir Microphone \u00e0 condensateur \u00e0 grand diaphragme. Cardio\u00efde Unidirectionnel R\u00e9ponse en fr\u00e9quence : 20Hz &ndash ; 20KHz. Kit compos\u00e9 de:&nbsp;1 microphone Berlin 1800, 1 bonnette anti-vent en mousse, 1 pied anti-vibration (araign\u00e9e), tr\u00e9pied de bureau, c\u00e2ble XLR-XLR (2,5m), c\u00e2ble XLR-Mini Jack (2,5m)","og_url":"https:\/\/audibax.com\/fr\/produit\/berlin-1800-pack-black-2\/","og_site_name":"Audibax","twitter_card":"summary_large_image","twitter_misc":{"Dur\u00e9e de lecture estim\u00e9e":"1 minute"},"schema":{"@context":"https:\/\/schema.org","@graph":[{"@type":"WebPage","@id":"https:\/\/audibax.com\/fr\/produit\/berlin-1800-pack-black-2\/","url":"https:\/\/audibax.com\/fr\/produit\/berlin-1800-pack-black-2\/","name":"Berlin 1800 Pack Black - Audibax","isPartOf":{"@id":"https:\/\/audibax.com\/fr\/#website"},"primaryImageOfPage":{"@id":"https:\/\/audibax.com\/fr\/produit\/berlin-1800-pack-black-2\/#primaryimage"},"image":{"@id":"https:\/\/audibax.com\/fr\/produit\/berlin-1800-pack-black-2\/#primaryimage"},"thumbnailUrl":"https:\/\/audibax.com\/wp-content\/uploads\/2023\/12\/Audibax_berlin1800_black_pack_oferta.jpg","datePublished":"2023-12-27T10:58:28+00:00","breadcrumb":{"@id":"https:\/\/audibax.com\/fr\/produit\/berlin-1800-pack-black-2\/#breadcrumb"},"inLanguage":"fr-FR","potentialAction":[{"@type":"ReadAction","target":["https:\/\/audibax.com\/fr\/produit\/berlin-1800-pack-black-2\/"]}]},{"@type":"ImageObject","inLanguage":"fr-FR","@id":"https:\/\/audibax.com\/fr\/produit\/berlin-1800-pack-black-2\/#primaryimage","url":"https:\/\/audibax.com\/wp-content\/uploads\/2023\/12\/Audibax_berlin1800_black_pack_oferta.jpg","contentUrl":"https:\/\/audibax.com\/wp-content\/uploads\/2023\/12\/Audibax_berlin1800_black_pack_oferta.jpg","width":1500,"height":1061},{"@type":"BreadcrumbList","@id":"https:\/\/audibax.com\/fr\/produit\/berlin-1800-pack-black-2\/#breadcrumb","itemListElement":[{"@type":"ListItem","position":1,"name":"Portada","item":"https:\/\/audibax.com\/fr\/"},{"@type":"ListItem","position":2,"name":"Produits","item":"https:\/\/audibax.com\/fr\/shop\/"},{"@type":"ListItem","position":3,"name":"Berlin 1800 Pack Black"}]},{"@type":"WebSite","@id":"https:\/\/audibax.com\/fr\/#website","url":"https:\/\/audibax.com\/fr\/","name":"Audibax","description":"","publisher":{"@id":"https:\/\/audibax.com\/fr\/#organization"},"potentialAction":[{"@type":"SearchAction","target":{"@type":"EntryPoint","urlTemplate":"https:\/\/audibax.com\/fr\/?s={search_term_string}"},"query-input":{"@type":"PropertyValueSpecification","valueRequired":true,"valueName":"search_term_string"}}],"inLanguage":"fr-FR"},{"@type":"Organization","@id":"https:\/\/audibax.com\/fr\/#organization","name":"Audibax","url":"https:\/\/audibax.com\/fr\/","logo":{"@type":"ImageObject","inLanguage":"fr-FR","@id":"https:\/\/audibax.com\/fr\/#\/schema\/logo\/image\/","url":"https:\/\/audibax.com\/wp-content\/uploads\/2023\/09\/logo-Audibax-BLANCO-SVG-1.svg","contentUrl":"https:\/\/audibax.com\/wp-content\/uploads\/2023\/09\/logo-Audibax-BLANCO-SVG-1.svg","caption":"Audibax"},"image":{"@id":"https:\/\/audibax.com\/fr\/#\/schema\/logo\/image\/"}}]}},"_links":{"self":[{"href":"https:\/\/audibax.com\/fr\/wp-json\/wp\/v2\/product\/36709","targetHints":{"allow":["GET"]}}],"collection":[{"href":"https:\/\/audibax.com\/fr\/wp-json\/wp\/v2\/product"}],"about":[{"href":"https:\/\/audibax.com\/fr\/wp-json\/wp\/v2\/types\/product"}],"replies":[{"embeddable":true,"href":"https:\/\/audibax.com\/fr\/wp-json\/wp\/v2\/comments?post=36709"}],"wp:featuredmedia":[{"embeddable":true,"href":"https:\/\/audibax.com\/fr\/wp-json\/wp\/v2\/media\/16586"}],"wp:attachment":[{"href":"https:\/\/audibax.com\/fr\/wp-json\/wp\/v2\/media?parent=36709"}],"wp:term":[{"taxonomy":"product_cat","embeddable":true,"href":"https:\/\/audibax.com\/fr\/wp-json\/wp\/v2\/product_cat?post=36709"},{"taxonomy":"product_tag","embeddable":true,"href":"https:\/\/audibax.com\/fr\/wp-json\/wp\/v2\/product_tag?post=36709"}],"curies":[{"name":"wp","href":"https:\/\/api.w.org\/{rel}","templated":true}]}}